{"id":996,"date":"2023-06-03T19:18:15","date_gmt":"2023-06-03T17:18:15","guid":{"rendered":"https:\/\/desertcameltours.com\/?page_id=996"},"modified":"2025-02-15T15:03:11","modified_gmt":"2025-02-15T14:03:11","slug":"15-giorni-da-tangeri-in-marocco","status":"publish","type":"page","link":"https:\/\/desertcameltours.com\/it\/15-giorni-da-tangeri-in-marocco\/","title":{"rendered":"15 giorni da Tangeri in Marocco"},"content":{"rendered":"<p data-start=\"0\" data-end=\"401\"><strong data-start=\"0\" data-end=\"401\">Parti per un&#8217;avventura indimenticabile di 15 giorni attraverso il Marocco, a partire dalla vivace citt\u00e0 portuale di Tangier. Questo lungo viaggio ti porter\u00e0 attraverso i paesaggi pi\u00f9 mozzafiato del paese, citt\u00e0 storiche e gemme nascoste. Vivi la magia del deserto del Sahara, il fascino della Chefchaouen dipinta di blu, la storia imperiale di Marrakech e Fes, e la bellezza costiera di Essaouira.<\/strong><\/p>\n<hr data-start=\"403\" data-end=\"406\">\n<h3 data-start=\"408\" data-end=\"467\"><strong data-start=\"412\" data-end=\"465\">Giorno 1: Arrivo a Tangier \u2013 La Porta dell&#8217;Africa<\/strong><\/h3>\n<p data-start=\"468\" data-end=\"812\">All\u2019arrivo a <strong data-start=\"481\" data-end=\"492\">Tangier<\/strong>, verrai accolto e trasferito al tuo hotel. Esplora la vivace <strong data-start=\"554\" data-end=\"564\">Medina<\/strong>, la storica <strong data-start=\"577\" data-end=\"587\">Kasbah<\/strong> e il panoramico <strong data-start=\"604\" data-end=\"619\">Cap Spartel<\/strong>, dove il Mar Mediterraneo incontra l\u2019Oceano Atlantico. Una visita alle <strong data-start=\"691\" data-end=\"711\">Grotte di Ercole<\/strong> offre un&#8217;affascinante introduzione alla mitologia e alla storia marocchina. Pernottamento a Tangier.<\/p>\n<hr data-start=\"814\" data-end=\"817\">\n<h3 data-start=\"819\" data-end=\"874\"><strong data-start=\"823\" data-end=\"872\">Giorno 2: Tangier \u2013 Chefchaouen, La Perla Blu<\/strong><\/h3>\n<p data-start=\"875\" data-end=\"1131\">Partenza verso <strong data-start=\"890\" data-end=\"905\">Chefchaouen<\/strong>, la pittoresca citt\u00e0 immersa nelle montagne del Rif. Passeggia per le sue famose strade dipinte di blu, visita il <strong data-start=\"1020\" data-end=\"1042\">Museo della Kasbah<\/strong> e goditi una serata tranquilla in questo luogo incantevole. Pernottamento a Chefchaouen.<\/p>\n<hr data-start=\"1133\" data-end=\"1136\">\n<h3 data-start=\"1138\" data-end=\"1207\"><strong data-start=\"1142\" data-end=\"1205\">Giorno 3: Chefchaouen \u2013 Fes passando per Volubilis e Meknes<\/strong><\/h3>\n<p data-start=\"1208\" data-end=\"1526\">Partenza per <strong data-start=\"1221\" data-end=\"1228\">Fes<\/strong>, con sosta alle rovine romane di <strong data-start=\"1262\" data-end=\"1275\">Volubilis<\/strong>, patrimonio dell\u2019umanit\u00e0 UNESCO, dove potrai ammirare mosaici e rovine ben conservati. Proseguiamo per <strong data-start=\"1379\" data-end=\"1389\">Meknes<\/strong>, una citt\u00e0 imperiale famosa per la maestosa <strong data-start=\"1434\" data-end=\"1455\">Porta Bab Mansour<\/strong> e le <strong data-start=\"1461\" data-end=\"1479\">Scuderie Reali<\/strong>, prima di arrivare a Fes. Pernottamento a Fes.<\/p>\n<hr data-start=\"1528\" data-end=\"1531\">\n<h3 data-start=\"1533\" data-end=\"1591\"><strong data-start=\"1537\" data-end=\"1589\">Giorno 4: Esplorando Fes \u2013 La Capitale Culturale<\/strong><\/h3>\n<p data-start=\"1592\" data-end=\"1754\">Una giornata intera sar\u00e0 dedicata a scoprire <strong data-start=\"1637\" data-end=\"1652\">Fes el-Bali<\/strong>, una delle citt\u00e0 medievali pi\u00f9 antiche e meglio conservate del mondo. Tra le principali attrazioni:<\/p>\n<ul data-start=\"1756\" data-end=\"1977\">\n<li data-start=\"1756\" data-end=\"1829\"><strong data-start=\"1758\" data-end=\"1790\">L\u2019Universit\u00e0 Al Quaraouiyine<\/strong>, la pi\u00f9 antica universit\u00e0 del mondo.<\/li>\n<li data-start=\"1830\" data-end=\"1925\">Le tradizionali <strong data-start=\"1848\" data-end=\"1860\">concerie<\/strong> di Fes, dove il cuoio viene trattato secondo antiche tecniche.<\/li>\n<li data-start=\"1926\" data-end=\"1977\">I <strong data-start=\"1930\" data-end=\"1938\">souk<\/strong> vibranti e le stradine della medina.<\/li>\n<\/ul>\n<p data-start=\"1979\" data-end=\"2051\">Goditi una cena tradizionale marocchina in un riad. Pernottamento a Fes.<\/p>\n<hr data-start=\"2053\" data-end=\"2056\">\n<h3 data-start=\"2058\" data-end=\"2110\"><strong data-start=\"2062\" data-end=\"2108\">Giorno 5: Fes \u2013 Merzouga, Porta del Sahara<\/strong><\/h3>\n<p data-start=\"2111\" data-end=\"2479\">Partenza per un viaggio panoramico attraverso le <strong data-start=\"2160\" data-end=\"2185\">Montagne dell&#8217;Atlante<\/strong> e il villaggio di <strong data-start=\"2204\" data-end=\"2214\">Ifrane<\/strong>, conosciuto come \u201cla Svizzera del Marocco\u201d. Sosta nei <strong data-start=\"2269\" data-end=\"2297\">boschi di cedri di Azrou<\/strong>, casa delle scimmie barbary, e continuazione verso <strong data-start=\"2349\" data-end=\"2361\">Merzouga<\/strong>, la porta del deserto del Sahara, dove ti aspettano le spettacolari dune di <strong data-start=\"2438\" data-end=\"2452\">Erg Chebbi<\/strong>. Pernottamento a Merzouga.<\/p>\n<hr data-start=\"2481\" data-end=\"2484\">\n<h3 data-start=\"2486\" data-end=\"2539\"><strong data-start=\"2490\" data-end=\"2537\">Giorno 6: Esperienza nel Deserto del Sahara<\/strong><\/h3>\n<p data-start=\"2540\" data-end=\"2808\">Vivi la magia del deserto del Sahara. Fai un&#8217;escursione in <strong data-start=\"2599\" data-end=\"2611\">cammello<\/strong> tra le dune, assisti a un tramonto mozzafiato e trascorri una notte in un <strong data-start=\"2686\" data-end=\"2707\">campo nel deserto<\/strong> di lusso sotto le stelle, accompagnato dalla musica tradizionale berbera. Pernottamento nel deserto.<\/p>\n<hr data-start=\"2810\" data-end=\"2813\">\n<h3 data-start=\"2815\" data-end=\"2877\"><strong data-start=\"2819\" data-end=\"2875\">Giorno 7: Merzouga \u2013 Gole di Todra e Valle del Dades<\/strong><\/h3>\n<p data-start=\"2878\" data-end=\"3163\">Lasciamo il deserto e ci dirigiamo verso le magnifiche <strong data-start=\"2933\" data-end=\"2950\">Gole di Todra<\/strong>, un paradiso per scalatori e amanti della natura. Proseguiamo per la <strong data-start=\"3020\" data-end=\"3039\">Valle del Dades<\/strong>, famosa per le sue spettacolari formazioni rocciose e i tradizionali villaggi berberi. Pernottamento nella Valle del Dades.<\/p>\n<hr data-start=\"3165\" data-end=\"3168\">\n<h3 data-start=\"3170\" data-end=\"3260\"><strong data-start=\"3174\" data-end=\"3258\">Giorno 8: Valle del Dades \u2013 Ouarzazate passando per la Strada delle Mille Kasbah<\/strong><\/h3>\n<p data-start=\"3261\" data-end=\"3576\">Viaggio attraverso la <strong data-start=\"3283\" data-end=\"3303\">Valle delle Rose<\/strong>, famosa per i suoi prodotti a base di rose, fino ad arrivare a <strong data-start=\"3367\" data-end=\"3381\">Ouarzazate<\/strong>, la \u201cHollywood dell\u2019Africa\u201d. Visita agli <strong data-start=\"3423\" data-end=\"3445\">Atlas Film Studios<\/strong> e alla <strong data-start=\"3453\" data-end=\"3477\">Kasbah Ait Benhaddou<\/strong>, una fortezza patrimonio UNESCO famosa per i suoi set cinematografici. Pernottamento a Ouarzazate.<\/p>\n<hr data-start=\"3578\" data-end=\"3581\">\n<h3 data-start=\"3583\" data-end=\"3663\"><strong data-start=\"3587\" data-end=\"3661\">Giorno 9: Ouarzazate \u2013 Marrakech passando per le Montagne dell&#8217;Atlante<\/strong><\/h3>\n<p data-start=\"3664\" data-end=\"3865\">Attraversiamo il passo di <strong data-start=\"3690\" data-end=\"3707\">Tizi n\u2019Tichka<\/strong> nelle spettacolari <strong data-start=\"3727\" data-end=\"3752\">Montagne dell\u2019Atlante<\/strong>, offrendo viste panoramiche mozzafiato, prima di arrivare nella vivace <strong data-start=\"3824\" data-end=\"3837\">Marrakech<\/strong>. Pernottamento a Marrakech.<\/p>\n<hr data-start=\"3867\" data-end=\"3870\">\n<h3 data-start=\"3872\" data-end=\"3930\"><strong data-start=\"3876\" data-end=\"3928\">Giorno 10: Esplorando Marrakech \u2013 La Citt\u00e0 Rossa<\/strong><\/h3>\n<p data-start=\"3931\" data-end=\"3982\">Scopri il ricco patrimonio di Marrakech, tra cui:<\/p>\n<ul data-start=\"3984\" data-end=\"4211\">\n<li data-start=\"3984\" data-end=\"4060\"><strong data-start=\"3986\" data-end=\"4010\">La Moschea Koutoubia<\/strong>, uno degli edifici pi\u00f9 emblematici della citt\u00e0.<\/li>\n<li data-start=\"4061\" data-end=\"4211\">Le <strong data-start=\"4066\" data-end=\"4084\">Tombe Saadiane<\/strong>, il <strong data-start=\"4089\" data-end=\"4106\">Palazzo Bahia<\/strong> e la vivace <strong data-start=\"4119\" data-end=\"4143\">Piazza Jemaa el-Fnaa<\/strong>, dove giocolieri, musicisti e venditori di cibo animano la scena.<\/li>\n<\/ul>\n<p data-start=\"4213\" data-end=\"4239\">Pernottamento a Marrakech.<\/p>\n<hr data-start=\"4241\" data-end=\"4244\">\n<h3 data-start=\"4246\" data-end=\"4305\"><strong data-start=\"4250\" data-end=\"4303\">Giorno 11: Escursione nelle Montagne dell&#8217;Atlante<\/strong><\/h3>\n<p data-start=\"4306\" data-end=\"4477\">Gita di un giorno alla <strong data-start=\"4329\" data-end=\"4350\">Valle dell&#8217;Ourika<\/strong> o alle <strong data-start=\"4358\" data-end=\"4379\">Cascate di Ouzoud<\/strong>, per una pausa rinfrescante dalla frenesia della citt\u00e0. Rientro a Marrakech per il pernottamento.<\/p>\n<hr data-start=\"4479\" data-end=\"4482\">\n<h3 data-start=\"4484\" data-end=\"4548\"><strong data-start=\"4488\" data-end=\"4546\">Giorno 12: Marrakech \u2013 Essaouira, Il Gioiello Costiero<\/strong><\/h3>\n<p data-start=\"4549\" data-end=\"4798\">Partenza per la charmante citt\u00e0 costiera di <strong data-start=\"4593\" data-end=\"4606\">Essaouira<\/strong>, conosciuta per le sue mura fortificate, le splendide spiagge e il vivace porto di pescatori. Gustati il pesce fresco e esplora la <strong data-start=\"4738\" data-end=\"4758\">medina artistica<\/strong> della citt\u00e0. Pernottamento a Essaouira.<\/p>\n<hr data-start=\"4800\" data-end=\"4803\">\n<h3 data-start=\"4805\" data-end=\"4848\"><strong data-start=\"4809\" data-end=\"4846\">Giorno 13: Essaouira \u2013 Casablanca<\/strong><\/h3>\n<p data-start=\"4849\" data-end=\"5057\">Viaggio verso <strong data-start=\"4863\" data-end=\"4877\">Casablanca<\/strong>, il centro economico del Marocco. Visita alla <strong data-start=\"4924\" data-end=\"4945\">Moschea Hassan II<\/strong>, una delle moschee pi\u00f9 grandi del mondo, e esplora i moderni quartieri della citt\u00e0. Pernottamento a Casablanca.<\/p>\n<hr data-start=\"5059\" data-end=\"5062\">\n<h3 data-start=\"5064\" data-end=\"5123\"><strong data-start=\"5068\" data-end=\"5121\">Giorno 14: Casablanca \u2013 Rabat e ritorno a Tangier<\/strong><\/h3>\n<p data-start=\"5124\" data-end=\"5358\">Partenza per <strong data-start=\"5137\" data-end=\"5146\">Rabat<\/strong>, la capitale del Marocco, dove visiterai il <strong data-start=\"5191\" data-end=\"5213\">Minareto di Hassan<\/strong>, la <strong data-start=\"5218\" data-end=\"5241\">Kasbah degli Ouda\u00efa<\/strong> e il <strong data-start=\"5247\" data-end=\"5264\">Palazzo Reale<\/strong>. Proseguimento verso <strong data-start=\"5286\" data-end=\"5297\">Tangier<\/strong> per la tua ultima notte in Marocco. Pernottamento a Tangier.<\/p>\n<hr data-start=\"5360\" data-end=\"5363\">\n<h3 data-start=\"5365\" data-end=\"5405\"><strong data-start=\"5369\" data-end=\"5403\">Giorno 15: Partenza da Tangier<\/strong><\/h3>\n<p data-start=\"5406\" data-end=\"5583\">Goditi una colazione rilassante prima di essere trasferito all&#8217;aeroporto o al porto per il tuo volo di ritorno, concludendo questo indimenticabile viaggio attraverso il Marocco.<\/p>\n","protected":false},"excerpt":{"rendered":"<p>Parti per un&#8217;avventura indimenticabile di 15 giorni attraverso il Marocco, a partire dalla vivace citt\u00e0 portuale di Tangier. Questo lungo viaggio ti porter\u00e0 attraverso i paesaggi<span class=\"excerpt-hellip\"> [\u2026]<\/span><\/p>\n","protected":false},"author":1,"featured_media":0,"parent":0,"menu_order":0,"comment_status":"closed","ping_status":"closed","template":"","meta":{"ngg_post_thumbnail":0},"yoast_head":"<!-- This site is optimized with the Yoast SEO plugin v20.11 - https:\/\/yoast.com\/wordpress\/plugins\/seo\/ -->\n<title>15 giorni da Tangeri in Marocco - desert camel tours<\/title>\n<meta name=\"robots\" content=\"index, follow, max-snippet:-1, max-image-preview:large, max-video-preview:-1\" \/>\n<link rel=\"canonical\" href=\"https:\/\/desertcameltours.com\/it\/15-giorni-da-tangeri-in-marocco\/\" \/>\n<meta property=\"og:locale\" content=\"en_US\" \/>\n<meta property=\"og:type\" content=\"article\" \/>\n<meta property=\"og:title\" content=\"15 giorni da Tangeri in Marocco - desert camel tours\" \/>\n<meta property=\"og:description\" content=\"Parti per un&#8217;avventura indimenticabile di 15 giorni attraverso il Marocco, a partire dalla vivace citt\u00e0 portuale di Tangier. Questo lungo viaggio ti porter\u00e0 attraverso i paesaggi [\u2026]\" \/>\n<meta property=\"og:url\" content=\"https:\/\/desertcameltours.com\/it\/15-giorni-da-tangeri-in-marocco\/\" \/>\n<meta property=\"og:site_name\" content=\"desert camel tours\" \/>\n<meta property=\"article:modified_time\" content=\"2025-02-15T14:03:11+00:00\" \/>\n<meta name=\"twitter:card\" content=\"summary_large_image\" \/>\n<meta name=\"twitter:label1\" content=\"Est. reading time\" \/>\n\t<meta name=\"twitter:data1\" content=\"5 minutes\" \/>\n<script type=\"application\/ld+json\" class=\"yoast-schema-graph\">{\"@context\":\"https:\/\/schema.org\",\"@graph\":[{\"@type\":\"WebPage\",\"@id\":\"https:\/\/desertcameltours.com\/it\/15-giorni-da-tangeri-in-marocco\/\",\"url\":\"https:\/\/desertcameltours.com\/it\/15-giorni-da-tangeri-in-marocco\/\",\"name\":\"15 giorni da Tangeri in Marocco - desert camel tours\",\"isPartOf\":{\"@id\":\"https:\/\/desertcameltours.com\/it\/#website\"},\"datePublished\":\"2023-06-03T17:18:15+00:00\",\"dateModified\":\"2025-02-15T14:03:11+00:00\",\"breadcrumb\":{\"@id\":\"https:\/\/desertcameltours.com\/it\/15-giorni-da-tangeri-in-marocco\/#breadcrumb\"},\"inLanguage\":\"en-US\",\"potentialAction\":[{\"@type\":\"ReadAction\",\"target\":[\"https:\/\/desertcameltours.com\/it\/15-giorni-da-tangeri-in-marocco\/\"]}]},{\"@type\":\"BreadcrumbList\",\"@id\":\"https:\/\/desertcameltours.com\/it\/15-giorni-da-tangeri-in-marocco\/#breadcrumb\",\"itemListElement\":[{\"@type\":\"ListItem\",\"position\":1,\"name\":\"Home\",\"item\":\"https:\/\/desertcameltours.com\/it\/\"},{\"@type\":\"ListItem\",\"position\":2,\"name\":\"15 giorni da Tangeri in Marocco\"}]},{\"@type\":\"WebSite\",\"@id\":\"https:\/\/desertcameltours.com\/it\/#website\",\"url\":\"https:\/\/desertcameltours.com\/it\/\",\"name\":\"desert camel tours\",\"description\":\"desert camel tours\",\"potentialAction\":[{\"@type\":\"SearchAction\",\"target\":{\"@type\":\"EntryPoint\",\"urlTemplate\":\"https:\/\/desertcameltours.com\/it\/?s={search_term_string}\"},\"query-input\":\"required name=search_term_string\"}],\"inLanguage\":\"en-US\"}]}<\/script>\n<!-- \/ Yoast SEO plugin. -->","yoast_head_json":{"title":"15 giorni da Tangeri in Marocco - desert camel tours","robots":{"index":"index","follow":"follow","max-snippet":"max-snippet:-1","max-image-preview":"max-image-preview:large","max-video-preview":"max-video-preview:-1"},"canonical":"https:\/\/desertcameltours.com\/it\/15-giorni-da-tangeri-in-marocco\/","og_locale":"en_US","og_type":"article","og_title":"15 giorni da Tangeri in Marocco - desert camel tours","og_description":"Parti per un&#8217;avventura indimenticabile di 15 giorni attraverso il Marocco, a partire dalla vivace citt\u00e0 portuale di Tangier. Questo lungo viaggio ti porter\u00e0 attraverso i paesaggi [\u2026]","og_url":"https:\/\/desertcameltours.com\/it\/15-giorni-da-tangeri-in-marocco\/","og_site_name":"desert camel tours","article_modified_time":"2025-02-15T14:03:11+00:00","twitter_card":"summary_large_image","twitter_misc":{"Est. reading time":"5 minutes"},"schema":{"@context":"https:\/\/schema.org","@graph":[{"@type":"WebPage","@id":"https:\/\/desertcameltours.com\/it\/15-giorni-da-tangeri-in-marocco\/","url":"https:\/\/desertcameltours.com\/it\/15-giorni-da-tangeri-in-marocco\/","name":"15 giorni da Tangeri in Marocco - desert camel tours","isPartOf":{"@id":"https:\/\/desertcameltours.com\/it\/#website"},"datePublished":"2023-06-03T17:18:15+00:00","dateModified":"2025-02-15T14:03:11+00:00","breadcrumb":{"@id":"https:\/\/desertcameltours.com\/it\/15-giorni-da-tangeri-in-marocco\/#breadcrumb"},"inLanguage":"en-US","potentialAction":[{"@type":"ReadAction","target":["https:\/\/desertcameltours.com\/it\/15-giorni-da-tangeri-in-marocco\/"]}]},{"@type":"BreadcrumbList","@id":"https:\/\/desertcameltours.com\/it\/15-giorni-da-tangeri-in-marocco\/#breadcrumb","itemListElement":[{"@type":"ListItem","position":1,"name":"Home","item":"https:\/\/desertcameltours.com\/it\/"},{"@type":"ListItem","position":2,"name":"15 giorni da Tangeri in Marocco"}]},{"@type":"WebSite","@id":"https:\/\/desertcameltours.com\/it\/#website","url":"https:\/\/desertcameltours.com\/it\/","name":"desert camel tours","description":"desert camel tours","potentialAction":[{"@type":"SearchAction","target":{"@type":"EntryPoint","urlTemplate":"https:\/\/desertcameltours.com\/it\/?s={search_term_string}"},"query-input":"required name=search_term_string"}],"inLanguage":"en-US"}]}},"_links":{"self":[{"href":"https:\/\/desertcameltours.com\/it\/wp-json\/wp\/v2\/pages\/996"}],"collection":[{"href":"https:\/\/desertcameltours.com\/it\/wp-json\/wp\/v2\/pages"}],"about":[{"href":"https:\/\/desertcameltours.com\/it\/wp-json\/wp\/v2\/types\/page"}],"author":[{"embeddable":true,"href":"https:\/\/desertcameltours.com\/it\/wp-json\/wp\/v2\/users\/1"}],"replies":[{"embeddable":true,"href":"https:\/\/desertcameltours.com\/it\/wp-json\/wp\/v2\/comments?post=996"}],"version-history":[{"count":5,"href":"https:\/\/desertcameltours.com\/it\/wp-json\/wp\/v2\/pages\/996\/revisions"}],"predecessor-version":[{"id":1296,"href":"https:\/\/desertcameltours.com\/it\/wp-json\/wp\/v2\/pages\/996\/revisions\/1296"}],"wp:attachment":[{"href":"https:\/\/desertcameltours.com\/it\/wp-json\/wp\/v2\/media?parent=996"}],"curies":[{"name":"wp","href":"https:\/\/api.w.org\/{rel}","templated":true}]}}