{"id":963,"date":"2023-06-03T19:06:46","date_gmt":"2023-06-03T17:06:46","guid":{"rendered":"https:\/\/desertcameltours.com\/?page_id=963"},"modified":"2025-02-15T12:34:11","modified_gmt":"2025-02-15T11:34:11","slug":"12-giorni-da-fes-marocco","status":"publish","type":"page","link":"https:\/\/desertcameltours.com\/it\/12-giorni-da-fes-marocco\/","title":{"rendered":"12 giorni da Fes Marocco"},"content":{"rendered":"<p data-start=\"0\" data-end=\"462\">Parti per un indimenticabile viaggio di 12 giorni attraverso il Marocco, con partenza dalla storica citt\u00e0 di Fes. Questo tour ti porter\u00e0 alla scoperta del ricco patrimonio culturale, dei paesaggi mozzafiato e delle tradizioni vibranti di questo affascinante Paese. Dalle antiche medine di Fes alle dorate dune del Sahara, dai vivaci souk di Marrakech alle serene strade blu di Chefchaouen, questa esperienza \u00e8 progettata per offrirti il meglio del Marocco.<\/p>\n<hr data-start=\"464\" data-end=\"467\">\n<h3 data-start=\"469\" data-end=\"526\"><strong data-start=\"473\" data-end=\"524\">Giorno 1: Arrivo a Fes \u2013 La Capitale Spirituale<\/strong><\/h3>\n<p data-start=\"527\" data-end=\"800\">All\u2019arrivo a Fes, sarai accolto e trasferito al tuo hotel. Il resto della giornata sar\u00e0 libero per esplorare la citt\u00e0 o rilassarti dopo il viaggio. Fes \u00e8 famosa per la sua medina, patrimonio UNESCO, per le sue antiche madrase e per la straordinaria architettura islamica.<\/p>\n<h3 data-start=\"802\" data-end=\"841\"><strong data-start=\"806\" data-end=\"839\">Giorno 2: Tour Guidato di Fes<\/strong><\/h3>\n<p data-start=\"842\" data-end=\"926\">Scopri la magica citt\u00e0 di Fes con una guida locale. Punti salienti della giornata:<\/p>\n<ul data-start=\"928\" data-end=\"1197\">\n<li data-start=\"928\" data-end=\"997\"><strong data-start=\"930\" data-end=\"958\">Universit\u00e0 Al-Qarawiyyin<\/strong>, la pi\u00f9 antica universit\u00e0 del mondo.<\/li>\n<li data-start=\"998\" data-end=\"1055\"><strong data-start=\"1000\" data-end=\"1022\">Madrasa Bou Inania<\/strong>, un capolavoro architettonico.<\/li>\n<li data-start=\"1056\" data-end=\"1132\"><strong data-start=\"1058\" data-end=\"1078\">Conceria Chouara<\/strong>, dove la pelle viene tinta con metodi tradizionali.<\/li>\n<li data-start=\"1133\" data-end=\"1197\"><strong data-start=\"1135\" data-end=\"1152\">I vivaci souk<\/strong>, ricchi di artigianato e spezie profumate.<\/li>\n<\/ul>\n<h3 data-start=\"1199\" data-end=\"1266\"><strong data-start=\"1203\" data-end=\"1264\">Giorno 3: Da Fes a Chefchaouen \u2013 La Perla Blu del Marocco<\/strong><\/h3>\n<p data-start=\"1267\" data-end=\"1587\">Partenza per Chefchaouen, una pittoresca cittadina incastonata nelle Montagne del Rif. Famosa per i suoi edifici dipinti di blu, questa citt\u00e0 offre un\u2019atmosfera rilassante e paesaggi mozzafiato. Trascorri la giornata passeggiando per le sue strette vie, visitando il Museo della Kasbah e ammirando la vista panoramica.<\/p>\n<h3 data-start=\"1589\" data-end=\"1644\"><strong data-start=\"1593\" data-end=\"1642\">Giorno 4: Da Chefchaouen a Volubilis e Meknes<\/strong><\/h3>\n<p data-start=\"1645\" data-end=\"1914\">Viaggio verso <strong data-start=\"1659\" data-end=\"1672\">Volubilis<\/strong>, sito UNESCO con ben conservate rovine romane. Proseguimento per <strong data-start=\"1738\" data-end=\"1748\">Meknes<\/strong>, una delle citt\u00e0 imperiali del Marocco, famosa per i suoi grandiosi portali e siti storici, tra cui <strong data-start=\"1849\" data-end=\"1911\">Bab Mansour, Heri es-Souani e il Mausoleo di Moulay Ismail<\/strong>.<\/p>\n<h3 data-start=\"1916\" data-end=\"1975\"><strong data-start=\"1920\" data-end=\"1973\">Giorno 5: Da Meknes a Merzouga \u2013 Porta del Sahara<\/strong><\/h3>\n<p data-start=\"1976\" data-end=\"2340\">Partenza per il Deserto del Sahara, attraversando le Montagne del Medio Atlante, le foreste di cedri di <strong data-start=\"2080\" data-end=\"2089\">Azrou<\/strong> e la verdeggiante <strong data-start=\"2108\" data-end=\"2127\">Valle dello Ziz<\/strong>. Arrivo a <strong data-start=\"2138\" data-end=\"2150\">Merzouga<\/strong>, dove ti aspetta un\u2019avventura in cammello tra le dune di <strong data-start=\"2208\" data-end=\"2222\">Erg Chebbi<\/strong> per ammirare un tramonto spettacolare. Trascorri la notte in un lussuoso campo nel deserto sotto un cielo stellato.<\/p>\n<h3 data-start=\"2342\" data-end=\"2411\"><strong data-start=\"2346\" data-end=\"2409\">Giorno 6: Da Merzouga alle Gole del Todra e Valle del Dades<\/strong><\/h3>\n<p data-start=\"2412\" data-end=\"2696\">Svegliati presto per assistere all\u2019alba sulle dune prima di partire per le spettacolari <strong data-start=\"2500\" data-end=\"2518\">Gole del Todra<\/strong>, con le loro imponenti pareti rocciose. Prosegui attraverso la <strong data-start=\"2582\" data-end=\"2601\">Valle del Dades<\/strong>, famosa per le sue formazioni rocciose uniche. Pernottamento in una guesthouse tradizionale.<\/p>\n<h3 data-start=\"2698\" data-end=\"2769\"><strong data-start=\"2702\" data-end=\"2767\">Giorno 7: Dalla Valle del Dades a Ouarzazate e Ait Ben Haddou<\/strong><\/h3>\n<p data-start=\"2770\" data-end=\"3100\">Viaggio attraverso la <strong data-start=\"2792\" data-end=\"2812\">Valle delle Rose<\/strong>, nota per la produzione di acqua di rose. Arrivo a <strong data-start=\"2864\" data-end=\"2878\">Ouarzazate<\/strong>, la \u201cHollywood d\u2019Africa\u201d, dove visiterai i celebri studi cinematografici. Proseguimento per <strong data-start=\"2971\" data-end=\"2989\">Ait Ben Haddou<\/strong>, una kasbah dichiarata patrimonio UNESCO e scenario di film famosi come <em data-start=\"3062\" data-end=\"3077\">Il Gladiatore<\/em> e <em data-start=\"3080\" data-end=\"3097\">Game of Thrones<\/em>.<\/p>\n<h3 data-start=\"3102\" data-end=\"3177\"><strong data-start=\"3106\" data-end=\"3175\">Giorno 8: Da Ait Ben Haddou a Marrakech attraverso l\u2019Alto Atlante<\/strong><\/h3>\n<p data-start=\"3178\" data-end=\"3431\">Attraversa le Montagne dell\u2019Alto Atlante percorrendo il suggestivo <strong data-start=\"3245\" data-end=\"3272\">Passo del Tizi n\u2019Tichka<\/strong> per raggiungere <strong data-start=\"3289\" data-end=\"3302\">Marrakech<\/strong>. Serata libera per esplorare la celebre <strong data-start=\"3343\" data-end=\"3367\">Piazza Jemaa el-Fnaa<\/strong>, animata da narratori, musicisti e bancarelle di street food.<\/p>\n<h3 data-start=\"3433\" data-end=\"3478\"><strong data-start=\"3437\" data-end=\"3476\">Giorno 9: Tour Guidato di Marrakech<\/strong><\/h3>\n<p data-start=\"3479\" data-end=\"3542\">Scopri i tesori di Marrakech con un tour guidato che include:<\/p>\n<ul data-start=\"3544\" data-end=\"3781\">\n<li data-start=\"3544\" data-end=\"3591\"><strong data-start=\"3546\" data-end=\"3567\">Moschea Koutoubia<\/strong>, simbolo della citt\u00e0.<\/li>\n<li data-start=\"3592\" data-end=\"3652\"><strong data-start=\"3594\" data-end=\"3611\">Palazzo Bahia<\/strong>, esempio di raffinata arte marocchina.<\/li>\n<li data-start=\"3653\" data-end=\"3716\"><strong data-start=\"3655\" data-end=\"3673\">Tombe Saadiane<\/strong>, una testimonianza storica affascinante.<\/li>\n<li data-start=\"3717\" data-end=\"3781\"><strong data-start=\"3719\" data-end=\"3741\">Giardino Majorelle<\/strong>, un\u2019oasi verde nel cuore della citt\u00e0.<\/li>\n<\/ul>\n<p data-start=\"3783\" data-end=\"3904\">Nel pomeriggio, perditi tra i colorati <strong data-start=\"3822\" data-end=\"3830\">souk<\/strong>, dove potrai acquistare spezie, tessuti e oggetti d\u2019artigianato locale.<\/p>\n<h3 data-start=\"3906\" data-end=\"3975\"><strong data-start=\"3910\" data-end=\"3973\">Giorno 10: Escursione a Essaouira \u2013 La Perla dell\u2019Atlantico<\/strong><\/h3>\n<p data-start=\"3976\" data-end=\"4256\">Gita di un giorno a <strong data-start=\"3996\" data-end=\"4009\">Essaouira<\/strong>, una pittoresca citt\u00e0 costiera caratterizzata da edifici bianchi con dettagli blu e da un\u2019atmosfera rilassata. Assapora del <strong data-start=\"4134\" data-end=\"4150\">pesce fresco<\/strong>, visita la storica <strong data-start=\"4170\" data-end=\"4192\">Skala della Kasbah<\/strong> e passeggia lungo la spiaggia prima di rientrare a Marrakech.<\/p>\n<h3 data-start=\"4258\" data-end=\"4337\"><strong data-start=\"4262\" data-end=\"4335\">Giorno 11: Da Marrakech a Casablanca \u2013 Il Cuore Economico del Marocco<\/strong><\/h3>\n<p data-start=\"4338\" data-end=\"4576\">Viaggio verso <strong data-start=\"4352\" data-end=\"4366\">Casablanca<\/strong>, la metropoli moderna del Marocco. Visita la maestosa <strong data-start=\"4421\" data-end=\"4442\">Moschea Hassan II<\/strong>, una delle pi\u00f9 grandi al mondo. Passeggia lungo la <strong data-start=\"4494\" data-end=\"4506\">Corniche<\/strong>, il lungomare della citt\u00e0, e immergiti nel suo fascino cosmopolita.<\/p>\n<h3 data-start=\"4578\" data-end=\"4621\"><strong data-start=\"4582\" data-end=\"4619\">Giorno 12: Partenza da Casablanca<\/strong><\/h3>\n<p data-start=\"4622\" data-end=\"4733\">Dopo un\u2019incredibile avventura attraverso il Marocco, sarai accompagnato all\u2019aeroporto per il volo di ritorno.<\/p>\n<hr data-start=\"4735\" data-end=\"4738\">\n<h2 data-start=\"4740\" data-end=\"4802\"><strong data-start=\"4743\" data-end=\"4800\">Perch\u00e9 scegliere questo tour di 12 giorni in Marocco?<\/strong><\/h2>\n<p data-start=\"4803\" data-end=\"5241\">\u2705 <strong data-start=\"4805\" data-end=\"4846\">Itinerario completo e ben organizzato<\/strong> che copre le destinazioni pi\u00f9 affascinanti del Marocco.<br data-start=\"4902\" data-end=\"4905\">\u2705 <strong data-start=\"4907\" data-end=\"4936\">Sistemazioni confortevoli<\/strong>, tra riad tradizionali e campi nel deserto.<br data-start=\"4980\" data-end=\"4983\">\u2705 <strong data-start=\"4985\" data-end=\"5009\">Guide esperte locali<\/strong> per approfondire la storia e la cultura del Paese.<br data-start=\"5060\" data-end=\"5063\">\u2705 <strong data-start=\"5065\" data-end=\"5091\">Trasporti senza stress<\/strong> in veicoli moderni e climatizzati.<br data-start=\"5126\" data-end=\"5129\">\u2705 <strong data-start=\"5131\" data-end=\"5156\">Esperienze autentiche<\/strong>, tra cui un\u2019escursione in cammello nel deserto e un\u2019immersione nei mercati locali.<\/p>\n","protected":false},"excerpt":{"rendered":"<p>Parti per un indimenticabile viaggio di 12 giorni attraverso il Marocco, con partenza dalla storica citt\u00e0 di Fes. Questo tour ti porter\u00e0 alla scoperta del ricco<span class=\"excerpt-hellip\"> [\u2026]<\/span><\/p>\n","protected":false},"author":1,"featured_media":0,"parent":0,"menu_order":0,"comment_status":"closed","ping_status":"closed","template":"","meta":{"ngg_post_thumbnail":0},"yoast_head":"<!-- This site is optimized with the Yoast SEO plugin v20.11 - https:\/\/yoast.com\/wordpress\/plugins\/seo\/ -->\n<title>12 giorni da Fes Marocco - desert camel tours<\/title>\n<meta name=\"robots\" content=\"index, follow, max-snippet:-1, max-image-preview:large, max-video-preview:-1\" \/>\n<link rel=\"canonical\" href=\"https:\/\/desertcameltours.com\/it\/12-giorni-da-fes-marocco\/\" \/>\n<meta property=\"og:locale\" content=\"en_US\" \/>\n<meta property=\"og:type\" content=\"article\" \/>\n<meta property=\"og:title\" content=\"12 giorni da Fes Marocco - desert camel tours\" \/>\n<meta property=\"og:description\" content=\"Parti per un indimenticabile viaggio di 12 giorni attraverso il Marocco, con partenza dalla storica citt\u00e0 di Fes. Questo tour ti porter\u00e0 alla scoperta del ricco [\u2026]\" \/>\n<meta property=\"og:url\" content=\"https:\/\/desertcameltours.com\/it\/12-giorni-da-fes-marocco\/\" \/>\n<meta property=\"og:site_name\" content=\"desert camel tours\" \/>\n<meta property=\"article:modified_time\" content=\"2025-02-15T11:34:11+00:00\" \/>\n<meta name=\"twitter:card\" content=\"summary_large_image\" \/>\n<meta name=\"twitter:label1\" content=\"Est. reading time\" \/>\n\t<meta name=\"twitter:data1\" content=\"6 minutes\" \/>\n<script type=\"application\/ld+json\" class=\"yoast-schema-graph\">{\"@context\":\"https:\/\/schema.org\",\"@graph\":[{\"@type\":\"WebPage\",\"@id\":\"https:\/\/desertcameltours.com\/it\/12-giorni-da-fes-marocco\/\",\"url\":\"https:\/\/desertcameltours.com\/it\/12-giorni-da-fes-marocco\/\",\"name\":\"12 giorni da Fes Marocco - desert camel tours\",\"isPartOf\":{\"@id\":\"https:\/\/desertcameltours.com\/it\/#website\"},\"datePublished\":\"2023-06-03T17:06:46+00:00\",\"dateModified\":\"2025-02-15T11:34:11+00:00\",\"breadcrumb\":{\"@id\":\"https:\/\/desertcameltours.com\/it\/12-giorni-da-fes-marocco\/#breadcrumb\"},\"inLanguage\":\"en-US\",\"potentialAction\":[{\"@type\":\"ReadAction\",\"target\":[\"https:\/\/desertcameltours.com\/it\/12-giorni-da-fes-marocco\/\"]}]},{\"@type\":\"BreadcrumbList\",\"@id\":\"https:\/\/desertcameltours.com\/it\/12-giorni-da-fes-marocco\/#breadcrumb\",\"itemListElement\":[{\"@type\":\"ListItem\",\"position\":1,\"name\":\"Home\",\"item\":\"https:\/\/desertcameltours.com\/it\/\"},{\"@type\":\"ListItem\",\"position\":2,\"name\":\"12 giorni da Fes Marocco\"}]},{\"@type\":\"WebSite\",\"@id\":\"https:\/\/desertcameltours.com\/it\/#website\",\"url\":\"https:\/\/desertcameltours.com\/it\/\",\"name\":\"desert camel tours\",\"description\":\"desert camel tours\",\"potentialAction\":[{\"@type\":\"SearchAction\",\"target\":{\"@type\":\"EntryPoint\",\"urlTemplate\":\"https:\/\/desertcameltours.com\/it\/?s={search_term_string}\"},\"query-input\":\"required name=search_term_string\"}],\"inLanguage\":\"en-US\"}]}<\/script>\n<!-- \/ Yoast SEO plugin. -->","yoast_head_json":{"title":"12 giorni da Fes Marocco - desert camel tours","robots":{"index":"index","follow":"follow","max-snippet":"max-snippet:-1","max-image-preview":"max-image-preview:large","max-video-preview":"max-video-preview:-1"},"canonical":"https:\/\/desertcameltours.com\/it\/12-giorni-da-fes-marocco\/","og_locale":"en_US","og_type":"article","og_title":"12 giorni da Fes Marocco - desert camel tours","og_description":"Parti per un indimenticabile viaggio di 12 giorni attraverso il Marocco, con partenza dalla storica citt\u00e0 di Fes. Questo tour ti porter\u00e0 alla scoperta del ricco [\u2026]","og_url":"https:\/\/desertcameltours.com\/it\/12-giorni-da-fes-marocco\/","og_site_name":"desert camel tours","article_modified_time":"2025-02-15T11:34:11+00:00","twitter_card":"summary_large_image","twitter_misc":{"Est. reading time":"6 minutes"},"schema":{"@context":"https:\/\/schema.org","@graph":[{"@type":"WebPage","@id":"https:\/\/desertcameltours.com\/it\/12-giorni-da-fes-marocco\/","url":"https:\/\/desertcameltours.com\/it\/12-giorni-da-fes-marocco\/","name":"12 giorni da Fes Marocco - desert camel tours","isPartOf":{"@id":"https:\/\/desertcameltours.com\/it\/#website"},"datePublished":"2023-06-03T17:06:46+00:00","dateModified":"2025-02-15T11:34:11+00:00","breadcrumb":{"@id":"https:\/\/desertcameltours.com\/it\/12-giorni-da-fes-marocco\/#breadcrumb"},"inLanguage":"en-US","potentialAction":[{"@type":"ReadAction","target":["https:\/\/desertcameltours.com\/it\/12-giorni-da-fes-marocco\/"]}]},{"@type":"BreadcrumbList","@id":"https:\/\/desertcameltours.com\/it\/12-giorni-da-fes-marocco\/#breadcrumb","itemListElement":[{"@type":"ListItem","position":1,"name":"Home","item":"https:\/\/desertcameltours.com\/it\/"},{"@type":"ListItem","position":2,"name":"12 giorni da Fes Marocco"}]},{"@type":"WebSite","@id":"https:\/\/desertcameltours.com\/it\/#website","url":"https:\/\/desertcameltours.com\/it\/","name":"desert camel tours","description":"desert camel tours","potentialAction":[{"@type":"SearchAction","target":{"@type":"EntryPoint","urlTemplate":"https:\/\/desertcameltours.com\/it\/?s={search_term_string}"},"query-input":"required name=search_term_string"}],"inLanguage":"en-US"}]}},"_links":{"self":[{"href":"https:\/\/desertcameltours.com\/it\/wp-json\/wp\/v2\/pages\/963"}],"collection":[{"href":"https:\/\/desertcameltours.com\/it\/wp-json\/wp\/v2\/pages"}],"about":[{"href":"https:\/\/desertcameltours.com\/it\/wp-json\/wp\/v2\/types\/page"}],"author":[{"embeddable":true,"href":"https:\/\/desertcameltours.com\/it\/wp-json\/wp\/v2\/users\/1"}],"replies":[{"embeddable":true,"href":"https:\/\/desertcameltours.com\/it\/wp-json\/wp\/v2\/comments?post=963"}],"version-history":[{"count":5,"href":"https:\/\/desertcameltours.com\/it\/wp-json\/wp\/v2\/pages\/963\/revisions"}],"predecessor-version":[{"id":1287,"href":"https:\/\/desertcameltours.com\/it\/wp-json\/wp\/v2\/pages\/963\/revisions\/1287"}],"wp:attachment":[{"href":"https:\/\/desertcameltours.com\/it\/wp-json\/wp\/v2\/media?parent=963"}],"curies":[{"name":"wp","href":"https:\/\/api.w.org\/{rel}","templated":true}]}}