{"id":475,"date":"2017-07-30T12:17:21","date_gmt":"2017-07-30T10:17:21","guid":{"rendered":"http:\/\/desertcameltours.com\/?page_id=475"},"modified":"2023-07-20T01:23:28","modified_gmt":"2023-07-19T23:23:28","slug":"4-giorni-nel-deserto-da-casablanca-a-merzouga","status":"publish","type":"page","link":"https:\/\/desertcameltours.com\/it\/4-giorni-nel-deserto-da-casablanca-a-merzouga\/","title":{"rendered":"4 giorni nel deserto da Casablanca a Merzouga"},"content":{"rendered":"<p>[masterslider id=&#8221;9&#8243;]<\/p>\n<h4>Giorno 1: Casablanca &#8211; Rabat &#8211; Meknes &#8211; Fes:<\/h4>\n<p>Lasceremo Casablanca al mattino e vi porteremo a Fes via Rabat, capitale del Marocco, e poi a Meknes, visiteremo i luoghi pi\u00f9 importanti di Casablanca e Rabat, poi andremo a Meknes e a Volubilis per esplorare le rovine romane, poi andremo a Fes dove pernotteremo in un Riad tradizionale locale.<\/p>\n<h4>Giorno 2: Fes &#8211; Ifrane &#8211; Azrou &#8211; Merzouga Desert Camel Trekking:<\/h4>\n<p>Dopo la prima colazione, la nostra avventura inizia oggi per esplorare la magia del deserto e la nuova vita nel Sahara del Marocco. Visiteremo il villaggio berbero vicino alla foresta di cedri, dove potremo incontrare le scimmie barbare, poi viaggeremo attraverso la valle di Ziz passando per alcuni villaggi berberi fino a Erfoud e poi Rissani. Nel deserto di Merzouga prenderemo un t\u00e8 dopo essere partiti per il Desert Camp, dove ci aspetter\u00e0 un&#8217;ora di cammino con i cammelli, attraversando le dune fino al cuore del deserto per ammirare il bellissimo tramonto. Nascosti dietro le grandi dune, e godendo la musica dei tamburi, la cena marocchina e il t\u00e8, si pu\u00f2 vedere il vasto cielo di stelle e dormire in tenda berbera nomade.<\/p>\n<h4>Giorno 3 : CamelL Trekking &#8211; Rissani &#8211; Tingher &#8211; Rose Vally &#8211; Ouarzazate &#8211; Marrakech:<\/h4>\n<p>La giornata inizier\u00e0 presto e torneremo sui cammelli all&#8217;alba per raggiungere la ksabah. Qui, la colazione sar\u00e0 preparata per voi e avrete la possibilit\u00e0 di fare una doccia prima della partenza.<\/p>\n<p>Oggi sar\u00e0 una lunga giornata di viaggio per tornare a Marrakech. Questa volta, prenderemo un percorso diverso lungo le montagne vulcaniche meridionali del Sarhro, con picchi dalla forma particolare, e ci imbatteremo nell&#8217;oasi del Dades, circondata da palmeti. Dopo aver raggiunto Ouarzazate, attraverseremo le montagne dell&#8217;Alto Atlante fino a Marrakech. Pernottamento in Riad locale con prima colazione.<\/p>\n<h4>Giorno 4: Trasferimento all&#8217;aeroporto di Marrakech:<\/h4>\n<p>Trasferimento all&#8217;aeroporto al mattino presto.<\/p>\n<h4>Incluso nel tour:<\/h4>\n<p>Tour privato in un comodo veicolo 4&#215;4 con aria condizionata.<br \/>\nPick up e drop off da hotel\/riad\/aeroporto a Marrakech e Casablanca<br \/>\nAutista\/guida di lingua inglese, carburante<br \/>\nColazione e cene durante il viaggio<br \/>\nPernottamenti in hotel o riad<br \/>\nTrekking a cammello e notte nel campo del deserto del Sahara<br \/>\nCammello per ogni persona<\/p>\n<h4>NON INCLUSO:<\/h4>\n<p>Voli da e per il Marocco<br \/>\nPranzi, bevande<br \/>\nItinerari :<\/p>\n<div class=\"pbs-row\" style=\"min-height: 200px;\">\n<div class=\"pbs-col\" style=\"flex-basis: 50%; justify-content: center;\">\n<div data-ce-tag=\"html\" data-html=\"PGg0PiBJdGluZXJhcmllcyA6CjwvaDQ+CjxpZnJhbWUgc3JjPSJodHRwczovL3d3dy5nb29nbGUuY29tL21hcHMvZW1iZWQ\/cGI9ITFtNTQhMW04ITFtMyExZDM0NDMwMDQuNDMwNzA2NTEwMyEyZC03LjcyMDU1NzUxNTYyNTAwMiEzZDMyLjU3MTI4MjAwMzA3NjIhM20yITFpMTAyNCEyaTc2OCE0ZjEzLjEhNG00MyEzZTAhNG01ITFzMHhkYTdjZDQ3NzhhYTExM2IlM0EweGIwNmMxZDg0ZjMxMGZkMyEyc0Nhc2FibGFuY2ElMkMrTWFyb2MhM20yITFkMzMuNTczMTEwNCEyZC03LjU4OTg0MzM5OTk5OTk5OTUhNG01ITFzMHhkOWY4YjQ4NGQ0NDU3NzclM0EweDEwZTZhYWFlZWRkODAyZWYhMnpSc09vY3l3Z1RXRnliMk0hM20yITFkMzQuMDE4MTI0NiEyZC01LjAwNzg0NTEhNG01ITFzMHhkOThiZjQyZTg0NDFlOWYlM0EweDg4MjY5Y2E2YThkYmI1MzYhMnNNaWRlbHQlMkMrTWFyb2MhM20yITFkMzIuNjc5OTQyMyEyZC00LjczMjkyNjc5OTk5OTk5OTUhNG01ITFzMHhkOTczYzI3OTgzNGRmZTUlM0EweDU2MzlmYWIyYjVkZTRhNDQhMnNNZXJ6b3VnYSUyQytNYXJvYyEzbTIhMWQzMS4wODAxNjc2ITJkLTQuMDEzMzYxITRtNSExczB4ZGJjYzkzODcxMTVhNmE3JTNBMHg3NWMwM2ExZTQzYjQwNTk4ITJzRGFkJUMzJUE4cytWYWxsZXklMkMrQm91bG1hbmUrZHUrRGFkJUMzJUE4cyUyQytNYXJvYyEzbTIhMWQzMS4zNzM4Mzk5OTk5OTk5OTghMmQtNS45OTU1ODA4OTk5OTk5OTkhNG01ITFzMHhkYmFlMDYxMjA0MTE0MzklM0EweDRkMDkwZjY0YTBlYzEyM2EhMnNBJUMzJUFGdCtCZW4rSGFkZG91JTJDK01hcm9jITNtMiExZDMxLjA0NzA0MyEyZC03LjEzMTg5OTYhNG01ITFzMHhkYWZlZThkOTYxNzllNTElM0EweDU5NTBiNjUzNGY4N2FkYjghMnNNYXJyYWtlY2glMkMrTWFyb2MhM20yITFkMzEuNjI5NDcyMyEyZC03Ljk4MTA4NDUhNWUwITNtMiExc2ZyITJzdXMhNHYxNTAxNDEwMDQxMjc4IiB3aWR0aD0iMTAwJSIgaGVpZ2h0PSI2MDBweCIgZnJhbWVib3JkZXI9IjAiIHN0eWxlPSJib3JkZXI6MCIgYWxsb3dmdWxsc2NyZWVuPSIiPjwvaWZyYW1lPg==\">\n<h4>&nbsp;<\/h4>\n<p><iframe loading=\"lazy\" style=\"border: 0;\" src=\"https:\/\/www.google.com\/maps\/embed?pb=!1m54!1m8!1m3!1d3443004.4307065103!2d-7.720557515625002!3d32.5712820030762!3m2!1i1024!2i768!4f13.1!4m43!3e0!4m5!1s0xda7cd4778aa113b%3A0xb06c1d84f310fd3!2sCasablanca%2C+Maroc!3m2!1d33.5731104!2d-7.5898433999999995!4m5!1s0xd9f8b484d445777%3A0x10e6aaaeedd802ef!2zRsOocywgTWFyb2M!3m2!1d34.0181246!2d-5.0078451!4m5!1s0xd98bf42e8441e9f%3A0x88269ca6a8dbb536!2sMidelt%2C+Maroc!3m2!1d32.6799423!2d-4.7329267999999995!4m5!1s0xd973c279834dfe5%3A0x5639fab2b5de4a44!2sMerzouga%2C+Maroc!3m2!1d31.0801676!2d-4.013361!4m5!1s0xdbcc9387115a6a7%3A0x75c03a1e43b40598!2sDad%C3%A8s+Valley%2C+Boulmane+du+Dad%C3%A8s%2C+Maroc!3m2!1d31.373839999999998!2d-5.995580899999999!4m5!1s0xdbae06120411439%3A0x4d090f64a0ec123a!2sA%C3%AFt+Ben+Haddou%2C+Maroc!3m2!1d31.047043!2d-7.1318996!4m5!1s0xdafee8d96179e51%3A0x5950b6534f87adb8!2sMarrakech%2C+Maroc!3m2!1d31.6294723!2d-7.9810845!5e0!3m2!1sfr!2sus!4v1501410041278\" width=\"100%\" height=\"600px\" frameborder=\"0\" allowfullscreen=\"allowfullscreen\"><\/iframe><\/p>\n<\/div>\n<\/div>\n<div class=\"pbs-col\" style=\"flex-basis: 50%; justify-content: center;\">\n<div data-ce-tag=\"html\" data-html=\"PGg0PiBCb29rZWQgdGhpcyB0b3VyCjwvaDQ+\">\n<h4>Booked this tour<\/h4>\n<\/div>\n\n<div class=\"wpcf7 no-js\" id=\"wpcf7-f673-o1\" lang=\"en-US\" dir=\"ltr\">\n<div class=\"screen-reader-response\"><p role=\"status\" aria-live=\"polite\" aria-atomic=\"true\"><\/p> <ul><\/ul><\/div>\n<form action=\"\/it\/wp-json\/wp\/v2\/pages\/475#wpcf7-f673-o1\" method=\"post\" class=\"wpcf7-form init\" aria-label=\"Contact form\" novalidate=\"novalidate\" data-status=\"init\">\n<div style=\"display: none;\">\n<input type=\"hidden\" name=\"_wpcf7\" value=\"673\" \/>\n<input type=\"hidden\" name=\"_wpcf7_version\" value=\"5.7.7\" \/>\n<input type=\"hidden\" name=\"_wpcf7_locale\" value=\"en_US\" \/>\n<input type=\"hidden\" name=\"_wpcf7_unit_tag\" value=\"wpcf7-f673-o1\" \/>\n<input type=\"hidden\" name=\"_wpcf7_container_post\" value=\"0\" \/>\n<input type=\"hidden\" name=\"_wpcf7_posted_data_hash\" value=\"\" \/>\n<\/div>\n<p><label> Your Name (required)<br \/>\n<span class=\"wpcf7-form-control-wrap\" data-name=\"your-name\"><input size=\"40\" class=\"wpcf7-form-control wpcf7-text wpcf7-validates-as-required\" aria-required=\"true\" aria-invalid=\"false\" value=\"\" type=\"text\" name=\"your-name\" \/><\/span> <\/label>\n<\/p>\n<p><label> Your Email (required)<br \/>\n<span class=\"wpcf7-form-control-wrap\" data-name=\"your-email\"><input size=\"40\" class=\"wpcf7-form-control wpcf7-text wpcf7-email wpcf7-validates-as-required wpcf7-validates-as-email\" aria-required=\"true\" aria-invalid=\"false\" value=\"\" type=\"email\" name=\"your-email\" \/><\/span> <\/label>\n<\/p>\n<p><label> Subject<br \/>\n<span class=\"wpcf7-form-control-wrap\" data-name=\"your-subject\"><input size=\"40\" class=\"wpcf7-form-control wpcf7-text\" aria-invalid=\"false\" value=\"\" type=\"text\" name=\"your-subject\" \/><\/span> <\/label>\n<\/p>\n<p><label> Your Message<br \/>\n<span class=\"wpcf7-form-control-wrap\" data-name=\"your-message\"><textarea cols=\"40\" rows=\"10\" class=\"wpcf7-form-control wpcf7-textarea\" aria-invalid=\"false\" name=\"your-message\"><\/textarea><\/span> <\/label>\n<\/p>\n<p><input class=\"wpcf7-form-control has-spinner wpcf7-submit\" type=\"submit\" value=\"Send\" \/>\n<\/p><div class=\"wpcf7-response-output\" aria-hidden=\"true\"><\/div>\n<\/form>\n<\/div>\n\n<\/div>\n<\/div>\n<div data-ce-tag=\"html\" data-html=\"PGg0Pk5PVEUgOjwvaDQ+CjxwPklmIHlvdSB3YW50IHRvIG1vZGlmeSB0aGlzIHRvdXIsIGxldCB1cyBrbm93IHlvdXIgaWRlYSwgdHJhdmVsIHBsYW5zIGFuZCB3ZSBjYW4gY3JlYXRlIHNpbWlsYXIgb3IgZGlmZmVyZW50IHByb2dyYW0gLHdoaWNoIG1hdGNoIHlvdXIgcmVxdWlyZW1lbnRzLiBDb250YWN0IHVzIGZvciBtb3JlIGluZm8uPC9wPg==\">\n<h4>NOTE :<\/h4>\n<p>If you want to modify this tour, let us know your idea, travel plans and we can create similar or different program ,which match your requirements. Contact us for more info.<\/p>\n<\/div>\n<p>&nbsp;<\/p>\n","protected":false},"excerpt":{"rendered":"<p>[masterslider id=&#8221;9&#8243;] Giorno 1: Casablanca &#8211; Rabat &#8211; Meknes &#8211; Fes: Lasceremo Casablanca al mattino e vi porteremo a Fes via Rabat, capitale del Marocco, e<span class=\"excerpt-hellip\"> [\u2026]<\/span><\/p>\n","protected":false},"author":1,"featured_media":0,"parent":0,"menu_order":0,"comment_status":"closed","ping_status":"closed","template":"","meta":{"ngg_post_thumbnail":0},"yoast_head":"<!-- This site is optimized with the Yoast SEO plugin v20.11 - https:\/\/yoast.com\/wordpress\/plugins\/seo\/ -->\n<title>4 giorni nel deserto da Casablanca a Merzouga - desert camel tours<\/title>\n<meta name=\"robots\" content=\"index, follow, max-snippet:-1, max-image-preview:large, max-video-preview:-1\" \/>\n<link rel=\"canonical\" href=\"https:\/\/desertcameltours.com\/it\/4-giorni-nel-deserto-da-casablanca-a-merzouga\/\" \/>\n<meta property=\"og:locale\" content=\"en_US\" \/>\n<meta property=\"og:type\" content=\"article\" \/>\n<meta property=\"og:title\" content=\"4 giorni nel deserto da Casablanca a Merzouga - desert camel tours\" \/>\n<meta property=\"og:description\" content=\"[masterslider id=&#8221;9&#8243;] Giorno 1: Casablanca &#8211; Rabat &#8211; Meknes &#8211; Fes: Lasceremo Casablanca al mattino e vi porteremo a Fes via Rabat, capitale del Marocco, e [\u2026]\" \/>\n<meta property=\"og:url\" content=\"https:\/\/desertcameltours.com\/it\/4-giorni-nel-deserto-da-casablanca-a-merzouga\/\" \/>\n<meta property=\"og:site_name\" content=\"desert camel tours\" \/>\n<meta property=\"article:modified_time\" content=\"2023-07-19T23:23:28+00:00\" \/>\n<meta name=\"twitter:card\" content=\"summary_large_image\" \/>\n<meta name=\"twitter:label1\" content=\"Est. reading time\" \/>\n\t<meta name=\"twitter:data1\" content=\"2 minutes\" \/>\n<script type=\"application\/ld+json\" class=\"yoast-schema-graph\">{\"@context\":\"https:\/\/schema.org\",\"@graph\":[{\"@type\":\"WebPage\",\"@id\":\"https:\/\/desertcameltours.com\/it\/4-giorni-nel-deserto-da-casablanca-a-merzouga\/\",\"url\":\"https:\/\/desertcameltours.com\/it\/4-giorni-nel-deserto-da-casablanca-a-merzouga\/\",\"name\":\"4 giorni nel deserto da Casablanca a Merzouga - desert camel tours\",\"isPartOf\":{\"@id\":\"https:\/\/desertcameltours.com\/it\/#website\"},\"datePublished\":\"2017-07-30T10:17:21+00:00\",\"dateModified\":\"2023-07-19T23:23:28+00:00\",\"breadcrumb\":{\"@id\":\"https:\/\/desertcameltours.com\/it\/4-giorni-nel-deserto-da-casablanca-a-merzouga\/#breadcrumb\"},\"inLanguage\":\"en-US\",\"potentialAction\":[{\"@type\":\"ReadAction\",\"target\":[\"https:\/\/desertcameltours.com\/it\/4-giorni-nel-deserto-da-casablanca-a-merzouga\/\"]}]},{\"@type\":\"BreadcrumbList\",\"@id\":\"https:\/\/desertcameltours.com\/it\/4-giorni-nel-deserto-da-casablanca-a-merzouga\/#breadcrumb\",\"itemListElement\":[{\"@type\":\"ListItem\",\"position\":1,\"name\":\"Home\",\"item\":\"https:\/\/desertcameltours.com\/it\/\"},{\"@type\":\"ListItem\",\"position\":2,\"name\":\"4 giorni nel deserto da Casablanca a Merzouga\"}]},{\"@type\":\"WebSite\",\"@id\":\"https:\/\/desertcameltours.com\/it\/#website\",\"url\":\"https:\/\/desertcameltours.com\/it\/\",\"name\":\"desert camel tours\",\"description\":\"desert camel tours\",\"potentialAction\":[{\"@type\":\"SearchAction\",\"target\":{\"@type\":\"EntryPoint\",\"urlTemplate\":\"https:\/\/desertcameltours.com\/it\/?s={search_term_string}\"},\"query-input\":\"required name=search_term_string\"}],\"inLanguage\":\"en-US\"}]}<\/script>\n<!-- \/ Yoast SEO plugin. -->","yoast_head_json":{"title":"4 giorni nel deserto da Casablanca a Merzouga - desert camel tours","robots":{"index":"index","follow":"follow","max-snippet":"max-snippet:-1","max-image-preview":"max-image-preview:large","max-video-preview":"max-video-preview:-1"},"canonical":"https:\/\/desertcameltours.com\/it\/4-giorni-nel-deserto-da-casablanca-a-merzouga\/","og_locale":"en_US","og_type":"article","og_title":"4 giorni nel deserto da Casablanca a Merzouga - desert camel tours","og_description":"[masterslider id=&#8221;9&#8243;] Giorno 1: Casablanca &#8211; Rabat &#8211; Meknes &#8211; Fes: Lasceremo Casablanca al mattino e vi porteremo a Fes via Rabat, capitale del Marocco, e [\u2026]","og_url":"https:\/\/desertcameltours.com\/it\/4-giorni-nel-deserto-da-casablanca-a-merzouga\/","og_site_name":"desert camel tours","article_modified_time":"2023-07-19T23:23:28+00:00","twitter_card":"summary_large_image","twitter_misc":{"Est. reading time":"2 minutes"},"schema":{"@context":"https:\/\/schema.org","@graph":[{"@type":"WebPage","@id":"https:\/\/desertcameltours.com\/it\/4-giorni-nel-deserto-da-casablanca-a-merzouga\/","url":"https:\/\/desertcameltours.com\/it\/4-giorni-nel-deserto-da-casablanca-a-merzouga\/","name":"4 giorni nel deserto da Casablanca a Merzouga - desert camel tours","isPartOf":{"@id":"https:\/\/desertcameltours.com\/it\/#website"},"datePublished":"2017-07-30T10:17:21+00:00","dateModified":"2023-07-19T23:23:28+00:00","breadcrumb":{"@id":"https:\/\/desertcameltours.com\/it\/4-giorni-nel-deserto-da-casablanca-a-merzouga\/#breadcrumb"},"inLanguage":"en-US","potentialAction":[{"@type":"ReadAction","target":["https:\/\/desertcameltours.com\/it\/4-giorni-nel-deserto-da-casablanca-a-merzouga\/"]}]},{"@type":"BreadcrumbList","@id":"https:\/\/desertcameltours.com\/it\/4-giorni-nel-deserto-da-casablanca-a-merzouga\/#breadcrumb","itemListElement":[{"@type":"ListItem","position":1,"name":"Home","item":"https:\/\/desertcameltours.com\/it\/"},{"@type":"ListItem","position":2,"name":"4 giorni nel deserto da Casablanca a Merzouga"}]},{"@type":"WebSite","@id":"https:\/\/desertcameltours.com\/it\/#website","url":"https:\/\/desertcameltours.com\/it\/","name":"desert camel tours","description":"desert camel tours","potentialAction":[{"@type":"SearchAction","target":{"@type":"EntryPoint","urlTemplate":"https:\/\/desertcameltours.com\/it\/?s={search_term_string}"},"query-input":"required name=search_term_string"}],"inLanguage":"en-US"}]}},"_links":{"self":[{"href":"https:\/\/desertcameltours.com\/it\/wp-json\/wp\/v2\/pages\/475"}],"collection":[{"href":"https:\/\/desertcameltours.com\/it\/wp-json\/wp\/v2\/pages"}],"about":[{"href":"https:\/\/desertcameltours.com\/it\/wp-json\/wp\/v2\/types\/page"}],"author":[{"embeddable":true,"href":"https:\/\/desertcameltours.com\/it\/wp-json\/wp\/v2\/users\/1"}],"replies":[{"embeddable":true,"href":"https:\/\/desertcameltours.com\/it\/wp-json\/wp\/v2\/comments?post=475"}],"version-history":[{"count":12,"href":"https:\/\/desertcameltours.com\/it\/wp-json\/wp\/v2\/pages\/475\/revisions"}],"predecessor-version":[{"id":1212,"href":"https:\/\/desertcameltours.com\/it\/wp-json\/wp\/v2\/pages\/475\/revisions\/1212"}],"wp:attachment":[{"href":"https:\/\/desertcameltours.com\/it\/wp-json\/wp\/v2\/media?parent=475"}],"curies":[{"name":"wp","href":"https:\/\/api.w.org\/{rel}","templated":true}]}}