{"id":343,"date":"2017-07-28T04:24:32","date_gmt":"2017-07-28T02:24:32","guid":{"rendered":"http:\/\/desertcameltours.com\/?page_id=343"},"modified":"2023-07-20T01:50:28","modified_gmt":"2023-07-19T23:50:28","slug":"giro-in-cammello-a-merzouga","status":"publish","type":"page","link":"https:\/\/desertcameltours.com\/it\/giro-in-cammello-a-merzouga\/","title":{"rendered":"Giro in cammello a Merzouga"},"content":{"rendered":"<h3>Sentitevi rilassati mentre il paesaggio si apre durante un trekking a dorso di cammello.<\/h3>\n<p>Un trekking a dorso di cammello permette di conoscere veramente il Paese. \u00c8 pi\u00f9 di un tour: si visitano luoghi raramente visti da altri. Si possono scoprire i dettagli di un paesaggio: le dune e le oasi, i segni della vita antica e i resti del passato. Scoprite perch\u00e9 i cammelli sono i compagni di viaggio perfetti nell&#8217;Outback.<\/p>\n<p>Unitevi a noi in un safari a piedi o a cavallo di cammelli tra le dune dell&#8217;Erg Cehbbi. Godetevi la buona compagnia dei nomadi, la variet\u00e0 della fauna selvatica e il campo tendato nel mezzo del Sahara, con trekking guidati di quattro, cinque o nove giorni.<\/p>\n<h4>Tour di 1 notte a cammello nel deserto di Merzouga:<\/h4>\n<p>Questo viaggio (1 notte nel deserto) inizia la sera, organizziamo il viaggio in cammello per la notte nel deserto da un hotel vicino alle dune di sabbia, i cammelli saranno imballati con cibo, coperte e tutto ci\u00f2 di cui avremo bisogno. Il trekking inizier\u00e0 proprio nel deserto per 1:30min, passeremo la notte in un campo attrezzato con musica di tamburi nel mezzo del Sahara, questa \u00e8 una grande opportunit\u00e0 per scattare belle foto del tramonto e dell&#8217;alba, quando arriviamo al campo camminiamo verso le alte dune per vedere il tramonto, sar\u00e0 una notte magica quando il cielo \u00e8 chiaro di copertura e le stelle brillano e brillano con intensit\u00e0. Durante la prima notte, ci sar\u00e0 una meravigliosa cena intorno a un fal\u00f2, trascorreremo la notte in tende nomadi, al mattino cavalcheremo i cammelli di ritorno a Merzouga, farete la colazione e la doccia in hotel a Merzouga.<\/p>\n<h4>Tour di 2 notti in cammello nel deserto di Merzouga:<\/h4>\n<p>Questo viaggio inizia la sera, organizziamo il giro in cammello per la notte nel deserto da un hotel vicino alle dune di sabbia, i cammelli saranno imballati con cibo, coperte e tutto ci\u00f2 di cui avremo bisogno. Il trekking inizier\u00e0 proprio nel deserto per 1:30min, passeremo la notte in un campo attrezzato con musica di tamburi nel mezzo del Sahara, questa \u00e8 una grande opportunit\u00e0 per scattare belle foto del tramonto e dell&#8217;alba, quando arriviamo al campo camminiamo verso le alte dune per vedere il tramonto, sar\u00e0 una notte magica quando il cielo \u00e8 chiaro di copertura e le stelle brillano e brillano con intensit\u00e0. Il giorno successivo, al mattino, dopo la colazione nel campo, cavalcheremo i cammelli per visitare e pranzare con le popolazioni nomadi, dopo il relax e il pranzo con le popolazioni nomadi, cavalcheremo i cammelli per tornare al campo, Una volta raggiunto l&#8217;accampamento, lasceremo i cammelli e prenderemo la strada di sabbia e cammineremo fino alle alte dune, visiteremo un&#8217;oasi tra le dune e torneremo all&#8217;accampamento dopo il tramonto. Il giorno successivo, al mattino, cavalcheremo i cammelli fino a Merzouga dopo il sorgere del sole, farete la colazione e la doccia nell&#8217;hotel di Merzouga.<\/p>\n<h4>Tour di 3 notti a dorso di cammello nel deserto di Merzouga:<\/h4>\n<p>A seconda dell&#8217;orario di arrivo a Merzouga, questo viaggio inizia dopo un pranzo tranquillo. I cammelli sono stati caricati con cibo, coperte e tutti gli effetti necessari per questo viaggio che ci porter\u00e0 ad attraversare il deserto da soli. Questo percorso ci far\u00e0 scoprire una piccola oasi nascosta tra le dune dove passeremo la notte. Se siamo fortunati e il tempo \u00e8 sereno, possiamo goderci una notte stellata. Durante la prima notte, e dopo una buona cena, accenderemo un fuoco.<\/p>\n<p>Al mattino faremo una buona colazione e viaggeremo per quasi 2 ore per raggiungere la nostra prossima destinazione. Ci fermeremo mezz&#8217;ora per pranzare all&#8217;ombra di un Tamariz, tipico albero del deserto. Dopo pranzo, continueremo la nostra strada per possedere una famiglia Touareg dove passeremo la notte e interagiremo con loro. Il mattino seguente, facciamo colazione con la famiglia e poi ci spostiamo in un&#8217;altra piccola oasi situata nel deserto dove il prossimo accampamento \u00e8 abitato da una famiglia nomade berbera. Di seguito e dopo la colazione, si ritorna al villaggio o all&#8217;ostello.<\/p>\n<h4>In questo tour si ipotizza una media di 90 minuti a due ore di cammino in fila indiana, o di cammellata ogni giorno.<\/h4>\n<p>Cosa \u00e8 incluso:<br \/>\nUna camera in una casa dove organizziamo i nostri viaggi nel deserto per lasciare alcuni dei vostri bagagli &amp; doccia<br \/>\nParcheggio per la vostra auto (se ne avete)<br \/>\nTende nomadi (campo nel deserto)<br \/>\nCena e colazione<br \/>\nCammello a testa (giro in cammello per (1:30 min))<br \/>\nSandboarding sulle dune<\/p>\n<p>Prenota questa attivit\u00e0<\/p>\n<p>[formidable id=4]<\/p>\n<p>Come arrivare a Merzouga da Marrakech o Fes se non si utilizza il nostro trasporto?<\/p>\n<p>Trasporto da Fes a Merzouga<\/p>\n<p>Il bus supratours parte da Fes per Merzouga ogni giorno alle 19:00 e arriva a Merzouga alle 6:00 del mattino.<\/p>\n<p>Trasporto da Marrakech a Merzouga<\/p>\n<p>L&#8217;autobus SUPRATOUR parte da Marrakech alle 8:00 del mattino e arriva a Merzouga intorno alle 21:00.<\/p>\n<p>Se arrivate a Merzouga con un&#8217;auto a noleggio, un nostro incaricato vi aspetter\u00e0 per prelevarvi in tutta sicurezza fino al luogo in cui inizierete il vostro trekking notturno in cammello.<\/p>\n<p>&nbsp;<\/p>\n","protected":false},"excerpt":{"rendered":"<p>Sentitevi rilassati mentre il paesaggio si apre durante un trekking a dorso di cammello. Un trekking a dorso di cammello permette di conoscere veramente il Paese.<span class=\"excerpt-hellip\"> [\u2026]<\/span><\/p>\n","protected":false},"author":1,"featured_media":0,"parent":0,"menu_order":0,"comment_status":"closed","ping_status":"closed","template":"","meta":{"ngg_post_thumbnail":0},"yoast_head":"<!-- This site is optimized with the Yoast SEO plugin v20.11 - https:\/\/yoast.com\/wordpress\/plugins\/seo\/ -->\n<title>Giro in cammello a Merzouga - desert camel tours<\/title>\n<meta name=\"robots\" content=\"index, follow, max-snippet:-1, max-image-preview:large, max-video-preview:-1\" \/>\n<link rel=\"canonical\" href=\"https:\/\/desertcameltours.com\/it\/giro-in-cammello-a-merzouga\/\" \/>\n<meta property=\"og:locale\" content=\"en_US\" \/>\n<meta property=\"og:type\" content=\"article\" \/>\n<meta property=\"og:title\" content=\"Giro in cammello a Merzouga - desert camel tours\" \/>\n<meta property=\"og:description\" content=\"Sentitevi rilassati mentre il paesaggio si apre durante un trekking a dorso di cammello. Un trekking a dorso di cammello permette di conoscere veramente il Paese. [\u2026]\" \/>\n<meta property=\"og:url\" content=\"https:\/\/desertcameltours.com\/it\/giro-in-cammello-a-merzouga\/\" \/>\n<meta property=\"og:site_name\" content=\"desert camel tours\" \/>\n<meta property=\"article:modified_time\" content=\"2023-07-19T23:50:28+00:00\" \/>\n<meta name=\"twitter:card\" content=\"summary_large_image\" \/>\n<meta name=\"twitter:label1\" content=\"Est. reading time\" \/>\n\t<meta name=\"twitter:data1\" content=\"4 minutes\" \/>\n<script type=\"application\/ld+json\" class=\"yoast-schema-graph\">{\"@context\":\"https:\/\/schema.org\",\"@graph\":[{\"@type\":\"WebPage\",\"@id\":\"https:\/\/desertcameltours.com\/it\/giro-in-cammello-a-merzouga\/\",\"url\":\"https:\/\/desertcameltours.com\/it\/giro-in-cammello-a-merzouga\/\",\"name\":\"Giro in cammello a Merzouga - desert camel tours\",\"isPartOf\":{\"@id\":\"https:\/\/desertcameltours.com\/it\/#website\"},\"datePublished\":\"2017-07-28T02:24:32+00:00\",\"dateModified\":\"2023-07-19T23:50:28+00:00\",\"breadcrumb\":{\"@id\":\"https:\/\/desertcameltours.com\/it\/giro-in-cammello-a-merzouga\/#breadcrumb\"},\"inLanguage\":\"en-US\",\"potentialAction\":[{\"@type\":\"ReadAction\",\"target\":[\"https:\/\/desertcameltours.com\/it\/giro-in-cammello-a-merzouga\/\"]}]},{\"@type\":\"BreadcrumbList\",\"@id\":\"https:\/\/desertcameltours.com\/it\/giro-in-cammello-a-merzouga\/#breadcrumb\",\"itemListElement\":[{\"@type\":\"ListItem\",\"position\":1,\"name\":\"Home\",\"item\":\"https:\/\/desertcameltours.com\/it\/\"},{\"@type\":\"ListItem\",\"position\":2,\"name\":\"Giro in cammello a Merzouga\"}]},{\"@type\":\"WebSite\",\"@id\":\"https:\/\/desertcameltours.com\/it\/#website\",\"url\":\"https:\/\/desertcameltours.com\/it\/\",\"name\":\"desert camel tours\",\"description\":\"desert camel tours\",\"potentialAction\":[{\"@type\":\"SearchAction\",\"target\":{\"@type\":\"EntryPoint\",\"urlTemplate\":\"https:\/\/desertcameltours.com\/it\/?s={search_term_string}\"},\"query-input\":\"required name=search_term_string\"}],\"inLanguage\":\"en-US\"}]}<\/script>\n<!-- \/ Yoast SEO plugin. -->","yoast_head_json":{"title":"Giro in cammello a Merzouga - desert camel tours","robots":{"index":"index","follow":"follow","max-snippet":"max-snippet:-1","max-image-preview":"max-image-preview:large","max-video-preview":"max-video-preview:-1"},"canonical":"https:\/\/desertcameltours.com\/it\/giro-in-cammello-a-merzouga\/","og_locale":"en_US","og_type":"article","og_title":"Giro in cammello a Merzouga - desert camel tours","og_description":"Sentitevi rilassati mentre il paesaggio si apre durante un trekking a dorso di cammello. Un trekking a dorso di cammello permette di conoscere veramente il Paese. [\u2026]","og_url":"https:\/\/desertcameltours.com\/it\/giro-in-cammello-a-merzouga\/","og_site_name":"desert camel tours","article_modified_time":"2023-07-19T23:50:28+00:00","twitter_card":"summary_large_image","twitter_misc":{"Est. reading time":"4 minutes"},"schema":{"@context":"https:\/\/schema.org","@graph":[{"@type":"WebPage","@id":"https:\/\/desertcameltours.com\/it\/giro-in-cammello-a-merzouga\/","url":"https:\/\/desertcameltours.com\/it\/giro-in-cammello-a-merzouga\/","name":"Giro in cammello a Merzouga - desert camel tours","isPartOf":{"@id":"https:\/\/desertcameltours.com\/it\/#website"},"datePublished":"2017-07-28T02:24:32+00:00","dateModified":"2023-07-19T23:50:28+00:00","breadcrumb":{"@id":"https:\/\/desertcameltours.com\/it\/giro-in-cammello-a-merzouga\/#breadcrumb"},"inLanguage":"en-US","potentialAction":[{"@type":"ReadAction","target":["https:\/\/desertcameltours.com\/it\/giro-in-cammello-a-merzouga\/"]}]},{"@type":"BreadcrumbList","@id":"https:\/\/desertcameltours.com\/it\/giro-in-cammello-a-merzouga\/#breadcrumb","itemListElement":[{"@type":"ListItem","position":1,"name":"Home","item":"https:\/\/desertcameltours.com\/it\/"},{"@type":"ListItem","position":2,"name":"Giro in cammello a Merzouga"}]},{"@type":"WebSite","@id":"https:\/\/desertcameltours.com\/it\/#website","url":"https:\/\/desertcameltours.com\/it\/","name":"desert camel tours","description":"desert camel tours","potentialAction":[{"@type":"SearchAction","target":{"@type":"EntryPoint","urlTemplate":"https:\/\/desertcameltours.com\/it\/?s={search_term_string}"},"query-input":"required name=search_term_string"}],"inLanguage":"en-US"}]}},"_links":{"self":[{"href":"https:\/\/desertcameltours.com\/it\/wp-json\/wp\/v2\/pages\/343"}],"collection":[{"href":"https:\/\/desertcameltours.com\/it\/wp-json\/wp\/v2\/pages"}],"about":[{"href":"https:\/\/desertcameltours.com\/it\/wp-json\/wp\/v2\/types\/page"}],"author":[{"embeddable":true,"href":"https:\/\/desertcameltours.com\/it\/wp-json\/wp\/v2\/users\/1"}],"replies":[{"embeddable":true,"href":"https:\/\/desertcameltours.com\/it\/wp-json\/wp\/v2\/comments?post=343"}],"version-history":[{"count":14,"href":"https:\/\/desertcameltours.com\/it\/wp-json\/wp\/v2\/pages\/343\/revisions"}],"predecessor-version":[{"id":1237,"href":"https:\/\/desertcameltours.com\/it\/wp-json\/wp\/v2\/pages\/343\/revisions\/1237"}],"wp:attachment":[{"href":"https:\/\/desertcameltours.com\/it\/wp-json\/wp\/v2\/media?parent=343"}],"curies":[{"name":"wp","href":"https:\/\/api.w.org\/{rel}","templated":true}]}}