{"id":280,"date":"2017-07-24T02:43:10","date_gmt":"2017-07-24T00:43:10","guid":{"rendered":"http:\/\/desertcameltours.com\/?page_id=280"},"modified":"2023-07-20T01:53:26","modified_gmt":"2023-07-19T23:53:26","slug":"gita-di-un-giorno-nella-valle-dellourika","status":"publish","type":"page","link":"https:\/\/desertcameltours.com\/it\/gita-di-un-giorno-nella-valle-dellourika\/","title":{"rendered":"Gita di un giorno nella Valle dell&#8217;Ourika"},"content":{"rendered":"<div class=\"pbs-col\" style=\"justify-content: center;\">[masterslider id=&#8221;7&#8243;]<\/div>\n<div>&nbsp;<\/div>\n<div>\n<p>Partecipate a un tour privato della valle dell&#8217;Ourika e godetevi il trattamento VIP. Con il vostro autista-guida personale, completamente qualificato e accreditato, scoprirete la Valle dell&#8217;Ourika nel miglior modo possibile. Questa \u00e8 la vostra occasione per scoprire il fascino delle montagne dell&#8217;Atlante e della Valle dell&#8217;Ourika con l&#8217;affascinante villaggio berbero, dove offrono un superbo trekking e una meravigliosa tregua dalla follia, dal calore e dal rumore di Marrakech. \u00c8 sempre possibile scegliere il proprio programma che soddisfer\u00e0 le vostre aspettative.<br \/>\nLe nostre auto e i nostri furgoni sono pronti a servirvi con autisti speciali che conoscono molto bene la regione.<\/p>\n<p>Destinazione: Valle dell&#8217;Ourika<br \/>\nOrario di raccolta: 9:00<br \/>\nDurata: 9 ore<br \/>\nAbbigliamento: Abbigliamento comodo, scarpe da trekking, cappello, giacca e crema solare.<\/p>\n<h4>Informazioni:<\/h4>\n<h4>Punti salienti:<\/h4>\n<p>&#8211; Scoprire gli splendidi paesaggi della valle di Ourika, alloggiati nel cuore del Grande Atlante.<br \/>\n&#8211; Visita al mercato berbero (giorni di mercato: luned\u00ec e venerd\u00ec).<br \/>\n&#8211; Visita e pausa del t\u00e8 in una casa locale.<br \/>\n&#8211; Visita a una cooperativa di produzione di olio di argan e a giardini bioaromatici.<br \/>\n&#8211; Visita alle sette cascate di Setti Fatma con la guida alpina.<br \/>\n&#8211; Rilassarsi e pranzare nella lussureggiante Valle dell&#8217;Ourika<\/p>\n<p>Esplorate la splendida Valle dell&#8217;Ourika, incastonata nelle montagne dell&#8217;Atlante. Fate un&#8217;escursione sulle scogliere a valle delle montagne e scoprite la ricchezza delle tradizioni berbere. Situata nel cuore del grande Atlante, la Valle dell&#8217;Ourika \u00e8 considerata una delle pi\u00f9 belle valli del regno con il suo ricco passato, la sua cultura, il suo artigianato e la sua cucina, oltre a paesaggi di vari colori.<\/p>\n<p>A solo un&#8217;ora da Marrakech, avrete l&#8217;opportunit\u00e0 di scoprire gli splendidi e affascinanti paesaggi delle montagne dell&#8217;Atlante. \u00c8 la destinazione perfetta per chi cerca l&#8217;avventura marocchina, il relax e la meditazione, offrendo la possibilit\u00e0 di staccare completamente dalla vita moderna.<\/p>\n<p>L&#8217;escursione a piedi \u00e8 ideale per chi vuole vedere lo splendore delle montagne dell&#8217;Alto Atlante senza fare trekking fino alla cima. Il vostro trekking inizia a Setti Fatma, dove camminerete per 1 ora fino al cuore della Valle dell&#8217;Ourika.<\/p>\n<p>Non esitate, se desiderate godere di uno stile di vita tradizionale di montagna e ammirare una natura abbagliante, Ourika \u00e8 un luogo che vi si addice perfettamente.<\/p>\n<h4>Cosa \u00e8 incluso:<\/h4>\n<p>&#8211; Partenza dal vostro hotel o Riad in un veicolo privato, con autista parlante inglese.<br \/>\n&#8211; Trasporto<br \/>\nCosa non \u00e8 incluso:<br \/>\n&#8211; Guida facoltativa: 2 euro a persona.<br \/>\n&#8211; Pranzo tra 2 e 10 euro e bevande<br \/>\n&#8211; visita del giardino botanico Nectarome 5 euro a persona<br \/>\n&#8211; Attivit\u00e0 facoltative (giro in cammello&#8230;)<br \/>\n&#8211; Spese personali<br \/>\nItinerari :<\/p>\n<\/div>\n<div class=\"pbs-row\" style=\"min-height: 200px;\">\n<div class=\"pbs-col\" style=\"flex-basis: 50%; justify-content: center;\">\n<h4>&nbsp;<\/h4>\n<p><iframe loading=\"lazy\" style=\"border: 0;\" src=\"https:\/\/www.google.com\/maps\/embed?pb=!1m24!1m8!1m3!1d218404.71543234037!2d-7.795636000000001!3d31.204832000000003!3m2!1i1024!2i768!4f13.1!4m13!3e0!4m5!1s0xdafee8d96179e51%3A0x5950b6534f87adb8!2sMarrakech%2C+Maroc!3m2!1d31.6294723!2d-7.9810845!4m5!1s0xdbaaab6b05d0815%3A0x556f012f4bca4dc1!2sOued+Ourika!3m2!1d31.4485694!2d-7.768150299999999!5e0!3m2!1sfr!2sus!4v1499480938922\" width=\"100%\" height=\"600px\" frameborder=\"0\" allowfullscreen=\"allowfullscreen\"><\/iframe><\/p>\n<\/div>\n<div class=\"pbs-col\" style=\"flex-basis: 50%; justify-content: center;\">\n<h4>Booked this tour :<\/h4>\n\n<div class=\"wpcf7 no-js\" id=\"wpcf7-f673-o1\" lang=\"en-US\" dir=\"ltr\">\n<div class=\"screen-reader-response\"><p role=\"status\" aria-live=\"polite\" aria-atomic=\"true\"><\/p> <ul><\/ul><\/div>\n<form action=\"\/it\/wp-json\/wp\/v2\/pages\/280#wpcf7-f673-o1\" method=\"post\" class=\"wpcf7-form init\" aria-label=\"Contact form\" novalidate=\"novalidate\" data-status=\"init\">\n<div style=\"display: none;\">\n<input type=\"hidden\" name=\"_wpcf7\" value=\"673\" \/>\n<input type=\"hidden\" name=\"_wpcf7_version\" value=\"5.7.7\" \/>\n<input type=\"hidden\" name=\"_wpcf7_locale\" value=\"en_US\" \/>\n<input type=\"hidden\" name=\"_wpcf7_unit_tag\" value=\"wpcf7-f673-o1\" \/>\n<input type=\"hidden\" name=\"_wpcf7_container_post\" value=\"0\" \/>\n<input type=\"hidden\" name=\"_wpcf7_posted_data_hash\" value=\"\" \/>\n<\/div>\n<p><label> Your Name (required)<br \/>\n<span class=\"wpcf7-form-control-wrap\" data-name=\"your-name\"><input size=\"40\" class=\"wpcf7-form-control wpcf7-text wpcf7-validates-as-required\" aria-required=\"true\" aria-invalid=\"false\" value=\"\" type=\"text\" name=\"your-name\" \/><\/span> <\/label>\n<\/p>\n<p><label> Your Email (required)<br \/>\n<span class=\"wpcf7-form-control-wrap\" data-name=\"your-email\"><input size=\"40\" class=\"wpcf7-form-control wpcf7-text wpcf7-email wpcf7-validates-as-required wpcf7-validates-as-email\" aria-required=\"true\" aria-invalid=\"false\" value=\"\" type=\"email\" name=\"your-email\" \/><\/span> <\/label>\n<\/p>\n<p><label> Subject<br \/>\n<span class=\"wpcf7-form-control-wrap\" data-name=\"your-subject\"><input size=\"40\" class=\"wpcf7-form-control wpcf7-text\" aria-invalid=\"false\" value=\"\" type=\"text\" name=\"your-subject\" \/><\/span> <\/label>\n<\/p>\n<p><label> Your Message<br \/>\n<span class=\"wpcf7-form-control-wrap\" data-name=\"your-message\"><textarea cols=\"40\" rows=\"10\" class=\"wpcf7-form-control wpcf7-textarea\" aria-invalid=\"false\" name=\"your-message\"><\/textarea><\/span> <\/label>\n<\/p>\n<p><input class=\"wpcf7-form-control has-spinner wpcf7-submit\" type=\"submit\" value=\"Send\" \/>\n<\/p><div class=\"wpcf7-response-output\" aria-hidden=\"true\"><\/div>\n<\/form>\n<\/div>\n\n<\/div>\n<\/div>\n","protected":false},"excerpt":{"rendered":"<p>[masterslider id=&#8221;7&#8243;] &nbsp; Partecipate a un tour privato della valle dell&#8217;Ourika e godetevi il trattamento VIP. Con il vostro autista-guida personale, completamente qualificato e accreditato, scoprirete<span class=\"excerpt-hellip\"> [\u2026]<\/span><\/p>\n","protected":false},"author":1,"featured_media":0,"parent":0,"menu_order":0,"comment_status":"closed","ping_status":"closed","template":"","meta":{"ngg_post_thumbnail":0},"yoast_head":"<!-- This site is optimized with the Yoast SEO plugin v20.11 - https:\/\/yoast.com\/wordpress\/plugins\/seo\/ -->\n<title>Gita di un giorno nella Valle dell&#039;Ourika - desert camel tours<\/title>\n<meta name=\"robots\" content=\"index, follow, max-snippet:-1, max-image-preview:large, max-video-preview:-1\" \/>\n<link rel=\"canonical\" href=\"https:\/\/desertcameltours.com\/it\/gita-di-un-giorno-nella-valle-dellourika\/\" \/>\n<meta property=\"og:locale\" content=\"en_US\" \/>\n<meta property=\"og:type\" content=\"article\" \/>\n<meta property=\"og:title\" content=\"Gita di un giorno nella Valle dell&#039;Ourika - desert camel tours\" \/>\n<meta property=\"og:description\" content=\"[masterslider id=&#8221;7&#8243;] &nbsp; Partecipate a un tour privato della valle dell&#8217;Ourika e godetevi il trattamento VIP. Con il vostro autista-guida personale, completamente qualificato e accreditato, scoprirete [\u2026]\" \/>\n<meta property=\"og:url\" content=\"https:\/\/desertcameltours.com\/it\/gita-di-un-giorno-nella-valle-dellourika\/\" \/>\n<meta property=\"og:site_name\" content=\"desert camel tours\" \/>\n<meta property=\"article:modified_time\" content=\"2023-07-19T23:53:26+00:00\" \/>\n<meta name=\"twitter:card\" content=\"summary_large_image\" \/>\n<meta name=\"twitter:label1\" content=\"Est. reading time\" \/>\n\t<meta name=\"twitter:data1\" content=\"2 minutes\" \/>\n<script type=\"application\/ld+json\" class=\"yoast-schema-graph\">{\"@context\":\"https:\/\/schema.org\",\"@graph\":[{\"@type\":\"WebPage\",\"@id\":\"https:\/\/desertcameltours.com\/it\/gita-di-un-giorno-nella-valle-dellourika\/\",\"url\":\"https:\/\/desertcameltours.com\/it\/gita-di-un-giorno-nella-valle-dellourika\/\",\"name\":\"Gita di un giorno nella Valle dell'Ourika - desert camel tours\",\"isPartOf\":{\"@id\":\"https:\/\/desertcameltours.com\/it\/#website\"},\"datePublished\":\"2017-07-24T00:43:10+00:00\",\"dateModified\":\"2023-07-19T23:53:26+00:00\",\"breadcrumb\":{\"@id\":\"https:\/\/desertcameltours.com\/it\/gita-di-un-giorno-nella-valle-dellourika\/#breadcrumb\"},\"inLanguage\":\"en-US\",\"potentialAction\":[{\"@type\":\"ReadAction\",\"target\":[\"https:\/\/desertcameltours.com\/it\/gita-di-un-giorno-nella-valle-dellourika\/\"]}]},{\"@type\":\"BreadcrumbList\",\"@id\":\"https:\/\/desertcameltours.com\/it\/gita-di-un-giorno-nella-valle-dellourika\/#breadcrumb\",\"itemListElement\":[{\"@type\":\"ListItem\",\"position\":1,\"name\":\"Home\",\"item\":\"https:\/\/desertcameltours.com\/it\/\"},{\"@type\":\"ListItem\",\"position\":2,\"name\":\"Gita di un giorno nella Valle dell&#8217;Ourika\"}]},{\"@type\":\"WebSite\",\"@id\":\"https:\/\/desertcameltours.com\/it\/#website\",\"url\":\"https:\/\/desertcameltours.com\/it\/\",\"name\":\"desert camel tours\",\"description\":\"desert camel tours\",\"potentialAction\":[{\"@type\":\"SearchAction\",\"target\":{\"@type\":\"EntryPoint\",\"urlTemplate\":\"https:\/\/desertcameltours.com\/it\/?s={search_term_string}\"},\"query-input\":\"required name=search_term_string\"}],\"inLanguage\":\"en-US\"}]}<\/script>\n<!-- \/ Yoast SEO plugin. -->","yoast_head_json":{"title":"Gita di un giorno nella Valle dell'Ourika - desert camel tours","robots":{"index":"index","follow":"follow","max-snippet":"max-snippet:-1","max-image-preview":"max-image-preview:large","max-video-preview":"max-video-preview:-1"},"canonical":"https:\/\/desertcameltours.com\/it\/gita-di-un-giorno-nella-valle-dellourika\/","og_locale":"en_US","og_type":"article","og_title":"Gita di un giorno nella Valle dell'Ourika - desert camel tours","og_description":"[masterslider id=&#8221;7&#8243;] &nbsp; Partecipate a un tour privato della valle dell&#8217;Ourika e godetevi il trattamento VIP. Con il vostro autista-guida personale, completamente qualificato e accreditato, scoprirete [\u2026]","og_url":"https:\/\/desertcameltours.com\/it\/gita-di-un-giorno-nella-valle-dellourika\/","og_site_name":"desert camel tours","article_modified_time":"2023-07-19T23:53:26+00:00","twitter_card":"summary_large_image","twitter_misc":{"Est. reading time":"2 minutes"},"schema":{"@context":"https:\/\/schema.org","@graph":[{"@type":"WebPage","@id":"https:\/\/desertcameltours.com\/it\/gita-di-un-giorno-nella-valle-dellourika\/","url":"https:\/\/desertcameltours.com\/it\/gita-di-un-giorno-nella-valle-dellourika\/","name":"Gita di un giorno nella Valle dell'Ourika - desert camel tours","isPartOf":{"@id":"https:\/\/desertcameltours.com\/it\/#website"},"datePublished":"2017-07-24T00:43:10+00:00","dateModified":"2023-07-19T23:53:26+00:00","breadcrumb":{"@id":"https:\/\/desertcameltours.com\/it\/gita-di-un-giorno-nella-valle-dellourika\/#breadcrumb"},"inLanguage":"en-US","potentialAction":[{"@type":"ReadAction","target":["https:\/\/desertcameltours.com\/it\/gita-di-un-giorno-nella-valle-dellourika\/"]}]},{"@type":"BreadcrumbList","@id":"https:\/\/desertcameltours.com\/it\/gita-di-un-giorno-nella-valle-dellourika\/#breadcrumb","itemListElement":[{"@type":"ListItem","position":1,"name":"Home","item":"https:\/\/desertcameltours.com\/it\/"},{"@type":"ListItem","position":2,"name":"Gita di un giorno nella Valle dell&#8217;Ourika"}]},{"@type":"WebSite","@id":"https:\/\/desertcameltours.com\/it\/#website","url":"https:\/\/desertcameltours.com\/it\/","name":"desert camel tours","description":"desert camel tours","potentialAction":[{"@type":"SearchAction","target":{"@type":"EntryPoint","urlTemplate":"https:\/\/desertcameltours.com\/it\/?s={search_term_string}"},"query-input":"required name=search_term_string"}],"inLanguage":"en-US"}]}},"_links":{"self":[{"href":"https:\/\/desertcameltours.com\/it\/wp-json\/wp\/v2\/pages\/280"}],"collection":[{"href":"https:\/\/desertcameltours.com\/it\/wp-json\/wp\/v2\/pages"}],"about":[{"href":"https:\/\/desertcameltours.com\/it\/wp-json\/wp\/v2\/types\/page"}],"author":[{"embeddable":true,"href":"https:\/\/desertcameltours.com\/it\/wp-json\/wp\/v2\/users\/1"}],"replies":[{"embeddable":true,"href":"https:\/\/desertcameltours.com\/it\/wp-json\/wp\/v2\/comments?post=280"}],"version-history":[{"count":9,"href":"https:\/\/desertcameltours.com\/it\/wp-json\/wp\/v2\/pages\/280\/revisions"}],"predecessor-version":[{"id":1242,"href":"https:\/\/desertcameltours.com\/it\/wp-json\/wp\/v2\/pages\/280\/revisions\/1242"}],"wp:attachment":[{"href":"https:\/\/desertcameltours.com\/it\/wp-json\/wp\/v2\/media?parent=280"}],"curies":[{"name":"wp","href":"https:\/\/api.w.org\/{rel}","templated":true}]}}