{"id":1179,"date":"2023-07-16T21:03:14","date_gmt":"2023-07-16T19:03:14","guid":{"rendered":"https:\/\/desertcameltours.com\/it\/?page_id=1179"},"modified":"2024-10-26T12:27:10","modified_gmt":"2024-10-26T10:27:10","slug":"inizio","status":"publish","type":"page","link":"https:\/\/desertcameltours.com\/it\/","title":{"rendered":"Inizio"},"content":{"rendered":"<p style=\"text-align: center;\">Desert Camel Tours nasce nel nuovo secolo con l&#8217;idea di proporre un concetto diverso di servizi legati al settore turistico in Marocco. Vi invitiamo a godervi gli itinerari della compagnia Desert Camel Tours che uniscono l&#8217;autenticit\u00e0 all&#8217;esplorazione, offrendo le nostre eccellenti visite guidate in tutto il Paese. Disponiamo di professionisti altamente qualificati, con oltre quindici anni di esperienza, che offrono comfort e sicurezza. Offriamo anche diverse visite guidate qualificate da qualsiasi luogo e al servizio dei clienti che scelgono il Marocco come meta delle loro vacanze, e per garantire che i nostri clienti abbiano un viaggio indimenticabile. Siamo un&#8217;azienda locale con molta esperienza nei viaggi in Marocco. Offriamo tour in Marocco per tutti i gusti: tour delle citt\u00e0 imperiali, tour culturali e del patrimonio, tour privati, tour rilassati e romantici, viaggi VIP, viaggi nel deserto del Sahara, escursioni da Marrakech a Essaouira, montagne dell&#8217;Atlante, kasbah e valli, viaggi d&#8217;avventura in jeep a quattro ruote motrici, viaggi di lusso e specializzati, e molto altro ancora! Dedicate un po&#8217; di tempo alla navigazione sul nostro sito web, dove troverete molte opzioni e programmi, che possono essere modificati e personalizzati per adattarsi al vostro budget e al vostro periodo di tempo, se necessario. Non esitate a contattarci per avere maggiori informazioni sui programmi. Scoprite con noi i luoghi pi\u00f9 emblematici del Marocco.<\/p>\n<p style=\"text-align: center;\">In Desert Camel Tours otterremo sempre la migliore versione dei vostri desideri, sostenendo la qualit\u00e0 e il comfort offerti dal nostro paese e mantenendo sempre l&#8217;identit\u00e0 del nostro carattere, otteniamo l&#8217;equilibrio perfetto per offrire i nostri migliori servizi. Formeremo una grande squadra con lo scopo di accompagnarvi nella destinazione da voi scelta.<\/p>\n<p style=\"text-align: center;\">Se lo desiderate, la vostra avventura sar\u00e0 unica, avrete nelle vostre mani la possibilit\u00e0 di organizzare il vostro itinerario, consigliandovi in ogni momento di lavorare sul percorso che pi\u00f9 vi aggrada. Ace otterr\u00e0 il prodotto che garantisce la massima professionalit\u00e0 per rispettare l&#8217;esotismo che il Marocco vi offre.<\/p>\n","protected":false},"excerpt":{"rendered":"<p>Desert Camel Tours nasce nel nuovo secolo con l&#8217;idea di proporre un concetto diverso di servizi legati al settore turistico in Marocco. Vi invitiamo a godervi<span class=\"excerpt-hellip\"> [\u2026]<\/span><\/p>\n","protected":false},"author":1,"featured_media":0,"parent":0,"menu_order":0,"comment_status":"closed","ping_status":"closed","template":"","meta":{"ngg_post_thumbnail":0},"yoast_head":"<!-- This site is optimized with the Yoast SEO plugin v20.11 - https:\/\/yoast.com\/wordpress\/plugins\/seo\/ -->\n<title>Inizio - desert camel tours<\/title>\n<meta name=\"robots\" content=\"index, follow, max-snippet:-1, max-image-preview:large, max-video-preview:-1\" \/>\n<link rel=\"canonical\" href=\"https:\/\/desertcameltours.com\/it\/\" \/>\n<meta property=\"og:locale\" content=\"en_US\" \/>\n<meta property=\"og:type\" content=\"article\" \/>\n<meta property=\"og:title\" content=\"Inizio - desert camel tours\" \/>\n<meta property=\"og:description\" content=\"Desert Camel Tours nasce nel nuovo secolo con l&#8217;idea di proporre un concetto diverso di servizi legati al settore turistico in Marocco. Vi invitiamo a godervi [\u2026]\" \/>\n<meta property=\"og:url\" content=\"https:\/\/desertcameltours.com\/it\/\" \/>\n<meta property=\"og:site_name\" content=\"desert camel tours\" \/>\n<meta property=\"article:modified_time\" content=\"2024-10-26T10:27:10+00:00\" \/>\n<meta name=\"twitter:card\" content=\"summary_large_image\" \/>\n<meta name=\"twitter:label1\" content=\"Est. reading time\" \/>\n\t<meta name=\"twitter:data1\" content=\"2 minutes\" \/>\n<script type=\"application\/ld+json\" class=\"yoast-schema-graph\">{\"@context\":\"https:\/\/schema.org\",\"@graph\":[{\"@type\":\"WebPage\",\"@id\":\"https:\/\/desertcameltours.com\/it\/\",\"url\":\"https:\/\/desertcameltours.com\/it\/\",\"name\":\"Inizio - desert camel tours\",\"isPartOf\":{\"@id\":\"https:\/\/desertcameltours.com\/it\/#website\"},\"datePublished\":\"2023-07-16T19:03:14+00:00\",\"dateModified\":\"2024-10-26T10:27:10+00:00\",\"breadcrumb\":{\"@id\":\"https:\/\/desertcameltours.com\/it\/#breadcrumb\"},\"inLanguage\":\"en-US\",\"potentialAction\":[{\"@type\":\"ReadAction\",\"target\":[\"https:\/\/desertcameltours.com\/it\/\"]}]},{\"@type\":\"BreadcrumbList\",\"@id\":\"https:\/\/desertcameltours.com\/it\/#breadcrumb\",\"itemListElement\":[{\"@type\":\"ListItem\",\"position\":1,\"name\":\"Home\",\"item\":\"https:\/\/desertcameltours.com\/it\/\"},{\"@type\":\"ListItem\",\"position\":2,\"name\":\"Inizio\"}]},{\"@type\":\"WebSite\",\"@id\":\"https:\/\/desertcameltours.com\/it\/#website\",\"url\":\"https:\/\/desertcameltours.com\/it\/\",\"name\":\"desert camel tours\",\"description\":\"desert camel tours\",\"potentialAction\":[{\"@type\":\"SearchAction\",\"target\":{\"@type\":\"EntryPoint\",\"urlTemplate\":\"https:\/\/desertcameltours.com\/it\/?s={search_term_string}\"},\"query-input\":\"required name=search_term_string\"}],\"inLanguage\":\"en-US\"}]}<\/script>\n<!-- \/ Yoast SEO plugin. -->","yoast_head_json":{"title":"Inizio - desert camel tours","robots":{"index":"index","follow":"follow","max-snippet":"max-snippet:-1","max-image-preview":"max-image-preview:large","max-video-preview":"max-video-preview:-1"},"canonical":"https:\/\/desertcameltours.com\/it\/","og_locale":"en_US","og_type":"article","og_title":"Inizio - desert camel tours","og_description":"Desert Camel Tours nasce nel nuovo secolo con l&#8217;idea di proporre un concetto diverso di servizi legati al settore turistico in Marocco. Vi invitiamo a godervi [\u2026]","og_url":"https:\/\/desertcameltours.com\/it\/","og_site_name":"desert camel tours","article_modified_time":"2024-10-26T10:27:10+00:00","twitter_card":"summary_large_image","twitter_misc":{"Est. reading time":"2 minutes"},"schema":{"@context":"https:\/\/schema.org","@graph":[{"@type":"WebPage","@id":"https:\/\/desertcameltours.com\/it\/","url":"https:\/\/desertcameltours.com\/it\/","name":"Inizio - desert camel tours","isPartOf":{"@id":"https:\/\/desertcameltours.com\/it\/#website"},"datePublished":"2023-07-16T19:03:14+00:00","dateModified":"2024-10-26T10:27:10+00:00","breadcrumb":{"@id":"https:\/\/desertcameltours.com\/it\/#breadcrumb"},"inLanguage":"en-US","potentialAction":[{"@type":"ReadAction","target":["https:\/\/desertcameltours.com\/it\/"]}]},{"@type":"BreadcrumbList","@id":"https:\/\/desertcameltours.com\/it\/#breadcrumb","itemListElement":[{"@type":"ListItem","position":1,"name":"Home","item":"https:\/\/desertcameltours.com\/it\/"},{"@type":"ListItem","position":2,"name":"Inizio"}]},{"@type":"WebSite","@id":"https:\/\/desertcameltours.com\/it\/#website","url":"https:\/\/desertcameltours.com\/it\/","name":"desert camel tours","description":"desert camel tours","potentialAction":[{"@type":"SearchAction","target":{"@type":"EntryPoint","urlTemplate":"https:\/\/desertcameltours.com\/it\/?s={search_term_string}"},"query-input":"required name=search_term_string"}],"inLanguage":"en-US"}]}},"_links":{"self":[{"href":"https:\/\/desertcameltours.com\/it\/wp-json\/wp\/v2\/pages\/1179"}],"collection":[{"href":"https:\/\/desertcameltours.com\/it\/wp-json\/wp\/v2\/pages"}],"about":[{"href":"https:\/\/desertcameltours.com\/it\/wp-json\/wp\/v2\/types\/page"}],"author":[{"embeddable":true,"href":"https:\/\/desertcameltours.com\/it\/wp-json\/wp\/v2\/users\/1"}],"replies":[{"embeddable":true,"href":"https:\/\/desertcameltours.com\/it\/wp-json\/wp\/v2\/comments?post=1179"}],"version-history":[{"count":1,"href":"https:\/\/desertcameltours.com\/it\/wp-json\/wp\/v2\/pages\/1179\/revisions"}],"predecessor-version":[{"id":1180,"href":"https:\/\/desertcameltours.com\/it\/wp-json\/wp\/v2\/pages\/1179\/revisions\/1180"}],"wp:attachment":[{"href":"https:\/\/desertcameltours.com\/it\/wp-json\/wp\/v2\/media?parent=1179"}],"curies":[{"name":"wp","href":"https:\/\/api.w.org\/{rel}","templated":true}]}}