{"id":863,"date":"2015-02-09T07:58:47","date_gmt":"2015-02-09T07:58:47","guid":{"rendered":"http:\/\/themes.muffingroup.com\/be\/hotel\/?page_id=2"},"modified":"2024-10-26T10:26:59","modified_gmt":"2024-10-26T10:26:59","slug":"inicio","status":"publish","type":"page","link":"https:\/\/desertcameltours.com\/es\/","title":{"rendered":"Inicio"},"content":{"rendered":"<div class=\"pbs-main-wrapper\"><p style=\"text-align: center;\">Desert Camel Tours se crea en el nuevo siglo con la idea de proponer un concepto diferente de servicios relacionados con el sector tur\u00edstico en Marruecos. Te invitamos a disfrutar de los itinerarios de Desert Camel Tours Company que unen la autenticidad con la exploraci\u00f3n ofreciendo nuestras excelentes visitas guiadas por todo el pa\u00eds. Contamos con profesionales altamente cualificados, con m\u00e1s de quince a\u00f1os de experiencia ofreciendo comodidad y seguridad. Adem\u00e1s ofrecemos diferentes tours guiados cualificados desde cualquier lugar y sirviendo a los clientes que eligen Marruecos como destino de vacaciones, y para asegurar que nuestros clientes tengan un viaje inolvidable. Somos una empresa local con mucha experiencia en viajar a Marruecos. Ofrecemos tours a Marruecos para todos los gustos: tours de las ciudades imperiales, tours culturales y patrimoniales, tours privados, tours relajados y rom\u00e1nticos, viajes VIP, viajes al desierto del Sahara, excursiones de Marrakech a Essaouira, monta\u00f1as del Atlas, kasbahs y valles, Viajes de aventura en jeeps de cuatro ruedas motrices, viajes de lujo y especializados, y mucho m\u00e1s! Pasar un tiempo navegando por nuestro sitio web donde encontrar\u00e1 muchas opciones y programas, estos pueden ser alterados y personalizados para adaptarse a su presupuesto y margen de tiempo, si es necesario. Por favor, no dude en ponerse en contacto con nosotros para obtener m\u00e1s informaci\u00f3n sobre los programas. Descubre con nosotros los lugares m\u00e1s emblem\u00e1ticos de Marruecos.<\/p>\n<p style=\"text-align: center;\">En Desert Camel Tours siempre obtendremos la mejor versi\u00f3n de sus deseos, abogando por la calidad y el confort que ofrece nuestro pa\u00eds y siempre manteniendo la identidad de nuestro personaje, conseguimos el equilibrio perfecto para ofrecer nuestros mejores servicios. Formaremos un gran equipo con el prop\u00f3sito de acompa\u00f1arle en su destino elegido.<\/p>\n<p style=\"text-align: center;\">Si lo desea, su aventura ser\u00e1 \u00fanica, tendr\u00e1 en sus manos la oportunidad de organizar su propio itinerario, asesor\u00e1ndole en cada momento para trabajar en la ruta que m\u00e1s le convenga. Ace obtendremos el producto que garantiza la m\u00e1xima profesionalidad para cumplir con el exotismo que Marruecos te ofrece.<\/p>\n<\/div>","protected":false},"excerpt":{"rendered":"<p>Desert Camel Tours se crea en el nuevo siglo con la idea de proponer un concepto diferente de servicios relacionados con el sector tur\u00edstico en Marruecos.<span class=\"excerpt-hellip\"> [\u2026]<\/span><\/p>\n","protected":false},"author":1,"featured_media":0,"parent":0,"menu_order":0,"comment_status":"open","ping_status":"closed","template":"","meta":{"ngg_post_thumbnail":0},"aioseo_notices":[],"yoast_head":"<!-- This site is optimized with the Yoast SEO plugin v20.8 - https:\/\/yoast.com\/wordpress\/plugins\/seo\/ -->\n<title>Inicio - Desert Camel Tours<\/title>\n<meta name=\"robots\" content=\"index, follow, max-snippet:-1, max-image-preview:large, max-video-preview:-1\" \/>\n<link rel=\"canonical\" href=\"https:\/\/desertcameltours.com\/es\/\" \/>\n<meta property=\"og:locale\" content=\"en_US\" \/>\n<meta property=\"og:type\" content=\"article\" \/>\n<meta property=\"og:title\" content=\"Inicio - Desert Camel Tours\" \/>\n<meta property=\"og:description\" content=\"Desert Camel Tours se crea en el nuevo siglo con la idea de proponer un concepto diferente de servicios relacionados con el sector tur\u00edstico en Marruecos. [\u2026]\" \/>\n<meta property=\"og:url\" content=\"https:\/\/desertcameltours.com\/es\/\" \/>\n<meta property=\"og:site_name\" content=\"Desert Camel Tours\" \/>\n<meta property=\"article:modified_time\" content=\"2024-10-26T10:26:59+00:00\" \/>\n<meta name=\"twitter:card\" content=\"summary_large_image\" \/>\n<meta name=\"twitter:label1\" content=\"Est. reading time\" \/>\n\t<meta name=\"twitter:data1\" content=\"2 minutes\" \/>\n<script type=\"application\/ld+json\" class=\"yoast-schema-graph\">{\"@context\":\"https:\/\/schema.org\",\"@graph\":[{\"@type\":\"WebPage\",\"@id\":\"https:\/\/desertcameltours.com\/es\/\",\"url\":\"https:\/\/desertcameltours.com\/es\/\",\"name\":\"Inicio - Desert Camel Tours\",\"isPartOf\":{\"@id\":\"https:\/\/desertcameltours.com\/es\/#website\"},\"datePublished\":\"2015-02-09T07:58:47+00:00\",\"dateModified\":\"2024-10-26T10:26:59+00:00\",\"breadcrumb\":{\"@id\":\"https:\/\/desertcameltours.com\/es\/#breadcrumb\"},\"inLanguage\":\"en-US\",\"potentialAction\":[{\"@type\":\"ReadAction\",\"target\":[\"https:\/\/desertcameltours.com\/es\/\"]}]},{\"@type\":\"BreadcrumbList\",\"@id\":\"https:\/\/desertcameltours.com\/es\/#breadcrumb\",\"itemListElement\":[{\"@type\":\"ListItem\",\"position\":1,\"name\":\"Home\",\"item\":\"https:\/\/desertcameltours.com\/es\/\"},{\"@type\":\"ListItem\",\"position\":2,\"name\":\"Inicio\"}]},{\"@type\":\"WebSite\",\"@id\":\"https:\/\/desertcameltours.com\/es\/#website\",\"url\":\"https:\/\/desertcameltours.com\/es\/\",\"name\":\"Desert Camel Tours\",\"description\":\"desert camel tours\",\"potentialAction\":[{\"@type\":\"SearchAction\",\"target\":{\"@type\":\"EntryPoint\",\"urlTemplate\":\"https:\/\/desertcameltours.com\/es\/?s={search_term_string}\"},\"query-input\":\"required name=search_term_string\"}],\"inLanguage\":\"en-US\"}]}<\/script>\n<!-- \/ Yoast SEO plugin. -->","yoast_head_json":{"title":"Inicio - Desert Camel Tours","robots":{"index":"index","follow":"follow","max-snippet":"max-snippet:-1","max-image-preview":"max-image-preview:large","max-video-preview":"max-video-preview:-1"},"canonical":"https:\/\/desertcameltours.com\/es\/","og_locale":"en_US","og_type":"article","og_title":"Inicio - Desert Camel Tours","og_description":"Desert Camel Tours se crea en el nuevo siglo con la idea de proponer un concepto diferente de servicios relacionados con el sector tur\u00edstico en Marruecos. [\u2026]","og_url":"https:\/\/desertcameltours.com\/es\/","og_site_name":"Desert Camel Tours","article_modified_time":"2024-10-26T10:26:59+00:00","twitter_card":"summary_large_image","twitter_misc":{"Est. reading time":"2 minutes"},"schema":{"@context":"https:\/\/schema.org","@graph":[{"@type":"WebPage","@id":"https:\/\/desertcameltours.com\/es\/","url":"https:\/\/desertcameltours.com\/es\/","name":"Inicio - Desert Camel Tours","isPartOf":{"@id":"https:\/\/desertcameltours.com\/es\/#website"},"datePublished":"2015-02-09T07:58:47+00:00","dateModified":"2024-10-26T10:26:59+00:00","breadcrumb":{"@id":"https:\/\/desertcameltours.com\/es\/#breadcrumb"},"inLanguage":"en-US","potentialAction":[{"@type":"ReadAction","target":["https:\/\/desertcameltours.com\/es\/"]}]},{"@type":"BreadcrumbList","@id":"https:\/\/desertcameltours.com\/es\/#breadcrumb","itemListElement":[{"@type":"ListItem","position":1,"name":"Home","item":"https:\/\/desertcameltours.com\/es\/"},{"@type":"ListItem","position":2,"name":"Inicio"}]},{"@type":"WebSite","@id":"https:\/\/desertcameltours.com\/es\/#website","url":"https:\/\/desertcameltours.com\/es\/","name":"Desert Camel Tours","description":"desert camel tours","potentialAction":[{"@type":"SearchAction","target":{"@type":"EntryPoint","urlTemplate":"https:\/\/desertcameltours.com\/es\/?s={search_term_string}"},"query-input":"required name=search_term_string"}],"inLanguage":"en-US"}]}},"_links":{"self":[{"href":"https:\/\/desertcameltours.com\/es\/wp-json\/wp\/v2\/pages\/863"}],"collection":[{"href":"https:\/\/desertcameltours.com\/es\/wp-json\/wp\/v2\/pages"}],"about":[{"href":"https:\/\/desertcameltours.com\/es\/wp-json\/wp\/v2\/types\/page"}],"author":[{"embeddable":true,"href":"https:\/\/desertcameltours.com\/es\/wp-json\/wp\/v2\/users\/1"}],"replies":[{"embeddable":true,"href":"https:\/\/desertcameltours.com\/es\/wp-json\/wp\/v2\/comments?post=863"}],"version-history":[{"count":4,"href":"https:\/\/desertcameltours.com\/es\/wp-json\/wp\/v2\/pages\/863\/revisions"}],"predecessor-version":[{"id":922,"href":"https:\/\/desertcameltours.com\/es\/wp-json\/wp\/v2\/pages\/863\/revisions\/922"}],"wp:attachment":[{"href":"https:\/\/desertcameltours.com\/es\/wp-json\/wp\/v2\/media?parent=863"}],"curies":[{"name":"wp","href":"https:\/\/api.w.org\/{rel}","templated":true}]}}