{"id":694,"date":"2017-08-30T02:09:04","date_gmt":"2017-08-30T02:09:04","guid":{"rendered":"http:\/\/desertcameltours.com\/es\/?page_id=694"},"modified":"2022-06-17T17:24:47","modified_gmt":"2022-06-17T17:24:47","slug":"dia-del-valle-de-ourika","status":"publish","type":"page","link":"https:\/\/desertcameltours.com\/es\/dia-del-valle-de-ourika\/","title":{"rendered":"D\u00eda del Valle de Ourika"},"content":{"rendered":"<div class=\"pbs-main-wrapper\"><div class=\"pbs-row\" style=\"min-height: 200px;\">\n<div class=\"pbs-col\" style=\"justify-content: center;\">\n<div data-ce-tag=\"html\" data-html=\"PGJyPjxsZWdlbmQgY2xhc3M9IlNhaWQxIj4gPGltZyBzcmM9Imh0dHA6Ly9kZXNlcnRjYW1lbHRvdXJzLmNvbS93cC1jb250ZW50L3VwbG9hZHMvMjAxNy8wNy9jYW1lbC1pY29uLTEucG5nIiB3aWR0aD0iMTMlIiBoZWlnaHQ9IjEwMHB4IiBzdHlsZT0idmlzaWJpbGl0eTogdmlzaWJsZTsiPkV4Y3Vyc2lvbiBhIFZhbGxlIGRlIE91cmlrYTxpbWcgc3JjPSJodHRwOi8vZGVzZXJ0Y2FtZWx0b3Vycy5jb20vd3AtY29udGVudC91cGxvYWRzLzIwMTcvMDcvY2FtZWwtaWNvbi5wbmciIHdpZHRoPSIxMyUiIGhlaWdodD0iMTAwcHgiIHN0eWxlPSJ2aXNpYmlsaXR5OiB2aXNpYmxlOyI+CjwvbGVnZW5kPg==\"><br><legend class=\"Said1\"> <img src=\"http:\/\/desertcameltours.com\/wp-content\/uploads\/2017\/07\/camel-icon-1.png\" width=\"13%\" height=\"100px\" style=\"visibility: visible;\">Excursion a Valle de Ourika<img src=\"http:\/\/desertcameltours.com\/wp-content\/uploads\/2017\/07\/camel-icon.png\" width=\"13%\" height=\"100px\" style=\"visibility: visible;\">\n<\/legend><\/div>\n<\/div>\n<\/div>\n<p>Tome un tour privado del valle de Ourika y disfrute del tratamiento VIP. Su propio gu\u00eda-conductor, totalmente cualificado y acreditado, descubrir\u00e1 el Valle de Ourika de la mejor manera posible. Esta es su oportunidad para descubrir el glamour de las monta\u00f1as del atlas y el valle de ourika con encanto pueblo bereber donde ofrecen excelente trekking y un respiro maravilloso De la locura, el calor y el ruido de Marrakech. Siempre puede elegir su propio programa que satisfaga sus expectativas.<br \/>\nNuestros coches y nuestros furgonetas est\u00e1n listos para darle servicio con conductores especiales que conocen muy bien la regi\u00f3n.<\/p>\n<p><strong>Pa\u00eds de destino<\/strong>: Valle de Ourika<br \/>\n<strong>La hora de recogida<\/strong>: 9:00 am<br \/>\n<strong>Duraci\u00f3n<\/strong>: 9 H<br \/>\n<strong>Ropa<\/strong>: Ropa c\u00f3moda, zapatos que caminan, sombrero, chaqueta y protector solar.<\/p>\n<h4>Informaci\u00f3n:<\/h4>\n<p><b>Reflejos:<\/b><\/p>\n<ol>\n<li>\u2022 Descubra los hermosos paisajes del valle de Ourika, alojados en el coraz\u00f3n del Gran Atlas.<\/li>\n<li>\u2022 Visitar el mercado bereber (d\u00edas de mercado: lunes y viernes).<\/li>\n<li>\u2022 Visita y pausa de t\u00e9 en una casa local<\/li>\n<li>\u2022 Visitar una cooperativa de producci\u00f3n de aceite de arg\u00e1n y jardines bio-arom\u00e1ticos.<\/li>\n<li>\u2022 Disfrute de las siete cascadas de Setti Fatma con gu\u00eda de monta\u00f1a<\/li>\n<li>\u2022 Relajarse y almorzar en el exuberante Valle de Ourika<\/li>\n<\/ol>\n<p>Explore el hermoso valle de Ourika, enclavado en las monta\u00f1as del Atlas. Tome una caminata por los acantilados de las monta\u00f1as y descubra la riqueza de las tradiciones ber\u00e9beres. Situado en el coraz\u00f3n del gran Atlas, el Valle de Ourika es considerado uno de los valles m\u00e1s bellos del reino con su rico pasado, su cultura, sus artesan\u00edas y su cocina, as\u00ed como paisajes de varios colores.<\/p>\n<p>A s\u00f3lo una hora de Marrakech, tendr\u00e1 la oportunidad de descubrir los espl\u00e9ndidos paisajes fascinantes de las monta\u00f1as del Atlas. Es el destino perfecto para las personas que buscan aventura marroqu\u00ed, la relajaci\u00f3n y la meditaci\u00f3n, que le ofrece la oportunidad de desconectar completamente de la vida moderna.<\/p>\n<p>La excursi\u00f3n a pie es ideal para aquellos que quieren ver el esplendor de las monta\u00f1as del Alto Atlas sin trekking a la cumbre. Su caminata comienza en Setti Fatma, donde se camina durante 1 hora hasta el coraz\u00f3n del Valle de Ourika.<\/p>\n<p>No lo dude, si desea disfrutar de un estilo de vida tradicional de monta\u00f1a y admirar la naturaleza deslumbrante, Ourika es un lugar que le conviene perfectamente.<\/p>\n<div class=\"pbs-row\" style=\"min-height: 200px;\">\n<div class=\"pbs-col\" style=\"flex-basis: 50%; justify-content: center;\">\n<h4>Que esta incluido:<\/h4>\n<ul>\n<li>\u2022 Salida de su hotel o Riad en veh\u00edculo privado, conductor de habla espa\u00f1ola<\/li>\n<li>\u2022 Transporte<\/li>\n<\/ul>\n<\/div>\n<div class=\"pbs-col\" style=\"flex-basis: 50%; justify-content: center;\">\n<h4>Lo que no est\u00e1 incluido:<\/h4>\n<ul>\n<li>\u2022 Gu\u00eda opcional: 2 Euros por persona.<\/li>\n<li>\u2022 Almuerzo entre 2 y 10 Euros y Bebidas<\/li>\n<li>\u2022 visita de jardines bot\u00e1nicos Nectarome 5 euros por persona<\/li>\n<li>\u2022 Actividades opcionales (paseo en camello ..)<\/li>\n<li>\u2022 Gastos personales<\/li>\n<\/ul>\n<\/div>\n<\/div>\n<div class=\"pbs-row\" style=\"min-height: 200px;\">\n<div class=\"pbs-col\" style=\"flex-basis: 50%; justify-content: center;\">\n<h4>Itinerarios:<\/h4>\n<p><iframe loading=\"lazy\" style=\"border: 0;\" src=\"https:\/\/www.google.com\/maps\/embed?pb=!1m24!1m8!1m3!1d218404.71543234037!2d-7.795636000000001!3d31.204832000000003!3m2!1i1024!2i768!4f13.1!4m13!3e0!4m5!1s0xdafee8d96179e51%3A0x5950b6534f87adb8!2sMarrakech%2C+Maroc!3m2!1d31.6294723!2d-7.9810845!4m5!1s0xdbaaab6b05d0815%3A0x556f012f4bca4dc1!2sOued+Ourika!3m2!1d31.4485694!2d-7.768150299999999!5e0!3m2!1sfr!2sus!4v1499480938922\" width=\"100%\" height=\"600px\" frameborder=\"0\" allowfullscreen=\"allowfullscreen\"><\/iframe><\/p>\n<\/div>\n<div class=\"pbs-col\" style=\"flex-basis: 50%; justify-content: center;\">\n<h4>Reservamos este tour:<\/h4>\n\n<div class=\"wpcf7 no-js\" id=\"wpcf7-f861-o1\" lang=\"en-US\" dir=\"ltr\">\n<div class=\"screen-reader-response\"><p role=\"status\" aria-live=\"polite\" aria-atomic=\"true\"><\/p> <ul><\/ul><\/div>\n<form action=\"\/es\/wp-json\/wp\/v2\/pages\/694#wpcf7-f861-o1\" method=\"post\" class=\"wpcf7-form init\" aria-label=\"Contact form\" novalidate=\"novalidate\" data-status=\"init\">\n<div style=\"display: none;\">\n<input type=\"hidden\" name=\"_wpcf7\" value=\"861\" \/>\n<input type=\"hidden\" name=\"_wpcf7_version\" value=\"5.7.7\" \/>\n<input type=\"hidden\" name=\"_wpcf7_locale\" value=\"en_US\" \/>\n<input type=\"hidden\" name=\"_wpcf7_unit_tag\" value=\"wpcf7-f861-o1\" \/>\n<input type=\"hidden\" name=\"_wpcf7_container_post\" value=\"0\" \/>\n<input type=\"hidden\" name=\"_wpcf7_posted_data_hash\" value=\"\" \/>\n<\/div>\n<p><label> Your Name (required)<br \/>\n<span class=\"wpcf7-form-control-wrap\" data-name=\"your-name\"><input size=\"40\" class=\"wpcf7-form-control wpcf7-text wpcf7-validates-as-required\" aria-required=\"true\" aria-invalid=\"false\" value=\"\" type=\"text\" name=\"your-name\" \/><\/span> <\/label>\n<\/p>\n<p><label> Your Email (required)<br \/>\n<span class=\"wpcf7-form-control-wrap\" data-name=\"your-email\"><input size=\"40\" class=\"wpcf7-form-control wpcf7-text wpcf7-email wpcf7-validates-as-required wpcf7-validates-as-email\" aria-required=\"true\" aria-invalid=\"false\" value=\"\" type=\"email\" name=\"your-email\" \/><\/span> <\/label>\n<\/p>\n<p><label> Subject<br \/>\n<span class=\"wpcf7-form-control-wrap\" data-name=\"your-subject\"><input size=\"40\" class=\"wpcf7-form-control wpcf7-text\" aria-invalid=\"false\" value=\"\" type=\"text\" name=\"your-subject\" \/><\/span> <\/label>\n<\/p>\n<p><label> Your Message<br \/>\n<span class=\"wpcf7-form-control-wrap\" data-name=\"your-message\"><textarea cols=\"40\" rows=\"10\" class=\"wpcf7-form-control wpcf7-textarea\" aria-invalid=\"false\" name=\"your-message\"><\/textarea><\/span> <\/label>\n<\/p>\n<p><input class=\"wpcf7-form-control has-spinner wpcf7-submit\" type=\"submit\" value=\"Send\" \/>\n<\/p><p style=\"display: none !important;\"><label>&#916;<textarea name=\"_wpcf7_ak_hp_textarea\" cols=\"45\" rows=\"8\" maxlength=\"100\"><\/textarea><\/label><input type=\"hidden\" id=\"ak_js_1\" name=\"_wpcf7_ak_js\" value=\"52\"\/><script>document.getElementById( \"ak_js_1\" ).setAttribute( \"value\", ( new Date() ).getTime() );<\/script><\/p><div class=\"wpcf7-response-output\" aria-hidden=\"true\"><\/div>\n<\/form>\n<\/div>\n\n<\/div>\n<\/div>\n<\/div>","protected":false},"excerpt":{"rendered":"<p>Excursion a Valle de Ourika Tome un tour privado del valle de Ourika y disfrute del tratamiento VIP. Su propio gu\u00eda-conductor, totalmente cualificado y acreditado, descubrir\u00e1<span class=\"excerpt-hellip\"> [\u2026]<\/span><\/p>\n","protected":false},"author":1,"featured_media":0,"parent":0,"menu_order":0,"comment_status":"closed","ping_status":"closed","template":"","meta":{"ngg_post_thumbnail":0},"aioseo_notices":[],"yoast_head":"<!-- This site is optimized with the Yoast SEO plugin v20.8 - https:\/\/yoast.com\/wordpress\/plugins\/seo\/ -->\n<title>D\u00eda del Valle de Ourika - Desert Camel Tours<\/title>\n<meta name=\"robots\" content=\"index, follow, max-snippet:-1, max-image-preview:large, max-video-preview:-1\" \/>\n<link rel=\"canonical\" href=\"https:\/\/desertcameltours.com\/es\/dia-del-valle-de-ourika\/\" \/>\n<meta property=\"og:locale\" content=\"en_US\" \/>\n<meta property=\"og:type\" content=\"article\" \/>\n<meta property=\"og:title\" content=\"D\u00eda del Valle de Ourika - Desert Camel Tours\" \/>\n<meta property=\"og:description\" content=\"Excursion a Valle de Ourika Tome un tour privado del valle de Ourika y disfrute del tratamiento VIP. Su propio gu\u00eda-conductor, totalmente cualificado y acreditado, descubrir\u00e1 [\u2026]\" \/>\n<meta property=\"og:url\" content=\"https:\/\/desertcameltours.com\/es\/dia-del-valle-de-ourika\/\" \/>\n<meta property=\"og:site_name\" content=\"Desert Camel Tours\" \/>\n<meta property=\"article:modified_time\" content=\"2022-06-17T17:24:47+00:00\" \/>\n<meta name=\"twitter:card\" content=\"summary_large_image\" \/>\n<meta name=\"twitter:label1\" content=\"Est. reading time\" \/>\n\t<meta name=\"twitter:data1\" content=\"2 minutes\" \/>\n<script type=\"application\/ld+json\" class=\"yoast-schema-graph\">{\"@context\":\"https:\/\/schema.org\",\"@graph\":[{\"@type\":\"WebPage\",\"@id\":\"https:\/\/desertcameltours.com\/es\/dia-del-valle-de-ourika\/\",\"url\":\"https:\/\/desertcameltours.com\/es\/dia-del-valle-de-ourika\/\",\"name\":\"D\u00eda del Valle de Ourika - Desert Camel Tours\",\"isPartOf\":{\"@id\":\"https:\/\/desertcameltours.com\/es\/#website\"},\"datePublished\":\"2017-08-30T02:09:04+00:00\",\"dateModified\":\"2022-06-17T17:24:47+00:00\",\"breadcrumb\":{\"@id\":\"https:\/\/desertcameltours.com\/es\/dia-del-valle-de-ourika\/#breadcrumb\"},\"inLanguage\":\"en-US\",\"potentialAction\":[{\"@type\":\"ReadAction\",\"target\":[\"https:\/\/desertcameltours.com\/es\/dia-del-valle-de-ourika\/\"]}]},{\"@type\":\"BreadcrumbList\",\"@id\":\"https:\/\/desertcameltours.com\/es\/dia-del-valle-de-ourika\/#breadcrumb\",\"itemListElement\":[{\"@type\":\"ListItem\",\"position\":1,\"name\":\"Home\",\"item\":\"https:\/\/desertcameltours.com\/es\/\"},{\"@type\":\"ListItem\",\"position\":2,\"name\":\"D\u00eda del Valle de Ourika\"}]},{\"@type\":\"WebSite\",\"@id\":\"https:\/\/desertcameltours.com\/es\/#website\",\"url\":\"https:\/\/desertcameltours.com\/es\/\",\"name\":\"Desert Camel Tours\",\"description\":\"desert camel tours\",\"potentialAction\":[{\"@type\":\"SearchAction\",\"target\":{\"@type\":\"EntryPoint\",\"urlTemplate\":\"https:\/\/desertcameltours.com\/es\/?s={search_term_string}\"},\"query-input\":\"required name=search_term_string\"}],\"inLanguage\":\"en-US\"}]}<\/script>\n<!-- \/ Yoast SEO plugin. -->","yoast_head_json":{"title":"D\u00eda del Valle de Ourika - Desert Camel Tours","robots":{"index":"index","follow":"follow","max-snippet":"max-snippet:-1","max-image-preview":"max-image-preview:large","max-video-preview":"max-video-preview:-1"},"canonical":"https:\/\/desertcameltours.com\/es\/dia-del-valle-de-ourika\/","og_locale":"en_US","og_type":"article","og_title":"D\u00eda del Valle de Ourika - Desert Camel Tours","og_description":"Excursion a Valle de Ourika Tome un tour privado del valle de Ourika y disfrute del tratamiento VIP. Su propio gu\u00eda-conductor, totalmente cualificado y acreditado, descubrir\u00e1 [\u2026]","og_url":"https:\/\/desertcameltours.com\/es\/dia-del-valle-de-ourika\/","og_site_name":"Desert Camel Tours","article_modified_time":"2022-06-17T17:24:47+00:00","twitter_card":"summary_large_image","twitter_misc":{"Est. reading time":"2 minutes"},"schema":{"@context":"https:\/\/schema.org","@graph":[{"@type":"WebPage","@id":"https:\/\/desertcameltours.com\/es\/dia-del-valle-de-ourika\/","url":"https:\/\/desertcameltours.com\/es\/dia-del-valle-de-ourika\/","name":"D\u00eda del Valle de Ourika - Desert Camel Tours","isPartOf":{"@id":"https:\/\/desertcameltours.com\/es\/#website"},"datePublished":"2017-08-30T02:09:04+00:00","dateModified":"2022-06-17T17:24:47+00:00","breadcrumb":{"@id":"https:\/\/desertcameltours.com\/es\/dia-del-valle-de-ourika\/#breadcrumb"},"inLanguage":"en-US","potentialAction":[{"@type":"ReadAction","target":["https:\/\/desertcameltours.com\/es\/dia-del-valle-de-ourika\/"]}]},{"@type":"BreadcrumbList","@id":"https:\/\/desertcameltours.com\/es\/dia-del-valle-de-ourika\/#breadcrumb","itemListElement":[{"@type":"ListItem","position":1,"name":"Home","item":"https:\/\/desertcameltours.com\/es\/"},{"@type":"ListItem","position":2,"name":"D\u00eda del Valle de Ourika"}]},{"@type":"WebSite","@id":"https:\/\/desertcameltours.com\/es\/#website","url":"https:\/\/desertcameltours.com\/es\/","name":"Desert Camel Tours","description":"desert camel tours","potentialAction":[{"@type":"SearchAction","target":{"@type":"EntryPoint","urlTemplate":"https:\/\/desertcameltours.com\/es\/?s={search_term_string}"},"query-input":"required name=search_term_string"}],"inLanguage":"en-US"}]}},"_links":{"self":[{"href":"https:\/\/desertcameltours.com\/es\/wp-json\/wp\/v2\/pages\/694"}],"collection":[{"href":"https:\/\/desertcameltours.com\/es\/wp-json\/wp\/v2\/pages"}],"about":[{"href":"https:\/\/desertcameltours.com\/es\/wp-json\/wp\/v2\/types\/page"}],"author":[{"embeddable":true,"href":"https:\/\/desertcameltours.com\/es\/wp-json\/wp\/v2\/users\/1"}],"replies":[{"embeddable":true,"href":"https:\/\/desertcameltours.com\/es\/wp-json\/wp\/v2\/comments?post=694"}],"version-history":[{"count":5,"href":"https:\/\/desertcameltours.com\/es\/wp-json\/wp\/v2\/pages\/694\/revisions"}],"predecessor-version":[{"id":1128,"href":"https:\/\/desertcameltours.com\/es\/wp-json\/wp\/v2\/pages\/694\/revisions\/1128"}],"wp:attachment":[{"href":"https:\/\/desertcameltours.com\/es\/wp-json\/wp\/v2\/media?parent=694"}],"curies":[{"name":"wp","href":"https:\/\/api.w.org\/{rel}","templated":true}]}}