{"id":689,"date":"2017-08-30T02:04:47","date_gmt":"2017-08-30T02:04:47","guid":{"rendered":"http:\/\/desertcameltours.com\/es\/?page_id=689"},"modified":"2022-06-17T17:31:59","modified_gmt":"2022-06-17T17:31:59","slug":"excursion-de-un-dia-las-montanas-atlas","status":"publish","type":"page","link":"https:\/\/desertcameltours.com\/es\/excursion-de-un-dia-las-montanas-atlas\/","title":{"rendered":"Excursi\u00f3n de un d\u00eda a las monta\u00f1as Atlas"},"content":{"rendered":"<div class=\"pbs-main-wrapper\"><div class=\"pbs-row\" style=\"min-height: 200px;\">\n<div class=\"pbs-col\" style=\"justify-content: center;\">\n<div data-ce-tag=\"html\" data-html=\"PGJyPiA8bGVnZW5kIGNsYXNzPSJTYWlkMSI+IDxpbWcgc3JjPSJodHRwOi8vZGVzZXJ0Y2FtZWx0b3Vycy5jb20vd3AtY29udGVudC91cGxvYWRzLzIwMTcvMDcvY2FtZWwtaWNvbi0xLnBuZyIgd2lkdGg9IjEzJSIgaGVpZ2h0PSIxMDBweCIgc3R5bGU9InZpc2liaWxpdHk6IHZpc2libGU7Ij4gVmlhamUgYSBtb250YW5hcyBkZWwgQXRsYXM8aW1nIHNyYz0iaHR0cDovL2Rlc2VydGNhbWVsdG91cnMuY29tL3dwLWNvbnRlbnQvdXBsb2Fkcy8yMDE3LzA3L2NhbWVsLWljb24ucG5nIiB3aWR0aD0iMTMlIiBoZWlnaHQ9IjEwMHB4IiBzdHlsZT0idmlzaWJpbGl0eTogdmlzaWJsZTsiPgo8L2xlZ2VuZD4=\"><br> <legend class=\"Said1\"> <img src=\"http:\/\/desertcameltours.com\/wp-content\/uploads\/2017\/07\/camel-icon-1.png\" width=\"13%\" height=\"100px\" style=\"visibility: visible;\"> Viaje a montanas del Atlas<img src=\"http:\/\/desertcameltours.com\/wp-content\/uploads\/2017\/07\/camel-icon.png\" width=\"13%\" height=\"100px\" style=\"visibility: visible;\">\n<\/legend><\/div>\n<\/div>\n<\/div>\n<p>Tome un tour privado y disfrutar del tratamiento VIP. Su propia gu\u00eda, totalmente calificada y acreditada, le permitir\u00e1 experimentar 3 valles de la mejor manera posible. Nuestras excursiones de un d\u00eda privado y actividades le permitir\u00e1 disfrutar de las bellezas de marruecos \u2013 y tener un d\u00eda realmente encantador! Esta es su oportunidad para descubrir el glamour de las monta\u00f1as del atlas y la encantadora aldea bereber, donde ofrecen excelentes senderos y un respiro maravilloso de la locura, el calor y el ruido de Marrakech. Siempre puede elegir su propio programa que satisfaga sus expectativas.<\/p>\n<p>Nuestros coches y nuestros furgonetas est\u00e1n listos para darle servicio con conductores especiales que conocen muy bien la regi\u00f3n.<\/p>\n<p><strong>Destino<\/strong>: Atlas<br \/>\n<strong>Disponibilidad<\/strong>: todos los d\u00edas a las 9 am<br \/>\n<strong>La hora de recogida<\/strong>: 8:30 am<br \/>\n<strong>Duraci\u00f3n<\/strong>: 9 horas<br \/>\n<strong>Ropa<\/strong>: Ropa c\u00f3moda, zapatos c\u00f3modos, sombrero, chaqueta y protector solar.<\/p>\n<h4>Informaci\u00f3n:<\/h4>\n<p><b>Reflejos:<\/b><\/p>\n<ol>\n<li>\u2022 Explore la meseta kik, y un paisaje m\u00e1s cautivador, siguiendo hacia el hermoso lago Takerkoust.<\/li>\n<li>\u2022 Admire los picos nevados de las monta\u00f1as m\u00e1s altas de Atlas.<\/li>\n<li>\u2022 Cruzar los muchos pueblos ber\u00e9beres tradicionales de adobe y piedra.<\/li>\n<li>\u2022 Explore las hermosas cascadas del Valle de Ourika, vea los tradicionales pueblos ber\u00e9beres de adobe y piedra en el Valle de Oukaimeden, y disfrute de los huertos frutales del Valle de Asni.<\/li>\n<li>\u2022 Admire alt\u00edsimos picos cubiertos de nieve en su viaje de 1 hora al Valle de Ourika<\/li>\n<li>\u2022 Visita de jardines org\u00e1nicos arom\u00e1ticos.<\/li>\n<li>\u2022 Un panorama magn\u00edfico, y los horizontes ilimitados se abrir\u00e1n a usted descubriendo el pico m\u00e1s alto en \u00c1frica septentrional en 13.665 pies, jbel Toubkal.<\/li>\n<li>\u2022 conquistar setti fatma, enclavado en el valle a 1800m de altitud, que es una parada esc\u00e9nica para almorzar junto al r\u00edo y para excursiones a siete cascadas.<\/li>\n<\/ol>\n<p>Lejos del bullicio de la ciudad y descubrir los hermosos paisajes de los 3 valles y el estilo de vida berber.<br \/>\nEn este d\u00eda en el Atlas marroqu\u00ed de Marrakech, descubrir\u00e1 la meseta kik situada a unos 1800 metros.<\/p>\n<p>Contin\u00fae su recorrido por el valle de Asni, donde tomaremos una carretera de monta\u00f1a junto a los tradicionales pueblos ber\u00e9beres construidos de adobe, y si desea descubrir el estilo de vida de la gente en la regi\u00f3n, bien visitar una t\u00edpica casa ber\u00e9ber y beber t\u00e9 Con una familia.<\/p>\n<p>A continuaci\u00f3n, su conductor le llevar\u00e1 al famoso valle de Ourika, aqu\u00ed es donde visitaremos un jard\u00edn org\u00e1nico arom\u00e1tico que contiene plantas medicinales utilizadas por los ber\u00e9beres, visitaremos las cascadas de Setti Fatma Valley y si usted est\u00e1 interesado, almuerzo en un restaurante al lado El r\u00edo, despu\u00e9s de tomar el camino a Marrakech.<\/p>\n<div class=\"pbs-row\" style=\"min-height: 200px;\">\n<div class=\"pbs-col\" style=\"flex-basis: 50%; justify-content: center;\">\n<h4>Que esta incluido:<\/h4>\n<ul>\n<li>\u2022 Salida de su hotel o Riad en veh\u00edculo privado, conductor de habla espa\u00f1ola<\/li>\n<li>\u2022 Transporte en un veh\u00edculo bien c\u00f3modo.<\/li>\n<\/ul>\n<\/div>\n<div class=\"pbs-col\" style=\"flex-basis: 50%; justify-content: center;\">\n<h3>Lo que no est\u00e1 incluido:<\/h3>\n<ul>\n<li>\u2022 Almuerzo entre 2-10 euros<\/li>\n<li>\u2022 Propinas<\/li>\n<li>\u2022 Actividades opcionales<\/li>\n<li>\u2022 Gastos personales<\/li>\n<\/ul>\n<\/div>\n<\/div>\n<div class=\"pbs-row\" style=\"min-height: 200px;\">\n<div class=\"pbs-col\" style=\"flex-basis: 50%; justify-content: center;\">\n<h4>Itinerarios:<\/h4>\n<p><iframe loading=\"lazy\" style=\"border: 0;\" src=\"https:\/\/www.google.com\/maps\/embed?pb=!1m48!1m8!1m3!1d218164.8314989306!2d-7.838231!3d31.308568000000005!3m2!1i1024!2i768!4f13.1!4m37!3e0!4m5!1s0xdafee8d96179e51%3A0x5950b6534f87adb8!2sMarrakech%2C+Maroc!3m2!1d31.6294723!2d-7.9810845!4m5!1s0xdb0207ed52ba5a1%3A0x7ed35f09033b5ae!2sLalla+Takerkoust%2C+Maroc!3m2!1d31.35737!2d-8.1352213!4m5!1s0xdb01b571ec0f9f1%3A0xe036eb7d12cc6077!2sMoulay+Brahim%2C+Maroc!3m2!1d31.285440899999998!2d-7.9688222!4m5!1s0xdb0066d0df991e5%3A0x41424fd7b103b6be!2sSidi+Faress%2C+Maroc!3m2!1d31.235219299999997!2d-7.8858516!4m5!1s0xdbaaf678f9d1039%3A0xd968147e4179658d!2sSetti-Fatma%2C+Maroc!3m2!1d31.2258103!2d-7.6758372999999995!4m5!1s0xdafee8d96179e51%3A0x5950b6534f87adb8!2sMarrakech%2C+Maroc!3m2!1d31.6294723!2d-7.9810845!5e0!3m2!1sfr!2sus!4v1499481422982\" width=\"100%\" height=\"600px\" frameborder=\"0\" allowfullscreen=\"allowfullscreen\"><\/iframe><\/p>\n<\/div>\n<div class=\"pbs-col\" style=\"flex-basis: 50%; justify-content: center;\">\n<h4>Reservamos este tour:<\/h4>\n\n<div class=\"wpcf7 no-js\" id=\"wpcf7-f861-o1\" lang=\"en-US\" dir=\"ltr\">\n<div class=\"screen-reader-response\"><p role=\"status\" aria-live=\"polite\" aria-atomic=\"true\"><\/p> <ul><\/ul><\/div>\n<form action=\"\/es\/wp-json\/wp\/v2\/pages\/689#wpcf7-f861-o1\" method=\"post\" class=\"wpcf7-form init\" aria-label=\"Contact form\" novalidate=\"novalidate\" data-status=\"init\">\n<div style=\"display: none;\">\n<input type=\"hidden\" name=\"_wpcf7\" value=\"861\" \/>\n<input type=\"hidden\" name=\"_wpcf7_version\" value=\"5.7.7\" \/>\n<input type=\"hidden\" name=\"_wpcf7_locale\" value=\"en_US\" \/>\n<input type=\"hidden\" name=\"_wpcf7_unit_tag\" value=\"wpcf7-f861-o1\" \/>\n<input type=\"hidden\" name=\"_wpcf7_container_post\" value=\"0\" \/>\n<input type=\"hidden\" name=\"_wpcf7_posted_data_hash\" value=\"\" \/>\n<\/div>\n<p><label> Your Name (required)<br \/>\n<span class=\"wpcf7-form-control-wrap\" data-name=\"your-name\"><input size=\"40\" class=\"wpcf7-form-control wpcf7-text wpcf7-validates-as-required\" aria-required=\"true\" aria-invalid=\"false\" value=\"\" type=\"text\" name=\"your-name\" \/><\/span> <\/label>\n<\/p>\n<p><label> Your Email (required)<br \/>\n<span class=\"wpcf7-form-control-wrap\" data-name=\"your-email\"><input size=\"40\" class=\"wpcf7-form-control wpcf7-text wpcf7-email wpcf7-validates-as-required wpcf7-validates-as-email\" aria-required=\"true\" aria-invalid=\"false\" value=\"\" type=\"email\" name=\"your-email\" \/><\/span> <\/label>\n<\/p>\n<p><label> Subject<br \/>\n<span class=\"wpcf7-form-control-wrap\" data-name=\"your-subject\"><input size=\"40\" class=\"wpcf7-form-control wpcf7-text\" aria-invalid=\"false\" value=\"\" type=\"text\" name=\"your-subject\" \/><\/span> <\/label>\n<\/p>\n<p><label> Your Message<br \/>\n<span class=\"wpcf7-form-control-wrap\" data-name=\"your-message\"><textarea cols=\"40\" rows=\"10\" class=\"wpcf7-form-control wpcf7-textarea\" aria-invalid=\"false\" name=\"your-message\"><\/textarea><\/span> <\/label>\n<\/p>\n<p><input class=\"wpcf7-form-control has-spinner wpcf7-submit\" type=\"submit\" value=\"Send\" \/>\n<\/p><p style=\"display: none !important;\"><label>&#916;<textarea name=\"_wpcf7_ak_hp_textarea\" cols=\"45\" rows=\"8\" maxlength=\"100\"><\/textarea><\/label><input type=\"hidden\" id=\"ak_js_1\" name=\"_wpcf7_ak_js\" value=\"59\"\/><script>document.getElementById( \"ak_js_1\" ).setAttribute( \"value\", ( new Date() ).getTime() );<\/script><\/p><div class=\"wpcf7-response-output\" aria-hidden=\"true\"><\/div>\n<\/form>\n<\/div>\n\n<\/div>\n<\/div>\n<\/div>","protected":false},"excerpt":{"rendered":"<p>Viaje a montanas del Atlas Tome un tour privado y disfrutar del tratamiento VIP. Su propia gu\u00eda, totalmente calificada y acreditada, le permitir\u00e1 experimentar 3 valles<span class=\"excerpt-hellip\"> [\u2026]<\/span><\/p>\n","protected":false},"author":1,"featured_media":0,"parent":0,"menu_order":0,"comment_status":"closed","ping_status":"closed","template":"","meta":{"ngg_post_thumbnail":0},"aioseo_notices":[],"yoast_head":"<!-- This site is optimized with the Yoast SEO plugin v20.8 - https:\/\/yoast.com\/wordpress\/plugins\/seo\/ -->\n<title>Excursi\u00f3n de un d\u00eda a las monta\u00f1as Atlas - Desert Camel Tours<\/title>\n<meta name=\"robots\" content=\"index, follow, max-snippet:-1, max-image-preview:large, max-video-preview:-1\" \/>\n<link rel=\"canonical\" href=\"https:\/\/desertcameltours.com\/es\/excursion-de-un-dia-las-montanas-atlas\/\" \/>\n<meta property=\"og:locale\" content=\"en_US\" \/>\n<meta property=\"og:type\" content=\"article\" \/>\n<meta property=\"og:title\" content=\"Excursi\u00f3n de un d\u00eda a las monta\u00f1as Atlas - Desert Camel Tours\" \/>\n<meta property=\"og:description\" content=\"Viaje a montanas del Atlas Tome un tour privado y disfrutar del tratamiento VIP. Su propia gu\u00eda, totalmente calificada y acreditada, le permitir\u00e1 experimentar 3 valles [\u2026]\" \/>\n<meta property=\"og:url\" content=\"https:\/\/desertcameltours.com\/es\/excursion-de-un-dia-las-montanas-atlas\/\" \/>\n<meta property=\"og:site_name\" content=\"Desert Camel Tours\" \/>\n<meta property=\"article:modified_time\" content=\"2022-06-17T17:31:59+00:00\" \/>\n<meta name=\"twitter:card\" content=\"summary_large_image\" \/>\n<meta name=\"twitter:label1\" content=\"Est. reading time\" \/>\n\t<meta name=\"twitter:data1\" content=\"3 minutes\" \/>\n<script type=\"application\/ld+json\" class=\"yoast-schema-graph\">{\"@context\":\"https:\/\/schema.org\",\"@graph\":[{\"@type\":\"WebPage\",\"@id\":\"https:\/\/desertcameltours.com\/es\/excursion-de-un-dia-las-montanas-atlas\/\",\"url\":\"https:\/\/desertcameltours.com\/es\/excursion-de-un-dia-las-montanas-atlas\/\",\"name\":\"Excursi\u00f3n de un d\u00eda a las monta\u00f1as Atlas - Desert Camel Tours\",\"isPartOf\":{\"@id\":\"https:\/\/desertcameltours.com\/es\/#website\"},\"datePublished\":\"2017-08-30T02:04:47+00:00\",\"dateModified\":\"2022-06-17T17:31:59+00:00\",\"breadcrumb\":{\"@id\":\"https:\/\/desertcameltours.com\/es\/excursion-de-un-dia-las-montanas-atlas\/#breadcrumb\"},\"inLanguage\":\"en-US\",\"potentialAction\":[{\"@type\":\"ReadAction\",\"target\":[\"https:\/\/desertcameltours.com\/es\/excursion-de-un-dia-las-montanas-atlas\/\"]}]},{\"@type\":\"BreadcrumbList\",\"@id\":\"https:\/\/desertcameltours.com\/es\/excursion-de-un-dia-las-montanas-atlas\/#breadcrumb\",\"itemListElement\":[{\"@type\":\"ListItem\",\"position\":1,\"name\":\"Home\",\"item\":\"https:\/\/desertcameltours.com\/es\/\"},{\"@type\":\"ListItem\",\"position\":2,\"name\":\"Excursi\u00f3n de un d\u00eda a las monta\u00f1as Atlas\"}]},{\"@type\":\"WebSite\",\"@id\":\"https:\/\/desertcameltours.com\/es\/#website\",\"url\":\"https:\/\/desertcameltours.com\/es\/\",\"name\":\"Desert Camel Tours\",\"description\":\"desert camel tours\",\"potentialAction\":[{\"@type\":\"SearchAction\",\"target\":{\"@type\":\"EntryPoint\",\"urlTemplate\":\"https:\/\/desertcameltours.com\/es\/?s={search_term_string}\"},\"query-input\":\"required name=search_term_string\"}],\"inLanguage\":\"en-US\"}]}<\/script>\n<!-- \/ Yoast SEO plugin. -->","yoast_head_json":{"title":"Excursi\u00f3n de un d\u00eda a las monta\u00f1as Atlas - Desert Camel Tours","robots":{"index":"index","follow":"follow","max-snippet":"max-snippet:-1","max-image-preview":"max-image-preview:large","max-video-preview":"max-video-preview:-1"},"canonical":"https:\/\/desertcameltours.com\/es\/excursion-de-un-dia-las-montanas-atlas\/","og_locale":"en_US","og_type":"article","og_title":"Excursi\u00f3n de un d\u00eda a las monta\u00f1as Atlas - Desert Camel Tours","og_description":"Viaje a montanas del Atlas Tome un tour privado y disfrutar del tratamiento VIP. Su propia gu\u00eda, totalmente calificada y acreditada, le permitir\u00e1 experimentar 3 valles [\u2026]","og_url":"https:\/\/desertcameltours.com\/es\/excursion-de-un-dia-las-montanas-atlas\/","og_site_name":"Desert Camel Tours","article_modified_time":"2022-06-17T17:31:59+00:00","twitter_card":"summary_large_image","twitter_misc":{"Est. reading time":"3 minutes"},"schema":{"@context":"https:\/\/schema.org","@graph":[{"@type":"WebPage","@id":"https:\/\/desertcameltours.com\/es\/excursion-de-un-dia-las-montanas-atlas\/","url":"https:\/\/desertcameltours.com\/es\/excursion-de-un-dia-las-montanas-atlas\/","name":"Excursi\u00f3n de un d\u00eda a las monta\u00f1as Atlas - Desert Camel Tours","isPartOf":{"@id":"https:\/\/desertcameltours.com\/es\/#website"},"datePublished":"2017-08-30T02:04:47+00:00","dateModified":"2022-06-17T17:31:59+00:00","breadcrumb":{"@id":"https:\/\/desertcameltours.com\/es\/excursion-de-un-dia-las-montanas-atlas\/#breadcrumb"},"inLanguage":"en-US","potentialAction":[{"@type":"ReadAction","target":["https:\/\/desertcameltours.com\/es\/excursion-de-un-dia-las-montanas-atlas\/"]}]},{"@type":"BreadcrumbList","@id":"https:\/\/desertcameltours.com\/es\/excursion-de-un-dia-las-montanas-atlas\/#breadcrumb","itemListElement":[{"@type":"ListItem","position":1,"name":"Home","item":"https:\/\/desertcameltours.com\/es\/"},{"@type":"ListItem","position":2,"name":"Excursi\u00f3n de un d\u00eda a las monta\u00f1as Atlas"}]},{"@type":"WebSite","@id":"https:\/\/desertcameltours.com\/es\/#website","url":"https:\/\/desertcameltours.com\/es\/","name":"Desert Camel Tours","description":"desert camel tours","potentialAction":[{"@type":"SearchAction","target":{"@type":"EntryPoint","urlTemplate":"https:\/\/desertcameltours.com\/es\/?s={search_term_string}"},"query-input":"required name=search_term_string"}],"inLanguage":"en-US"}]}},"_links":{"self":[{"href":"https:\/\/desertcameltours.com\/es\/wp-json\/wp\/v2\/pages\/689"}],"collection":[{"href":"https:\/\/desertcameltours.com\/es\/wp-json\/wp\/v2\/pages"}],"about":[{"href":"https:\/\/desertcameltours.com\/es\/wp-json\/wp\/v2\/types\/page"}],"author":[{"embeddable":true,"href":"https:\/\/desertcameltours.com\/es\/wp-json\/wp\/v2\/users\/1"}],"replies":[{"embeddable":true,"href":"https:\/\/desertcameltours.com\/es\/wp-json\/wp\/v2\/comments?post=689"}],"version-history":[{"count":4,"href":"https:\/\/desertcameltours.com\/es\/wp-json\/wp\/v2\/pages\/689\/revisions"}],"predecessor-version":[{"id":1148,"href":"https:\/\/desertcameltours.com\/es\/wp-json\/wp\/v2\/pages\/689\/revisions\/1148"}],"wp:attachment":[{"href":"https:\/\/desertcameltours.com\/es\/wp-json\/wp\/v2\/media?parent=689"}],"curies":[{"name":"wp","href":"https:\/\/api.w.org\/{rel}","templated":true}]}}