{"id":686,"date":"2017-08-30T01:59:53","date_gmt":"2017-08-30T01:59:53","guid":{"rendered":"http:\/\/desertcameltours.com\/es\/?page_id=686"},"modified":"2022-06-17T17:30:52","modified_gmt":"2022-06-17T17:30:52","slug":"viaje-de-un-dia-essaouira","status":"publish","type":"page","link":"https:\/\/desertcameltours.com\/es\/viaje-de-un-dia-essaouira\/","title":{"rendered":"Viaje de un d\u00eda a Essaouira"},"content":{"rendered":"<div class=\"pbs-main-wrapper\"><div class=\"pbs-row\" style=\"min-height: 200px;\">\n<div class=\"pbs-col\" style=\"justify-content: center;\">\n<div data-ce-tag=\"html\" data-html=\"PGJyPiA8bGVnZW5kIGNsYXNzPSJTYWlkMSI+IDxpbWcgc3JjPSJodHRwOi8vZGVzZXJ0Y2FtZWx0b3Vycy5jb20vd3AtY29udGVudC91cGxvYWRzLzIwMTcvMDcvY2FtZWwtaWNvbi0xLnBuZyIgd2lkdGg9IjEzJSIgaGVpZ2h0PSIxMDBweCIgc3R5bGU9InZpc2liaWxpdHk6IHZpc2libGU7Ij5WaWFqZSB1biBkaWEgYSBFc3Nhb3VpcmEKPGltZyBzcmM9Imh0dHA6Ly9kZXNlcnRjYW1lbHRvdXJzLmNvbS93cC1jb250ZW50L3VwbG9hZHMvMjAxNy8wNy9jYW1lbC1pY29uLnBuZyIgd2lkdGg9IjEzJSIgaGVpZ2h0PSIxMDBweCIgc3R5bGU9InZpc2liaWxpdHk6IHZpc2libGU7Ij4KPC9sZWdlbmQ+\"><br> <legend class=\"Said1\"> <img src=\"http:\/\/desertcameltours.com\/wp-content\/uploads\/2017\/07\/camel-icon-1.png\" width=\"13%\" height=\"100px\" style=\"visibility: visible;\">Viaje un dia a Essaouira\n<img src=\"http:\/\/desertcameltours.com\/wp-content\/uploads\/2017\/07\/camel-icon.png\" width=\"13%\" height=\"100px\" style=\"visibility: visible;\">\n<\/legend><\/div>\n<\/div>\n<\/div>\n<p>Tome un tour privado y disfrutar del tratamiento VIP. Su propia gu\u00eda, totalmente calificada y acreditada, le permitir\u00e1 experimentar Essaouira de la mejor manera posible. Nuestras excursiones de un d\u00eda privado y actividades le permitir\u00e1 disfrutar de las bellezas de marruecos \u2013 y tener un d\u00eda realmente encantador!<\/p>\n<p>Usted puede tomar constantemente un tour personalizado para adaptarse perfectamente a su necesidad. Nuestros coches y nuestros furgonetas est\u00e1n dispuestos a darle el servicio con los conductores especiales que conocen muy bien Essaouira. Esta es la oportunidad de tener una divertida y relajante jornada de Marrakesh.<\/p>\n<p><strong>Destin<\/strong>o: Essaouira<br \/>\n<strong>Disponibilidad:<\/strong> todos los d\u00edas a las 9 am<br \/>\n<strong>La hora de recogida:<\/strong> 8:30 am<br \/>\n<strong>Duraci\u00f3n:<\/strong> 8 horas<br \/>\n<strong>Ropa:<\/strong> Ropa c\u00f3moda, zapatos c\u00f3modos, sombrero, chaqueta y protector solar.<\/p>\n<h4>Informaci\u00f3n:<\/h4>\n<p><b>Reflejos:<\/b><\/p>\n<ol>\n<li>\u2022 La Medina de Essaouira fue declarada Patrimonio de la Humanidad por la UNESCO en Marruecos en 2001<\/li>\n<li>\u2022 Disfrute de la paz y el esp\u00edritu de las artes en la ciudad de Essaouira. La medina relativamente tranquila de Essaouria es un lugar magn\u00edfico para serpentear a trav\u00e9s de una antigua medina marroqu\u00ed llena de color y car\u00e1cter con pocos encuentros con los propietarios de tiendas insistente.<\/li>\n<li>\u2022 Visita a los zocos y tiendas de la antigua ciudad portuguesa<\/li>\n<li>\u2022 Encuentra objetos de cedro (tallo y ra\u00edz) con incrustaciones de madera satinada, \u00e9bano, el abul\u00f3n. A continuaci\u00f3n, las l\u00e1mparas y apliques de hierro o cobre a cielo abierto, zapatillas e, inevitablemente, caer de nuevo en el cedro \u2026<\/li>\n<li>\u2022 Explorar el maravilloso aceite de arg\u00e1n en una cooperativa de mujeres.<\/li>\n<li>\u2022 Cruzar la playa y el famoso puerto de Essaouira.<\/li>\n<li>\u2022 Explorar las murallas de la Scala, el mercado municipal, el barrio de joyeros y complejo artesanal. Tiendas a lo largo de las calles venden una gran variedad de hermosos art\u00edculos hechos a mano, tales como productos de madera thuya, ropa bordada y alfombras.<\/li>\n<li>\u2022 Essaouira es conocida como la capital e\u00f3lica del norte de \u00c1frica y con raz\u00f3n. D\u00edas de viento son tan comunes como granos de arena y justo al sur de la Medina son varios lugares para alquilar equipo de surf o para configurar el surf, kitesurf, windsurf o clases de kitesurf.<\/li>\n<\/ol>\n<p>Essaouira est\u00e1 situada en la costa atl\u00e1ntica y ha sido considerada como uno de los mejores anclajes de la costa marroqu\u00ed. Ofrecemos muchas oportunidades para descubrir y responder a todas sus preguntas sobre el deporte cultural, art\u00edstico y e\u00f3lico.<\/p>\n<p>Essaouira tiene Una amplia playa de arena se extiende desde el puerto al sur tambi\u00e9n damos a los visitantes la imagen real de la tradicional Marruecos, por el mercado tradicional y un estilo de vida que no se encuentra en ning\u00fan otro lugar.<\/p>\n<p>Disfrute de un viaje inolvidable a trav\u00e9s de los impresionantes paisajes y es s\u00f3lo para dos y media hora de Marrakech. Es un ejemplo maravillosamente conservado de la arquitectura del siglo XVIII y. No dude en hacer su primer paso para visitar este incre\u00edble Patrimonio de la Humanidad en Marruecos.<\/p>\n<div class=\"pbs-row\" style=\"min-height: 200px;\">\n<div class=\"pbs-col\" style=\"flex-basis: 50%; justify-content: center;\">\n<h4>Que esta incluido:<\/h4>\n<ul>\n<li>\u2022 Salida desde su hotel o riad en veh\u00edculo privado, conductor de habla espa\u00f1ola<\/li>\n<li>\u2022 Transporte<\/li>\n<\/ul>\n<\/div>\n<div class=\"pbs-col\" style=\"flex-basis: 50%; justify-content: center;\">\n<h3><span style=\"color: #ff642d;\">Lo que no est\u00e1 incluido:<\/span><\/h3>\n<ul>\n<li>\u2022 Almuerzo entre 5 y 15 euros<\/li>\n<li>\u2022 Gastos personales<\/li>\n<li>\u2022 Bebidas<\/li>\n<li>\u2022 Consejos<\/li>\n<li>\u2022 Todos los extras no mencionados en el programa<\/li>\n<\/ul>\n<\/div>\n<\/div>\n<div class=\"pbs-row\" style=\"min-height: 200px;\">\n<div class=\"pbs-col\" style=\"flex-basis: 50%; justify-content: center;\">\n<h4>Itinerarios:<\/h4>\n<p><iframe loading=\"lazy\" style=\"border: 0;\" src=\"https:\/\/www.google.com\/maps\/embed?pb=!1m24!1m8!1m3!1d13086236.07327037!2d-17.659842!3d36.797383!3m2!1i1024!2i768!4f13.1!4m13!3e0!4m5!1s0xdafee8d96179e51%3A0x5950b6534f87adb8!2sMarrakech%2C+Maroc!3m2!1d31.6294723!2d-7.9810845!4m5!1s0xdad9a4e9f588ccf%3A0x57421a176d5d7d30!2sEssaouira%2C+Maroc!3m2!1d31.5084926!2d-9.7595041!5e0!3m2!1sfr!2sus!4v1499481728376\" width=\"100%\" height=\"600px\" frameborder=\"0\" allowfullscreen=\"allowfullscreen\"><\/iframe><\/p>\n<\/div>\n<div class=\"pbs-col\" style=\"flex-basis: 50%; justify-content: center;\">\n<h4>Reservamos este tour:<\/h4>\n\n<div class=\"wpcf7 no-js\" id=\"wpcf7-f861-o1\" lang=\"en-US\" dir=\"ltr\">\n<div class=\"screen-reader-response\"><p role=\"status\" aria-live=\"polite\" aria-atomic=\"true\"><\/p> <ul><\/ul><\/div>\n<form action=\"\/es\/wp-json\/wp\/v2\/pages\/686#wpcf7-f861-o1\" method=\"post\" class=\"wpcf7-form init\" aria-label=\"Contact form\" novalidate=\"novalidate\" data-status=\"init\">\n<div style=\"display: none;\">\n<input type=\"hidden\" name=\"_wpcf7\" value=\"861\" \/>\n<input type=\"hidden\" name=\"_wpcf7_version\" value=\"5.7.7\" \/>\n<input type=\"hidden\" name=\"_wpcf7_locale\" value=\"en_US\" \/>\n<input type=\"hidden\" name=\"_wpcf7_unit_tag\" value=\"wpcf7-f861-o1\" \/>\n<input type=\"hidden\" name=\"_wpcf7_container_post\" value=\"0\" \/>\n<input type=\"hidden\" name=\"_wpcf7_posted_data_hash\" value=\"\" \/>\n<\/div>\n<p><label> Your Name (required)<br \/>\n<span class=\"wpcf7-form-control-wrap\" data-name=\"your-name\"><input size=\"40\" class=\"wpcf7-form-control wpcf7-text wpcf7-validates-as-required\" aria-required=\"true\" aria-invalid=\"false\" value=\"\" type=\"text\" name=\"your-name\" \/><\/span> <\/label>\n<\/p>\n<p><label> Your Email (required)<br \/>\n<span class=\"wpcf7-form-control-wrap\" data-name=\"your-email\"><input size=\"40\" class=\"wpcf7-form-control wpcf7-text wpcf7-email wpcf7-validates-as-required wpcf7-validates-as-email\" aria-required=\"true\" aria-invalid=\"false\" value=\"\" type=\"email\" name=\"your-email\" \/><\/span> <\/label>\n<\/p>\n<p><label> Subject<br \/>\n<span class=\"wpcf7-form-control-wrap\" data-name=\"your-subject\"><input size=\"40\" class=\"wpcf7-form-control wpcf7-text\" aria-invalid=\"false\" value=\"\" type=\"text\" name=\"your-subject\" \/><\/span> <\/label>\n<\/p>\n<p><label> Your Message<br \/>\n<span class=\"wpcf7-form-control-wrap\" data-name=\"your-message\"><textarea cols=\"40\" rows=\"10\" class=\"wpcf7-form-control wpcf7-textarea\" aria-invalid=\"false\" name=\"your-message\"><\/textarea><\/span> <\/label>\n<\/p>\n<p><input class=\"wpcf7-form-control has-spinner wpcf7-submit\" type=\"submit\" value=\"Send\" \/>\n<\/p><p style=\"display: none !important;\"><label>&#916;<textarea name=\"_wpcf7_ak_hp_textarea\" cols=\"45\" rows=\"8\" maxlength=\"100\"><\/textarea><\/label><input type=\"hidden\" id=\"ak_js_1\" name=\"_wpcf7_ak_js\" value=\"74\"\/><script>document.getElementById( \"ak_js_1\" ).setAttribute( \"value\", ( new Date() ).getTime() );<\/script><\/p><div class=\"wpcf7-response-output\" aria-hidden=\"true\"><\/div>\n<\/form>\n<\/div>\n\n<\/div>\n<\/div>\n<\/div>","protected":false},"excerpt":{"rendered":"<p>Viaje un dia a Essaouira Tome un tour privado y disfrutar del tratamiento VIP. Su propia gu\u00eda, totalmente calificada y acreditada, le permitir\u00e1 experimentar Essaouira de<span class=\"excerpt-hellip\"> [\u2026]<\/span><\/p>\n","protected":false},"author":1,"featured_media":0,"parent":0,"menu_order":0,"comment_status":"closed","ping_status":"closed","template":"","meta":{"ngg_post_thumbnail":0},"aioseo_notices":[],"yoast_head":"<!-- This site is optimized with the Yoast SEO plugin v20.8 - https:\/\/yoast.com\/wordpress\/plugins\/seo\/ -->\n<title>Viaje de un d\u00eda a Essaouira - Desert Camel Tours<\/title>\n<meta name=\"robots\" content=\"index, follow, max-snippet:-1, max-image-preview:large, max-video-preview:-1\" \/>\n<link rel=\"canonical\" href=\"https:\/\/desertcameltours.com\/es\/viaje-de-un-dia-essaouira\/\" \/>\n<meta property=\"og:locale\" content=\"en_US\" \/>\n<meta property=\"og:type\" content=\"article\" \/>\n<meta property=\"og:title\" content=\"Viaje de un d\u00eda a Essaouira - Desert Camel Tours\" \/>\n<meta property=\"og:description\" content=\"Viaje un dia a Essaouira Tome un tour privado y disfrutar del tratamiento VIP. Su propia gu\u00eda, totalmente calificada y acreditada, le permitir\u00e1 experimentar Essaouira de [\u2026]\" \/>\n<meta property=\"og:url\" content=\"https:\/\/desertcameltours.com\/es\/viaje-de-un-dia-essaouira\/\" \/>\n<meta property=\"og:site_name\" content=\"Desert Camel Tours\" \/>\n<meta property=\"article:modified_time\" content=\"2022-06-17T17:30:52+00:00\" \/>\n<meta name=\"twitter:card\" content=\"summary_large_image\" \/>\n<meta name=\"twitter:label1\" content=\"Est. reading time\" \/>\n\t<meta name=\"twitter:data1\" content=\"3 minutes\" \/>\n<script type=\"application\/ld+json\" class=\"yoast-schema-graph\">{\"@context\":\"https:\/\/schema.org\",\"@graph\":[{\"@type\":\"WebPage\",\"@id\":\"https:\/\/desertcameltours.com\/es\/viaje-de-un-dia-essaouira\/\",\"url\":\"https:\/\/desertcameltours.com\/es\/viaje-de-un-dia-essaouira\/\",\"name\":\"Viaje de un d\u00eda a Essaouira - Desert Camel Tours\",\"isPartOf\":{\"@id\":\"https:\/\/desertcameltours.com\/es\/#website\"},\"datePublished\":\"2017-08-30T01:59:53+00:00\",\"dateModified\":\"2022-06-17T17:30:52+00:00\",\"breadcrumb\":{\"@id\":\"https:\/\/desertcameltours.com\/es\/viaje-de-un-dia-essaouira\/#breadcrumb\"},\"inLanguage\":\"en-US\",\"potentialAction\":[{\"@type\":\"ReadAction\",\"target\":[\"https:\/\/desertcameltours.com\/es\/viaje-de-un-dia-essaouira\/\"]}]},{\"@type\":\"BreadcrumbList\",\"@id\":\"https:\/\/desertcameltours.com\/es\/viaje-de-un-dia-essaouira\/#breadcrumb\",\"itemListElement\":[{\"@type\":\"ListItem\",\"position\":1,\"name\":\"Home\",\"item\":\"https:\/\/desertcameltours.com\/es\/\"},{\"@type\":\"ListItem\",\"position\":2,\"name\":\"Viaje de un d\u00eda a Essaouira\"}]},{\"@type\":\"WebSite\",\"@id\":\"https:\/\/desertcameltours.com\/es\/#website\",\"url\":\"https:\/\/desertcameltours.com\/es\/\",\"name\":\"Desert Camel Tours\",\"description\":\"desert camel tours\",\"potentialAction\":[{\"@type\":\"SearchAction\",\"target\":{\"@type\":\"EntryPoint\",\"urlTemplate\":\"https:\/\/desertcameltours.com\/es\/?s={search_term_string}\"},\"query-input\":\"required name=search_term_string\"}],\"inLanguage\":\"en-US\"}]}<\/script>\n<!-- \/ Yoast SEO plugin. -->","yoast_head_json":{"title":"Viaje de un d\u00eda a Essaouira - Desert Camel Tours","robots":{"index":"index","follow":"follow","max-snippet":"max-snippet:-1","max-image-preview":"max-image-preview:large","max-video-preview":"max-video-preview:-1"},"canonical":"https:\/\/desertcameltours.com\/es\/viaje-de-un-dia-essaouira\/","og_locale":"en_US","og_type":"article","og_title":"Viaje de un d\u00eda a Essaouira - Desert Camel Tours","og_description":"Viaje un dia a Essaouira Tome un tour privado y disfrutar del tratamiento VIP. Su propia gu\u00eda, totalmente calificada y acreditada, le permitir\u00e1 experimentar Essaouira de [\u2026]","og_url":"https:\/\/desertcameltours.com\/es\/viaje-de-un-dia-essaouira\/","og_site_name":"Desert Camel Tours","article_modified_time":"2022-06-17T17:30:52+00:00","twitter_card":"summary_large_image","twitter_misc":{"Est. reading time":"3 minutes"},"schema":{"@context":"https:\/\/schema.org","@graph":[{"@type":"WebPage","@id":"https:\/\/desertcameltours.com\/es\/viaje-de-un-dia-essaouira\/","url":"https:\/\/desertcameltours.com\/es\/viaje-de-un-dia-essaouira\/","name":"Viaje de un d\u00eda a Essaouira - Desert Camel Tours","isPartOf":{"@id":"https:\/\/desertcameltours.com\/es\/#website"},"datePublished":"2017-08-30T01:59:53+00:00","dateModified":"2022-06-17T17:30:52+00:00","breadcrumb":{"@id":"https:\/\/desertcameltours.com\/es\/viaje-de-un-dia-essaouira\/#breadcrumb"},"inLanguage":"en-US","potentialAction":[{"@type":"ReadAction","target":["https:\/\/desertcameltours.com\/es\/viaje-de-un-dia-essaouira\/"]}]},{"@type":"BreadcrumbList","@id":"https:\/\/desertcameltours.com\/es\/viaje-de-un-dia-essaouira\/#breadcrumb","itemListElement":[{"@type":"ListItem","position":1,"name":"Home","item":"https:\/\/desertcameltours.com\/es\/"},{"@type":"ListItem","position":2,"name":"Viaje de un d\u00eda a Essaouira"}]},{"@type":"WebSite","@id":"https:\/\/desertcameltours.com\/es\/#website","url":"https:\/\/desertcameltours.com\/es\/","name":"Desert Camel Tours","description":"desert camel tours","potentialAction":[{"@type":"SearchAction","target":{"@type":"EntryPoint","urlTemplate":"https:\/\/desertcameltours.com\/es\/?s={search_term_string}"},"query-input":"required name=search_term_string"}],"inLanguage":"en-US"}]}},"_links":{"self":[{"href":"https:\/\/desertcameltours.com\/es\/wp-json\/wp\/v2\/pages\/686"}],"collection":[{"href":"https:\/\/desertcameltours.com\/es\/wp-json\/wp\/v2\/pages"}],"about":[{"href":"https:\/\/desertcameltours.com\/es\/wp-json\/wp\/v2\/types\/page"}],"author":[{"embeddable":true,"href":"https:\/\/desertcameltours.com\/es\/wp-json\/wp\/v2\/users\/1"}],"replies":[{"embeddable":true,"href":"https:\/\/desertcameltours.com\/es\/wp-json\/wp\/v2\/comments?post=686"}],"version-history":[{"count":4,"href":"https:\/\/desertcameltours.com\/es\/wp-json\/wp\/v2\/pages\/686\/revisions"}],"predecessor-version":[{"id":1144,"href":"https:\/\/desertcameltours.com\/es\/wp-json\/wp\/v2\/pages\/686\/revisions\/1144"}],"wp:attachment":[{"href":"https:\/\/desertcameltours.com\/es\/wp-json\/wp\/v2\/media?parent=686"}],"curies":[{"name":"wp","href":"https:\/\/api.w.org\/{rel}","templated":true}]}}