{"id":680,"date":"2017-08-30T01:52:58","date_gmt":"2017-08-30T01:52:58","guid":{"rendered":"http:\/\/desertcameltours.com\/es\/?page_id=680"},"modified":"2022-06-17T17:31:47","modified_gmt":"2022-06-17T17:31:47","slug":"excursion-de-un-dia-ouzoud","status":"publish","type":"page","link":"https:\/\/desertcameltours.com\/es\/excursion-de-un-dia-ouzoud\/","title":{"rendered":"Excursi\u00f3n de un d\u00eda a Ouzoud"},"content":{"rendered":"<div class=\"pbs-main-wrapper\"><div class=\"pbs-row\" style=\"min-height: 200px;\">\n<div class=\"pbs-col\" style=\"justify-content: center;\">\n<div data-ce-tag=\"html\" data-html=\"PGJyPiA8bGVnZW5kIGNsYXNzPSJTYWlkMSI+IDxpbWcgc3JjPSJodHRwOi8vZGVzZXJ0Y2FtZWx0b3Vycy5jb20vd3AtY29udGVudC91cGxvYWRzLzIwMTcvMDcvY2FtZWwtaWNvbi0xLnBuZyIgd2lkdGg9IjEzJSIgaGVpZ2h0PSIxMDBweCIgc3R5bGU9InZpc2liaWxpdHk6IHZpc2libGU7Ij5FeGN1cnNpb24gdW4gZGlhIGEgT3V6b3VkCjxpbWcgc3JjPSJodHRwOi8vZGVzZXJ0Y2FtZWx0b3Vycy5jb20vd3AtY29udGVudC91cGxvYWRzLzIwMTcvMDcvY2FtZWwtaWNvbi5wbmciIHdpZHRoPSIxMyUiIGhlaWdodD0iMTAwcHgiIHN0eWxlPSJ2aXNpYmlsaXR5OiB2aXNpYmxlOyI+CjwvbGVnZW5kPg==\"><br> <legend class=\"Said1\"> <img src=\"http:\/\/desertcameltours.com\/wp-content\/uploads\/2017\/07\/camel-icon-1.png\" width=\"13%\" height=\"100px\" style=\"visibility: visible;\">Excursion un dia a Ouzoud\n<img src=\"http:\/\/desertcameltours.com\/wp-content\/uploads\/2017\/07\/camel-icon.png\" width=\"13%\" height=\"100px\" style=\"visibility: visible;\">\n<\/legend><\/div>\n<\/div>\n<\/div>\n<p>Tome un tour privado a las cataratas de ouzoud y disfrute del tratamiento VIP. Su propia gu\u00eda, totalmente calificada y acreditada, le permitir\u00e1 experimentar Cataratas Ouzoud de la mejor manera posible. Nuestras excursiones de un d\u00eda privado y actividades le permitir\u00e1 disfrutar de las bellezas de marruecos \u2013 y tener un d\u00eda realmente encantador! Esta es la oportunidad de descubrir el encanto de la monta\u00f1a del Medio Atlas.<\/p>\n<p><strong>Lugar de destino<\/strong>: Ouzoud<br \/>\n<strong>Disponibilidad<\/strong>: todos los d\u00edas<br \/>\n<strong>El tiempo de recogida<\/strong>: 9 am<br \/>\n<strong>Duraci\u00f3n<\/strong>: 1 d\u00eda<\/p>\n<p><strong>Ropa:<\/strong> Ropa c\u00f3moda, zapatos c\u00f3modos, sombrero, chaqueta y protector solar.<\/p>\n<h4>Informaci\u00f3n:<\/h4>\n<p><b>Reflejos:<\/b><\/p>\n<ol>\n<li>\u2022 Visite las cascadas de Ouzoud y disfrute de la belleza del Alto Atlas.<\/li>\n<li>\u2022 Disfrutar de fascinantes vistas panor\u00e1micas desde la parte superior de las Cataratas.<\/li>\n<li>\u2022 Senderismo en el pie hasta la cima de las cascadas.<\/li>\n<li>\u2022 Admire la autenticidad del peque\u00f1o pueblo de ouzoud<\/li>\n<li>\u2022 Conoce a toda una familia de monos que viven en la regi\u00f3n.<\/li>\n<li>\u2022 Disfrute de una comida local en un restaurante tradicional con vistas panor\u00e1micas a las cascadas.<\/li>\n<\/ol>\n<p>Las cataratas de Ouzoud est\u00e1n situadas a 170Km de Marrakech en el centro del Atlas, una de las m\u00e1s atractivas y seleccionadas excursiones desde Marrakech. Despu\u00e9s de 2,5 horas de viaje en veh\u00edculo privado (4\u00d74 o minib\u00fas), podr\u00e1 descubrir las cataratas m\u00e1s altas de Marruecos pasando por pueblos rurales y fascinantes paisajes monta\u00f1osos. Usted tendr\u00e1 la oportunidad de ir en una caminata alrededor de las cataratas, montar los barcos locales para cruzar el r\u00edo, o trek durante 2 horas para llegar a la fuente de las ca\u00eddas. Admire el arco iris que rodea las cascadas y aseg\u00farese de visitar los monos que viven en la zona. Disfrute de la degustaci\u00f3n de platos locales en un restaurante tradicional frente a las cascadas. Despu\u00e9s de una relajante y relajante tarde regresamos a Marrakech.<\/p>\n<div class=\"pbs-row\" style=\"min-height: 200px;\">\n<div class=\"pbs-col\" style=\"flex-basis: 50%; justify-content: center;\">\n<h4 style=\"margin-top: -17px;\">Que esta incluido:<\/h4>\n<ul>\n<li>\u2022 Salir de su hotel en coche privado (4\u00d74 o minib\u00fas)<\/li>\n<li>\u2022 Un conductor que habla Espa\u00f1a<\/li>\n<li>\u2022 Regreso al hotel.<\/li>\n<\/ul>\n<\/div>\n<div class=\"pbs-col\" style=\"flex-basis: 50%; justify-content: center;\">\n<h3><span style=\"color: #ff642d;\">Lo que no est\u00e1 incluido:<\/span><\/h3>\n<ul>\n<li>\u2022 Almuerzo de 2 a 10 euros men\u00fa completo<\/li>\n<li>\u2022 Balsas de 2 euros por persona<\/li>\n<li>\u2022 Gu\u00eda de 6 a 10 euros para el grupo<\/li>\n<li>\u2022 Bebidas<\/li>\n<\/ul>\n<\/div>\n<\/div>\n<div class=\"pbs-row\" style=\"min-height: 200px;\">\n<div class=\"pbs-col\" style=\"flex-basis: 50%; justify-content: center;\">\n<h4>Itinerarios:<\/h4>\n<p><iframe loading=\"lazy\" style=\"border: 0;\" src=\"https:\/\/www.google.com\/maps\/embed?pb=!1m24!1m8!1m3!1d867870.3717692471!2d-7.354387!3d31.821762!3m2!1i1024!2i768!4f13.1!4m13!3e0!4m5!1s0xdafee8d96179e51%3A0x5950b6534f87adb8!2sMarrakech%2C+Maroc!3m2!1d31.6294723!2d-7.9810845!4m5!1s0xda48d6c7dbd3851%3A0x6e9e0fe22217dc35!2sCascade+d'Ouzoud%2C+Maroc!3m2!1d32.0152979!2d-6.719755999999999!5e0!3m2!1sfr!2sus!4v1499482144894\" width=\"100%\" height=\"600\" frameborder=\"0\" allowfullscreen=\"allowfullscreen\"><\/iframe><\/p>\n<\/div>\n<div class=\"pbs-col\" style=\"flex-basis: 50%; justify-content: center;\">\n<h4 style=\"margin-top: -217px;\">Reservamos este tour :<\/h4>\n\n<div class=\"wpcf7 no-js\" id=\"wpcf7-f861-o1\" lang=\"en-US\" dir=\"ltr\">\n<div class=\"screen-reader-response\"><p role=\"status\" aria-live=\"polite\" aria-atomic=\"true\"><\/p> <ul><\/ul><\/div>\n<form action=\"\/es\/wp-json\/wp\/v2\/pages\/680#wpcf7-f861-o1\" method=\"post\" class=\"wpcf7-form init\" aria-label=\"Contact form\" novalidate=\"novalidate\" data-status=\"init\">\n<div style=\"display: none;\">\n<input type=\"hidden\" name=\"_wpcf7\" value=\"861\" \/>\n<input type=\"hidden\" name=\"_wpcf7_version\" value=\"5.7.7\" \/>\n<input type=\"hidden\" name=\"_wpcf7_locale\" value=\"en_US\" \/>\n<input type=\"hidden\" name=\"_wpcf7_unit_tag\" value=\"wpcf7-f861-o1\" \/>\n<input type=\"hidden\" name=\"_wpcf7_container_post\" value=\"0\" \/>\n<input type=\"hidden\" name=\"_wpcf7_posted_data_hash\" value=\"\" \/>\n<\/div>\n<p><label> Your Name (required)<br \/>\n<span class=\"wpcf7-form-control-wrap\" data-name=\"your-name\"><input size=\"40\" class=\"wpcf7-form-control wpcf7-text wpcf7-validates-as-required\" aria-required=\"true\" aria-invalid=\"false\" value=\"\" type=\"text\" name=\"your-name\" \/><\/span> <\/label>\n<\/p>\n<p><label> Your Email (required)<br \/>\n<span class=\"wpcf7-form-control-wrap\" data-name=\"your-email\"><input size=\"40\" class=\"wpcf7-form-control wpcf7-text wpcf7-email wpcf7-validates-as-required wpcf7-validates-as-email\" aria-required=\"true\" aria-invalid=\"false\" value=\"\" type=\"email\" name=\"your-email\" \/><\/span> <\/label>\n<\/p>\n<p><label> Subject<br \/>\n<span class=\"wpcf7-form-control-wrap\" data-name=\"your-subject\"><input size=\"40\" class=\"wpcf7-form-control wpcf7-text\" aria-invalid=\"false\" value=\"\" type=\"text\" name=\"your-subject\" \/><\/span> <\/label>\n<\/p>\n<p><label> Your Message<br \/>\n<span class=\"wpcf7-form-control-wrap\" data-name=\"your-message\"><textarea cols=\"40\" rows=\"10\" class=\"wpcf7-form-control wpcf7-textarea\" aria-invalid=\"false\" name=\"your-message\"><\/textarea><\/span> <\/label>\n<\/p>\n<p><input class=\"wpcf7-form-control has-spinner wpcf7-submit\" type=\"submit\" value=\"Send\" \/>\n<\/p><p style=\"display: none !important;\"><label>&#916;<textarea name=\"_wpcf7_ak_hp_textarea\" cols=\"45\" rows=\"8\" maxlength=\"100\"><\/textarea><\/label><input type=\"hidden\" id=\"ak_js_1\" name=\"_wpcf7_ak_js\" value=\"133\"\/><script>document.getElementById( \"ak_js_1\" ).setAttribute( \"value\", ( new Date() ).getTime() );<\/script><\/p><div class=\"wpcf7-response-output\" aria-hidden=\"true\"><\/div>\n<\/form>\n<\/div>\n\n<\/div>\n<\/div>\n<\/div>","protected":false},"excerpt":{"rendered":"<p>Excursion un dia a Ouzoud Tome un tour privado a las cataratas de ouzoud y disfrute del tratamiento VIP. Su propia gu\u00eda, totalmente calificada y acreditada,<span class=\"excerpt-hellip\"> [\u2026]<\/span><\/p>\n","protected":false},"author":1,"featured_media":0,"parent":0,"menu_order":0,"comment_status":"closed","ping_status":"closed","template":"","meta":{"ngg_post_thumbnail":0},"aioseo_notices":[],"yoast_head":"<!-- This site is optimized with the Yoast SEO plugin v20.8 - https:\/\/yoast.com\/wordpress\/plugins\/seo\/ -->\n<title>Excursi\u00f3n de un d\u00eda a Ouzoud - Desert Camel Tours<\/title>\n<meta name=\"robots\" content=\"index, follow, max-snippet:-1, max-image-preview:large, max-video-preview:-1\" \/>\n<link rel=\"canonical\" href=\"https:\/\/desertcameltours.com\/es\/excursion-de-un-dia-ouzoud\/\" \/>\n<meta property=\"og:locale\" content=\"en_US\" \/>\n<meta property=\"og:type\" content=\"article\" \/>\n<meta property=\"og:title\" content=\"Excursi\u00f3n de un d\u00eda a Ouzoud - Desert Camel Tours\" \/>\n<meta property=\"og:description\" content=\"Excursion un dia a Ouzoud Tome un tour privado a las cataratas de ouzoud y disfrute del tratamiento VIP. Su propia gu\u00eda, totalmente calificada y acreditada, [\u2026]\" \/>\n<meta property=\"og:url\" content=\"https:\/\/desertcameltours.com\/es\/excursion-de-un-dia-ouzoud\/\" \/>\n<meta property=\"og:site_name\" content=\"Desert Camel Tours\" \/>\n<meta property=\"article:modified_time\" content=\"2022-06-17T17:31:47+00:00\" \/>\n<meta name=\"twitter:card\" content=\"summary_large_image\" \/>\n<meta name=\"twitter:label1\" content=\"Est. reading time\" \/>\n\t<meta name=\"twitter:data1\" content=\"2 minutes\" \/>\n<script type=\"application\/ld+json\" class=\"yoast-schema-graph\">{\"@context\":\"https:\/\/schema.org\",\"@graph\":[{\"@type\":\"WebPage\",\"@id\":\"https:\/\/desertcameltours.com\/es\/excursion-de-un-dia-ouzoud\/\",\"url\":\"https:\/\/desertcameltours.com\/es\/excursion-de-un-dia-ouzoud\/\",\"name\":\"Excursi\u00f3n de un d\u00eda a Ouzoud - Desert Camel Tours\",\"isPartOf\":{\"@id\":\"https:\/\/desertcameltours.com\/es\/#website\"},\"datePublished\":\"2017-08-30T01:52:58+00:00\",\"dateModified\":\"2022-06-17T17:31:47+00:00\",\"breadcrumb\":{\"@id\":\"https:\/\/desertcameltours.com\/es\/excursion-de-un-dia-ouzoud\/#breadcrumb\"},\"inLanguage\":\"en-US\",\"potentialAction\":[{\"@type\":\"ReadAction\",\"target\":[\"https:\/\/desertcameltours.com\/es\/excursion-de-un-dia-ouzoud\/\"]}]},{\"@type\":\"BreadcrumbList\",\"@id\":\"https:\/\/desertcameltours.com\/es\/excursion-de-un-dia-ouzoud\/#breadcrumb\",\"itemListElement\":[{\"@type\":\"ListItem\",\"position\":1,\"name\":\"Home\",\"item\":\"https:\/\/desertcameltours.com\/es\/\"},{\"@type\":\"ListItem\",\"position\":2,\"name\":\"Excursi\u00f3n de un d\u00eda a Ouzoud\"}]},{\"@type\":\"WebSite\",\"@id\":\"https:\/\/desertcameltours.com\/es\/#website\",\"url\":\"https:\/\/desertcameltours.com\/es\/\",\"name\":\"Desert Camel Tours\",\"description\":\"desert camel tours\",\"potentialAction\":[{\"@type\":\"SearchAction\",\"target\":{\"@type\":\"EntryPoint\",\"urlTemplate\":\"https:\/\/desertcameltours.com\/es\/?s={search_term_string}\"},\"query-input\":\"required name=search_term_string\"}],\"inLanguage\":\"en-US\"}]}<\/script>\n<!-- \/ Yoast SEO plugin. -->","yoast_head_json":{"title":"Excursi\u00f3n de un d\u00eda a Ouzoud - Desert Camel Tours","robots":{"index":"index","follow":"follow","max-snippet":"max-snippet:-1","max-image-preview":"max-image-preview:large","max-video-preview":"max-video-preview:-1"},"canonical":"https:\/\/desertcameltours.com\/es\/excursion-de-un-dia-ouzoud\/","og_locale":"en_US","og_type":"article","og_title":"Excursi\u00f3n de un d\u00eda a Ouzoud - Desert Camel Tours","og_description":"Excursion un dia a Ouzoud Tome un tour privado a las cataratas de ouzoud y disfrute del tratamiento VIP. Su propia gu\u00eda, totalmente calificada y acreditada, [\u2026]","og_url":"https:\/\/desertcameltours.com\/es\/excursion-de-un-dia-ouzoud\/","og_site_name":"Desert Camel Tours","article_modified_time":"2022-06-17T17:31:47+00:00","twitter_card":"summary_large_image","twitter_misc":{"Est. reading time":"2 minutes"},"schema":{"@context":"https:\/\/schema.org","@graph":[{"@type":"WebPage","@id":"https:\/\/desertcameltours.com\/es\/excursion-de-un-dia-ouzoud\/","url":"https:\/\/desertcameltours.com\/es\/excursion-de-un-dia-ouzoud\/","name":"Excursi\u00f3n de un d\u00eda a Ouzoud - Desert Camel Tours","isPartOf":{"@id":"https:\/\/desertcameltours.com\/es\/#website"},"datePublished":"2017-08-30T01:52:58+00:00","dateModified":"2022-06-17T17:31:47+00:00","breadcrumb":{"@id":"https:\/\/desertcameltours.com\/es\/excursion-de-un-dia-ouzoud\/#breadcrumb"},"inLanguage":"en-US","potentialAction":[{"@type":"ReadAction","target":["https:\/\/desertcameltours.com\/es\/excursion-de-un-dia-ouzoud\/"]}]},{"@type":"BreadcrumbList","@id":"https:\/\/desertcameltours.com\/es\/excursion-de-un-dia-ouzoud\/#breadcrumb","itemListElement":[{"@type":"ListItem","position":1,"name":"Home","item":"https:\/\/desertcameltours.com\/es\/"},{"@type":"ListItem","position":2,"name":"Excursi\u00f3n de un d\u00eda a Ouzoud"}]},{"@type":"WebSite","@id":"https:\/\/desertcameltours.com\/es\/#website","url":"https:\/\/desertcameltours.com\/es\/","name":"Desert Camel Tours","description":"desert camel tours","potentialAction":[{"@type":"SearchAction","target":{"@type":"EntryPoint","urlTemplate":"https:\/\/desertcameltours.com\/es\/?s={search_term_string}"},"query-input":"required name=search_term_string"}],"inLanguage":"en-US"}]}},"_links":{"self":[{"href":"https:\/\/desertcameltours.com\/es\/wp-json\/wp\/v2\/pages\/680"}],"collection":[{"href":"https:\/\/desertcameltours.com\/es\/wp-json\/wp\/v2\/pages"}],"about":[{"href":"https:\/\/desertcameltours.com\/es\/wp-json\/wp\/v2\/types\/page"}],"author":[{"embeddable":true,"href":"https:\/\/desertcameltours.com\/es\/wp-json\/wp\/v2\/users\/1"}],"replies":[{"embeddable":true,"href":"https:\/\/desertcameltours.com\/es\/wp-json\/wp\/v2\/comments?post=680"}],"version-history":[{"count":7,"href":"https:\/\/desertcameltours.com\/es\/wp-json\/wp\/v2\/pages\/680\/revisions"}],"predecessor-version":[{"id":1147,"href":"https:\/\/desertcameltours.com\/es\/wp-json\/wp\/v2\/pages\/680\/revisions\/1147"}],"wp:attachment":[{"href":"https:\/\/desertcameltours.com\/es\/wp-json\/wp\/v2\/media?parent=680"}],"curies":[{"name":"wp","href":"https:\/\/api.w.org\/{rel}","templated":true}]}}