{"id":672,"date":"2017-08-29T19:20:05","date_gmt":"2017-08-29T19:20:05","guid":{"rendered":"http:\/\/desertcameltours.com\/es\/?page_id=672"},"modified":"2022-06-17T17:27:20","modified_gmt":"2022-06-17T17:27:20","slug":"ait-benhaddou-viaje-de-un-dia","status":"publish","type":"page","link":"https:\/\/desertcameltours.com\/es\/ait-benhaddou-viaje-de-un-dia\/","title":{"rendered":"Ait Benhaddou Viaje de un d\u00eda"},"content":{"rendered":"<div class=\"pbs-main-wrapper\"><div class=\"pbs-row\" style=\"min-height: 200px;\">\n<div class=\"pbs-col\" style=\"justify-content: center;\">\n<div data-ce-tag=\"html\" data-html=\"PGJyPiA8bGVnZW5kIGNsYXNzPSJTYWlkMSI+IDxpbWcgc3JjPSJodHRwOi8vZGVzZXJ0Y2FtZWx0b3Vycy5jb20vd3AtY29udGVudC91cGxvYWRzLzIwMTcvMDcvY2FtZWwtaWNvbi0xLnBuZyIgd2lkdGg9IjEzJSIgaGVpZ2h0PSIxMDBweCIgc3R5bGU9InZpc2liaWxpdHk6IHZpc2libGU7Ij5WaWFqZSBhIEFpdCBCZW4gSGFkZG91PGltZyBzcmM9Imh0dHA6Ly9kZXNlcnRjYW1lbHRvdXJzLmNvbS93cC1jb250ZW50L3VwbG9hZHMvMjAxNy8wNy9jYW1lbC1pY29uLnBuZyIgd2lkdGg9IjEzJSIgaGVpZ2h0PSIxMDBweCIgc3R5bGU9InZpc2liaWxpdHk6IHZpc2libGU7Ij4KPC9sZWdlbmQ+\"><br> <legend class=\"Said1\"> <img src=\"http:\/\/desertcameltours.com\/wp-content\/uploads\/2017\/07\/camel-icon-1.png\" width=\"13%\" height=\"100px\" style=\"visibility: visible;\">Viaje a Ait Ben Haddou<img src=\"http:\/\/desertcameltours.com\/wp-content\/uploads\/2017\/07\/camel-icon.png\" width=\"13%\" height=\"100px\" style=\"visibility: visible;\">\n<\/legend><\/div>\n<\/div>\n<\/div>\n<p>Tome un tour privado de Ouarzazate y Kasbah Ait Ben Haddou y disfrutar del tratamiento VIP. Su gu\u00eda de conductor, totalmente cualificado y acreditado, descubrir\u00e1 Ouarzazate y Ait Ben Haddou Kasbah de la mejor manera posible.<\/p>\n<p><strong>Destino:<\/strong> Ouarzazate y Ait Ben Haddou Kasbah<br \/>\n<strong>Disponibilidad:<\/strong> Todos los d\u00edas en 8:00 am<br \/>\n<strong>El momento de la recolecci\u00f3n:<\/strong> 7:30 am<br \/>\n<strong>Duraci\u00f3n:<\/strong> Un d\u00eda<br \/>\n<strong>Ropa:<\/strong> Ropa c\u00f3moda, zapatos c\u00f3modos, sombrero, chaqueta y protector solar.<\/p>\n<h4>Informaci\u00f3n:<\/h4>\n<p><b>Reflejos:<\/b><\/p>\n<ol>\n<li>\u2022 Explore una ruta esc\u00e9nica, pasando por el Alto Atlas a trav\u00e9s del cuello Tichka ubicado a 2260 m de altitud.<\/li>\n<li>\u2022 Visite la antigua Kasbah Telouet, situada cerca de un peque\u00f1o pueblo bereber.<\/li>\n<li>\u2022 Cruce un antiguo sendero de caravanas y llegue a la Kasbah Ait Ben Haddou.<\/li>\n<li>\u2022 Descubra el estilo de vida de los n\u00f3madas del desierto.<\/li>\n<li>\u2022 Almuerzo en un restaurante t\u00edpico.<\/li>\n<\/ol>\n<p>Por la ma\u00f1ana salida para Ait benhadou y Telouet Kasbahs viaje de un d\u00eda que te lleva a trav\u00e9s de la cadena de las monta\u00f1as del Alto Atlas y sobre el famoso paso Tizi-n-Tichka (2260 m). A lo largo de la carretera se puede ver los pueblos bereberes dispersos a lo largo de la ladera de las monta\u00f1as.<\/p>\n<p>Despu\u00e9s del paso de Tichka 2262m, salimos de la carretera principal y tomamos un camino lateral al Kasbah Telouet, que perteneci\u00f3 a la Pacha del Atlas, el Glaoui, que se encuentra en ruinas despu\u00e9s de que el \u00faltimo Pasha huy\u00f3 del pa\u00eds despu\u00e9s de la salida de los franceses . Desde all\u00ed continuaremos para el almuerzo en Ait Ben Haddou a lo largo de la carretera reci\u00e9n asfaltada. La tarde se pasa explorando el Patrimonio de la Humanidad de la UNESCO de Ait Benhaddou, Esta es la m\u00e1s famosa de todas las kasbahs marroqu\u00edes, en gran parte debido a su aparici\u00f3n en muchos blockbusters de Hollywood. Era una de las fortalezas m\u00e1s importantes de la fortaleza en las viejas rutas de la caravana del camino de la sal, donde los comerciantes trajeron esclavos, oro, marfil y sal del \u00c1frica subsahariana a Marrakesh y m\u00e1s all\u00e1. Despu\u00e9s del almuerzo de regreso a Marrakesh.<\/p>\n<div class=\"pbs-row\" style=\"min-height: 200px;\">\n<div class=\"pbs-col\" style=\"flex-basis: 50%; justify-content: center;\">\n<h4>Que esta incluido:<\/h4>\n<ul>\n<li>\u2022 Salida de su hotel o Riad en veh\u00edculo privado, conductor que habla en Espa\u00f1a<\/li>\n<li>\u2022 Transporte desde \/ hacia su alojamiento<\/li>\n<\/ul>\n<\/div>\n<div class=\"pbs-col\" style=\"flex-basis: 50%; justify-content: center;\">\n<h3><span style=\"color: #ff642d;\">Lo que no est\u00e1 incluido:<\/span><\/h3>\n<ul>\n<li>\u2022 Almuerzo entre 5 y 15 Euros<\/li>\n<li>\u2022 Visita guiada al Kasbah Ait Ben Haddou 2 Euros<\/li>\n<li>\u2022 Bebidas<\/li>\n<li>\u2022 Actividades opcionales<\/li>\n<li>\u2022 Gastos personales<\/li>\n<\/ul>\n<\/div>\n<\/div>\n<div class=\"pbs-row\" style=\"min-height: 200px;\">\n<div class=\"pbs-col\" style=\"flex-basis: 50%; justify-content: center;\">\n<div data-ce-tag=\"html\" data-html=\"PGg0Pkl0aW5lcmFyaW9zOjwvaDQ+CjxpZnJhbWUgc3R5bGU9ImJvcmRlcjogMDsiIHNyYz0iaHR0cHM6Ly93d3cuZ29vZ2xlLmNvbS9tYXBzL2VtYmVkP3BiPSExbTM2ITFtOCExbTMhMWQzNTEwODgxLjYzOTIyOTkxMiEyZC04Ljg2OTM2MDAwMDAwMDAwMiEzZDMwLjc1Nzg2NiEzbTIhMWkxMDI0ITJpNzY4ITRmMTMuMSE0bTI1ITNlMCE0bTUhMXMweGRhZmVlOGQ5NjE3OWU1MSUzQTB4NTk1MGI2NTM0Zjg3YWRiOCEyc01hcnJha2VjaCUyQytNYXJvYyEzbTIhMWQzMS42Mjk0NzIzITJkLTcuOTgxMDg0NSE0bTUhMXMweGRiYWUwNjEyMDQxMTQzOSUzQTB4NGQwOTBmNjRhMGVjMTIzYSEyc0ElQzMlQUZ0K0JlbitIYWRkb3UlMkMrTWFyb2MhM20yITFkMzEuMDQ3MDQzITJkLTcuMTMxODk5NiE0bTUhMXMweGRiYjEwNDA3NzQyMjA1NyUzQTB4MjZiM2NiNTI5YjM3YWIwMCEyc091YXJ6YXphdGUlMkMrTWFyb2MhM20yITFkMzAuOTMzNTQzNiEyZC02LjkzNzAxNiE0bTUhMXMweGRiYjEwNDAxOWU1ZjFiMyUzQTB4ZDMxOThjYWQ4Zjg4M2FkMiEyc0thc2JhaCtUYW91cmlydCUyQytPdWFyemF6YXRlJTJDK01hcm9jITNtMiExZDMwLjkxOTU0NjUhMmQtNi44OTg0NDM1OTk5OTk5OTkhNWUwITNtMiExc2ZyITJzdXMhNHYxNDk5NDc4ODk4MjgxIiB3aWR0aD0iMTAwJSIgaGVpZ2h0PSI2MDBweCIgZnJhbWVib3JkZXI9IjAiIGFsbG93ZnVsbHNjcmVlbj0iYWxsb3dmdWxsc2NyZWVuIj4gPC9pZnJhbWU+\"><h4>Itinerarios:<\/h4>\n<iframe style=\"border: 0;\" src=\"https:\/\/www.google.com\/maps\/embed?pb=!1m36!1m8!1m3!1d3510881.639229912!2d-8.869360000000002!3d30.757866!3m2!1i1024!2i768!4f13.1!4m25!3e0!4m5!1s0xdafee8d96179e51%3A0x5950b6534f87adb8!2sMarrakech%2C+Maroc!3m2!1d31.6294723!2d-7.9810845!4m5!1s0xdbae06120411439%3A0x4d090f64a0ec123a!2sA%C3%AFt+Ben+Haddou%2C+Maroc!3m2!1d31.047043!2d-7.1318996!4m5!1s0xdbb104077422057%3A0x26b3cb529b37ab00!2sOuarzazate%2C+Maroc!3m2!1d30.9335436!2d-6.937016!4m5!1s0xdbb104019e5f1b3%3A0xd3198cad8f883ad2!2sKasbah+Taourirt%2C+Ouarzazate%2C+Maroc!3m2!1d30.9195465!2d-6.898443599999999!5e0!3m2!1sfr!2sus!4v1499478898281\" width=\"100%\" height=\"600px\" frameborder=\"0\" allowfullscreen=\"allowfullscreen\"> <\/iframe><\/div>\n<\/div>\n<div class=\"pbs-col\" style=\"flex-basis: 50%; justify-content: center;\">\n<div data-ce-tag=\"html\" data-html=\"PGg0PlJlc2VydmFtb3MgZXN0ZSB0b3VyIDo8L2g0Pg==\" style=\"margin-top: -187px;\"><h4>Reservamos este tour :<\/h4><\/div>\n\n<div class=\"wpcf7 no-js\" id=\"wpcf7-f861-o1\" lang=\"en-US\" dir=\"ltr\">\n<div class=\"screen-reader-response\"><p role=\"status\" aria-live=\"polite\" aria-atomic=\"true\"><\/p> <ul><\/ul><\/div>\n<form action=\"\/es\/wp-json\/wp\/v2\/pages\/672#wpcf7-f861-o1\" method=\"post\" class=\"wpcf7-form init\" aria-label=\"Contact form\" novalidate=\"novalidate\" data-status=\"init\">\n<div style=\"display: none;\">\n<input type=\"hidden\" name=\"_wpcf7\" value=\"861\" \/>\n<input type=\"hidden\" name=\"_wpcf7_version\" value=\"5.7.7\" \/>\n<input type=\"hidden\" name=\"_wpcf7_locale\" value=\"en_US\" \/>\n<input type=\"hidden\" name=\"_wpcf7_unit_tag\" value=\"wpcf7-f861-o1\" \/>\n<input type=\"hidden\" name=\"_wpcf7_container_post\" value=\"0\" \/>\n<input type=\"hidden\" name=\"_wpcf7_posted_data_hash\" value=\"\" \/>\n<\/div>\n<p><label> Your Name (required)<br \/>\n<span class=\"wpcf7-form-control-wrap\" data-name=\"your-name\"><input size=\"40\" class=\"wpcf7-form-control wpcf7-text wpcf7-validates-as-required\" aria-required=\"true\" aria-invalid=\"false\" value=\"\" type=\"text\" name=\"your-name\" \/><\/span> <\/label>\n<\/p>\n<p><label> Your Email (required)<br \/>\n<span class=\"wpcf7-form-control-wrap\" data-name=\"your-email\"><input size=\"40\" class=\"wpcf7-form-control wpcf7-text wpcf7-email wpcf7-validates-as-required wpcf7-validates-as-email\" aria-required=\"true\" aria-invalid=\"false\" value=\"\" type=\"email\" name=\"your-email\" \/><\/span> <\/label>\n<\/p>\n<p><label> Subject<br \/>\n<span class=\"wpcf7-form-control-wrap\" data-name=\"your-subject\"><input size=\"40\" class=\"wpcf7-form-control wpcf7-text\" aria-invalid=\"false\" value=\"\" type=\"text\" name=\"your-subject\" \/><\/span> <\/label>\n<\/p>\n<p><label> Your Message<br \/>\n<span class=\"wpcf7-form-control-wrap\" data-name=\"your-message\"><textarea cols=\"40\" rows=\"10\" class=\"wpcf7-form-control wpcf7-textarea\" aria-invalid=\"false\" name=\"your-message\"><\/textarea><\/span> <\/label>\n<\/p>\n<p><input class=\"wpcf7-form-control has-spinner wpcf7-submit\" type=\"submit\" value=\"Send\" \/>\n<\/p><p style=\"display: none !important;\"><label>&#916;<textarea name=\"_wpcf7_ak_hp_textarea\" cols=\"45\" rows=\"8\" maxlength=\"100\"><\/textarea><\/label><input type=\"hidden\" id=\"ak_js_1\" name=\"_wpcf7_ak_js\" value=\"79\"\/><script>document.getElementById( \"ak_js_1\" ).setAttribute( \"value\", ( new Date() ).getTime() );<\/script><\/p><div class=\"wpcf7-response-output\" aria-hidden=\"true\"><\/div>\n<\/form>\n<\/div>\n\n<\/div>\n<\/div>\n<\/div>","protected":false},"excerpt":{"rendered":"<p>Viaje a Ait Ben Haddou Tome un tour privado de Ouarzazate y Kasbah Ait Ben Haddou y disfrutar del tratamiento VIP. Su gu\u00eda de conductor, totalmente<span class=\"excerpt-hellip\"> [\u2026]<\/span><\/p>\n","protected":false},"author":1,"featured_media":0,"parent":0,"menu_order":0,"comment_status":"closed","ping_status":"closed","template":"","meta":{"ngg_post_thumbnail":0},"aioseo_notices":[],"yoast_head":"<!-- This site is optimized with the Yoast SEO plugin v20.8 - https:\/\/yoast.com\/wordpress\/plugins\/seo\/ -->\n<title>Ait Benhaddou Viaje de un d\u00eda - Desert Camel Tours<\/title>\n<meta name=\"robots\" content=\"index, follow, max-snippet:-1, max-image-preview:large, max-video-preview:-1\" \/>\n<link rel=\"canonical\" href=\"https:\/\/desertcameltours.com\/es\/ait-benhaddou-viaje-de-un-dia\/\" \/>\n<meta property=\"og:locale\" content=\"en_US\" \/>\n<meta property=\"og:type\" content=\"article\" \/>\n<meta property=\"og:title\" content=\"Ait Benhaddou Viaje de un d\u00eda - Desert Camel Tours\" \/>\n<meta property=\"og:description\" content=\"Viaje a Ait Ben Haddou Tome un tour privado de Ouarzazate y Kasbah Ait Ben Haddou y disfrutar del tratamiento VIP. Su gu\u00eda de conductor, totalmente [\u2026]\" \/>\n<meta property=\"og:url\" content=\"https:\/\/desertcameltours.com\/es\/ait-benhaddou-viaje-de-un-dia\/\" \/>\n<meta property=\"og:site_name\" content=\"Desert Camel Tours\" \/>\n<meta property=\"article:modified_time\" content=\"2022-06-17T17:27:20+00:00\" \/>\n<meta name=\"twitter:card\" content=\"summary_large_image\" \/>\n<meta name=\"twitter:label1\" content=\"Est. reading time\" \/>\n\t<meta name=\"twitter:data1\" content=\"2 minutes\" \/>\n<script type=\"application\/ld+json\" class=\"yoast-schema-graph\">{\"@context\":\"https:\/\/schema.org\",\"@graph\":[{\"@type\":\"WebPage\",\"@id\":\"https:\/\/desertcameltours.com\/es\/ait-benhaddou-viaje-de-un-dia\/\",\"url\":\"https:\/\/desertcameltours.com\/es\/ait-benhaddou-viaje-de-un-dia\/\",\"name\":\"Ait Benhaddou Viaje de un d\u00eda - Desert Camel Tours\",\"isPartOf\":{\"@id\":\"https:\/\/desertcameltours.com\/es\/#website\"},\"datePublished\":\"2017-08-29T19:20:05+00:00\",\"dateModified\":\"2022-06-17T17:27:20+00:00\",\"breadcrumb\":{\"@id\":\"https:\/\/desertcameltours.com\/es\/ait-benhaddou-viaje-de-un-dia\/#breadcrumb\"},\"inLanguage\":\"en-US\",\"potentialAction\":[{\"@type\":\"ReadAction\",\"target\":[\"https:\/\/desertcameltours.com\/es\/ait-benhaddou-viaje-de-un-dia\/\"]}]},{\"@type\":\"BreadcrumbList\",\"@id\":\"https:\/\/desertcameltours.com\/es\/ait-benhaddou-viaje-de-un-dia\/#breadcrumb\",\"itemListElement\":[{\"@type\":\"ListItem\",\"position\":1,\"name\":\"Home\",\"item\":\"https:\/\/desertcameltours.com\/es\/\"},{\"@type\":\"ListItem\",\"position\":2,\"name\":\"Ait Benhaddou Viaje de un d\u00eda\"}]},{\"@type\":\"WebSite\",\"@id\":\"https:\/\/desertcameltours.com\/es\/#website\",\"url\":\"https:\/\/desertcameltours.com\/es\/\",\"name\":\"Desert Camel Tours\",\"description\":\"desert camel tours\",\"potentialAction\":[{\"@type\":\"SearchAction\",\"target\":{\"@type\":\"EntryPoint\",\"urlTemplate\":\"https:\/\/desertcameltours.com\/es\/?s={search_term_string}\"},\"query-input\":\"required name=search_term_string\"}],\"inLanguage\":\"en-US\"}]}<\/script>\n<!-- \/ Yoast SEO plugin. -->","yoast_head_json":{"title":"Ait Benhaddou Viaje de un d\u00eda - Desert Camel Tours","robots":{"index":"index","follow":"follow","max-snippet":"max-snippet:-1","max-image-preview":"max-image-preview:large","max-video-preview":"max-video-preview:-1"},"canonical":"https:\/\/desertcameltours.com\/es\/ait-benhaddou-viaje-de-un-dia\/","og_locale":"en_US","og_type":"article","og_title":"Ait Benhaddou Viaje de un d\u00eda - Desert Camel Tours","og_description":"Viaje a Ait Ben Haddou Tome un tour privado de Ouarzazate y Kasbah Ait Ben Haddou y disfrutar del tratamiento VIP. Su gu\u00eda de conductor, totalmente [\u2026]","og_url":"https:\/\/desertcameltours.com\/es\/ait-benhaddou-viaje-de-un-dia\/","og_site_name":"Desert Camel Tours","article_modified_time":"2022-06-17T17:27:20+00:00","twitter_card":"summary_large_image","twitter_misc":{"Est. reading time":"2 minutes"},"schema":{"@context":"https:\/\/schema.org","@graph":[{"@type":"WebPage","@id":"https:\/\/desertcameltours.com\/es\/ait-benhaddou-viaje-de-un-dia\/","url":"https:\/\/desertcameltours.com\/es\/ait-benhaddou-viaje-de-un-dia\/","name":"Ait Benhaddou Viaje de un d\u00eda - Desert Camel Tours","isPartOf":{"@id":"https:\/\/desertcameltours.com\/es\/#website"},"datePublished":"2017-08-29T19:20:05+00:00","dateModified":"2022-06-17T17:27:20+00:00","breadcrumb":{"@id":"https:\/\/desertcameltours.com\/es\/ait-benhaddou-viaje-de-un-dia\/#breadcrumb"},"inLanguage":"en-US","potentialAction":[{"@type":"ReadAction","target":["https:\/\/desertcameltours.com\/es\/ait-benhaddou-viaje-de-un-dia\/"]}]},{"@type":"BreadcrumbList","@id":"https:\/\/desertcameltours.com\/es\/ait-benhaddou-viaje-de-un-dia\/#breadcrumb","itemListElement":[{"@type":"ListItem","position":1,"name":"Home","item":"https:\/\/desertcameltours.com\/es\/"},{"@type":"ListItem","position":2,"name":"Ait Benhaddou Viaje de un d\u00eda"}]},{"@type":"WebSite","@id":"https:\/\/desertcameltours.com\/es\/#website","url":"https:\/\/desertcameltours.com\/es\/","name":"Desert Camel Tours","description":"desert camel tours","potentialAction":[{"@type":"SearchAction","target":{"@type":"EntryPoint","urlTemplate":"https:\/\/desertcameltours.com\/es\/?s={search_term_string}"},"query-input":"required name=search_term_string"}],"inLanguage":"en-US"}]}},"_links":{"self":[{"href":"https:\/\/desertcameltours.com\/es\/wp-json\/wp\/v2\/pages\/672"}],"collection":[{"href":"https:\/\/desertcameltours.com\/es\/wp-json\/wp\/v2\/pages"}],"about":[{"href":"https:\/\/desertcameltours.com\/es\/wp-json\/wp\/v2\/types\/page"}],"author":[{"embeddable":true,"href":"https:\/\/desertcameltours.com\/es\/wp-json\/wp\/v2\/users\/1"}],"replies":[{"embeddable":true,"href":"https:\/\/desertcameltours.com\/es\/wp-json\/wp\/v2\/comments?post=672"}],"version-history":[{"count":7,"href":"https:\/\/desertcameltours.com\/es\/wp-json\/wp\/v2\/pages\/672\/revisions"}],"predecessor-version":[{"id":1140,"href":"https:\/\/desertcameltours.com\/es\/wp-json\/wp\/v2\/pages\/672\/revisions\/1140"}],"wp:attachment":[{"href":"https:\/\/desertcameltours.com\/es\/wp-json\/wp\/v2\/media?parent=672"}],"curies":[{"name":"wp","href":"https:\/\/api.w.org\/{rel}","templated":true}]}}