{"id":663,"date":"2017-08-29T16:52:38","date_gmt":"2017-08-29T16:52:38","guid":{"rendered":"http:\/\/desertcameltours.com\/es\/?page_id=663"},"modified":"2022-06-17T17:30:43","modified_gmt":"2022-06-17T17:30:43","slug":"viaje-de-un-dia-volubilis","status":"publish","type":"page","link":"https:\/\/desertcameltours.com\/es\/viaje-de-un-dia-volubilis\/","title":{"rendered":"Viaje de un d\u00eda a Volubilis"},"content":{"rendered":"<div class=\"pbs-main-wrapper\"><div class=\"pbs-row\" style=\"min-height: 200px;\">\n<div class=\"pbs-col\" style=\"justify-content: center;\">\n<div data-ce-tag=\"html\" data-html=\"PGJyPiA8bGVnZW5kIGNsYXNzPSJTYWlkMSI+IDxpbWcgc3JjPSJodHRwOi8vZGVzZXJ0Y2FtZWx0b3Vycy5jb20vd3AtY29udGVudC91cGxvYWRzLzIwMTcvMDcvY2FtZWwtaWNvbi0xLnBuZyIgd2lkdGg9IjEzJSIgaGVpZ2h0PSIxMDBweCIgc3R5bGU9InZpc2liaWxpdHk6IHZpc2libGU7Ij5WaWFqZSBkZSB1biBkaWEgYSBWb2x1YmlsaXM8aW1nIHNyYz0iaHR0cDovL2Rlc2VydGNhbWVsdG91cnMuY29tL3dwLWNvbnRlbnQvdXBsb2Fkcy8yMDE3LzA3L2NhbWVsLWljb24ucG5nIiB3aWR0aD0iMTMlIiBoZWlnaHQ9IjEwMHB4IiBzdHlsZT0idmlzaWJpbGl0eTogdmlzaWJsZTsiPgo8L2xlZ2VuZD4=\"><br> <legend class=\"Said1\"> <img src=\"http:\/\/desertcameltours.com\/wp-content\/uploads\/2017\/07\/camel-icon-1.png\" width=\"13%\" height=\"100px\" style=\"visibility: visible;\">Viaje de un dia a Volubilis<img src=\"http:\/\/desertcameltours.com\/wp-content\/uploads\/2017\/07\/camel-icon.png\" width=\"13%\" height=\"100px\" style=\"visibility: visible;\">\n<\/legend><\/div>\n<\/div>\n<\/div>\n<p>Tome un tour privado Mekn\u00e8s Volubilis y disfrutar del tratamiento VIP. Su gu\u00eda de conductor, totalmente calificada y acreditada, le permitir\u00e1 experimentar Mekn\u00e8s y Volubilis de la mejor manera posible.<\/p>\n<p>Explore la ciudad imperial cercana de Meknes, as\u00ed como las ruinas romanas bien conservadas de Volubilis. Vea algunos de los puntos culminantes de Marruecos en este viaje relajado y sin estr\u00e9s.<\/p>\n<p>Nuestros coches y nuestros furgonetas est\u00e1n listos para darle servicio con conductores especiales que conocen muy bien estas ciudades imperiales.<\/p>\n<p><strong>Destino:<\/strong> Meknes Volubilis<br \/>\n<strong>Disponibilidad:<\/strong> Todos los d\u00edas a las 9 am<br \/>\n<strong>El tiempo de recogida:<\/strong>8:30 am<br \/>\n<strong>Duraci\u00f3n:<\/strong> 8 Horas<\/p>\n<p><strong>Ropa:<\/strong> Ropa c\u00f3moda, zapatos c\u00f3modos, sombrero, chaqueta y protector solar<\/p>\n<h4>Informaci\u00f3n:<\/h4>\n<p>Salida del hotel por la ma\u00f1ana despu\u00e9s del desayuno.<\/p>\n<p><b>Visita a Bab El Khemis la Puerta Feliz:<\/b>&nbsp;Era la entrada principal de Medinet Er- Riad El\u2019Anbari, \u201cjard\u00edn de la ciudad de \u00e1mbar\u201d.<\/p>\n<p><b>Paseo por los callejones de la medina:&nbsp;<\/b>Todos ellos conducen a la Gran Mezquita y el Nejjari de dos edificios de gran belleza.<\/p>\n<p><b>Visita al Palacio Idrissi&nbsp;<\/b>(El Mansour) : Esta antigua 19\u00aa cuenta con una visita muy interesante al bazar!<\/p>\n<p><b>Visita a la madrasa Bou Inania:&nbsp;<\/b>, Una obra maestra de arquitectura morisca.<\/p>\n<p><b>Visita al lugar de H\u00e9dim :&nbsp;<\/b>Que alberga el Museo Etnogr\u00e1fico Dar Jamai.<\/p>\n<p><b>Visita al Mausoleo de Moulay Ismail :<\/b>&nbsp;Que alberga la tumba del sult\u00e1n: No te pierdas las grandes salas abiertas y ornamentos de mosaico.<\/p>\n<p><b>Visita a Sahrij Souani :<\/b>&nbsp;Este edificio fue utilizado para almacenar las reservas de alimentos de la ciudad. Usted puede ir en el techo y disfrutar de los hermosos jardines de Meknes.<\/p>\n<p><b>Explore las ruinas romanas de Volubilis y vea los mosaicos bien conservados:<\/b>Este Patrimonio de la Humanidad de la UNESCO es el m\u00e1s grande de su tipo en el norte de \u00c1frica y muy bien conservado<\/p>\n<p><b>Regreso a Fez por la noche.<\/b><\/p>\n<div class=\"pbs-row\" style=\"min-height: 200px;\">\n<div class=\"pbs-col\" style=\"flex-basis: 50%; justify-content: center;\">\n<h4 style=\"margin-top: -42px;\">What is included:<\/h4>\n<ul>\n<li>\u2022 Salida desde su hotel o Riad en veh\u00edculo privado, conductor que habla Espa\u00f1a<\/li>\n<li>\u2022 Transporte en mini bus con aire acondicionado.<\/li>\n<\/ul>\n<\/div>\n<div class=\"pbs-col\" style=\"flex-basis: 50%; justify-content: center;\">\n<h3><span style=\"color: #ff642d;\">What is not included:<\/span><\/h3>\n<ul>\n<li>\u2022 Almuerzo<\/li>\n<li>\u2022 gastos personales<\/li>\n<li>\u2022 Bebidas<\/li>\n<li>\u2022 consejos<\/li>\n<li>\u2022 Todos los extras no mencionados en el programa.<\/li>\n<\/ul>\n<\/div>\n<\/div>\n<div class=\"pbs-row\" style=\"min-height: 200px;\">\n<div class=\"pbs-col\" style=\"flex-basis: 50%; justify-content: center;\">\n<h4>Itinerarios:<\/h4>\n<p><iframe loading=\"lazy\" style=\"border: 0;\" src=\"https:\/\/www.google.com\/maps\/embed?pb=!1m24!1m8!1m3!1d212149.10483667313!2d-5.330776!3d33.816706!3m2!1i1024!2i768!4f13.1!4m13!3e0!4m5!1s0xd9f8b484d445777%3A0x10e6aaaeedd802ef!2zRsOocywgTWFyb2M!3m2!1d34.0181246!2d-5.0078451!4m5!1s0xda044d23bfc49d1%3A0xfbbf80a99e4cde18!2zTWVrbsOocywgTWFyb2M!3m2!1d33.8730164!2d-5.5407299!5e0!3m2!1sfr!2sus!4v1499482531590\" width=\"100%\" height=\"600px\" frameborder=\"0\" allowfullscreen=\"allowfullscreen\"><\/iframe><\/p>\n<\/div>\n<div class=\"pbs-col\" style=\"flex-basis: 50%; justify-content: center;\">\n<h4 style=\"margin-top: -208px;\">Reservamos este tour :<\/h4>\n\n<div class=\"wpcf7 no-js\" id=\"wpcf7-f861-o1\" lang=\"en-US\" dir=\"ltr\">\n<div class=\"screen-reader-response\"><p role=\"status\" aria-live=\"polite\" aria-atomic=\"true\"><\/p> <ul><\/ul><\/div>\n<form action=\"\/es\/wp-json\/wp\/v2\/pages\/663#wpcf7-f861-o1\" method=\"post\" class=\"wpcf7-form init\" aria-label=\"Contact form\" novalidate=\"novalidate\" data-status=\"init\">\n<div style=\"display: none;\">\n<input type=\"hidden\" name=\"_wpcf7\" value=\"861\" \/>\n<input type=\"hidden\" name=\"_wpcf7_version\" value=\"5.7.7\" \/>\n<input type=\"hidden\" name=\"_wpcf7_locale\" value=\"en_US\" \/>\n<input type=\"hidden\" name=\"_wpcf7_unit_tag\" value=\"wpcf7-f861-o1\" \/>\n<input type=\"hidden\" name=\"_wpcf7_container_post\" value=\"0\" \/>\n<input type=\"hidden\" name=\"_wpcf7_posted_data_hash\" value=\"\" \/>\n<\/div>\n<p><label> Your Name (required)<br \/>\n<span class=\"wpcf7-form-control-wrap\" data-name=\"your-name\"><input size=\"40\" class=\"wpcf7-form-control wpcf7-text wpcf7-validates-as-required\" aria-required=\"true\" aria-invalid=\"false\" value=\"\" type=\"text\" name=\"your-name\" \/><\/span> <\/label>\n<\/p>\n<p><label> Your Email (required)<br \/>\n<span class=\"wpcf7-form-control-wrap\" data-name=\"your-email\"><input size=\"40\" class=\"wpcf7-form-control wpcf7-text wpcf7-email wpcf7-validates-as-required wpcf7-validates-as-email\" aria-required=\"true\" aria-invalid=\"false\" value=\"\" type=\"email\" name=\"your-email\" \/><\/span> <\/label>\n<\/p>\n<p><label> Subject<br \/>\n<span class=\"wpcf7-form-control-wrap\" data-name=\"your-subject\"><input size=\"40\" class=\"wpcf7-form-control wpcf7-text\" aria-invalid=\"false\" value=\"\" type=\"text\" name=\"your-subject\" \/><\/span> <\/label>\n<\/p>\n<p><label> Your Message<br \/>\n<span class=\"wpcf7-form-control-wrap\" data-name=\"your-message\"><textarea cols=\"40\" rows=\"10\" class=\"wpcf7-form-control wpcf7-textarea\" aria-invalid=\"false\" name=\"your-message\"><\/textarea><\/span> <\/label>\n<\/p>\n<p><input class=\"wpcf7-form-control has-spinner wpcf7-submit\" type=\"submit\" value=\"Send\" \/>\n<\/p><p style=\"display: none !important;\"><label>&#916;<textarea name=\"_wpcf7_ak_hp_textarea\" cols=\"45\" rows=\"8\" maxlength=\"100\"><\/textarea><\/label><input type=\"hidden\" id=\"ak_js_1\" name=\"_wpcf7_ak_js\" value=\"64\"\/><script>document.getElementById( \"ak_js_1\" ).setAttribute( \"value\", ( new Date() ).getTime() );<\/script><\/p><div class=\"wpcf7-response-output\" aria-hidden=\"true\"><\/div>\n<\/form>\n<\/div>\n\n<\/div>\n<\/div>\n<\/div>","protected":false},"excerpt":{"rendered":"<p>Viaje de un dia a Volubilis Tome un tour privado Mekn\u00e8s Volubilis y disfrutar del tratamiento VIP. Su gu\u00eda de conductor, totalmente calificada y acreditada, le<span class=\"excerpt-hellip\"> [\u2026]<\/span><\/p>\n","protected":false},"author":1,"featured_media":0,"parent":0,"menu_order":0,"comment_status":"closed","ping_status":"closed","template":"","meta":{"ngg_post_thumbnail":0},"aioseo_notices":[],"yoast_head":"<!-- This site is optimized with the Yoast SEO plugin v20.8 - https:\/\/yoast.com\/wordpress\/plugins\/seo\/ -->\n<title>Viaje de un d\u00eda a Volubilis - Desert Camel Tours<\/title>\n<meta name=\"robots\" content=\"index, follow, max-snippet:-1, max-image-preview:large, max-video-preview:-1\" \/>\n<link rel=\"canonical\" href=\"https:\/\/desertcameltours.com\/es\/viaje-de-un-dia-volubilis\/\" \/>\n<meta property=\"og:locale\" content=\"en_US\" \/>\n<meta property=\"og:type\" content=\"article\" \/>\n<meta property=\"og:title\" content=\"Viaje de un d\u00eda a Volubilis - Desert Camel Tours\" \/>\n<meta property=\"og:description\" content=\"Viaje de un dia a Volubilis Tome un tour privado Mekn\u00e8s Volubilis y disfrutar del tratamiento VIP. Su gu\u00eda de conductor, totalmente calificada y acreditada, le [\u2026]\" \/>\n<meta property=\"og:url\" content=\"https:\/\/desertcameltours.com\/es\/viaje-de-un-dia-volubilis\/\" \/>\n<meta property=\"og:site_name\" content=\"Desert Camel Tours\" \/>\n<meta property=\"article:modified_time\" content=\"2022-06-17T17:30:43+00:00\" \/>\n<meta name=\"twitter:card\" content=\"summary_large_image\" \/>\n<meta name=\"twitter:label1\" content=\"Est. reading time\" \/>\n\t<meta name=\"twitter:data1\" content=\"2 minutes\" \/>\n<script type=\"application\/ld+json\" class=\"yoast-schema-graph\">{\"@context\":\"https:\/\/schema.org\",\"@graph\":[{\"@type\":\"WebPage\",\"@id\":\"https:\/\/desertcameltours.com\/es\/viaje-de-un-dia-volubilis\/\",\"url\":\"https:\/\/desertcameltours.com\/es\/viaje-de-un-dia-volubilis\/\",\"name\":\"Viaje de un d\u00eda a Volubilis - Desert Camel Tours\",\"isPartOf\":{\"@id\":\"https:\/\/desertcameltours.com\/es\/#website\"},\"datePublished\":\"2017-08-29T16:52:38+00:00\",\"dateModified\":\"2022-06-17T17:30:43+00:00\",\"breadcrumb\":{\"@id\":\"https:\/\/desertcameltours.com\/es\/viaje-de-un-dia-volubilis\/#breadcrumb\"},\"inLanguage\":\"en-US\",\"potentialAction\":[{\"@type\":\"ReadAction\",\"target\":[\"https:\/\/desertcameltours.com\/es\/viaje-de-un-dia-volubilis\/\"]}]},{\"@type\":\"BreadcrumbList\",\"@id\":\"https:\/\/desertcameltours.com\/es\/viaje-de-un-dia-volubilis\/#breadcrumb\",\"itemListElement\":[{\"@type\":\"ListItem\",\"position\":1,\"name\":\"Home\",\"item\":\"https:\/\/desertcameltours.com\/es\/\"},{\"@type\":\"ListItem\",\"position\":2,\"name\":\"Viaje de un d\u00eda a Volubilis\"}]},{\"@type\":\"WebSite\",\"@id\":\"https:\/\/desertcameltours.com\/es\/#website\",\"url\":\"https:\/\/desertcameltours.com\/es\/\",\"name\":\"Desert Camel Tours\",\"description\":\"desert camel tours\",\"potentialAction\":[{\"@type\":\"SearchAction\",\"target\":{\"@type\":\"EntryPoint\",\"urlTemplate\":\"https:\/\/desertcameltours.com\/es\/?s={search_term_string}\"},\"query-input\":\"required name=search_term_string\"}],\"inLanguage\":\"en-US\"}]}<\/script>\n<!-- \/ Yoast SEO plugin. -->","yoast_head_json":{"title":"Viaje de un d\u00eda a Volubilis - Desert Camel Tours","robots":{"index":"index","follow":"follow","max-snippet":"max-snippet:-1","max-image-preview":"max-image-preview:large","max-video-preview":"max-video-preview:-1"},"canonical":"https:\/\/desertcameltours.com\/es\/viaje-de-un-dia-volubilis\/","og_locale":"en_US","og_type":"article","og_title":"Viaje de un d\u00eda a Volubilis - Desert Camel Tours","og_description":"Viaje de un dia a Volubilis Tome un tour privado Mekn\u00e8s Volubilis y disfrutar del tratamiento VIP. Su gu\u00eda de conductor, totalmente calificada y acreditada, le [\u2026]","og_url":"https:\/\/desertcameltours.com\/es\/viaje-de-un-dia-volubilis\/","og_site_name":"Desert Camel Tours","article_modified_time":"2022-06-17T17:30:43+00:00","twitter_card":"summary_large_image","twitter_misc":{"Est. reading time":"2 minutes"},"schema":{"@context":"https:\/\/schema.org","@graph":[{"@type":"WebPage","@id":"https:\/\/desertcameltours.com\/es\/viaje-de-un-dia-volubilis\/","url":"https:\/\/desertcameltours.com\/es\/viaje-de-un-dia-volubilis\/","name":"Viaje de un d\u00eda a Volubilis - Desert Camel Tours","isPartOf":{"@id":"https:\/\/desertcameltours.com\/es\/#website"},"datePublished":"2017-08-29T16:52:38+00:00","dateModified":"2022-06-17T17:30:43+00:00","breadcrumb":{"@id":"https:\/\/desertcameltours.com\/es\/viaje-de-un-dia-volubilis\/#breadcrumb"},"inLanguage":"en-US","potentialAction":[{"@type":"ReadAction","target":["https:\/\/desertcameltours.com\/es\/viaje-de-un-dia-volubilis\/"]}]},{"@type":"BreadcrumbList","@id":"https:\/\/desertcameltours.com\/es\/viaje-de-un-dia-volubilis\/#breadcrumb","itemListElement":[{"@type":"ListItem","position":1,"name":"Home","item":"https:\/\/desertcameltours.com\/es\/"},{"@type":"ListItem","position":2,"name":"Viaje de un d\u00eda a Volubilis"}]},{"@type":"WebSite","@id":"https:\/\/desertcameltours.com\/es\/#website","url":"https:\/\/desertcameltours.com\/es\/","name":"Desert Camel Tours","description":"desert camel tours","potentialAction":[{"@type":"SearchAction","target":{"@type":"EntryPoint","urlTemplate":"https:\/\/desertcameltours.com\/es\/?s={search_term_string}"},"query-input":"required name=search_term_string"}],"inLanguage":"en-US"}]}},"_links":{"self":[{"href":"https:\/\/desertcameltours.com\/es\/wp-json\/wp\/v2\/pages\/663"}],"collection":[{"href":"https:\/\/desertcameltours.com\/es\/wp-json\/wp\/v2\/pages"}],"about":[{"href":"https:\/\/desertcameltours.com\/es\/wp-json\/wp\/v2\/types\/page"}],"author":[{"embeddable":true,"href":"https:\/\/desertcameltours.com\/es\/wp-json\/wp\/v2\/users\/1"}],"replies":[{"embeddable":true,"href":"https:\/\/desertcameltours.com\/es\/wp-json\/wp\/v2\/comments?post=663"}],"version-history":[{"count":11,"href":"https:\/\/desertcameltours.com\/es\/wp-json\/wp\/v2\/pages\/663\/revisions"}],"predecessor-version":[{"id":1143,"href":"https:\/\/desertcameltours.com\/es\/wp-json\/wp\/v2\/pages\/663\/revisions\/1143"}],"wp:attachment":[{"href":"https:\/\/desertcameltours.com\/es\/wp-json\/wp\/v2\/media?parent=663"}],"curies":[{"name":"wp","href":"https:\/\/api.w.org\/{rel}","templated":true}]}}