{"id":618,"date":"2017-08-29T09:53:36","date_gmt":"2017-08-29T09:53:36","guid":{"rendered":"http:\/\/desertcameltours.com\/es\/?page_id=618"},"modified":"2022-06-17T17:26:59","modified_gmt":"2022-06-17T17:26:59","slug":"atardecer-y-amanecer","status":"publish","type":"page","link":"https:\/\/desertcameltours.com\/es\/atardecer-y-amanecer\/","title":{"rendered":"Atardecer y Amanecer"},"content":{"rendered":"<div class=\"pbs-main-wrapper\"><div data-ce-tag=\"html\" data-html=\"PGJyPgo8bGVnZW5kIGNsYXNzPSJTYWlkMSI+IDxpbWcgc3JjPSJodHRwOi8vZGVzZXJ0Y2FtZWx0b3Vycy5jb20vd3AtY29udGVudC91cGxvYWRzLzIwMTcvMDcvY2FtZWwtaWNvbi0xLnBuZyIgd2lkdGg9IjEzJSIgaGVpZ2h0PSIxMDBweCIgc3R5bGU9InZpc2liaWxpdHk6IHZpc2libGU7Ij4KQVRBUkRFQ0VSIHkgQU1BTkVDRVIKPGltZyBzcmM9Imh0dHA6Ly9kZXNlcnRjYW1lbHRvdXJzLmNvbS93cC1jb250ZW50L3VwbG9hZHMvMjAxNy8wNy9jYW1lbC1pY29uLnBuZyIgd2lkdGg9IjEzJSIgaGVpZ2h0PSIxMDBweCIgc3R5bGU9InZpc2liaWxpdHk6IHZpc2libGU7Ij4KPC9sZWdlbmQ+IDxicj4=\"><br>\n<legend class=\"Said1\"> <img src=\"http:\/\/desertcameltours.com\/wp-content\/uploads\/2017\/07\/camel-icon-1.png\" width=\"13%\" height=\"100px\" style=\"visibility: visible;\">\nATARDECER y AMANECER\n<img src=\"http:\/\/desertcameltours.com\/wp-content\/uploads\/2017\/07\/camel-icon.png\" width=\"13%\" height=\"100px\" style=\"visibility: visible;\">\n<\/legend> <br><\/div>\n<h4>Puesta de sol :<\/h4>\n<p>La puesta de sol tour comienza alrededor de las 5 pm. Se tarda casi media hora para llegar a las dunas de Erg chebbi en la parte superior de un camello. Luego, dejaremos los camellos y en unos 80 metros se llega a la duna m\u00e1s alta de Erg Chebbi Merzouga. Para aquellos que quieran ver una vista panor\u00e1mica, deben subir a la cima. La caminata hasta la cima le llevar\u00e1 otros 10 minutos. Si prefiere no subir las dunas m\u00e1s altas, el \u00e1rea alrededor del camello \u201cestacionamiento\u201d es perfecto para ver la puesta de sol. Despu\u00e9s de disfrutar de la puesta del sol, viaje de regreso al pueblo, parando por los jardines (dependiendo de su deseo).<\/p>\n<div data-ce-tag=\"html\" data-html=\"PGRpdiBjbGFzcz0icGJzLXJvdyIgc3R5bGU9Im1pbi1oZWlnaHQ6IDIwMHB4OyI+PGRpdiBjbGFzcz0icGJzLWNvbCIgc3R5bGU9ImZsZXgtYmFzaXM6IDMzLjMzJTsganVzdGlmeS1jb250ZW50OiBjZW50ZXI7Ij4gPGltZyBhbHQ9IiIgY2xhc3M9ImFsaWduY2VudGVyIHNpemUtbWVkaXVtIHdwLWltYWdlLTMxOCIgaGVpZ2h0PSIyMDAiIHNyYz0iaHR0cDovL2Rlc2VydGNhbWVsdG91cnMuY29tL3dwLWNvbnRlbnQvdXBsb2Fkcy8yMDE3LzA3LzZhZGUyYjA5LTgxODMtNDhiNi1hOTMxLTY2ZGM5ODUxNTc3Mi0zMDB4MjAwLmpwZyIgd2lkdGg9IjMwMCI+IDwvZGl2Pgo8ZGl2IGNsYXNzPSJwYnMtY29sIiBzdHlsZT0iZmxleC1iYXNpczogMzMuMzMlOyBqdXN0aWZ5LWNvbnRlbnQ6IGNlbnRlcjsiPiA8aW1nIGFsdD0iIiBjbGFzcz0iYWxpZ25jZW50ZXIgc2l6ZS1tZWRpdW0gd3AtaW1hZ2UtMzIwIiBoZWlnaHQ9IjE2MiIgc3JjPSJodHRwOi8vZGVzZXJ0Y2FtZWx0b3Vycy5jb20vd3AtY29udGVudC91cGxvYWRzLzIwMTcvMDcvMDg4NTc3NWMtNzc0YS00MWE1LWI2ZWYtMmE3NjUwOTFiYzk3LTMwMHgxNjIuanBnIiB3aWR0aD0iMzAwIj4gPC9kaXY+CjxkaXYgY2xhc3M9InBicy1jb2wiIHN0eWxlPSJmbGV4LWJhc2lzOiAzMy4zMyU7IGp1c3RpZnktY29udGVudDogY2VudGVyOyI+IDxpbWcgYWx0PSIiIGNsYXNzPSJhbGlnbmNlbnRlciBzaXplLW1lZGl1bSB3cC1pbWFnZS0zMjIiIGhlaWdodD0iMjAwIiBzcmM9Imh0dHA6Ly9kZXNlcnRjYW1lbHRvdXJzLmNvbS93cC1jb250ZW50L3VwbG9hZHMvMjAxNy8wNy9lODY3OWJmZS0zZTVlLTQwNTktYWJmOS02ZGY3NzFmYjdmNGItMzAweDIwMC5qcGciIHdpZHRoPSIzMDAiPiA8L2Rpdj48L2Rpdj4=\"><div class=\"pbs-row\" style=\"min-height: 200px;\"><div class=\"pbs-col\" style=\"flex-basis: 33.33%; justify-content: center;\"> <img alt=\"\" class=\"aligncenter size-medium wp-image-318\" height=\"200\" src=\"http:\/\/desertcameltours.com\/wp-content\/uploads\/2017\/07\/6ade2b09-8183-48b6-a931-66dc98515772-300x200.jpg\" width=\"300\"> <\/div>\n<div class=\"pbs-col\" style=\"flex-basis: 33.33%; justify-content: center;\"> <img alt=\"\" class=\"aligncenter size-medium wp-image-320\" height=\"162\" src=\"http:\/\/desertcameltours.com\/wp-content\/uploads\/2017\/07\/0885775c-774a-41a5-b6ef-2a765091bc97-300x162.jpg\" width=\"300\"> <\/div>\n<div class=\"pbs-col\" style=\"flex-basis: 33.33%; justify-content: center;\"> <img alt=\"\" class=\"aligncenter size-medium wp-image-322\" height=\"200\" src=\"http:\/\/desertcameltours.com\/wp-content\/uploads\/2017\/07\/e8679bfe-3e5e-4059-abf9-6df771fb7f4b-300x200.jpg\" width=\"300\"> <\/div><\/div><\/div>\n<h4>Amanecer :<\/h4>\n<p>El amanecer comienza alrededor de las 5 am. Necesitamos unos 30 minutos para llegar al lugar cerca de la duna m\u00e1s alta de Merzouga a los pies o en la espalda de un camello. All\u00ed, durante unos 30 minutos podr\u00e1 disfrutar del nacimiento de un nuevo d\u00eda. Este tour incluye una visita al jard\u00edn en el camino de regreso con desayuno refrescante corto (pan, queso y aceitunas) y t\u00e9 tradicional ber\u00e9ber all\u00ed, y una breve explicaci\u00f3n del sistema de canales. Para esta excursi\u00f3n no es necesario configurar el despertador. Disfrute de su noche y voy a venir a despertarte.<\/p>\n<div data-ce-tag=\"html\" data-html=\"PGRpdiBjbGFzcz0icGJzLXJvdyIgc3R5bGU9Im1pbi1oZWlnaHQ6IDIwMHB4OyI+PGRpdiBjbGFzcz0icGJzLWNvbCIgc3R5bGU9ImZsZXgtYmFzaXM6IDMzLjMzJTsganVzdGlmeS1jb250ZW50OiBjZW50ZXI7Ij4gPGltZyBhbHQ9IiIgY2xhc3M9ImFsaWduY2VudGVyIHNpemUtbWVkaXVtIHdwLWltYWdlLTMyMSIgaGVpZ2h0PSIzMDAiIHNyYz0iaHR0cDovL2Rlc2VydGNhbWVsdG91cnMuY29tL3dwLWNvbnRlbnQvdXBsb2Fkcy8yMDE3LzA3L2Q3MjcxNTIxLWVlNGQtNGYyYS04MjFmLTk2MWU4NzMxNTRmMC0zMDB4MzAwLmpwZyIgd2lkdGg9IjMwMCI+IDwvZGl2Pgo8ZGl2IGNsYXNzPSJwYnMtY29sIiBzdHlsZT0iZmxleC1iYXNpczogMzMuMzMlOyBqdXN0aWZ5LWNvbnRlbnQ6IGNlbnRlcjsiPiA8aW1nIGFsdD0iIiBjbGFzcz0iYWxpZ25jZW50ZXIgc2l6ZS1tZWRpdW0gd3AtaW1hZ2UtMzE3IiBoZWlnaHQ9IjMwMCIgc3JjPSJodHRwOi8vZGVzZXJ0Y2FtZWx0b3Vycy5jb20vd3AtY29udGVudC91cGxvYWRzLzIwMTcvMDcvMWQ4NTdhOGUtZWYxNS00NGYzLThjN2QtMjZkZjE1OThiZmMxLTMwMHgzMDAuanBnIiB3aWR0aD0iMzAwIj4gPC9kaXY+CjxkaXYgY2xhc3M9InBicy1jb2wiIHN0eWxlPSJmbGV4LWJhc2lzOiAzMy4zMyU7IGp1c3RpZnktY29udGVudDogY2VudGVyOyI+IDxpbWcgYWx0PSIiIGNsYXNzPSJhbGlnbmNlbnRlciBzaXplLW1lZGl1bSB3cC1pbWFnZS0zMTkiIGhlaWdodD0iMjkwIiBzcmM9Imh0dHA6Ly9kZXNlcnRjYW1lbHRvdXJzLmNvbS93cC1jb250ZW50L3VwbG9hZHMvMjAxNy8wNy82NzQ3MTFlNC00N2ViLTQ5YzYtODBhMy00MmY3YjAyZjZhMWQtMzAweDI5MC5qcGciIHdpZHRoPSIzMDAiPiA8L2Rpdj48L2Rpdj4=\"><div class=\"pbs-row\" style=\"min-height: 200px;\"><div class=\"pbs-col\" style=\"flex-basis: 33.33%; justify-content: center;\"> <img alt=\"\" class=\"aligncenter size-medium wp-image-321\" height=\"300\" src=\"http:\/\/desertcameltours.com\/wp-content\/uploads\/2017\/07\/d7271521-ee4d-4f2a-821f-961e873154f0-300x300.jpg\" width=\"300\"> <\/div>\n<div class=\"pbs-col\" style=\"flex-basis: 33.33%; justify-content: center;\"> <img alt=\"\" class=\"aligncenter size-medium wp-image-317\" height=\"300\" src=\"http:\/\/desertcameltours.com\/wp-content\/uploads\/2017\/07\/1d857a8e-ef15-44f3-8c7d-26df1598bfc1-300x300.jpg\" width=\"300\"> <\/div>\n<div class=\"pbs-col\" style=\"flex-basis: 33.33%; justify-content: center;\"> <img alt=\"\" class=\"aligncenter size-medium wp-image-319\" height=\"290\" src=\"http:\/\/desertcameltours.com\/wp-content\/uploads\/2017\/07\/674711e4-47eb-49c6-80a3-42f7b02f6a1d-300x290.jpg\" width=\"300\"> <\/div><\/div><\/div>\n<div class=\"pbs-row\" style=\"min-height: 200px;\">\n<div class=\"pbs-col\" style=\"flex-basis: 50%; justify-content: center;\">\n<div data-ce-tag=\"html\" data-html=\"PGg0PiBRdWUgZXN0YSBpbmNsdWlkbyA6IDwvaDQ+Cjx1bD4KPGxpPiBDb25kdWN0b3IgLyBndWlhIDwvbGk+CjxsaT4gR3VpYSBsb2NhbCA8L2xpPgo8bGk+IFRvdXIgcHJpdmFkbyA8L2xpPgo8bGk+IEd1aWEgcHJvZmVzaW9uYWwgZGVsIGZvdG9ncmFmbyA8L2xpPgo8L3VsPgo8cD4KPGEgaHJlZj0iaHR0cDovL2Rlc2VydGNhbWVsdG91cnMuY29tL2VzL2FscmVkZWRvci1kZWwtZGVzaWVydG8tcG9yLTQteC00LyI+IDxpbWcgYWx0PSIiIGNsYXNzPSJzaXplLW1lZGl1bSB3cC1pbWFnZS02NCBhbGlnbmNlbnRlciIgaGVpZ2h0PSI0MzQiIHNyYz0iaHR0cDovL2Rlc2VydGNhbWVsdG91cnMuY29tL2VzL3dwLWNvbnRlbnQvdXBsb2Fkcy8yMDE3LzA4L2Fyb3VuZC1ieS00WDQtMi5qcGciIHN0eWxlPSJoZWlnaHQ6IGF1dG87IHdpZHRoOiAxMDAlOyIgd2lkdGg9IjQzNCI+IDwvYT4KPC9wPg==\"><h4> Que esta incluido : <\/h4>\n<ul>\n<li> Conductor \/ guia <\/li>\n<li> Guia local <\/li>\n<li> Tour privado <\/li>\n<li> Guia profesional del fotografo <\/li>\n<\/ul>\n<p>\n<a href=\"http:\/\/desertcameltours.com\/es\/alrededor-del-desierto-por-4-x-4\/\"> <img alt=\"\" class=\"size-medium wp-image-64 aligncenter\" height=\"434\" src=\"http:\/\/desertcameltours.com\/es\/wp-content\/uploads\/2017\/08\/around-by-4X4-2.jpg\" style=\"height: auto; width: 100%;\" width=\"434\"> <\/a>\n<\/p><\/div>\n<\/div>\n<div class=\"pbs-col\" style=\"flex-basis: 50%; justify-content: center;\">\n<div data-ce-tag=\"html\" data-html=\"PGg0PlJlc2VydmUgZXN0YSBhY3RpdmlkYWQ8L2g0Pg==\" style=\"margin-top: -110px;\"><h4>Reserve esta actividad<\/h4><\/div>\n<div class=\"pbs-row\" style=\"min-height: 200px;\">\n<div class=\"pbs-col\" style=\"justify-content: center;\">\n<div class=\"wpcf7 no-js\" id=\"wpcf7-f861-o1\" lang=\"en-US\" dir=\"ltr\">\n<div class=\"screen-reader-response\"><p role=\"status\" aria-live=\"polite\" aria-atomic=\"true\"><\/p> <ul><\/ul><\/div>\n<form action=\"\/es\/wp-json\/wp\/v2\/pages\/618#wpcf7-f861-o1\" method=\"post\" class=\"wpcf7-form init\" aria-label=\"Contact form\" novalidate=\"novalidate\" data-status=\"init\">\n<div style=\"display: none;\">\n<input type=\"hidden\" name=\"_wpcf7\" value=\"861\" \/>\n<input type=\"hidden\" name=\"_wpcf7_version\" value=\"5.7.7\" \/>\n<input type=\"hidden\" name=\"_wpcf7_locale\" value=\"en_US\" \/>\n<input type=\"hidden\" name=\"_wpcf7_unit_tag\" value=\"wpcf7-f861-o1\" \/>\n<input type=\"hidden\" name=\"_wpcf7_container_post\" value=\"0\" \/>\n<input type=\"hidden\" name=\"_wpcf7_posted_data_hash\" value=\"\" \/>\n<\/div>\n<p><label> Your Name (required)<br \/>\n<span class=\"wpcf7-form-control-wrap\" data-name=\"your-name\"><input size=\"40\" class=\"wpcf7-form-control wpcf7-text wpcf7-validates-as-required\" aria-required=\"true\" aria-invalid=\"false\" value=\"\" type=\"text\" name=\"your-name\" \/><\/span> <\/label>\n<\/p>\n<p><label> Your Email (required)<br \/>\n<span class=\"wpcf7-form-control-wrap\" data-name=\"your-email\"><input size=\"40\" class=\"wpcf7-form-control wpcf7-text wpcf7-email wpcf7-validates-as-required wpcf7-validates-as-email\" aria-required=\"true\" aria-invalid=\"false\" value=\"\" type=\"email\" name=\"your-email\" \/><\/span> <\/label>\n<\/p>\n<p><label> Subject<br \/>\n<span class=\"wpcf7-form-control-wrap\" data-name=\"your-subject\"><input size=\"40\" class=\"wpcf7-form-control wpcf7-text\" aria-invalid=\"false\" value=\"\" type=\"text\" name=\"your-subject\" \/><\/span> <\/label>\n<\/p>\n<p><label> Your Message<br \/>\n<span class=\"wpcf7-form-control-wrap\" data-name=\"your-message\"><textarea cols=\"40\" rows=\"10\" class=\"wpcf7-form-control wpcf7-textarea\" aria-invalid=\"false\" name=\"your-message\"><\/textarea><\/span> <\/label>\n<\/p>\n<p><input class=\"wpcf7-form-control has-spinner wpcf7-submit\" type=\"submit\" value=\"Send\" \/>\n<\/p><p style=\"display: none !important;\"><label>&#916;<textarea name=\"_wpcf7_ak_hp_textarea\" cols=\"45\" rows=\"8\" maxlength=\"100\"><\/textarea><\/label><input type=\"hidden\" id=\"ak_js_1\" name=\"_wpcf7_ak_js\" value=\"215\"\/><script>document.getElementById( \"ak_js_1\" ).setAttribute( \"value\", ( new Date() ).getTime() );<\/script><\/p><div class=\"wpcf7-response-output\" aria-hidden=\"true\"><\/div>\n<\/form>\n<\/div>\n<\/div>\n<\/div>\n<\/div>\n<\/div>\n<div class=\"pbs-row\" style=\"min-height: 200px;\">\n<div class=\"pbs-col\" style=\"flex-basis: 50%; justify-content: center;\">\n<div data-ce-tag=\"html\" data-html=\"PGEgaHJlZj0iaHR0cDovL2Rlc2VydGNhbWVsdG91cnMuY29tL2VzL3ZpdmFjLyI+IDxpbWcgY2xhc3M9ImFsaWduY2VudGVyIHdwLWltYWdlLTY1IHNpemUtbWVkaXVtIiBoZWlnaHQ9IjQ1MSIgc3JjPSJodHRwOi8vZGVzZXJ0Y2FtZWx0b3Vycy5jb20vZXMvd3AtY29udGVudC91cGxvYWRzLzIwMTcvMDgvYml2b3VhYy0yLmpwZyIgc3R5bGU9IndpZHRoOiAxMDAlOyBoZWlnaHQ6IGF1dG87IiB3aWR0aD0iNDUxIj4gPC9hPg==\"><a href=\"http:\/\/desertcameltours.com\/es\/vivac\/\"> <img class=\"aligncenter wp-image-65 size-medium\" height=\"451\" src=\"http:\/\/desertcameltours.com\/es\/wp-content\/uploads\/2017\/08\/bivouac-2.jpg\" style=\"width: 100%; height: auto;\" width=\"451\"> <\/a><\/div>\n<\/div>\n<div class=\"pbs-col\" style=\"flex-basis: 50%; justify-content: center;\">\n<div data-ce-tag=\"html\" data-html=\"PGEgaHJlZj0iaHR0cDovL2Rlc2VydGNhbWVsdG91cnMuY29tL2VzL2NhbWVsLXJpZGUtZW4tbWVyem91Z2EvIj4gPGltZyBhbHQ9IiIgY2xhc3M9ImFsaWduY2VudGVyIHNpemUtbWVkaXVtIHdwLWltYWdlLTYzIiBoZWlnaHQ9IjQwNyIgc3JjPSJodHRwOi8vZGVzZXJ0Y2FtZWx0b3Vycy5jb20vZXMvd3AtY29udGVudC91cGxvYWRzLzIwMTcvMDgvY2FtZWwtcmlkZS0yLmpwZyIgc3R5bGU9ImhlaWdodDogYXV0bzsgd2lkdGg6IDEwMCU7IiB3aWR0aD0iNDA3Ij4gPC9hPg==\"><a href=\"http:\/\/desertcameltours.com\/es\/camel-ride-en-merzouga\/\"> <img alt=\"\" class=\"aligncenter size-medium wp-image-63\" height=\"407\" src=\"http:\/\/desertcameltours.com\/es\/wp-content\/uploads\/2017\/08\/camel-ride-2.jpg\" style=\"height: auto; width: 100%;\" width=\"407\"> <\/a><\/div>\n<\/div>\n<\/div>\n<div><\/div>\n<\/div>","protected":false},"excerpt":{"rendered":"<p>ATARDECER y AMANECER Puesta de sol : La puesta de sol tour comienza alrededor de las 5 pm. Se tarda casi media hora para llegar a<span class=\"excerpt-hellip\"> [\u2026]<\/span><\/p>\n","protected":false},"author":1,"featured_media":0,"parent":0,"menu_order":0,"comment_status":"closed","ping_status":"closed","template":"","meta":{"ngg_post_thumbnail":0},"aioseo_notices":[],"yoast_head":"<!-- This site is optimized with the Yoast SEO plugin v20.8 - https:\/\/yoast.com\/wordpress\/plugins\/seo\/ -->\n<title>Atardecer y Amanecer - Desert Camel Tours<\/title>\n<meta name=\"robots\" content=\"index, follow, max-snippet:-1, max-image-preview:large, max-video-preview:-1\" \/>\n<link rel=\"canonical\" href=\"https:\/\/desertcameltours.com\/es\/atardecer-y-amanecer\/\" \/>\n<meta property=\"og:locale\" content=\"en_US\" \/>\n<meta property=\"og:type\" content=\"article\" \/>\n<meta property=\"og:title\" content=\"Atardecer y Amanecer - Desert Camel Tours\" \/>\n<meta property=\"og:description\" content=\"ATARDECER y AMANECER Puesta de sol : La puesta de sol tour comienza alrededor de las 5 pm. Se tarda casi media hora para llegar a [\u2026]\" \/>\n<meta property=\"og:url\" content=\"https:\/\/desertcameltours.com\/es\/atardecer-y-amanecer\/\" \/>\n<meta property=\"og:site_name\" content=\"Desert Camel Tours\" \/>\n<meta property=\"article:modified_time\" content=\"2022-06-17T17:26:59+00:00\" \/>\n<meta property=\"og:image\" content=\"http:\/\/desertcameltours.com\/wp-content\/uploads\/2017\/07\/6ade2b09-8183-48b6-a931-66dc98515772-300x200.jpg\" \/>\n<meta name=\"twitter:card\" content=\"summary_large_image\" \/>\n<meta name=\"twitter:label1\" content=\"Est. reading time\" \/>\n\t<meta name=\"twitter:data1\" content=\"1 minute\" \/>\n<script type=\"application\/ld+json\" class=\"yoast-schema-graph\">{\"@context\":\"https:\/\/schema.org\",\"@graph\":[{\"@type\":\"WebPage\",\"@id\":\"https:\/\/desertcameltours.com\/es\/atardecer-y-amanecer\/\",\"url\":\"https:\/\/desertcameltours.com\/es\/atardecer-y-amanecer\/\",\"name\":\"Atardecer y Amanecer - Desert Camel Tours\",\"isPartOf\":{\"@id\":\"https:\/\/desertcameltours.com\/es\/#website\"},\"datePublished\":\"2017-08-29T09:53:36+00:00\",\"dateModified\":\"2022-06-17T17:26:59+00:00\",\"breadcrumb\":{\"@id\":\"https:\/\/desertcameltours.com\/es\/atardecer-y-amanecer\/#breadcrumb\"},\"inLanguage\":\"en-US\",\"potentialAction\":[{\"@type\":\"ReadAction\",\"target\":[\"https:\/\/desertcameltours.com\/es\/atardecer-y-amanecer\/\"]}]},{\"@type\":\"BreadcrumbList\",\"@id\":\"https:\/\/desertcameltours.com\/es\/atardecer-y-amanecer\/#breadcrumb\",\"itemListElement\":[{\"@type\":\"ListItem\",\"position\":1,\"name\":\"Home\",\"item\":\"https:\/\/desertcameltours.com\/es\/\"},{\"@type\":\"ListItem\",\"position\":2,\"name\":\"Atardecer y Amanecer\"}]},{\"@type\":\"WebSite\",\"@id\":\"https:\/\/desertcameltours.com\/es\/#website\",\"url\":\"https:\/\/desertcameltours.com\/es\/\",\"name\":\"Desert Camel Tours\",\"description\":\"desert camel tours\",\"potentialAction\":[{\"@type\":\"SearchAction\",\"target\":{\"@type\":\"EntryPoint\",\"urlTemplate\":\"https:\/\/desertcameltours.com\/es\/?s={search_term_string}\"},\"query-input\":\"required name=search_term_string\"}],\"inLanguage\":\"en-US\"}]}<\/script>\n<!-- \/ Yoast SEO plugin. -->","yoast_head_json":{"title":"Atardecer y Amanecer - Desert Camel Tours","robots":{"index":"index","follow":"follow","max-snippet":"max-snippet:-1","max-image-preview":"max-image-preview:large","max-video-preview":"max-video-preview:-1"},"canonical":"https:\/\/desertcameltours.com\/es\/atardecer-y-amanecer\/","og_locale":"en_US","og_type":"article","og_title":"Atardecer y Amanecer - Desert Camel Tours","og_description":"ATARDECER y AMANECER Puesta de sol : La puesta de sol tour comienza alrededor de las 5 pm. Se tarda casi media hora para llegar a [\u2026]","og_url":"https:\/\/desertcameltours.com\/es\/atardecer-y-amanecer\/","og_site_name":"Desert Camel Tours","article_modified_time":"2022-06-17T17:26:59+00:00","og_image":[{"url":"http:\/\/desertcameltours.com\/wp-content\/uploads\/2017\/07\/6ade2b09-8183-48b6-a931-66dc98515772-300x200.jpg"}],"twitter_card":"summary_large_image","twitter_misc":{"Est. reading time":"1 minute"},"schema":{"@context":"https:\/\/schema.org","@graph":[{"@type":"WebPage","@id":"https:\/\/desertcameltours.com\/es\/atardecer-y-amanecer\/","url":"https:\/\/desertcameltours.com\/es\/atardecer-y-amanecer\/","name":"Atardecer y Amanecer - Desert Camel Tours","isPartOf":{"@id":"https:\/\/desertcameltours.com\/es\/#website"},"datePublished":"2017-08-29T09:53:36+00:00","dateModified":"2022-06-17T17:26:59+00:00","breadcrumb":{"@id":"https:\/\/desertcameltours.com\/es\/atardecer-y-amanecer\/#breadcrumb"},"inLanguage":"en-US","potentialAction":[{"@type":"ReadAction","target":["https:\/\/desertcameltours.com\/es\/atardecer-y-amanecer\/"]}]},{"@type":"BreadcrumbList","@id":"https:\/\/desertcameltours.com\/es\/atardecer-y-amanecer\/#breadcrumb","itemListElement":[{"@type":"ListItem","position":1,"name":"Home","item":"https:\/\/desertcameltours.com\/es\/"},{"@type":"ListItem","position":2,"name":"Atardecer y Amanecer"}]},{"@type":"WebSite","@id":"https:\/\/desertcameltours.com\/es\/#website","url":"https:\/\/desertcameltours.com\/es\/","name":"Desert Camel Tours","description":"desert camel tours","potentialAction":[{"@type":"SearchAction","target":{"@type":"EntryPoint","urlTemplate":"https:\/\/desertcameltours.com\/es\/?s={search_term_string}"},"query-input":"required name=search_term_string"}],"inLanguage":"en-US"}]}},"_links":{"self":[{"href":"https:\/\/desertcameltours.com\/es\/wp-json\/wp\/v2\/pages\/618"}],"collection":[{"href":"https:\/\/desertcameltours.com\/es\/wp-json\/wp\/v2\/pages"}],"about":[{"href":"https:\/\/desertcameltours.com\/es\/wp-json\/wp\/v2\/types\/page"}],"author":[{"embeddable":true,"href":"https:\/\/desertcameltours.com\/es\/wp-json\/wp\/v2\/users\/1"}],"replies":[{"embeddable":true,"href":"https:\/\/desertcameltours.com\/es\/wp-json\/wp\/v2\/comments?post=618"}],"version-history":[{"count":15,"href":"https:\/\/desertcameltours.com\/es\/wp-json\/wp\/v2\/pages\/618\/revisions"}],"predecessor-version":[{"id":1138,"href":"https:\/\/desertcameltours.com\/es\/wp-json\/wp\/v2\/pages\/618\/revisions\/1138"}],"wp:attachment":[{"href":"https:\/\/desertcameltours.com\/es\/wp-json\/wp\/v2\/media?parent=618"}],"curies":[{"name":"wp","href":"https:\/\/api.w.org\/{rel}","templated":true}]}}