{"id":611,"date":"2017-08-29T09:41:56","date_gmt":"2017-08-29T09:41:56","guid":{"rendered":"http:\/\/desertcameltours.com\/es\/?page_id=611"},"modified":"2019-01-13T18:28:59","modified_gmt":"2019-01-13T18:28:59","slug":"sobre-nosotros","status":"publish","type":"page","link":"https:\/\/desertcameltours.com\/es\/sobre-nosotros\/","title":{"rendered":"Sobre nosotros"},"content":{"rendered":"<div class=\"pbs-main-wrapper\"><div data-ce-tag=\"html\" data-html=\"PGJyPgo8bGVnZW5kIHN0eWxlPSIgZm9udC1zaXplOiAyMXB4OyBjb2xvcjogIzAwMDsgdGV4dC10cmFuc2Zvcm06IHVwcGVyY2FzZTsgdGV4dC1hbGlnbjogY2VudGVyOyBib3JkZXI6ICMwMDAgc29saWQgMnB4OyBib3JkZXItcmFkaXVzOiAzNHB4OyBwYWRkaW5nOiAxNXB4OyBiYWNrZ3JvdW5kLWNvbG9yOiAjYThkOGVlOyBmb250LXdlaWdodDogOTAwOyBmb250LWZhbWlseTogY3Vyc2l2ZTsgYm94LXNoYWRvdzogaW5zZXQgMHB4IC0yMnB4IDEzcHggOHB4ICNhYTU2MWM7Ij4gPGltZyBzdHlsZT0idmlzaWJpbGl0eTogdmlzaWJsZTsiIHNyYz0iaHR0cDovL2Rlc2VydGNhbWVsdG91cnMuY29tL3dwLWNvbnRlbnQvdXBsb2Fkcy8yMDE3LzA3L2NhbWVsLWljb24tMS5wbmciIHdpZHRoPSIxMyUiIGhlaWdodD0iMTAwcHgiPk5PU09UUk9TIC8gRVhQRVJJRU5DSUFTIDxzcGFuIHN0eWxlPSJjb2xvcjojZmY2NDJkIj5ERVNFUlQgQ0FNRUwgVE9VUlM8L3NwYW4+CjxpbWcgc3R5bGU9InZpc2liaWxpdHk6IHZpc2libGU7IiBzcmM9Imh0dHA6Ly9kZXNlcnRjYW1lbHRvdXJzLmNvbS93cC1jb250ZW50L3VwbG9hZHMvMjAxNy8wNy9jYW1lbC1pY29uLnBuZyIgd2lkdGg9IjEzJSIgaGVpZ2h0PSIxMDBweCI+CjwvbGVnZW5kPgo8YnI+\"><br>\n<legend style=\" font-size: 21px; color: #000; text-transform: uppercase; text-align: center; border: #000 solid 2px; border-radius: 34px; padding: 15px; background-color: #a8d8ee; font-weight: 900; font-family: cursive; box-shadow: inset 0px -22px 13px 8px #aa561c;\"> <img style=\"visibility: visible;\" src=\"http:\/\/desertcameltours.com\/wp-content\/uploads\/2017\/07\/camel-icon-1.png\" width=\"13%\" height=\"100px\">NOSOTROS \/ EXPERIENCIAS <span style=\"color:#ff642d\">DESERT CAMEL TOURS<\/span>\n<img style=\"visibility: visible;\" src=\"http:\/\/desertcameltours.com\/wp-content\/uploads\/2017\/07\/camel-icon.png\" width=\"13%\" height=\"100px\">\n<\/legend>\n<br><\/div>\n<p>En Desert Camel Tours siempre obtendremos la mejor versi\u00f3n de sus deseos, abogando por la calidad y el confort que ofrece nuestro pa\u00eds y siempre manteniendo la identidad de nuestro personaje, conseguimos el equilibrio perfecto para ofrecer nuestros mejores servicios. Formaremos un gran equipo con el prop\u00f3sito de acompa\u00f1arle en su destino elegido.<\/p>\n<p>Si lo desea, su aventura ser\u00e1 \u00fanica, tendr\u00e1 en sus manos la oportunidad de organizar su propio itinerario, asesor\u00e1ndole en cada momento para trabajar en la ruta que m\u00e1s le convenga. Ace obtendremos el producto que garantiza la m\u00e1xima profesionalidad para cumplir con el exotismo que Marruecos te ofrece.<\/p>\n<h4>\u00bfPOR QU\u00c9 ELEGIRNOS? :<\/h4>\n<p>Somos profesionales del turismo de nuestro pa\u00eds, j\u00f3venes nativos. Berberes aut\u00e9nticos nacidos de la arena. Hemos visto la evoluci\u00f3n y el crecimiento de nuestra tierra y como la tradici\u00f3n, la modernidad y la aventura se han fusionado en ella, lo que nos permite relacionar d\u00eda a d\u00eda con las necesidades actuales del sector.<\/p>\n<p>Esto nos ayuda a proporcionar a cada uno de nuestros clientes un servicio integral, logrando juntos todo lo que proponen y cumpliendo con los programas que desarrollamos a su medida.<\/p>\n<h4>\u00bfQU\u00c9 LE OFRECEMOS?:<\/h4>\n<ul>\n<li>Tours Privados<\/li>\n<li>Grupo de Viajes<\/li>\n<li>Gu\u00edas nativas multiling\u00fces<\/li>\n<li>Servicio al cliente personalizado<\/li>\n<li>Abogados de Bienes Ra\u00edces<\/li>\n<li>Reservas<\/li>\n<li>Amplia selecci\u00f3n de actividades<\/li>\n<li>Servicio a la clientela<\/li>\n<\/ul>\n<p>Nuestra garant\u00eda de calidad es nuestra satisfacci\u00f3n. Marruecos te est\u00e1 esperando \u2026 \u00a1Buen viaje!<\/p>\n<\/div>","protected":false},"excerpt":{"rendered":"<p>NOSOTROS \/ EXPERIENCIAS DESERT CAMEL TOURS En Desert Camel Tours siempre obtendremos la mejor versi\u00f3n de sus deseos, abogando por la calidad y el confort que<span class=\"excerpt-hellip\"> [\u2026]<\/span><\/p>\n","protected":false},"author":1,"featured_media":0,"parent":0,"menu_order":0,"comment_status":"closed","ping_status":"closed","template":"","meta":{"ngg_post_thumbnail":0},"aioseo_notices":[],"yoast_head":"<!-- This site is optimized with the Yoast SEO plugin v20.8 - https:\/\/yoast.com\/wordpress\/plugins\/seo\/ -->\n<title>Sobre nosotros - Desert Camel Tours<\/title>\n<meta name=\"robots\" content=\"index, follow, max-snippet:-1, max-image-preview:large, max-video-preview:-1\" \/>\n<link rel=\"canonical\" href=\"https:\/\/desertcameltours.com\/es\/sobre-nosotros\/\" \/>\n<meta property=\"og:locale\" content=\"en_US\" \/>\n<meta property=\"og:type\" content=\"article\" \/>\n<meta property=\"og:title\" content=\"Sobre nosotros - Desert Camel Tours\" \/>\n<meta property=\"og:description\" content=\"NOSOTROS \/ EXPERIENCIAS DESERT CAMEL TOURS En Desert Camel Tours siempre obtendremos la mejor versi\u00f3n de sus deseos, abogando por la calidad y el confort que [\u2026]\" \/>\n<meta property=\"og:url\" content=\"https:\/\/desertcameltours.com\/es\/sobre-nosotros\/\" \/>\n<meta property=\"og:site_name\" content=\"Desert Camel Tours\" \/>\n<meta property=\"article:modified_time\" content=\"2019-01-13T18:28:59+00:00\" \/>\n<meta name=\"twitter:card\" content=\"summary_large_image\" \/>\n<meta name=\"twitter:label1\" content=\"Est. reading time\" \/>\n\t<meta name=\"twitter:data1\" content=\"2 minutes\" \/>\n<script type=\"application\/ld+json\" class=\"yoast-schema-graph\">{\"@context\":\"https:\/\/schema.org\",\"@graph\":[{\"@type\":\"WebPage\",\"@id\":\"https:\/\/desertcameltours.com\/es\/sobre-nosotros\/\",\"url\":\"https:\/\/desertcameltours.com\/es\/sobre-nosotros\/\",\"name\":\"Sobre nosotros - Desert Camel Tours\",\"isPartOf\":{\"@id\":\"https:\/\/desertcameltours.com\/es\/#website\"},\"datePublished\":\"2017-08-29T09:41:56+00:00\",\"dateModified\":\"2019-01-13T18:28:59+00:00\",\"breadcrumb\":{\"@id\":\"https:\/\/desertcameltours.com\/es\/sobre-nosotros\/#breadcrumb\"},\"inLanguage\":\"en-US\",\"potentialAction\":[{\"@type\":\"ReadAction\",\"target\":[\"https:\/\/desertcameltours.com\/es\/sobre-nosotros\/\"]}]},{\"@type\":\"BreadcrumbList\",\"@id\":\"https:\/\/desertcameltours.com\/es\/sobre-nosotros\/#breadcrumb\",\"itemListElement\":[{\"@type\":\"ListItem\",\"position\":1,\"name\":\"Home\",\"item\":\"https:\/\/desertcameltours.com\/es\/\"},{\"@type\":\"ListItem\",\"position\":2,\"name\":\"Sobre nosotros\"}]},{\"@type\":\"WebSite\",\"@id\":\"https:\/\/desertcameltours.com\/es\/#website\",\"url\":\"https:\/\/desertcameltours.com\/es\/\",\"name\":\"Desert Camel Tours\",\"description\":\"desert camel tours\",\"potentialAction\":[{\"@type\":\"SearchAction\",\"target\":{\"@type\":\"EntryPoint\",\"urlTemplate\":\"https:\/\/desertcameltours.com\/es\/?s={search_term_string}\"},\"query-input\":\"required name=search_term_string\"}],\"inLanguage\":\"en-US\"}]}<\/script>\n<!-- \/ Yoast SEO plugin. -->","yoast_head_json":{"title":"Sobre nosotros - Desert Camel Tours","robots":{"index":"index","follow":"follow","max-snippet":"max-snippet:-1","max-image-preview":"max-image-preview:large","max-video-preview":"max-video-preview:-1"},"canonical":"https:\/\/desertcameltours.com\/es\/sobre-nosotros\/","og_locale":"en_US","og_type":"article","og_title":"Sobre nosotros - Desert Camel Tours","og_description":"NOSOTROS \/ EXPERIENCIAS DESERT CAMEL TOURS En Desert Camel Tours siempre obtendremos la mejor versi\u00f3n de sus deseos, abogando por la calidad y el confort que [\u2026]","og_url":"https:\/\/desertcameltours.com\/es\/sobre-nosotros\/","og_site_name":"Desert Camel Tours","article_modified_time":"2019-01-13T18:28:59+00:00","twitter_card":"summary_large_image","twitter_misc":{"Est. reading time":"2 minutes"},"schema":{"@context":"https:\/\/schema.org","@graph":[{"@type":"WebPage","@id":"https:\/\/desertcameltours.com\/es\/sobre-nosotros\/","url":"https:\/\/desertcameltours.com\/es\/sobre-nosotros\/","name":"Sobre nosotros - Desert Camel Tours","isPartOf":{"@id":"https:\/\/desertcameltours.com\/es\/#website"},"datePublished":"2017-08-29T09:41:56+00:00","dateModified":"2019-01-13T18:28:59+00:00","breadcrumb":{"@id":"https:\/\/desertcameltours.com\/es\/sobre-nosotros\/#breadcrumb"},"inLanguage":"en-US","potentialAction":[{"@type":"ReadAction","target":["https:\/\/desertcameltours.com\/es\/sobre-nosotros\/"]}]},{"@type":"BreadcrumbList","@id":"https:\/\/desertcameltours.com\/es\/sobre-nosotros\/#breadcrumb","itemListElement":[{"@type":"ListItem","position":1,"name":"Home","item":"https:\/\/desertcameltours.com\/es\/"},{"@type":"ListItem","position":2,"name":"Sobre nosotros"}]},{"@type":"WebSite","@id":"https:\/\/desertcameltours.com\/es\/#website","url":"https:\/\/desertcameltours.com\/es\/","name":"Desert Camel Tours","description":"desert camel tours","potentialAction":[{"@type":"SearchAction","target":{"@type":"EntryPoint","urlTemplate":"https:\/\/desertcameltours.com\/es\/?s={search_term_string}"},"query-input":"required name=search_term_string"}],"inLanguage":"en-US"}]}},"_links":{"self":[{"href":"https:\/\/desertcameltours.com\/es\/wp-json\/wp\/v2\/pages\/611"}],"collection":[{"href":"https:\/\/desertcameltours.com\/es\/wp-json\/wp\/v2\/pages"}],"about":[{"href":"https:\/\/desertcameltours.com\/es\/wp-json\/wp\/v2\/types\/page"}],"author":[{"embeddable":true,"href":"https:\/\/desertcameltours.com\/es\/wp-json\/wp\/v2\/users\/1"}],"replies":[{"embeddable":true,"href":"https:\/\/desertcameltours.com\/es\/wp-json\/wp\/v2\/comments?post=611"}],"version-history":[{"count":11,"href":"https:\/\/desertcameltours.com\/es\/wp-json\/wp\/v2\/pages\/611\/revisions"}],"predecessor-version":[{"id":1065,"href":"https:\/\/desertcameltours.com\/es\/wp-json\/wp\/v2\/pages\/611\/revisions\/1065"}],"wp:attachment":[{"href":"https:\/\/desertcameltours.com\/es\/wp-json\/wp\/v2\/media?parent=611"}],"curies":[{"name":"wp","href":"https:\/\/api.w.org\/{rel}","templated":true}]}}