{"id":606,"date":"2017-08-29T09:35:41","date_gmt":"2017-08-29T09:35:41","guid":{"rendered":"http:\/\/desertcameltours.com\/es\/?page_id=606"},"modified":"2019-01-13T18:21:16","modified_gmt":"2019-01-13T18:21:16","slug":"acerca-de-marruecos","status":"publish","type":"page","link":"https:\/\/desertcameltours.com\/es\/acerca-de-marruecos\/","title":{"rendered":"Acerca de Marruecos"},"content":{"rendered":"<div class=\"pbs-main-wrapper\"><h4><span style=\"color: #ff642d;\">Demograf\u00eda del Pa\u00eds :<\/span><\/h4>\n<ul>\n<li><strong>Nombre \u00e1rabe:<\/strong>\u00a0Al Maghreb (&#8220;El oeste&#8221;)<\/li>\n<li><strong>Capital pol\u00edtica:<\/strong>\u00a0Rabat<\/li>\n<li><strong>Capital econ\u00f3mico:<\/strong>\u00a0Casablanca (La ciudad m\u00e1s grande en poblaci\u00f3n y escala f\u00edsica)<\/li>\n<li><strong>L\u00edder pol\u00edtico:<\/strong> Rey Mohammed VI; Monarqu\u00eda constitucional<\/li>\n<li><strong>Zona:<\/strong>\u00a0445,050 km<sup>2<\/sup><\/li>\n<li><strong>Poblaci\u00f3n:<\/strong>\u00a034 mill\u00f3n<\/li>\n<li><strong>Idioma oficial:<\/strong> Ar\u00e1bica<\/li>\n<li><strong>Idiomas hablados populares:<\/strong> Dialecto \u00e1rabe, bereber, franc\u00e9s y espa\u00f1ol. Muchos marroqu\u00edes pueden comunicarse efectivamente en ingl\u00e9s, alem\u00e1n, italiano y otros idiomas. El ingl\u00e9s se agreg\u00f3 recientemente al plan de estudios de High School.<\/li>\n<li><strong>Religi\u00f3n:<\/strong>\u00a0Islam<\/li>\n<li><strong>Dinero:<\/strong>\u00a0Dirham<\/li>\n<li><strong>C\u00f3digo de llamada:<\/strong>\u00a0212<\/li>\n<li><strong>Voltaje el\u00e9ctrico:<\/strong>\u00a0220v, Enchufes toman enchufes europeos del estilo del 2-punta.<\/li>\n<li><strong>Salud<\/strong>: No se requieren vacunas para viajar a Marruecos. Es aconsejable beber agua embotellada<\/li>\n<\/ul>\n<h4><span style=\"color: #ff632d;\">Dinero :<\/span><\/h4>\n<p>La moneda de Marruecos es Dirham (MAD). Dirham no se negocia internacionalmente y por lo tanto no se puede legalmente obtener Dirham fuera de Marruecos. Es muy dif\u00edcil y el tipo de cambio es alto. La forma m\u00e1s f\u00e1cil de obtener Dirham es a trav\u00e9s de cajeros autom\u00e1ticos mientras gira por Marruecos, un accesorio com\u00fan en cualquier parte del pa\u00eds. Tambi\u00e9n hay un mont\u00f3n de oficina de cambio en todas las ciudades importantes, as\u00ed como en el aeropuerto a su llegada. Recomendamos encarecidamente vender sus dirhams antes de salir de Marruecos, ya que no podr\u00e1 comerciarlos despu\u00e9s de regresar a su pa\u00eds. Los euros lo aceptan extensamente en Marruecos como pago, pero el cambio restante puede ser vuelta a usted en Dirhams. Las tarjetas de cr\u00e9dito se aceptan en los principales centros tur\u00edsticos con un recargo de alrededor del 5% de las empresas con sede en Marruecos. Para conversi\u00f3n de moneda puede utilizar <a target=\"_blank\" href=\"http:\/\/www.xe.com\/currencyconverter\/convert\/?Amount=1&amp;From=USD&amp;To=MAD\" xlink=\"href\" rel=\"noopener\">Convertidor de divisas universal<\/a>.<\/p>\n<h4><span style=\"color: #ff642d;\">Visas :<\/span><\/h4>\n<p>Ciudadano de EE.UU. y la Uni\u00f3n Europea, Canad\u00e1, Australia, Nueva Zelanda y otros no necesitan una visa para entrar en Marruecos para una estancia de menos de tres meses. Los visitantes en su viaje de Marruecos est\u00e1n obligados a haber tomado posesi\u00f3n de sus pasaportes actuales por no menos de seis meses antes de su fecha de entrada. Al ingresar a Marruecos, los visitantes deben llenar una tarjeta de desembarque con una direcci\u00f3n de residencia durante su estancia en Marruecos. Para obtener m\u00e1s informaci\u00f3n, vaya a <a target=\"_blank\" href=\"http:\/\/www.morocco.com\/essentials\/visas-passports\/\" xlink=\"href\" rel=\"noopener\">Informaci\u00f3n de Visa y Pasaporte para viajar a Marruecos<\/a>.<\/p>\n<h4><span style=\"color: #ff642d;\">Viajar por Marruecos :<\/span><\/h4>\n<p>Viajar en tren en Marruecos es eficiente, barato y c\u00f3modo. Creemos que es una opci\u00f3n mejor que viajar en autob\u00fas. Los trenes expresos durante la noche est\u00e1n disponibles para seleccionar destinos (T\u00e1nger a Marrakech, etc.). Para los horarios y las tarifas vaya a <a target=\"_blank\" href=\"http:\/\/www.oncf.ma\/\" xlink=\"href\" rel=\"noopener\">Oficina Nacional de Ferrocarriles de Marruecos<\/a>. Viajes de Marruecos para los autobuses de larga distancia son por lo general con aire acondicionado y c\u00f3modo Entradas se pueden comprar en los dep\u00f3sitos de autobuses. La compa\u00f1\u00eda de autobuses m\u00e1s popular <a target=\"_blank\" href=\"http:\/\/www.supratours.ma\/\" xlink=\"href\" rel=\"noopener\">Supratours<\/a>,CTM y SATAS. Los taxis de Petit (en la ciudad) o grandes (entre ciudades) deben tener un lector de medidores para medir las tarifas. De lo contrario, negociar el precio por adelantado. Sea claro y al d\u00eda con los conductores para establecer un costo justo y evitar la medici\u00f3n. La edad m\u00ednima para conducir es de 21 a\u00f1os. Las carreteras marroqu\u00edes son patrulladas por la polic\u00eda y los controles aduaneros no son infrecuentes. Alquiler de coches en Marruecos puede ser costoso. Royal Air Maroc conecta Casablanca con muchos aeropuertos como Ouarzazate, Zagora, Errachidia, Agadir, Dakhla, T\u00e1nger y muchos otros. Algunas ciudades est\u00e1n conectadas por varios vuelos diarios de otros por un vuelo al d\u00eda o incluso s\u00f3lo 2 o 3 veces vuelos a la semana.<\/p>\n<h4><span style=\"color: #ff642d;\">Trekking en el desierto del S\u00e1hara :<\/span><\/h4>\n<p>Sus gu\u00edas le aconsejar\u00e1n de lo que debe traer para una excursi\u00f3n al desierto. La siguiente lista incluye los elementos esenciales b\u00e1sicos necesarios en un viaje de trekking en el desierto del Sahara:<\/p>\n<ul>\n<li>Bolsa de dormir, recomendado para excursiones de m\u00e1s de 2 noches<\/li>\n<li>Ropa caliente para las noches y las noches en invierno, durante el d\u00eda todav\u00eda es agradable (camiseta)<\/li>\n<li>Revise: Para proteger su cara contra el viento y el sol<\/li>\n<li>Cuchillo de bolsillo<\/li>\n<li>Zapatillas de deporte (preferidas sobre las botas de trekking, evitar los zapatos de trekking pesados en los camellos) y calcetines extra<\/li>\n<li>Bloqueador solar fuerte, b\u00e1lsamo labial, gafas de sol seguras UV, un kit de primeros auxilios port\u00e1til, cantina de agua<\/li>\n<li>Algo para leer, un diario para escribir.<\/li>\n<\/ul>\n<\/div>","protected":false},"excerpt":{"rendered":"<p>Demograf\u00eda del Pa\u00eds : Nombre \u00e1rabe:\u00a0Al Maghreb (&#8220;El oeste&#8221;) Capital pol\u00edtica:\u00a0Rabat Capital econ\u00f3mico:\u00a0Casablanca (La ciudad m\u00e1s grande en poblaci\u00f3n y escala f\u00edsica) L\u00edder pol\u00edtico: Rey Mohammed<span class=\"excerpt-hellip\"> [\u2026]<\/span><\/p>\n","protected":false},"author":1,"featured_media":0,"parent":0,"menu_order":0,"comment_status":"closed","ping_status":"closed","template":"","meta":{"ngg_post_thumbnail":0},"aioseo_notices":[],"yoast_head":"<!-- This site is optimized with the Yoast SEO plugin v20.8 - https:\/\/yoast.com\/wordpress\/plugins\/seo\/ -->\n<title>Acerca de Marruecos - Desert Camel Tours<\/title>\n<meta name=\"robots\" content=\"index, follow, max-snippet:-1, max-image-preview:large, max-video-preview:-1\" \/>\n<link rel=\"canonical\" href=\"https:\/\/desertcameltours.com\/es\/acerca-de-marruecos\/\" \/>\n<meta property=\"og:locale\" content=\"en_US\" \/>\n<meta property=\"og:type\" content=\"article\" \/>\n<meta property=\"og:title\" content=\"Acerca de Marruecos - Desert Camel Tours\" \/>\n<meta property=\"og:description\" content=\"Demograf\u00eda del Pa\u00eds : Nombre \u00e1rabe:\u00a0Al Maghreb (&#8220;El oeste&#8221;) Capital pol\u00edtica:\u00a0Rabat Capital econ\u00f3mico:\u00a0Casablanca (La ciudad m\u00e1s grande en poblaci\u00f3n y escala f\u00edsica) L\u00edder pol\u00edtico: Rey Mohammed [\u2026]\" \/>\n<meta property=\"og:url\" content=\"https:\/\/desertcameltours.com\/es\/acerca-de-marruecos\/\" \/>\n<meta property=\"og:site_name\" content=\"Desert Camel Tours\" \/>\n<meta property=\"article:modified_time\" content=\"2019-01-13T18:21:16+00:00\" \/>\n<meta name=\"twitter:card\" content=\"summary_large_image\" \/>\n<meta name=\"twitter:label1\" content=\"Est. reading time\" \/>\n\t<meta name=\"twitter:data1\" content=\"4 minutes\" \/>\n<script type=\"application\/ld+json\" class=\"yoast-schema-graph\">{\"@context\":\"https:\/\/schema.org\",\"@graph\":[{\"@type\":\"WebPage\",\"@id\":\"https:\/\/desertcameltours.com\/es\/acerca-de-marruecos\/\",\"url\":\"https:\/\/desertcameltours.com\/es\/acerca-de-marruecos\/\",\"name\":\"Acerca de Marruecos - Desert Camel Tours\",\"isPartOf\":{\"@id\":\"https:\/\/desertcameltours.com\/es\/#website\"},\"datePublished\":\"2017-08-29T09:35:41+00:00\",\"dateModified\":\"2019-01-13T18:21:16+00:00\",\"breadcrumb\":{\"@id\":\"https:\/\/desertcameltours.com\/es\/acerca-de-marruecos\/#breadcrumb\"},\"inLanguage\":\"en-US\",\"potentialAction\":[{\"@type\":\"ReadAction\",\"target\":[\"https:\/\/desertcameltours.com\/es\/acerca-de-marruecos\/\"]}]},{\"@type\":\"BreadcrumbList\",\"@id\":\"https:\/\/desertcameltours.com\/es\/acerca-de-marruecos\/#breadcrumb\",\"itemListElement\":[{\"@type\":\"ListItem\",\"position\":1,\"name\":\"Home\",\"item\":\"https:\/\/desertcameltours.com\/es\/\"},{\"@type\":\"ListItem\",\"position\":2,\"name\":\"Acerca de Marruecos\"}]},{\"@type\":\"WebSite\",\"@id\":\"https:\/\/desertcameltours.com\/es\/#website\",\"url\":\"https:\/\/desertcameltours.com\/es\/\",\"name\":\"Desert Camel Tours\",\"description\":\"desert camel tours\",\"potentialAction\":[{\"@type\":\"SearchAction\",\"target\":{\"@type\":\"EntryPoint\",\"urlTemplate\":\"https:\/\/desertcameltours.com\/es\/?s={search_term_string}\"},\"query-input\":\"required name=search_term_string\"}],\"inLanguage\":\"en-US\"}]}<\/script>\n<!-- \/ Yoast SEO plugin. -->","yoast_head_json":{"title":"Acerca de Marruecos - Desert Camel Tours","robots":{"index":"index","follow":"follow","max-snippet":"max-snippet:-1","max-image-preview":"max-image-preview:large","max-video-preview":"max-video-preview:-1"},"canonical":"https:\/\/desertcameltours.com\/es\/acerca-de-marruecos\/","og_locale":"en_US","og_type":"article","og_title":"Acerca de Marruecos - Desert Camel Tours","og_description":"Demograf\u00eda del Pa\u00eds : Nombre \u00e1rabe:\u00a0Al Maghreb (&#8220;El oeste&#8221;) Capital pol\u00edtica:\u00a0Rabat Capital econ\u00f3mico:\u00a0Casablanca (La ciudad m\u00e1s grande en poblaci\u00f3n y escala f\u00edsica) L\u00edder pol\u00edtico: Rey Mohammed [\u2026]","og_url":"https:\/\/desertcameltours.com\/es\/acerca-de-marruecos\/","og_site_name":"Desert Camel Tours","article_modified_time":"2019-01-13T18:21:16+00:00","twitter_card":"summary_large_image","twitter_misc":{"Est. reading time":"4 minutes"},"schema":{"@context":"https:\/\/schema.org","@graph":[{"@type":"WebPage","@id":"https:\/\/desertcameltours.com\/es\/acerca-de-marruecos\/","url":"https:\/\/desertcameltours.com\/es\/acerca-de-marruecos\/","name":"Acerca de Marruecos - Desert Camel Tours","isPartOf":{"@id":"https:\/\/desertcameltours.com\/es\/#website"},"datePublished":"2017-08-29T09:35:41+00:00","dateModified":"2019-01-13T18:21:16+00:00","breadcrumb":{"@id":"https:\/\/desertcameltours.com\/es\/acerca-de-marruecos\/#breadcrumb"},"inLanguage":"en-US","potentialAction":[{"@type":"ReadAction","target":["https:\/\/desertcameltours.com\/es\/acerca-de-marruecos\/"]}]},{"@type":"BreadcrumbList","@id":"https:\/\/desertcameltours.com\/es\/acerca-de-marruecos\/#breadcrumb","itemListElement":[{"@type":"ListItem","position":1,"name":"Home","item":"https:\/\/desertcameltours.com\/es\/"},{"@type":"ListItem","position":2,"name":"Acerca de Marruecos"}]},{"@type":"WebSite","@id":"https:\/\/desertcameltours.com\/es\/#website","url":"https:\/\/desertcameltours.com\/es\/","name":"Desert Camel Tours","description":"desert camel tours","potentialAction":[{"@type":"SearchAction","target":{"@type":"EntryPoint","urlTemplate":"https:\/\/desertcameltours.com\/es\/?s={search_term_string}"},"query-input":"required name=search_term_string"}],"inLanguage":"en-US"}]}},"_links":{"self":[{"href":"https:\/\/desertcameltours.com\/es\/wp-json\/wp\/v2\/pages\/606"}],"collection":[{"href":"https:\/\/desertcameltours.com\/es\/wp-json\/wp\/v2\/pages"}],"about":[{"href":"https:\/\/desertcameltours.com\/es\/wp-json\/wp\/v2\/types\/page"}],"author":[{"embeddable":true,"href":"https:\/\/desertcameltours.com\/es\/wp-json\/wp\/v2\/users\/1"}],"replies":[{"embeddable":true,"href":"https:\/\/desertcameltours.com\/es\/wp-json\/wp\/v2\/comments?post=606"}],"version-history":[{"count":4,"href":"https:\/\/desertcameltours.com\/es\/wp-json\/wp\/v2\/pages\/606\/revisions"}],"predecessor-version":[{"id":982,"href":"https:\/\/desertcameltours.com\/es\/wp-json\/wp\/v2\/pages\/606\/revisions\/982"}],"wp:attachment":[{"href":"https:\/\/desertcameltours.com\/es\/wp-json\/wp\/v2\/media?parent=606"}],"curies":[{"name":"wp","href":"https:\/\/api.w.org\/{rel}","templated":true}]}}