{"id":1259,"date":"2023-06-12T16:42:58","date_gmt":"2023-06-12T16:42:58","guid":{"rendered":"https:\/\/desertcameltours.com\/es\/?page_id=1259"},"modified":"2025-02-14T11:46:14","modified_gmt":"2025-02-14T11:46:14","slug":"viaje-de-15-dias-desde-tanger-marruecos","status":"publish","type":"page","link":"https:\/\/desertcameltours.com\/es\/viaje-de-15-dias-desde-tanger-marruecos\/","title":{"rendered":"Viaje de 15 d\u00edas desde T\u00e1nger, Marruecos"},"content":{"rendered":"<div class=\"pbs-main-wrapper\"><h3 data-start=\"51\" data-end=\"104\"><strong data-start=\"55\" data-end=\"104\">Aventura por Marruecos &#8211; 15 D\u00edas desde T\u00e1nger<\/strong><\/h3>\n<p data-start=\"106\" data-end=\"512\">Emb\u00e1rcate en una aventura inolvidable de 15 d\u00edas a trav\u00e9s de Marruecos, comenzando en la bulliciosa ciudad portuaria de <strong data-start=\"226\" data-end=\"236\">T\u00e1nger<\/strong>. Este extenso viaje te llevar\u00e1 por los paisajes m\u00e1s impresionantes del pa\u00eds, ciudades hist\u00f3ricas y rincones ocultos. Vive la magia del desierto del Sahara, el encanto del Chefchaouen pintado de azul, la historia imperial de Marrakech y Fez, y la belleza costera de Essaouira.<\/p>\n<hr data-start=\"514\" data-end=\"517\">\n<h3 data-start=\"519\" data-end=\"582\"><strong data-start=\"523\" data-end=\"582\">D\u00eda 1: Llegada a T\u00e1nger \u2013 La puerta de entrada a \u00c1frica<\/strong><\/h3>\n<p data-start=\"583\" data-end=\"934\">Al llegar a <strong data-start=\"595\" data-end=\"605\">T\u00e1nger<\/strong>, ser\u00e1s recibido y trasladado a tu hotel. Explora la vibrante <strong data-start=\"667\" data-end=\"677\">Medina<\/strong>, la hist\u00f3rica <strong data-start=\"692\" data-end=\"702\">Kasbah<\/strong> y el pintoresco <strong data-start=\"719\" data-end=\"736\">Cabo Espartel<\/strong>, donde el Mediterr\u00e1neo se encuentra con el Atl\u00e1ntico. Una visita a las <strong data-start=\"808\" data-end=\"830\">Cuevas de H\u00e9rcules<\/strong> ofrece una fascinante introducci\u00f3n a la mitolog\u00eda y la historia de Marruecos.<br data-start=\"908\" data-end=\"911\">\ud83d\udecf\ufe0f <strong data-start=\"915\" data-end=\"934\">Noche en T\u00e1nger<\/strong><\/p>\n<hr data-start=\"936\" data-end=\"939\">\n<h3 data-start=\"941\" data-end=\"992\"><strong data-start=\"945\" data-end=\"992\">D\u00eda 2: T\u00e1nger a Chefchaouen \u2013 La Perla Azul<\/strong><\/h3>\n<p data-start=\"993\" data-end=\"1245\">Viaje a <strong data-start=\"1001\" data-end=\"1016\">Chefchaouen<\/strong>, un pintoresco pueblo enclavado en las monta\u00f1as Rif. Pasea por sus emblem\u00e1ticas calles pintadas de azul, visita el <strong data-start=\"1132\" data-end=\"1154\">Museo de la Kasbah<\/strong> y disfruta de una tranquila tarde en este encantador lugar.<br data-start=\"1214\" data-end=\"1217\">\ud83d\udecf\ufe0f <strong data-start=\"1221\" data-end=\"1245\">Noche en Chefchaouen<\/strong><\/p>\n<hr data-start=\"1247\" data-end=\"1250\">\n<h3 data-start=\"1252\" data-end=\"1307\"><strong data-start=\"1256\" data-end=\"1307\">D\u00eda 3: Chefchaouen a Fez v\u00eda Volubilis y Meknes<\/strong><\/h3>\n<p data-start=\"1308\" data-end=\"1624\">Partimos hacia <strong data-start=\"1323\" data-end=\"1330\">Fez<\/strong>, haciendo una parada en las antiguas ruinas romanas de <strong data-start=\"1386\" data-end=\"1399\">Volubilis<\/strong>, Patrimonio de la Humanidad de la UNESCO. Luego, continuamos hacia <strong data-start=\"1467\" data-end=\"1477\">Meknes<\/strong>, una ciudad imperial conocida por su grandiosa <strong data-start=\"1525\" data-end=\"1547\">Puerta Bab Mansour<\/strong> y los <strong data-start=\"1554\" data-end=\"1573\">Establos Reales<\/strong>, antes de llegar a <strong data-start=\"1593\" data-end=\"1600\">Fez<\/strong>.<br data-start=\"1601\" data-end=\"1604\">\ud83d\udecf\ufe0f <strong data-start=\"1608\" data-end=\"1624\">Noche en Fez<\/strong><\/p>\n<hr data-start=\"1626\" data-end=\"1629\">\n<h3 data-start=\"1631\" data-end=\"1682\"><strong data-start=\"1635\" data-end=\"1682\">D\u00eda 4: Explorando Fez \u2013 La Capital Cultural<\/strong><\/h3>\n<p data-start=\"1683\" data-end=\"2016\">Descubre las maravillas de <strong data-start=\"1710\" data-end=\"1725\">Fez el-Bali<\/strong>, una de las ciudades medievales mejor conservadas del mundo. Los puntos destacados incluyen:<br data-start=\"1818\" data-end=\"1821\">\u2714 <strong data-start=\"1823\" data-end=\"1857\">La Universidad Al Quaraouiyine<\/strong> (la m\u00e1s antigua del mundo)<br data-start=\"1884\" data-end=\"1887\">\u2714 <strong data-start=\"1889\" data-end=\"1908\">Las Curtidur\u00edas<\/strong><br data-start=\"1908\" data-end=\"1911\">\u2714 Los vibrantes <strong data-start=\"1927\" data-end=\"1936\">zocos<\/strong>.<br data-start=\"1937\" data-end=\"1940\">Disfruta de una cena tradicional marroqu\u00ed en un riad.<br data-start=\"1993\" data-end=\"1996\">\ud83d\udecf\ufe0f <strong data-start=\"2000\" data-end=\"2016\">Noche en Fez<\/strong><\/p>\n<hr data-start=\"2018\" data-end=\"2021\">\n<h3 data-start=\"2023\" data-end=\"2071\"><strong data-start=\"2027\" data-end=\"2071\">D\u00eda 5: Fez a Merzouga \u2013 Puerta al Sahara<\/strong><\/h3>\n<p data-start=\"2072\" data-end=\"2395\">Emb\u00e1rcate en un viaje panor\u00e1mico a trav\u00e9s de las <strong data-start=\"2121\" data-end=\"2149\">Monta\u00f1as del Atlas Medio<\/strong>, pasando por <strong data-start=\"2163\" data-end=\"2173\">Ifrane<\/strong> (conocida como la \u201cSuiza de Marruecos\u201d) y los <strong data-start=\"2220\" data-end=\"2250\">Bosques de Cedros de Azrou<\/strong>, hogar de los monos de Berber\u00eda. Llegamos a <strong data-start=\"2295\" data-end=\"2307\">Merzouga<\/strong>, donde las majestuosas dunas de <strong data-start=\"2340\" data-end=\"2354\">Erg Chebbi<\/strong> nos esperan.<br data-start=\"2367\" data-end=\"2370\">\ud83d\udecf\ufe0f <strong data-start=\"2374\" data-end=\"2395\">Noche en Merzouga<\/strong><\/p>\n<hr data-start=\"2397\" data-end=\"2400\">\n<h3 data-start=\"2402\" data-end=\"2454\"><strong data-start=\"2406\" data-end=\"2454\">D\u00eda 6: Experiencia en el Desierto del Sahara<\/strong><\/h3>\n<p data-start=\"2455\" data-end=\"2748\">Vive la magia del <strong data-start=\"2473\" data-end=\"2496\">Desierto del Sahara<\/strong>. Disfruta de un paseo en camello por las dunas, contempla una puesta de sol fascinante y pasa la noche en un campamento de lujo en el desierto, bajo las estrellas, acompa\u00f1ado de m\u00fasica tradicional bereber.<br data-start=\"2702\" data-end=\"2705\">\ud83d\udecf\ufe0f <strong data-start=\"2709\" data-end=\"2748\">Noche en un campamento del desierto<\/strong><\/p>\n<hr data-start=\"2750\" data-end=\"2753\">\n<h3 data-start=\"2755\" data-end=\"2822\"><strong data-start=\"2759\" data-end=\"2822\">D\u00eda 7: Merzouga a las Gargantas del Todra y Valle del Dades<\/strong><\/h3>\n<p data-start=\"2823\" data-end=\"3147\">Dejamos el desierto atr\u00e1s y viajamos hacia las impresionantes <strong data-start=\"2885\" data-end=\"2908\">Gargantas del Todra<\/strong>, un para\u00edso para los escaladores y amantes de la naturaleza. Continuamos hacia el pintoresco <strong data-start=\"3002\" data-end=\"3021\">Valle del Dades<\/strong>, conocido por sus formaciones rocosas dram\u00e1ticas y los tradicionales pueblos bereberes.<br data-start=\"3109\" data-end=\"3112\">\ud83d\udecf\ufe0f <strong data-start=\"3116\" data-end=\"3147\">Noche en el Valle del Dades<\/strong><\/p>\n<hr data-start=\"3149\" data-end=\"3152\">\n<h3 data-start=\"3154\" data-end=\"3228\"><strong data-start=\"3158\" data-end=\"3228\">D\u00eda 8: Valle del Dades a Ouarzazate por la Ruta de los Mil Kasbahs<\/strong><\/h3>\n<p data-start=\"3229\" data-end=\"3552\">Recorremos el <strong data-start=\"3243\" data-end=\"3265\">Valle de las Rosas<\/strong>, famoso por sus productos de rosa, antes de llegar a <strong data-start=\"3319\" data-end=\"3333\">Ouarzazate<\/strong>, conocida como la \u201cHollywood de \u00c1frica\u201d. Visitamos los <strong data-start=\"3389\" data-end=\"3415\">Estudios de Cine Atlas<\/strong> y la impresionante <strong data-start=\"3435\" data-end=\"3459\">Kasbah Ait Benhaddou<\/strong>, fortaleza declarada Patrimonio de la Humanidad por la UNESCO.<br data-start=\"3522\" data-end=\"3525\">\ud83d\udecf\ufe0f <strong data-start=\"3529\" data-end=\"3552\">Noche en Ouarzazate<\/strong><\/p>\n<hr data-start=\"3554\" data-end=\"3557\">\n<h3 data-start=\"3559\" data-end=\"3628\"><strong data-start=\"3563\" data-end=\"3628\">D\u00eda 9: Ouarzazate a Marrakech por las Monta\u00f1as del Alto Atlas<\/strong><\/h3>\n<p data-start=\"3629\" data-end=\"3796\">Conduciendo por el espectacular <strong data-start=\"3661\" data-end=\"3683\">Paso Tizi n\u2019Tichka<\/strong> en las <strong data-start=\"3691\" data-end=\"3718\">Monta\u00f1as del Alto Atlas<\/strong>, llegamos a la vibrante ciudad de <strong data-start=\"3753\" data-end=\"3766\">Marrakech<\/strong>.<br data-start=\"3767\" data-end=\"3770\">\ud83d\udecf\ufe0f <strong data-start=\"3774\" data-end=\"3796\">Noche en Marrakech<\/strong><\/p>\n<hr data-start=\"3798\" data-end=\"3801\">\n<h3 data-start=\"3803\" data-end=\"3856\"><strong data-start=\"3807\" data-end=\"3856\">D\u00eda 10: Explorando Marrakech \u2013 La Ciudad Roja<\/strong><\/h3>\n<p data-start=\"3857\" data-end=\"4147\">Descubre la rica herencia de <strong data-start=\"3886\" data-end=\"3899\">Marrakech<\/strong>, incluyendo:<br data-start=\"3912\" data-end=\"3915\">\u2714 <strong data-start=\"3917\" data-end=\"3942\">La Mezquita Koutoubia<\/strong><br data-start=\"3942\" data-end=\"3945\">\u2714 <strong data-start=\"3947\" data-end=\"3969\">Las Tumbas Saad\u00edes<\/strong><br data-start=\"3969\" data-end=\"3972\">\u2714 <strong data-start=\"3974\" data-end=\"3994\">El Palacio Bahia<\/strong><br data-start=\"3994\" data-end=\"3997\">\u2714 La animada <strong data-start=\"4010\" data-end=\"4033\">Plaza Jemaa el-Fnaa<\/strong>, donde contadores de historias, m\u00fasicos y vendedores de comida dan vida a la ciudad.<br data-start=\"4118\" data-end=\"4121\">\ud83d\udecf\ufe0f <strong data-start=\"4125\" data-end=\"4147\">Noche en Marrakech<\/strong><\/p>\n<hr data-start=\"4149\" data-end=\"4152\">\n<h3 data-start=\"4154\" data-end=\"4214\"><strong data-start=\"4158\" data-end=\"4214\">D\u00eda 11: Excursi\u00f3n de un d\u00eda a las Monta\u00f1as del Atlas<\/strong><\/h3>\n<p data-start=\"4215\" data-end=\"4407\">Realiza una excursi\u00f3n de un d\u00eda al <strong data-start=\"4250\" data-end=\"4269\">Valle de Ourika<\/strong> o a las impresionantes <strong data-start=\"4293\" data-end=\"4316\">Cataratas de Ouzoud<\/strong>, ofreciendo un respiro refrescante del bullicio de la ciudad.<br data-start=\"4378\" data-end=\"4381\">\ud83d\udecf\ufe0f <strong data-start=\"4385\" data-end=\"4407\">Noche en Marrakech<\/strong><\/p>\n<hr data-start=\"4409\" data-end=\"4412\">\n<h3 data-start=\"4414\" data-end=\"4469\"><strong data-start=\"4418\" data-end=\"4469\">D\u00eda 12: Marrakech a Essaouira \u2013 La Joya Costera<\/strong><\/h3>\n<p data-start=\"4470\" data-end=\"4698\">Viaje a la encantadora ciudad costera de <strong data-start=\"4511\" data-end=\"4524\">Essaouira<\/strong>, conocida por sus murallas fortificadas, hermosas playas y vibrante puerto pesquero. Disfruta de mariscos frescos y explora su art\u00edstica medina.<br data-start=\"4669\" data-end=\"4672\">\ud83d\udecf\ufe0f <strong data-start=\"4676\" data-end=\"4698\">Noche en Essaouira<\/strong><\/p>\n<hr data-start=\"4700\" data-end=\"4703\">\n<h3 data-start=\"4705\" data-end=\"4743\"><strong data-start=\"4709\" data-end=\"4743\">D\u00eda 13: Essaouira a Casablanca<\/strong><\/h3>\n<p data-start=\"4744\" data-end=\"4957\">Dir\u00edgete a <strong data-start=\"4755\" data-end=\"4769\">Casablanca<\/strong>, el centro econ\u00f3mico de Marruecos. Visita la ic\u00f3nica <strong data-start=\"4823\" data-end=\"4845\">Mezquita Hassan II<\/strong>, una de las m\u00e1s grandes del mundo, y explora los modernos distritos de la ciudad.<br data-start=\"4927\" data-end=\"4930\">\ud83d\udecf\ufe0f <strong data-start=\"4934\" data-end=\"4957\">Noche en Casablanca<\/strong><\/p>\n<hr data-start=\"4959\" data-end=\"4962\">\n<h3 data-start=\"4964\" data-end=\"5017\"><strong data-start=\"4968\" data-end=\"5017\">D\u00eda 14: Casablanca a Rabat y Regreso a T\u00e1nger<\/strong><\/h3>\n<p data-start=\"5018\" data-end=\"5158\">Viaje a <strong data-start=\"5026\" data-end=\"5035\">Rabat<\/strong>, la capital de Marruecos, para explorar:<br data-start=\"5076\" data-end=\"5079\">\u2714 <strong data-start=\"5081\" data-end=\"5100\">La Torre Hassan<\/strong><br data-start=\"5100\" data-end=\"5103\">\u2714 <strong data-start=\"5105\" data-end=\"5132\">La Kasbah de los Udayas<\/strong><br data-start=\"5132\" data-end=\"5135\">\u2714 <strong data-start=\"5137\" data-end=\"5156\">El Palacio Real<\/strong><\/p>\n<p data-start=\"5160\" data-end=\"5259\">Luego, contin\u00faa hacia <strong data-start=\"5182\" data-end=\"5192\">T\u00e1nger<\/strong> para pasar tu \u00faltima noche en Marruecos.<br data-start=\"5233\" data-end=\"5236\">\ud83d\udecf\ufe0f <strong data-start=\"5240\" data-end=\"5259\">Noche en T\u00e1nger<\/strong><\/p>\n<hr data-start=\"5261\" data-end=\"5264\">\n<h3 data-start=\"5266\" data-end=\"5301\"><strong data-start=\"5270\" data-end=\"5301\">D\u00eda 15: Salida desde T\u00e1nger<\/strong><\/h3>\n<p data-start=\"5302\" data-end=\"5469\">Disfruta de un desayuno tranquilo antes de ser trasladado al aeropuerto o puerto para tu vuelo de salida.<br data-start=\"5407\" data-end=\"5410\">\u2708\ufe0f <strong data-start=\"5413\" data-end=\"5469\">Fin del tour con recuerdos inolvidables de Marruecos<\/strong><\/p>\n<\/div>","protected":false},"excerpt":{"rendered":"<p>Aventura por Marruecos &#8211; 15 D\u00edas desde T\u00e1nger Emb\u00e1rcate en una aventura inolvidable de 15 d\u00edas a trav\u00e9s de Marruecos, comenzando en la bulliciosa ciudad portuaria<span class=\"excerpt-hellip\"> [\u2026]<\/span><\/p>\n","protected":false},"author":1,"featured_media":0,"parent":0,"menu_order":0,"comment_status":"closed","ping_status":"closed","template":"","meta":{"ngg_post_thumbnail":0},"aioseo_notices":[],"yoast_head":"<!-- This site is optimized with the Yoast SEO plugin v20.8 - https:\/\/yoast.com\/wordpress\/plugins\/seo\/ -->\n<title>Viaje de 15 d\u00edas desde T\u00e1nger, Marruecos - Desert Camel Tours<\/title>\n<meta name=\"robots\" content=\"index, follow, max-snippet:-1, max-image-preview:large, max-video-preview:-1\" \/>\n<link rel=\"canonical\" href=\"https:\/\/desertcameltours.com\/es\/viaje-de-15-dias-desde-tanger-marruecos\/\" \/>\n<meta property=\"og:locale\" content=\"en_US\" \/>\n<meta property=\"og:type\" content=\"article\" \/>\n<meta property=\"og:title\" content=\"Viaje de 15 d\u00edas desde T\u00e1nger, Marruecos - Desert Camel Tours\" \/>\n<meta property=\"og:description\" content=\"Aventura por Marruecos &#8211; 15 D\u00edas desde T\u00e1nger Emb\u00e1rcate en una aventura inolvidable de 15 d\u00edas a trav\u00e9s de Marruecos, comenzando en la bulliciosa ciudad portuaria [\u2026]\" \/>\n<meta property=\"og:url\" content=\"https:\/\/desertcameltours.com\/es\/viaje-de-15-dias-desde-tanger-marruecos\/\" \/>\n<meta property=\"og:site_name\" content=\"Desert Camel Tours\" \/>\n<meta property=\"article:modified_time\" content=\"2025-02-14T11:46:14+00:00\" \/>\n<meta name=\"twitter:card\" content=\"summary_large_image\" \/>\n<meta name=\"twitter:label1\" content=\"Est. reading time\" \/>\n\t<meta name=\"twitter:data1\" content=\"4 minutes\" \/>\n<script type=\"application\/ld+json\" class=\"yoast-schema-graph\">{\"@context\":\"https:\/\/schema.org\",\"@graph\":[{\"@type\":\"WebPage\",\"@id\":\"https:\/\/desertcameltours.com\/es\/viaje-de-15-dias-desde-tanger-marruecos\/\",\"url\":\"https:\/\/desertcameltours.com\/es\/viaje-de-15-dias-desde-tanger-marruecos\/\",\"name\":\"Viaje de 15 d\u00edas desde T\u00e1nger, Marruecos - Desert Camel Tours\",\"isPartOf\":{\"@id\":\"https:\/\/desertcameltours.com\/es\/#website\"},\"datePublished\":\"2023-06-12T16:42:58+00:00\",\"dateModified\":\"2025-02-14T11:46:14+00:00\",\"breadcrumb\":{\"@id\":\"https:\/\/desertcameltours.com\/es\/viaje-de-15-dias-desde-tanger-marruecos\/#breadcrumb\"},\"inLanguage\":\"en-US\",\"potentialAction\":[{\"@type\":\"ReadAction\",\"target\":[\"https:\/\/desertcameltours.com\/es\/viaje-de-15-dias-desde-tanger-marruecos\/\"]}]},{\"@type\":\"BreadcrumbList\",\"@id\":\"https:\/\/desertcameltours.com\/es\/viaje-de-15-dias-desde-tanger-marruecos\/#breadcrumb\",\"itemListElement\":[{\"@type\":\"ListItem\",\"position\":1,\"name\":\"Home\",\"item\":\"https:\/\/desertcameltours.com\/es\/\"},{\"@type\":\"ListItem\",\"position\":2,\"name\":\"Viaje de 15 d\u00edas desde T\u00e1nger, Marruecos\"}]},{\"@type\":\"WebSite\",\"@id\":\"https:\/\/desertcameltours.com\/es\/#website\",\"url\":\"https:\/\/desertcameltours.com\/es\/\",\"name\":\"Desert Camel Tours\",\"description\":\"desert camel tours\",\"potentialAction\":[{\"@type\":\"SearchAction\",\"target\":{\"@type\":\"EntryPoint\",\"urlTemplate\":\"https:\/\/desertcameltours.com\/es\/?s={search_term_string}\"},\"query-input\":\"required name=search_term_string\"}],\"inLanguage\":\"en-US\"}]}<\/script>\n<!-- \/ Yoast SEO plugin. -->","yoast_head_json":{"title":"Viaje de 15 d\u00edas desde T\u00e1nger, Marruecos - Desert Camel Tours","robots":{"index":"index","follow":"follow","max-snippet":"max-snippet:-1","max-image-preview":"max-image-preview:large","max-video-preview":"max-video-preview:-1"},"canonical":"https:\/\/desertcameltours.com\/es\/viaje-de-15-dias-desde-tanger-marruecos\/","og_locale":"en_US","og_type":"article","og_title":"Viaje de 15 d\u00edas desde T\u00e1nger, Marruecos - Desert Camel Tours","og_description":"Aventura por Marruecos &#8211; 15 D\u00edas desde T\u00e1nger Emb\u00e1rcate en una aventura inolvidable de 15 d\u00edas a trav\u00e9s de Marruecos, comenzando en la bulliciosa ciudad portuaria [\u2026]","og_url":"https:\/\/desertcameltours.com\/es\/viaje-de-15-dias-desde-tanger-marruecos\/","og_site_name":"Desert Camel Tours","article_modified_time":"2025-02-14T11:46:14+00:00","twitter_card":"summary_large_image","twitter_misc":{"Est. reading time":"4 minutes"},"schema":{"@context":"https:\/\/schema.org","@graph":[{"@type":"WebPage","@id":"https:\/\/desertcameltours.com\/es\/viaje-de-15-dias-desde-tanger-marruecos\/","url":"https:\/\/desertcameltours.com\/es\/viaje-de-15-dias-desde-tanger-marruecos\/","name":"Viaje de 15 d\u00edas desde T\u00e1nger, Marruecos - Desert Camel Tours","isPartOf":{"@id":"https:\/\/desertcameltours.com\/es\/#website"},"datePublished":"2023-06-12T16:42:58+00:00","dateModified":"2025-02-14T11:46:14+00:00","breadcrumb":{"@id":"https:\/\/desertcameltours.com\/es\/viaje-de-15-dias-desde-tanger-marruecos\/#breadcrumb"},"inLanguage":"en-US","potentialAction":[{"@type":"ReadAction","target":["https:\/\/desertcameltours.com\/es\/viaje-de-15-dias-desde-tanger-marruecos\/"]}]},{"@type":"BreadcrumbList","@id":"https:\/\/desertcameltours.com\/es\/viaje-de-15-dias-desde-tanger-marruecos\/#breadcrumb","itemListElement":[{"@type":"ListItem","position":1,"name":"Home","item":"https:\/\/desertcameltours.com\/es\/"},{"@type":"ListItem","position":2,"name":"Viaje de 15 d\u00edas desde T\u00e1nger, Marruecos"}]},{"@type":"WebSite","@id":"https:\/\/desertcameltours.com\/es\/#website","url":"https:\/\/desertcameltours.com\/es\/","name":"Desert Camel Tours","description":"desert camel tours","potentialAction":[{"@type":"SearchAction","target":{"@type":"EntryPoint","urlTemplate":"https:\/\/desertcameltours.com\/es\/?s={search_term_string}"},"query-input":"required name=search_term_string"}],"inLanguage":"en-US"}]}},"_links":{"self":[{"href":"https:\/\/desertcameltours.com\/es\/wp-json\/wp\/v2\/pages\/1259"}],"collection":[{"href":"https:\/\/desertcameltours.com\/es\/wp-json\/wp\/v2\/pages"}],"about":[{"href":"https:\/\/desertcameltours.com\/es\/wp-json\/wp\/v2\/types\/page"}],"author":[{"embeddable":true,"href":"https:\/\/desertcameltours.com\/es\/wp-json\/wp\/v2\/users\/1"}],"replies":[{"embeddable":true,"href":"https:\/\/desertcameltours.com\/es\/wp-json\/wp\/v2\/comments?post=1259"}],"version-history":[{"count":2,"href":"https:\/\/desertcameltours.com\/es\/wp-json\/wp\/v2\/pages\/1259\/revisions"}],"predecessor-version":[{"id":1309,"href":"https:\/\/desertcameltours.com\/es\/wp-json\/wp\/v2\/pages\/1259\/revisions\/1309"}],"wp:attachment":[{"href":"https:\/\/desertcameltours.com\/es\/wp-json\/wp\/v2\/media?parent=1259"}],"curies":[{"name":"wp","href":"https:\/\/api.w.org\/{rel}","templated":true}]}}