{"id":1257,"date":"2023-06-12T16:41:44","date_gmt":"2023-06-12T16:41:44","guid":{"rendered":"https:\/\/desertcameltours.com\/es\/?page_id=1257"},"modified":"2025-02-14T11:47:45","modified_gmt":"2025-02-14T11:47:45","slug":"viaje-de-14-dias-desde-tanger-marruecos","status":"publish","type":"page","link":"https:\/\/desertcameltours.com\/es\/viaje-de-14-dias-desde-tanger-marruecos\/","title":{"rendered":"Viaje de 14 d\u00edas desde T\u00e1nger, Marruecos"},"content":{"rendered":"<div class=\"pbs-main-wrapper\"><h3 data-start=\"51\" data-end=\"101\"><strong data-start=\"55\" data-end=\"101\">Tour de 14 d\u00edas por Marruecos desde T\u00e1nger<\/strong><\/h3>\n<p data-start=\"103\" data-end=\"581\">Marruecos es una tierra de paisajes cautivadores, rica herencia cultural y aventuras inolvidables. Nuestro tour de 14 d\u00edas por Marruecos desde <strong data-start=\"246\" data-end=\"256\">T\u00e1nger<\/strong> te llevar\u00e1 a trav\u00e9s de impresionantes ciudades, paisajes pintorescos y sitios hist\u00f3ricos, ofreci\u00e9ndote una experiencia inmersiva en la belleza y tradiciones de Marruecos. A continuaci\u00f3n, detallamos el itinerario completo de este incre\u00edble tour, destacando los mejores lugares para visitar y las experiencias que disfrutar\u00e1s.<\/p>\n<hr data-start=\"583\" data-end=\"586\">\n<h3 data-start=\"588\" data-end=\"651\"><strong data-start=\"592\" data-end=\"651\">D\u00eda 1: Llegada a T\u00e1nger \u2013 La puerta de entrada a \u00c1frica<\/strong><\/h3>\n<p data-start=\"652\" data-end=\"1064\">A tu llegada a <strong data-start=\"667\" data-end=\"677\">T\u00e1nger<\/strong>, ser\u00e1s recibido por nuestro gu\u00eda y trasladado a tu hotel. <strong data-start=\"736\" data-end=\"746\">T\u00e1nger<\/strong>, una ciudad vibrante conocida por su mezcla \u00fanica de influencias europeas y marroqu\u00edes, ofrece una perfecta introducci\u00f3n a Marruecos. Explora el <strong data-start=\"892\" data-end=\"914\">Museo de la Kasbah<\/strong>, la bulliciosa <strong data-start=\"930\" data-end=\"940\">Medina<\/strong> y el animado <strong data-start=\"954\" data-end=\"968\">Gran Socco<\/strong>. Disfruta de una cena de bienvenida con la deliciosa cocina marroqu\u00ed.<br data-start=\"1038\" data-end=\"1041\">\ud83d\udecf\ufe0f <strong data-start=\"1045\" data-end=\"1064\">Noche en T\u00e1nger<\/strong><\/p>\n<hr data-start=\"1066\" data-end=\"1069\">\n<h3 data-start=\"1071\" data-end=\"1122\"><strong data-start=\"1075\" data-end=\"1122\">D\u00eda 2: T\u00e1nger a Chefchaouen \u2013 La Perla Azul<\/strong><\/h3>\n<p data-start=\"1123\" data-end=\"1459\">Despu\u00e9s del desayuno, nos dirigimos hacia <strong data-start=\"1165\" data-end=\"1180\">Chefchaouen<\/strong>, la pintoresca ciudad pintada de azul, ubicada en las monta\u00f1as Rif. Pasea por sus encantadoras callejuelas, visita el <strong data-start=\"1299\" data-end=\"1321\">Museo de la Kasbah<\/strong> y disfruta de las vistas panor\u00e1micas desde la <strong data-start=\"1368\" data-end=\"1389\">Mezquita Espa\u00f1ola<\/strong>. Pasa la noche en un riad tradicional.<br data-start=\"1428\" data-end=\"1431\">\ud83d\udecf\ufe0f <strong data-start=\"1435\" data-end=\"1459\">Noche en Chefchaouen<\/strong><\/p>\n<hr data-start=\"1461\" data-end=\"1464\">\n<h3 data-start=\"1466\" data-end=\"1521\"><strong data-start=\"1470\" data-end=\"1521\">D\u00eda 3: Chefchaouen a Fez v\u00eda Volubilis y Meknes<\/strong><\/h3>\n<p data-start=\"1522\" data-end=\"1921\">Partimos hacia <strong data-start=\"1537\" data-end=\"1544\">Fez<\/strong>, haciendo una parada en las ruinas romanas de <strong data-start=\"1591\" data-end=\"1604\">Volubilis<\/strong>, declaradas Patrimonio de la Humanidad por la UNESCO. Marav\u00edllate con los mosaicos bien conservados y las estructuras hist\u00f3ricas, antes de continuar hacia <strong data-start=\"1760\" data-end=\"1770\">Meknes<\/strong>, una ciudad imperial. Explora <strong data-start=\"1801\" data-end=\"1816\">Bab Mansour<\/strong>, <strong data-start=\"1818\" data-end=\"1836\">Heri es-Souani<\/strong> y el <strong data-start=\"1842\" data-end=\"1871\">Mausoleo de Moulay Ismail<\/strong> antes de llegar a <strong data-start=\"1890\" data-end=\"1897\">Fez<\/strong>.<br data-start=\"1898\" data-end=\"1901\">\ud83d\udecf\ufe0f <strong data-start=\"1905\" data-end=\"1921\">Noche en Fez<\/strong><\/p>\n<hr data-start=\"1923\" data-end=\"1926\">\n<h3 data-start=\"1928\" data-end=\"1994\"><strong data-start=\"1932\" data-end=\"1994\">D\u00eda 4: Explorando Fez \u2013 El Coraz\u00f3n Espiritual de Marruecos<\/strong><\/h3>\n<p data-start=\"1995\" data-end=\"2312\">Pasa todo el d\u00eda descubriendo las maravillas de <strong data-start=\"2043\" data-end=\"2050\">Fez<\/strong>, la capital cultural y espiritual de Marruecos. Visita la hist\u00f3rica <strong data-start=\"2119\" data-end=\"2150\">Universidad Al Quaraouiyine<\/strong>, la <strong data-start=\"2155\" data-end=\"2177\">Curtiembre Chouara<\/strong> y el <strong data-start=\"2183\" data-end=\"2208\">Barrio Jud\u00edo (Mellah)<\/strong>. Pasea por los vibrantes <strong data-start=\"2234\" data-end=\"2243\">zocos<\/strong> y disfruta de una cena tradicional <strong data-start=\"2279\" data-end=\"2288\">Fassi<\/strong>.<br data-start=\"2289\" data-end=\"2292\">\ud83d\udecf\ufe0f <strong data-start=\"2296\" data-end=\"2312\">Noche en Fez<\/strong><\/p>\n<hr data-start=\"2314\" data-end=\"2317\">\n<h3 data-start=\"2319\" data-end=\"2367\"><strong data-start=\"2323\" data-end=\"2367\">D\u00eda 5: Fez a Merzouga \u2013 Puerta al Sahara<\/strong><\/h3>\n<p data-start=\"2368\" data-end=\"2806\">Comienza un viaje panor\u00e1mico hacia <strong data-start=\"2403\" data-end=\"2415\">Merzouga<\/strong>, pasando por <strong data-start=\"2429\" data-end=\"2439\">Ifrane<\/strong>, conocida como la \u201cSuiza de Marruecos\u201d, y los <strong data-start=\"2486\" data-end=\"2516\">Bosques de Cedros de Azrou<\/strong>, hogar de los <strong data-start=\"2531\" data-end=\"2552\">monos de Berber\u00eda<\/strong>. Continuamos por el <strong data-start=\"2573\" data-end=\"2590\">Valle del Ziz<\/strong>, llegando a <strong data-start=\"2603\" data-end=\"2615\">Merzouga<\/strong> al atardecer, donde tomar\u00e1s un paseo en camello hacia las dunas de <strong data-start=\"2683\" data-end=\"2697\">Erg Chebbi<\/strong> para pasar una noche inolvidable en un campamento en el desierto.<br data-start=\"2763\" data-end=\"2766\">\ud83d\udecf\ufe0f <strong data-start=\"2770\" data-end=\"2806\">Noche en el desierto de Merzouga<\/strong><\/p>\n<hr data-start=\"2808\" data-end=\"2811\">\n<h3 data-start=\"2813\" data-end=\"2863\"><strong data-start=\"2817\" data-end=\"2863\">D\u00eda 6: Aventura en el Desierto de Merzouga<\/strong><\/h3>\n<p data-start=\"2864\" data-end=\"3239\">Despi\u00e9rtate con una fascinante <strong data-start=\"2895\" data-end=\"2927\">puesta de sol en el desierto<\/strong> antes de explorar el Sahara. Visita el <strong data-start=\"2967\" data-end=\"2988\">pueblo de Khamlia<\/strong> para experimentar la m\u00fasica Gnawa, explora los asentamientos n\u00f3madas y haz un emocionante paseo en 4\u00d74 por las dunas. Disfruta de una noche bajo las estrellas, con m\u00fasica bereber y platos locales deliciosos.<br data-start=\"3196\" data-end=\"3199\">\ud83d\udecf\ufe0f <strong data-start=\"3203\" data-end=\"3239\">Noche en el desierto de Merzouga<\/strong><\/p>\n<hr data-start=\"3241\" data-end=\"3244\">\n<h3 data-start=\"3246\" data-end=\"3313\"><strong data-start=\"3250\" data-end=\"3313\">D\u00eda 7: Merzouga a las Gargantas del Todra y Valle del Dades<\/strong><\/h3>\n<p data-start=\"3314\" data-end=\"3687\">Dejamos atr\u00e1s el desierto y viajamos hacia las impresionantes <strong data-start=\"3376\" data-end=\"3399\">Gargantas del Todra<\/strong>, uno de los ca\u00f1ones m\u00e1s impresionantes de Marruecos. Camina entre las formaciones rocosas imponentes antes de continuar hacia el <strong data-start=\"3529\" data-end=\"3548\">Valle del Dades<\/strong>, conocido por las formaciones rocosas <strong data-start=\"3587\" data-end=\"3606\">&#8220;Dedos de Mono&#8221;<\/strong>. Noche en una acogedora casa de hu\u00e9spedes.<br data-start=\"3649\" data-end=\"3652\">\ud83d\udecf\ufe0f <strong data-start=\"3656\" data-end=\"3687\">Noche en el Valle del Dades<\/strong><\/p>\n<hr data-start=\"3689\" data-end=\"3692\">\n<h3 data-start=\"3694\" data-end=\"3753\"><strong data-start=\"3698\" data-end=\"3753\">D\u00eda 8: Valle del Dades a Ouarzazate y Ait Benhaddou<\/strong><\/h3>\n<p data-start=\"3754\" data-end=\"4124\">Recorremos el <strong data-start=\"3768\" data-end=\"3790\">Valle de las Rosas<\/strong>, famoso por su producci\u00f3n de agua de rosas, y llegamos a <strong data-start=\"3848\" data-end=\"3862\">Ouarzazate<\/strong>, conocida como la \u201cHollywood de Marruecos\u201d. Visita los <strong data-start=\"3918\" data-end=\"3944\">Estudios de Cine Atlas<\/strong> y la magn\u00edfica <strong data-start=\"3960\" data-end=\"3984\">Kasbah Ait Benhaddou<\/strong>, un sitio declarado Patrimonio de la Humanidad por la UNESCO. Pasamos la noche en una <strong data-start=\"4071\" data-end=\"4093\">kasbah tradicional<\/strong>.<br data-start=\"4094\" data-end=\"4097\">\ud83d\udecf\ufe0f <strong data-start=\"4101\" data-end=\"4124\">Noche en Ouarzazate<\/strong><\/p>\n<hr data-start=\"4126\" data-end=\"4129\">\n<h3 data-start=\"4131\" data-end=\"4203\"><strong data-start=\"4135\" data-end=\"4203\">D\u00eda 9: Ait Benhaddou a Marrakech v\u00eda las Monta\u00f1as del Alto Atlas<\/strong><\/h3>\n<p data-start=\"4204\" data-end=\"4523\">Cruzamos las <strong data-start=\"4217\" data-end=\"4244\">Monta\u00f1as del Alto Atlas<\/strong>, atravesando el pintoresco <strong data-start=\"4272\" data-end=\"4294\">Paso Tizi n\u2019Tichka<\/strong>, antes de llegar a <strong data-start=\"4314\" data-end=\"4327\">Marrakech<\/strong>. Disfruta de una noche explorando la <strong data-start=\"4365\" data-end=\"4388\">Plaza Jemaa el-Fnaa<\/strong>, donde encantadores de serpientes, artistas callejeros y vendedores de comida crean una atm\u00f3sfera m\u00e1gica.<br data-start=\"4494\" data-end=\"4497\">\ud83d\udecf\ufe0f <strong data-start=\"4501\" data-end=\"4523\">Noche en Marrakech<\/strong><\/p>\n<hr data-start=\"4525\" data-end=\"4528\">\n<h3 data-start=\"4530\" data-end=\"4583\"><strong data-start=\"4534\" data-end=\"4583\">D\u00eda 10: Explorando Marrakech \u2013 La Ciudad Roja<\/strong><\/h3>\n<p data-start=\"4584\" data-end=\"4867\">Descubre los encantadores sitios de <strong data-start=\"4620\" data-end=\"4633\">Marrakech<\/strong>, como el <strong data-start=\"4643\" data-end=\"4660\">Palacio Bahia<\/strong>, la <strong data-start=\"4665\" data-end=\"4687\">Mezquita Koutoubia<\/strong>, los <strong data-start=\"4693\" data-end=\"4715\">Jardines Majorelle<\/strong> y los vibrantes <strong data-start=\"4732\" data-end=\"4741\">zocos<\/strong> de la <strong data-start=\"4748\" data-end=\"4758\">Medina<\/strong>. Disfruta de un aut\u00e9ntico <strong data-start=\"4785\" data-end=\"4799\">spa hammam<\/strong> y saborea una deliciosa cena marroqu\u00ed.<br data-start=\"4838\" data-end=\"4841\">\ud83d\udecf\ufe0f <strong data-start=\"4845\" data-end=\"4867\">Noche en Marrakech<\/strong><\/p>\n<hr data-start=\"4869\" data-end=\"4872\">\n<h3 data-start=\"4874\" data-end=\"4939\"><strong data-start=\"4878\" data-end=\"4939\">D\u00eda 11: Excursi\u00f3n de un D\u00eda a Essaouira \u2013 La Joya Costera<\/strong><\/h3>\n<p data-start=\"4940\" data-end=\"5246\">Haz una excursi\u00f3n de un d\u00eda a <strong data-start=\"4970\" data-end=\"4983\">Essaouira<\/strong>, una hermosa ciudad costera conocida por su ambiente relajado, playas arenosas y vibrante escena art\u00edstica. Visita la <strong data-start=\"5102\" data-end=\"5123\">Skala de la Ville<\/strong>, explora el puerto pesquero y disfruta de mariscos frescos antes de regresar a <strong data-start=\"5203\" data-end=\"5216\">Marrakech<\/strong>.<br data-start=\"5217\" data-end=\"5220\">\ud83d\udecf\ufe0f <strong data-start=\"5224\" data-end=\"5246\">Noche en Marrakech<\/strong><\/p>\n<hr data-start=\"5248\" data-end=\"5251\">\n<h3 data-start=\"5253\" data-end=\"5291\"><strong data-start=\"5257\" data-end=\"5291\">D\u00eda 12: Marrakech a Casablanca<\/strong><\/h3>\n<p data-start=\"5292\" data-end=\"5594\">Viaja a <strong data-start=\"5300\" data-end=\"5314\">Casablanca<\/strong>, la moderna metr\u00f3poli de Marruecos. Visita la ic\u00f3nica <strong data-start=\"5369\" data-end=\"5391\">Mezquita Hassan II<\/strong>, la m\u00e1s grande de \u00c1frica, pasea por la <strong data-start=\"5431\" data-end=\"5443\">Corniche<\/strong> y explora los bulliciosos mercados. Disfruta de una cena de despedida con impresionantes vistas al <strong data-start=\"5543\" data-end=\"5563\">Oc\u00e9ano Atl\u00e1ntico<\/strong>.<br data-start=\"5564\" data-end=\"5567\">\ud83d\udecf\ufe0f <strong data-start=\"5571\" data-end=\"5594\">Noche en Casablanca<\/strong><\/p>\n<hr data-start=\"5596\" data-end=\"5599\">\n<h3 data-start=\"5601\" data-end=\"5661\"><strong data-start=\"5605\" data-end=\"5661\">D\u00eda 13: Casablanca a Rabat \u2013 La Capital de Marruecos<\/strong><\/h3>\n<p data-start=\"5662\" data-end=\"5896\">Nos dirigimos a <strong data-start=\"5678\" data-end=\"5687\">Rabat<\/strong>, la capital de Marruecos, para visitar el <strong data-start=\"5730\" data-end=\"5746\">Palacio Real<\/strong>, la <strong data-start=\"5751\" data-end=\"5767\">Torre Hassan<\/strong> y el <strong data-start=\"5773\" data-end=\"5799\">Mausoleo de Mohammed V<\/strong>. Pasea por la <strong data-start=\"5814\" data-end=\"5838\">Kasbah de los Udayas<\/strong> antes de regresar a <strong data-start=\"5859\" data-end=\"5869\">T\u00e1nger<\/strong>.<br data-start=\"5870\" data-end=\"5873\">\ud83d\udecf\ufe0f <strong data-start=\"5877\" data-end=\"5896\">Noche en T\u00e1nger<\/strong><\/p>\n<hr data-start=\"5898\" data-end=\"5901\">\n<h3 data-start=\"5903\" data-end=\"5938\"><strong data-start=\"5907\" data-end=\"5938\">D\u00eda 14: Salida desde T\u00e1nger<\/strong><\/h3>\n<p data-start=\"5939\" data-end=\"6141\">Disfruta de un desayuno tranquilo antes de ser trasladado al aeropuerto o puerto, marcando el fin de este incre\u00edble recorrido por Marruecos.<br data-start=\"6079\" data-end=\"6082\">\u2708\ufe0f <strong data-start=\"6085\" data-end=\"6141\">Fin del tour con recuerdos inolvidables de Marruecos<\/strong><\/p>\n<\/div>","protected":false},"excerpt":{"rendered":"<p>Tour de 14 d\u00edas por Marruecos desde T\u00e1nger Marruecos es una tierra de paisajes cautivadores, rica herencia cultural y aventuras inolvidables. Nuestro tour de 14 d\u00edas<span class=\"excerpt-hellip\"> [\u2026]<\/span><\/p>\n","protected":false},"author":1,"featured_media":0,"parent":0,"menu_order":0,"comment_status":"closed","ping_status":"closed","template":"","meta":{"ngg_post_thumbnail":0},"aioseo_notices":[],"yoast_head":"<!-- This site is optimized with the Yoast SEO plugin v20.8 - https:\/\/yoast.com\/wordpress\/plugins\/seo\/ -->\n<title>Viaje de 14 d\u00edas desde T\u00e1nger, Marruecos - Desert Camel Tours<\/title>\n<meta name=\"robots\" content=\"index, follow, max-snippet:-1, max-image-preview:large, max-video-preview:-1\" \/>\n<link rel=\"canonical\" href=\"https:\/\/desertcameltours.com\/es\/viaje-de-14-dias-desde-tanger-marruecos\/\" \/>\n<meta property=\"og:locale\" content=\"en_US\" \/>\n<meta property=\"og:type\" content=\"article\" \/>\n<meta property=\"og:title\" content=\"Viaje de 14 d\u00edas desde T\u00e1nger, Marruecos - Desert Camel Tours\" \/>\n<meta property=\"og:description\" content=\"Tour de 14 d\u00edas por Marruecos desde T\u00e1nger Marruecos es una tierra de paisajes cautivadores, rica herencia cultural y aventuras inolvidables. Nuestro tour de 14 d\u00edas [\u2026]\" \/>\n<meta property=\"og:url\" content=\"https:\/\/desertcameltours.com\/es\/viaje-de-14-dias-desde-tanger-marruecos\/\" \/>\n<meta property=\"og:site_name\" content=\"Desert Camel Tours\" \/>\n<meta property=\"article:modified_time\" content=\"2025-02-14T11:47:45+00:00\" \/>\n<meta name=\"twitter:card\" content=\"summary_large_image\" \/>\n<meta name=\"twitter:label1\" content=\"Est. reading time\" \/>\n\t<meta name=\"twitter:data1\" content=\"5 minutes\" \/>\n<script type=\"application\/ld+json\" class=\"yoast-schema-graph\">{\"@context\":\"https:\/\/schema.org\",\"@graph\":[{\"@type\":\"WebPage\",\"@id\":\"https:\/\/desertcameltours.com\/es\/viaje-de-14-dias-desde-tanger-marruecos\/\",\"url\":\"https:\/\/desertcameltours.com\/es\/viaje-de-14-dias-desde-tanger-marruecos\/\",\"name\":\"Viaje de 14 d\u00edas desde T\u00e1nger, Marruecos - Desert Camel Tours\",\"isPartOf\":{\"@id\":\"https:\/\/desertcameltours.com\/es\/#website\"},\"datePublished\":\"2023-06-12T16:41:44+00:00\",\"dateModified\":\"2025-02-14T11:47:45+00:00\",\"breadcrumb\":{\"@id\":\"https:\/\/desertcameltours.com\/es\/viaje-de-14-dias-desde-tanger-marruecos\/#breadcrumb\"},\"inLanguage\":\"en-US\",\"potentialAction\":[{\"@type\":\"ReadAction\",\"target\":[\"https:\/\/desertcameltours.com\/es\/viaje-de-14-dias-desde-tanger-marruecos\/\"]}]},{\"@type\":\"BreadcrumbList\",\"@id\":\"https:\/\/desertcameltours.com\/es\/viaje-de-14-dias-desde-tanger-marruecos\/#breadcrumb\",\"itemListElement\":[{\"@type\":\"ListItem\",\"position\":1,\"name\":\"Home\",\"item\":\"https:\/\/desertcameltours.com\/es\/\"},{\"@type\":\"ListItem\",\"position\":2,\"name\":\"Viaje de 14 d\u00edas desde T\u00e1nger, Marruecos\"}]},{\"@type\":\"WebSite\",\"@id\":\"https:\/\/desertcameltours.com\/es\/#website\",\"url\":\"https:\/\/desertcameltours.com\/es\/\",\"name\":\"Desert Camel Tours\",\"description\":\"desert camel tours\",\"potentialAction\":[{\"@type\":\"SearchAction\",\"target\":{\"@type\":\"EntryPoint\",\"urlTemplate\":\"https:\/\/desertcameltours.com\/es\/?s={search_term_string}\"},\"query-input\":\"required name=search_term_string\"}],\"inLanguage\":\"en-US\"}]}<\/script>\n<!-- \/ Yoast SEO plugin. -->","yoast_head_json":{"title":"Viaje de 14 d\u00edas desde T\u00e1nger, Marruecos - Desert Camel Tours","robots":{"index":"index","follow":"follow","max-snippet":"max-snippet:-1","max-image-preview":"max-image-preview:large","max-video-preview":"max-video-preview:-1"},"canonical":"https:\/\/desertcameltours.com\/es\/viaje-de-14-dias-desde-tanger-marruecos\/","og_locale":"en_US","og_type":"article","og_title":"Viaje de 14 d\u00edas desde T\u00e1nger, Marruecos - Desert Camel Tours","og_description":"Tour de 14 d\u00edas por Marruecos desde T\u00e1nger Marruecos es una tierra de paisajes cautivadores, rica herencia cultural y aventuras inolvidables. Nuestro tour de 14 d\u00edas [\u2026]","og_url":"https:\/\/desertcameltours.com\/es\/viaje-de-14-dias-desde-tanger-marruecos\/","og_site_name":"Desert Camel Tours","article_modified_time":"2025-02-14T11:47:45+00:00","twitter_card":"summary_large_image","twitter_misc":{"Est. reading time":"5 minutes"},"schema":{"@context":"https:\/\/schema.org","@graph":[{"@type":"WebPage","@id":"https:\/\/desertcameltours.com\/es\/viaje-de-14-dias-desde-tanger-marruecos\/","url":"https:\/\/desertcameltours.com\/es\/viaje-de-14-dias-desde-tanger-marruecos\/","name":"Viaje de 14 d\u00edas desde T\u00e1nger, Marruecos - Desert Camel Tours","isPartOf":{"@id":"https:\/\/desertcameltours.com\/es\/#website"},"datePublished":"2023-06-12T16:41:44+00:00","dateModified":"2025-02-14T11:47:45+00:00","breadcrumb":{"@id":"https:\/\/desertcameltours.com\/es\/viaje-de-14-dias-desde-tanger-marruecos\/#breadcrumb"},"inLanguage":"en-US","potentialAction":[{"@type":"ReadAction","target":["https:\/\/desertcameltours.com\/es\/viaje-de-14-dias-desde-tanger-marruecos\/"]}]},{"@type":"BreadcrumbList","@id":"https:\/\/desertcameltours.com\/es\/viaje-de-14-dias-desde-tanger-marruecos\/#breadcrumb","itemListElement":[{"@type":"ListItem","position":1,"name":"Home","item":"https:\/\/desertcameltours.com\/es\/"},{"@type":"ListItem","position":2,"name":"Viaje de 14 d\u00edas desde T\u00e1nger, Marruecos"}]},{"@type":"WebSite","@id":"https:\/\/desertcameltours.com\/es\/#website","url":"https:\/\/desertcameltours.com\/es\/","name":"Desert Camel Tours","description":"desert camel tours","potentialAction":[{"@type":"SearchAction","target":{"@type":"EntryPoint","urlTemplate":"https:\/\/desertcameltours.com\/es\/?s={search_term_string}"},"query-input":"required name=search_term_string"}],"inLanguage":"en-US"}]}},"_links":{"self":[{"href":"https:\/\/desertcameltours.com\/es\/wp-json\/wp\/v2\/pages\/1257"}],"collection":[{"href":"https:\/\/desertcameltours.com\/es\/wp-json\/wp\/v2\/pages"}],"about":[{"href":"https:\/\/desertcameltours.com\/es\/wp-json\/wp\/v2\/types\/page"}],"author":[{"embeddable":true,"href":"https:\/\/desertcameltours.com\/es\/wp-json\/wp\/v2\/users\/1"}],"replies":[{"embeddable":true,"href":"https:\/\/desertcameltours.com\/es\/wp-json\/wp\/v2\/comments?post=1257"}],"version-history":[{"count":2,"href":"https:\/\/desertcameltours.com\/es\/wp-json\/wp\/v2\/pages\/1257\/revisions"}],"predecessor-version":[{"id":1310,"href":"https:\/\/desertcameltours.com\/es\/wp-json\/wp\/v2\/pages\/1257\/revisions\/1310"}],"wp:attachment":[{"href":"https:\/\/desertcameltours.com\/es\/wp-json\/wp\/v2\/media?parent=1257"}],"curies":[{"name":"wp","href":"https:\/\/api.w.org\/{rel}","templated":true}]}}