{"id":1255,"date":"2023-06-12T16:40:31","date_gmt":"2023-06-12T16:40:31","guid":{"rendered":"https:\/\/desertcameltours.com\/es\/?page_id=1255"},"modified":"2025-02-14T11:49:21","modified_gmt":"2025-02-14T11:49:21","slug":"viaje-de-13-dias-desde-tanger-marruecos","status":"publish","type":"page","link":"https:\/\/desertcameltours.com\/es\/viaje-de-13-dias-desde-tanger-marruecos\/","title":{"rendered":"Viaje de 13 d\u00edas desde T\u00e1nger, Marruecos"},"content":{"rendered":"<div class=\"pbs-main-wrapper\"><h3 data-start=\"51\" data-end=\"101\"><strong data-start=\"55\" data-end=\"101\">Tour de 13 d\u00edas por Marruecos desde T\u00e1nger<\/strong><\/h3>\n<p data-start=\"103\" data-end=\"451\">Emb\u00e1rcate en un viaje inolvidable de 13 d\u00edas desde <strong data-start=\"154\" data-end=\"164\">T\u00e1nger<\/strong> a trav\u00e9s de Marruecos, explorando su rica historia, paisajes diversos y cultura vibrante. Desde las calles azules de <strong data-start=\"282\" data-end=\"297\">Chefchaouen<\/strong> hasta las doradas dunas del <strong data-start=\"326\" data-end=\"336\">S\u00e1hara<\/strong>, este tour te llevar\u00e1 a descubrir las maravillas de Marruecos, ofreci\u00e9ndote una experiencia inmersiva y aut\u00e9ntica.<\/p>\n<hr data-start=\"453\" data-end=\"456\">\n<h3 data-start=\"458\" data-end=\"521\"><strong data-start=\"462\" data-end=\"521\">D\u00eda 1: Llegada a T\u00e1nger \u2013 Puerta de Entrada a Marruecos<\/strong><\/h3>\n<p data-start=\"522\" data-end=\"868\">Tu viaje comienza en <strong data-start=\"543\" data-end=\"553\">T\u00e1nger<\/strong>, la ciudad m\u00e1s septentrional de Marruecos, donde el Atl\u00e1ntico se encuentra con el Mediterr\u00e1neo. A tu llegada, ser\u00e1s recibido y trasladado a tu hotel. Explora la <strong data-start=\"715\" data-end=\"735\">Kasbah de T\u00e1nger<\/strong>, la bulliciosa <strong data-start=\"751\" data-end=\"761\">Medina<\/strong> y las <strong data-start=\"768\" data-end=\"789\">Cueva de H\u00e9rcules<\/strong> antes de disfrutar de una cena tradicional marroqu\u00ed.<br data-start=\"842\" data-end=\"845\">\ud83d\udecf\ufe0f <strong data-start=\"849\" data-end=\"868\">Noche en T\u00e1nger<\/strong><\/p>\n<hr data-start=\"870\" data-end=\"873\">\n<h3 data-start=\"875\" data-end=\"926\"><strong data-start=\"879\" data-end=\"926\">D\u00eda 2: T\u00e1nger a Chefchaouen \u2013 La Perla Azul<\/strong><\/h3>\n<p data-start=\"927\" data-end=\"1276\">Salimos hacia <strong data-start=\"941\" data-end=\"956\">Chefchaouen<\/strong>, situada en las monta\u00f1as Rif. Esta encantadora ciudad es famosa por sus edificios pintados de azul cobalto, sus estrechas callejuelas y su atm\u00f3sfera art\u00edstica. Pasea por la <strong data-start=\"1130\" data-end=\"1140\">Medina<\/strong>, visita la <strong data-start=\"1152\" data-end=\"1175\">Plaza Uta el-Hammam<\/strong> y disfruta de una tranquila tarde admirando los hermosos alrededores.<br data-start=\"1245\" data-end=\"1248\">\ud83d\udecf\ufe0f <strong data-start=\"1252\" data-end=\"1276\">Noche en Chefchaouen<\/strong><\/p>\n<hr data-start=\"1278\" data-end=\"1281\">\n<h3 data-start=\"1283\" data-end=\"1352\"><strong data-start=\"1287\" data-end=\"1352\">D\u00eda 3: Chefchaouen a Fez \u2013 El Coraz\u00f3n Espiritual de Marruecos<\/strong><\/h3>\n<p data-start=\"1353\" data-end=\"1669\">Despu\u00e9s del desayuno, nos dirigimos hacia <strong data-start=\"1395\" data-end=\"1402\">Fez<\/strong>, haciendo una parada en las antiguas ruinas romanas de <strong data-start=\"1458\" data-end=\"1471\">Volubilis<\/strong> y la ciudad imperial de <strong data-start=\"1496\" data-end=\"1506\">Meknes<\/strong>. A tu llegada a <strong data-start=\"1523\" data-end=\"1530\">Fez<\/strong>, haz el check-in en tu hotel y prep\u00e1rate para una exploraci\u00f3n en profundidad de la ciudad m\u00e1s antigua de Marruecos.<br data-start=\"1646\" data-end=\"1649\">\ud83d\udecf\ufe0f <strong data-start=\"1653\" data-end=\"1669\">Noche en Fez<\/strong><\/p>\n<hr data-start=\"1671\" data-end=\"1674\">\n<h3 data-start=\"1676\" data-end=\"1740\"><strong data-start=\"1680\" data-end=\"1740\">D\u00eda 4: Explorando Fez \u2013 La Capital Cultural y Espiritual<\/strong><\/h3>\n<p data-start=\"1741\" data-end=\"2088\">Dedica el d\u00eda a descubrir los secretos de <strong data-start=\"1783\" data-end=\"1798\">Fez el-Bali<\/strong>, la antigua ciudad declarada Patrimonio de la Humanidad por la UNESCO. Visita la <strong data-start=\"1880\" data-end=\"1911\">Universidad Al Quaraouiyine<\/strong>, la <strong data-start=\"1916\" data-end=\"1938\">Madrasa Bou Inania<\/strong> y las famosas <strong data-start=\"1953\" data-end=\"1968\">curtiembres<\/strong>. Recorre los vibrantes <strong data-start=\"1992\" data-end=\"2001\">zocos<\/strong> y disfruta de una comida tradicional marroqu\u00ed en un riad local.<br data-start=\"2065\" data-end=\"2068\">\ud83d\udecf\ufe0f <strong data-start=\"2072\" data-end=\"2088\">Noche en Fez<\/strong><\/p>\n<hr data-start=\"2090\" data-end=\"2093\">\n<h3 data-start=\"2095\" data-end=\"2146\"><strong data-start=\"2099\" data-end=\"2146\">D\u00eda 5: Fez a Merzouga \u2013 La Puerta al S\u00e1hara<\/strong><\/h3>\n<p data-start=\"2147\" data-end=\"2535\">Viaja hacia el sur atravesando las impresionantes <strong data-start=\"2197\" data-end=\"2225\">Monta\u00f1as del Atlas Medio<\/strong>, pasando por los <strong data-start=\"2243\" data-end=\"2274\">Bosques de Cedros de Ifrane<\/strong> y el hermoso <strong data-start=\"2288\" data-end=\"2305\">Valle del Ziz<\/strong> antes de llegar a <strong data-start=\"2324\" data-end=\"2336\">Merzouga<\/strong>, la puerta de entrada al desierto del S\u00e1hara. Disfruta de un paseo en camello hacia tu campamento en el desierto y contempla una puesta de sol inolvidable.<br data-start=\"2492\" data-end=\"2495\">\ud83d\udecf\ufe0f <strong data-start=\"2499\" data-end=\"2535\">Noche en el desierto de Merzouga<\/strong><\/p>\n<hr data-start=\"2537\" data-end=\"2540\">\n<h3 data-start=\"2542\" data-end=\"2598\"><strong data-start=\"2546\" data-end=\"2598\">D\u00eda 6: Merzouga \u2013 Un D\u00eda Completo en el Desierto<\/strong><\/h3>\n<p data-start=\"2599\" data-end=\"2956\">Despi\u00e9rtate con una impresionante <strong data-start=\"2633\" data-end=\"2666\">salida del sol en el desierto<\/strong> y disfruta del desayuno en tu campamento. Explora las dunas doradas en un <strong data-start=\"2741\" data-end=\"2748\">4&#215;4<\/strong>, visita un <strong data-start=\"2760\" data-end=\"2785\">pueblo n\u00f3mada bereber<\/strong> y experimenta la m\u00fasica <strong data-start=\"2810\" data-end=\"2819\">Gnawa<\/strong> en el pueblo de <strong data-start=\"2836\" data-end=\"2847\">Khamlia<\/strong>. Regresa a tu campamento para pasar una noche bajo las estrellas.<br data-start=\"2913\" data-end=\"2916\">\ud83d\udecf\ufe0f <strong data-start=\"2920\" data-end=\"2956\">Noche en el desierto de Merzouga<\/strong><\/p>\n<hr data-start=\"2958\" data-end=\"2961\">\n<h3 data-start=\"2963\" data-end=\"3030\"><strong data-start=\"2967\" data-end=\"3030\">D\u00eda 7: Merzouga a las Gargantas del Todra y Valle del Dades<\/strong><\/h3>\n<p data-start=\"3031\" data-end=\"3302\">Deja atr\u00e1s el desierto y dir\u00edgete a las <strong data-start=\"3071\" data-end=\"3094\">Gargantas del Todra<\/strong>, famosas por sus imponentes acantilados rojos. Contin\u00faa a trav\u00e9s del pintoresco <strong data-start=\"3175\" data-end=\"3194\">Valle del Dades<\/strong>, conocido por sus dram\u00e1ticas formaciones rocosas y exuberantes oasis.<br data-start=\"3264\" data-end=\"3267\">\ud83d\udecf\ufe0f <strong data-start=\"3271\" data-end=\"3302\">Noche en el Valle del Dades<\/strong><\/p>\n<hr data-start=\"3304\" data-end=\"3307\">\n<h3 data-start=\"3309\" data-end=\"3368\"><strong data-start=\"3313\" data-end=\"3368\">D\u00eda 8: Valle del Dades a Ouarzazate y Ait Benhaddou<\/strong><\/h3>\n<p data-start=\"3369\" data-end=\"3639\">Viaja a trav\u00e9s del <strong data-start=\"3388\" data-end=\"3410\">Valle de las Rosas<\/strong> hasta <strong data-start=\"3417\" data-end=\"3431\">Ouarzazate<\/strong>, conocida como la \u201cHollywood de \u00c1frica\u201d. Visita los <strong data-start=\"3484\" data-end=\"3510\">Estudios de Cine Atlas<\/strong> y explora el antiguo <strong data-start=\"3532\" data-end=\"3557\">ksar de Ait Benhaddou<\/strong>, un sitio Patrimonio de la Humanidad por la UNESCO.<br data-start=\"3609\" data-end=\"3612\">\ud83d\udecf\ufe0f <strong data-start=\"3616\" data-end=\"3639\">Noche en Ouarzazate<\/strong><\/p>\n<hr data-start=\"3641\" data-end=\"3644\">\n<h3 data-start=\"3646\" data-end=\"3718\"><strong data-start=\"3650\" data-end=\"3718\">D\u00eda 9: Ait Benhaddou a Marrakech v\u00eda las Monta\u00f1as del Alto Atlas<\/strong><\/h3>\n<p data-start=\"3719\" data-end=\"3979\">Cruzamos el <strong data-start=\"3731\" data-end=\"3753\">Paso Tizi n\u2019Tichka<\/strong>, que ofrece impresionantes vistas de las <strong data-start=\"3795\" data-end=\"3822\">Monta\u00f1as del Alto Atlas<\/strong>, antes de llegar a <strong data-start=\"3842\" data-end=\"3855\">Marrakech<\/strong>. Haz el check-in en tu riad y prep\u00e1rate para un emocionante d\u00eda explorando la <strong data-start=\"3934\" data-end=\"3949\">Ciudad Roja<\/strong>.<br data-start=\"3950\" data-end=\"3953\">\ud83d\udecf\ufe0f <strong data-start=\"3957\" data-end=\"3979\">Noche en Marrakech<\/strong><\/p>\n<hr data-start=\"3981\" data-end=\"3984\">\n<h3 data-start=\"3986\" data-end=\"4045\"><strong data-start=\"3990\" data-end=\"4045\">D\u00eda 10: Explorando Marrakech \u2013 La Joya de Marruecos<\/strong><\/h3>\n<p data-start=\"4046\" data-end=\"4334\">Visita los lugares m\u00e1s emblem\u00e1ticos de <strong data-start=\"4085\" data-end=\"4098\">Marrakech<\/strong>, como la <strong data-start=\"4108\" data-end=\"4130\">Mezquita Koutoubia<\/strong>, el <strong data-start=\"4135\" data-end=\"4152\">Palacio Bahia<\/strong>, las <strong data-start=\"4158\" data-end=\"4176\">Tumbas Saad\u00edes<\/strong> y la animada <strong data-start=\"4190\" data-end=\"4213\">Plaza Jemaa el-Fnaa<\/strong>. Recorre los <strong data-start=\"4227\" data-end=\"4236\">zocos<\/strong> y disfruta de una experiencia tradicional en el <strong data-start=\"4285\" data-end=\"4304\">hammam marroqu\u00ed<\/strong>.<br data-start=\"4305\" data-end=\"4308\">\ud83d\udecf\ufe0f <strong data-start=\"4312\" data-end=\"4334\">Noche en Marrakech<\/strong><\/p>\n<hr data-start=\"4336\" data-end=\"4339\">\n<h3 data-start=\"4341\" data-end=\"4400\"><strong data-start=\"4345\" data-end=\"4400\">D\u00eda 11: Marrakech a Essaouira \u2013 La Escapada Costera<\/strong><\/h3>\n<p data-start=\"4401\" data-end=\"4687\">Realiza un viaje panor\u00e1mico hacia <strong data-start=\"4435\" data-end=\"4448\">Essaouira<\/strong>, una encantadora ciudad costera conocida por sus edificios encalados, su puerto animado y sus mariscos frescos. Explora la <strong data-start=\"4572\" data-end=\"4593\">Skala de la Ville<\/strong>, camina por la playa y visita los talleres de artesanos locales.<br data-start=\"4658\" data-end=\"4661\">\ud83d\udecf\ufe0f <strong data-start=\"4665\" data-end=\"4687\">Noche en Essaouira<\/strong><\/p>\n<hr data-start=\"4689\" data-end=\"4692\">\n<h3 data-start=\"4694\" data-end=\"4732\"><strong data-start=\"4698\" data-end=\"4732\">D\u00eda 12: Essaouira a Casablanca<\/strong><\/h3>\n<p data-start=\"4733\" data-end=\"4968\">Partimos hacia <strong data-start=\"4748\" data-end=\"4762\">Casablanca<\/strong>, el centro econ\u00f3mico de Marruecos. Visita la impresionante <strong data-start=\"4822\" data-end=\"4844\">Mezquita Hassan II<\/strong>, pasea por la <strong data-start=\"4859\" data-end=\"4871\">Corniche<\/strong> y disfruta de tu \u00faltima noche en Marruecos con una deliciosa cena.<br data-start=\"4938\" data-end=\"4941\">\ud83d\udecf\ufe0f <strong data-start=\"4945\" data-end=\"4968\">Noche en Casablanca<\/strong><\/p>\n<hr data-start=\"4970\" data-end=\"4973\">\n<h3 data-start=\"4975\" data-end=\"5014\"><strong data-start=\"4979\" data-end=\"5014\">D\u00eda 13: Salida desde Casablanca<\/strong><\/h3>\n<p data-start=\"5015\" data-end=\"5215\">Seg\u00fan tu horario de vuelo, puedes explorar un poco m\u00e1s de <strong data-start=\"5073\" data-end=\"5087\">Casablanca<\/strong> antes de ser trasladado al aeropuerto, marcando el final de tu inolvidable tour de 13 d\u00edas por Marruecos.<br data-start=\"5193\" data-end=\"5196\">\u2708\ufe0f <strong data-start=\"5199\" data-end=\"5215\">Fin del tour<\/strong><\/p>\n<\/div>","protected":false},"excerpt":{"rendered":"<p>Tour de 13 d\u00edas por Marruecos desde T\u00e1nger Emb\u00e1rcate en un viaje inolvidable de 13 d\u00edas desde T\u00e1nger a trav\u00e9s de Marruecos, explorando su rica historia,<span class=\"excerpt-hellip\"> [\u2026]<\/span><\/p>\n","protected":false},"author":1,"featured_media":0,"parent":0,"menu_order":0,"comment_status":"closed","ping_status":"closed","template":"","meta":{"ngg_post_thumbnail":0},"aioseo_notices":[],"yoast_head":"<!-- This site is optimized with the Yoast SEO plugin v20.8 - https:\/\/yoast.com\/wordpress\/plugins\/seo\/ -->\n<title>Viaje de 13 d\u00edas desde T\u00e1nger, Marruecos - Desert Camel Tours<\/title>\n<meta name=\"robots\" content=\"index, follow, max-snippet:-1, max-image-preview:large, max-video-preview:-1\" \/>\n<link rel=\"canonical\" href=\"https:\/\/desertcameltours.com\/es\/viaje-de-13-dias-desde-tanger-marruecos\/\" \/>\n<meta property=\"og:locale\" content=\"en_US\" \/>\n<meta property=\"og:type\" content=\"article\" \/>\n<meta property=\"og:title\" content=\"Viaje de 13 d\u00edas desde T\u00e1nger, Marruecos - Desert Camel Tours\" \/>\n<meta property=\"og:description\" content=\"Tour de 13 d\u00edas por Marruecos desde T\u00e1nger Emb\u00e1rcate en un viaje inolvidable de 13 d\u00edas desde T\u00e1nger a trav\u00e9s de Marruecos, explorando su rica historia, [\u2026]\" \/>\n<meta property=\"og:url\" content=\"https:\/\/desertcameltours.com\/es\/viaje-de-13-dias-desde-tanger-marruecos\/\" \/>\n<meta property=\"og:site_name\" content=\"Desert Camel Tours\" \/>\n<meta property=\"article:modified_time\" content=\"2025-02-14T11:49:21+00:00\" \/>\n<meta name=\"twitter:card\" content=\"summary_large_image\" \/>\n<meta name=\"twitter:label1\" content=\"Est. reading time\" \/>\n\t<meta name=\"twitter:data1\" content=\"5 minutes\" \/>\n<script type=\"application\/ld+json\" class=\"yoast-schema-graph\">{\"@context\":\"https:\/\/schema.org\",\"@graph\":[{\"@type\":\"WebPage\",\"@id\":\"https:\/\/desertcameltours.com\/es\/viaje-de-13-dias-desde-tanger-marruecos\/\",\"url\":\"https:\/\/desertcameltours.com\/es\/viaje-de-13-dias-desde-tanger-marruecos\/\",\"name\":\"Viaje de 13 d\u00edas desde T\u00e1nger, Marruecos - Desert Camel Tours\",\"isPartOf\":{\"@id\":\"https:\/\/desertcameltours.com\/es\/#website\"},\"datePublished\":\"2023-06-12T16:40:31+00:00\",\"dateModified\":\"2025-02-14T11:49:21+00:00\",\"breadcrumb\":{\"@id\":\"https:\/\/desertcameltours.com\/es\/viaje-de-13-dias-desde-tanger-marruecos\/#breadcrumb\"},\"inLanguage\":\"en-US\",\"potentialAction\":[{\"@type\":\"ReadAction\",\"target\":[\"https:\/\/desertcameltours.com\/es\/viaje-de-13-dias-desde-tanger-marruecos\/\"]}]},{\"@type\":\"BreadcrumbList\",\"@id\":\"https:\/\/desertcameltours.com\/es\/viaje-de-13-dias-desde-tanger-marruecos\/#breadcrumb\",\"itemListElement\":[{\"@type\":\"ListItem\",\"position\":1,\"name\":\"Home\",\"item\":\"https:\/\/desertcameltours.com\/es\/\"},{\"@type\":\"ListItem\",\"position\":2,\"name\":\"Viaje de 13 d\u00edas desde T\u00e1nger, Marruecos\"}]},{\"@type\":\"WebSite\",\"@id\":\"https:\/\/desertcameltours.com\/es\/#website\",\"url\":\"https:\/\/desertcameltours.com\/es\/\",\"name\":\"Desert Camel Tours\",\"description\":\"desert camel tours\",\"potentialAction\":[{\"@type\":\"SearchAction\",\"target\":{\"@type\":\"EntryPoint\",\"urlTemplate\":\"https:\/\/desertcameltours.com\/es\/?s={search_term_string}\"},\"query-input\":\"required name=search_term_string\"}],\"inLanguage\":\"en-US\"}]}<\/script>\n<!-- \/ Yoast SEO plugin. -->","yoast_head_json":{"title":"Viaje de 13 d\u00edas desde T\u00e1nger, Marruecos - Desert Camel Tours","robots":{"index":"index","follow":"follow","max-snippet":"max-snippet:-1","max-image-preview":"max-image-preview:large","max-video-preview":"max-video-preview:-1"},"canonical":"https:\/\/desertcameltours.com\/es\/viaje-de-13-dias-desde-tanger-marruecos\/","og_locale":"en_US","og_type":"article","og_title":"Viaje de 13 d\u00edas desde T\u00e1nger, Marruecos - Desert Camel Tours","og_description":"Tour de 13 d\u00edas por Marruecos desde T\u00e1nger Emb\u00e1rcate en un viaje inolvidable de 13 d\u00edas desde T\u00e1nger a trav\u00e9s de Marruecos, explorando su rica historia, [\u2026]","og_url":"https:\/\/desertcameltours.com\/es\/viaje-de-13-dias-desde-tanger-marruecos\/","og_site_name":"Desert Camel Tours","article_modified_time":"2025-02-14T11:49:21+00:00","twitter_card":"summary_large_image","twitter_misc":{"Est. reading time":"5 minutes"},"schema":{"@context":"https:\/\/schema.org","@graph":[{"@type":"WebPage","@id":"https:\/\/desertcameltours.com\/es\/viaje-de-13-dias-desde-tanger-marruecos\/","url":"https:\/\/desertcameltours.com\/es\/viaje-de-13-dias-desde-tanger-marruecos\/","name":"Viaje de 13 d\u00edas desde T\u00e1nger, Marruecos - Desert Camel Tours","isPartOf":{"@id":"https:\/\/desertcameltours.com\/es\/#website"},"datePublished":"2023-06-12T16:40:31+00:00","dateModified":"2025-02-14T11:49:21+00:00","breadcrumb":{"@id":"https:\/\/desertcameltours.com\/es\/viaje-de-13-dias-desde-tanger-marruecos\/#breadcrumb"},"inLanguage":"en-US","potentialAction":[{"@type":"ReadAction","target":["https:\/\/desertcameltours.com\/es\/viaje-de-13-dias-desde-tanger-marruecos\/"]}]},{"@type":"BreadcrumbList","@id":"https:\/\/desertcameltours.com\/es\/viaje-de-13-dias-desde-tanger-marruecos\/#breadcrumb","itemListElement":[{"@type":"ListItem","position":1,"name":"Home","item":"https:\/\/desertcameltours.com\/es\/"},{"@type":"ListItem","position":2,"name":"Viaje de 13 d\u00edas desde T\u00e1nger, Marruecos"}]},{"@type":"WebSite","@id":"https:\/\/desertcameltours.com\/es\/#website","url":"https:\/\/desertcameltours.com\/es\/","name":"Desert Camel Tours","description":"desert camel tours","potentialAction":[{"@type":"SearchAction","target":{"@type":"EntryPoint","urlTemplate":"https:\/\/desertcameltours.com\/es\/?s={search_term_string}"},"query-input":"required name=search_term_string"}],"inLanguage":"en-US"}]}},"_links":{"self":[{"href":"https:\/\/desertcameltours.com\/es\/wp-json\/wp\/v2\/pages\/1255"}],"collection":[{"href":"https:\/\/desertcameltours.com\/es\/wp-json\/wp\/v2\/pages"}],"about":[{"href":"https:\/\/desertcameltours.com\/es\/wp-json\/wp\/v2\/types\/page"}],"author":[{"embeddable":true,"href":"https:\/\/desertcameltours.com\/es\/wp-json\/wp\/v2\/users\/1"}],"replies":[{"embeddable":true,"href":"https:\/\/desertcameltours.com\/es\/wp-json\/wp\/v2\/comments?post=1255"}],"version-history":[{"count":3,"href":"https:\/\/desertcameltours.com\/es\/wp-json\/wp\/v2\/pages\/1255\/revisions"}],"predecessor-version":[{"id":1312,"href":"https:\/\/desertcameltours.com\/es\/wp-json\/wp\/v2\/pages\/1255\/revisions\/1312"}],"wp:attachment":[{"href":"https:\/\/desertcameltours.com\/es\/wp-json\/wp\/v2\/media?parent=1255"}],"curies":[{"name":"wp","href":"https:\/\/api.w.org\/{rel}","templated":true}]}}