{"id":1253,"date":"2023-06-12T16:38:45","date_gmt":"2023-06-12T16:38:45","guid":{"rendered":"https:\/\/desertcameltours.com\/es\/?page_id=1253"},"modified":"2025-02-14T11:51:10","modified_gmt":"2025-02-14T11:51:10","slug":"viaje-de-12-dias-desde-tanger-marruecos","status":"publish","type":"page","link":"https:\/\/desertcameltours.com\/es\/viaje-de-12-dias-desde-tanger-marruecos\/","title":{"rendered":"Viaje de 12 d\u00edas desde T\u00e1nger, Marruecos"},"content":{"rendered":"<div class=\"pbs-main-wrapper\"><h3 data-start=\"51\" data-end=\"101\"><strong data-start=\"55\" data-end=\"101\">Tour de 12 d\u00edas por Marruecos desde T\u00e1nger<\/strong><\/h3>\n<p data-start=\"103\" data-end=\"625\">Emb\u00e1rcate en un extraordinario viaje de 12 d\u00edas a trav\u00e9s de los paisajes y ciudades m\u00e1s cautivadores de Marruecos, comenzando en la bulliciosa ciudad portuaria de <strong data-start=\"266\" data-end=\"276\">T\u00e1nger<\/strong>. Este tour est\u00e1 cuidadosamente dise\u00f1ado para ofrecerte una experiencia inmersiva en la rica cultura, historia y paisajes impresionantes de Marruecos. Desde las calles pintadas de azul de <strong data-start=\"464\" data-end=\"479\">Chefchaouen<\/strong> hasta las vastas dunas del <strong data-start=\"507\" data-end=\"517\">S\u00e1hara<\/strong>, y las hist\u00f3ricas ciudades imperiales, esta aventura promete ser una escapatoria inolvidable por Marruecos.<\/p>\n<hr data-start=\"627\" data-end=\"630\">\n<h3 data-start=\"632\" data-end=\"692\"><strong data-start=\"636\" data-end=\"692\">D\u00eda 1: Llegada a T\u00e1nger \u2013 Puerta de Entrada a \u00c1frica<\/strong><\/h3>\n<p data-start=\"693\" data-end=\"1115\">A tu llegada a <strong data-start=\"708\" data-end=\"718\">T\u00e1nger<\/strong>, nuestro equipo te recibir\u00e1 y asistir\u00e1. Dependiendo de la hora de llegada, podremos explorar la hist\u00f3rica <strong data-start=\"825\" data-end=\"835\">Medina<\/strong>, la <strong data-start=\"840\" data-end=\"850\">Kasbah<\/strong> y las famosas <strong data-start=\"865\" data-end=\"886\">Cueva de H\u00e9rcules<\/strong>. T\u00e1nger es una ciudad donde Europa se encuentra con \u00c1frica, ofreciendo vistas impresionantes del Estrecho de Gibraltar. Despu\u00e9s de un tour introductorio, te trasladar\u00e1s a tu hotel o riad para descansar.<br data-start=\"1089\" data-end=\"1092\">\ud83d\udecf\ufe0f <strong data-start=\"1096\" data-end=\"1115\">Noche en T\u00e1nger<\/strong><\/p>\n<hr data-start=\"1117\" data-end=\"1120\">\n<h3 data-start=\"1122\" data-end=\"1173\"><strong data-start=\"1126\" data-end=\"1173\">D\u00eda 2: T\u00e1nger a Chefchaouen \u2013 La Perla Azul<\/strong><\/h3>\n<p data-start=\"1174\" data-end=\"1617\">Despu\u00e9s del desayuno, nos dirigimos hacia <strong data-start=\"1216\" data-end=\"1231\">Chefchaouen<\/strong>, una de las ciudades m\u00e1s pintorescas de Marruecos. Ubicada en las <strong data-start=\"1298\" data-end=\"1314\">Monta\u00f1as Rif<\/strong>, esta ciudad es conocida por sus calles pintadas de azul, sus encantadoras plazas y sus vibrantes <strong data-start=\"1413\" data-end=\"1422\">zocos<\/strong>. Exploramos el <strong data-start=\"1438\" data-end=\"1460\">Museo de la Kasbah<\/strong>, la <strong data-start=\"1465\" data-end=\"1489\">Plaza Outa el Hammam<\/strong> y la <strong data-start=\"1495\" data-end=\"1516\">Cascada Ras El Ma<\/strong>, antes de disfrutar de una tarde relajante en este encantador pueblo.<br data-start=\"1586\" data-end=\"1589\">\ud83d\udecf\ufe0f <strong data-start=\"1593\" data-end=\"1617\">Noche en Chefchaouen<\/strong><\/p>\n<hr data-start=\"1619\" data-end=\"1622\">\n<h3 data-start=\"1624\" data-end=\"1679\"><strong data-start=\"1628\" data-end=\"1679\">D\u00eda 3: Chefchaouen a Fez v\u00eda Volubilis y Meknes<\/strong><\/h3>\n<p data-start=\"1680\" data-end=\"2202\">Dejamos Chefchaouen y nos dirigimos hacia las antiguas ruinas romanas de <strong data-start=\"1753\" data-end=\"1766\">Volubilis<\/strong>, un sitio declarado Patrimonio de la Humanidad por la UNESCO, donde admiramos los mosaicos bien conservados y los imponentes pilares. Nuestra pr\u00f3xima parada es <strong data-start=\"1927\" data-end=\"1937\">Meknes<\/strong>, una de las ciudades imperiales de Marruecos, donde exploramos el <strong data-start=\"2004\" data-end=\"2019\">Bab Mansour<\/strong>, el <strong data-start=\"2024\" data-end=\"2053\">Mausoleo de Moulay Ismail<\/strong> y las <strong data-start=\"2060\" data-end=\"2078\">granjas reales<\/strong>. Al final del d\u00eda, llegamos a <strong data-start=\"2109\" data-end=\"2116\">Fez<\/strong>, la capital cultural de Marruecos, para una estancia nocturna.<br data-start=\"2179\" data-end=\"2182\">\ud83d\udecf\ufe0f <strong data-start=\"2186\" data-end=\"2202\">Noche en Fez<\/strong><\/p>\n<hr data-start=\"2204\" data-end=\"2207\">\n<h3 data-start=\"2209\" data-end=\"2275\"><strong data-start=\"2213\" data-end=\"2275\">D\u00eda 4: Explorando Fez \u2013 El Coraz\u00f3n Espiritual de Marruecos<\/strong><\/h3>\n<p data-start=\"2276\" data-end=\"2741\">Hoy est\u00e1 dedicado a explorar <strong data-start=\"2305\" data-end=\"2320\">Fez el-Bali<\/strong>, una de las <strong data-start=\"2333\" data-end=\"2344\">Medinas<\/strong> m\u00e1s antiguas y complejas del mundo. Visitamos la <strong data-start=\"2394\" data-end=\"2425\">Universidad Al Quaraouiyine<\/strong>, la <strong data-start=\"2430\" data-end=\"2452\">Madrasa Bou Inania<\/strong>, la <strong data-start=\"2457\" data-end=\"2477\">Fuente Nejjarine<\/strong> y la <strong data-start=\"2483\" data-end=\"2505\">Curtiembre Chouara<\/strong>. Al recorrer las laber\u00ednticas calles, experimentamos el trabajo de los artesanos locales, los vibrantes <strong data-start=\"2610\" data-end=\"2619\">zocos<\/strong> y las tradiciones centenarias. El d\u00eda concluye con una cena tradicional marroqu\u00ed en un riad local.<br data-start=\"2718\" data-end=\"2721\">\ud83d\udecf\ufe0f <strong data-start=\"2725\" data-end=\"2741\">Noche en Fez<\/strong><\/p>\n<hr data-start=\"2743\" data-end=\"2746\">\n<h3 data-start=\"2748\" data-end=\"2795\"><strong data-start=\"2752\" data-end=\"2795\">D\u00eda 5: Fez a Merzouga \u2013 Hacia el S\u00e1hara<\/strong><\/h3>\n<p data-start=\"2796\" data-end=\"3392\">Dejamos Fez y viajamos hacia el desierto del <strong data-start=\"2841\" data-end=\"2851\">S\u00e1hara<\/strong>. Pasamos por <strong data-start=\"2865\" data-end=\"2875\">Ifrane<\/strong>, conocida como la &#8220;Suiza de Marruecos&#8221;, y continuamos hacia <strong data-start=\"2936\" data-end=\"2946\">Midelt<\/strong>, una pintoresca ciudad en las <strong data-start=\"2977\" data-end=\"3005\">Monta\u00f1as del Atlas Medio<\/strong>. Tras cruzar el <strong data-start=\"3022\" data-end=\"3039\">Valle del Ziz<\/strong>, llegamos a <strong data-start=\"3052\" data-end=\"3064\">Merzouga<\/strong>, donde nos esperan los camellos para adentrarnos en las doradas dunas de <strong data-start=\"3138\" data-end=\"3152\">Erg Chebbi<\/strong>. Al atardecer, nos subimos a los camellos para vivir una experiencia inolvidable en el desierto, disfrutando de una cena tradicional bereber bajo el cielo estrellado en nuestro campamento de lujo.<br data-start=\"3349\" data-end=\"3352\">\ud83d\udecf\ufe0f <strong data-start=\"3356\" data-end=\"3392\">Noche en el desierto de Merzouga<\/strong><\/p>\n<hr data-start=\"3394\" data-end=\"3397\">\n<h3 data-start=\"3399\" data-end=\"3461\"><strong data-start=\"3403\" data-end=\"3461\">D\u00eda 6: Aventura en Merzouga \u2013 Exploraci\u00f3n del Desierto<\/strong><\/h3>\n<p data-start=\"3462\" data-end=\"3921\">Un paseo temprano en camello ofrece una experiencia fascinante con la <strong data-start=\"3532\" data-end=\"3565\">salida del sol en el desierto<\/strong>. Despu\u00e9s del desayuno, exploramos <strong data-start=\"3600\" data-end=\"3619\">pueblos n\u00f3madas<\/strong>, minas de f\u00f3siles y el pueblo de <strong data-start=\"3653\" data-end=\"3664\">Khamlia<\/strong>, hogar de m\u00fasicos <strong data-start=\"3683\" data-end=\"3692\">Gnawa<\/strong>. Una emocionante excursi\u00f3n en <strong data-start=\"3723\" data-end=\"3730\">4&#215;4<\/strong> nos lleva profundamente en las dunas, seguida de una tarde relajante en el campamento con actividades como <strong data-start=\"3838\" data-end=\"3854\">sandboarding<\/strong> y t\u00e9 con los lugare\u00f1os.<br data-start=\"3878\" data-end=\"3881\">\ud83d\udecf\ufe0f <strong data-start=\"3885\" data-end=\"3921\">Noche en el desierto de Merzouga<\/strong><\/p>\n<hr data-start=\"3923\" data-end=\"3926\">\n<h3 data-start=\"3928\" data-end=\"3998\"><strong data-start=\"3932\" data-end=\"3998\">D\u00eda 7: Merzouga a las Gargantas del Todra y el Valle del Dades<\/strong><\/h3>\n<p data-start=\"3999\" data-end=\"4393\">Dejamos atr\u00e1s el desierto y viajamos hacia las impresionantes <strong data-start=\"4061\" data-end=\"4084\">Gargantas del Todra<\/strong>, famosas por sus imponentes formaciones rocosas. Despu\u00e9s de explorar el desfiladero, continuamos hacia el <strong data-start=\"4191\" data-end=\"4210\">Valle del Dades<\/strong>, pasando por pueblos bereberes y paisajes sorprendentes. Terminamos el d\u00eda en un riad local, donde disfrutamos de una cena tradicional marroqu\u00ed.<br data-start=\"4355\" data-end=\"4358\">\ud83d\udecf\ufe0f <strong data-start=\"4362\" data-end=\"4393\">Noche en el Valle del Dades<\/strong><\/p>\n<hr data-start=\"4395\" data-end=\"4398\">\n<h3 data-start=\"4400\" data-end=\"4460\"><strong data-start=\"4404\" data-end=\"4460\">D\u00eda 8: Valle del Dades a Ouarzazate y Ait Ben Haddou<\/strong><\/h3>\n<p data-start=\"4461\" data-end=\"4932\">El viaje de hoy nos lleva a <strong data-start=\"4489\" data-end=\"4503\">Ouarzazate<\/strong>, la &#8220;Hollywood de \u00c1frica&#8221;, donde visitamos los famosos <strong data-start=\"4559\" data-end=\"4585\">Estudios de Cine Atlas<\/strong>. Luego exploramos <strong data-start=\"4604\" data-end=\"4622\">Ait Ben Haddou<\/strong>, un antiguo <strong data-start=\"4635\" data-end=\"4643\">ksar<\/strong> declarado Patrimonio de la Humanidad por la UNESCO, conocido por su aparici\u00f3n en pel\u00edculas como <em data-start=\"4740\" data-end=\"4751\">Gladiator<\/em> y <em data-start=\"4754\" data-end=\"4771\">Game of Thrones<\/em>. Despu\u00e9s de una visita guiada, continuamos hacia las <strong data-start=\"4825\" data-end=\"4852\">Monta\u00f1as del Alto Atlas<\/strong> para una estancia nocturna en un riad pintoresco.<br data-start=\"4902\" data-end=\"4905\">\ud83d\udecf\ufe0f <strong data-start=\"4909\" data-end=\"4932\">Noche en Ouarzazate<\/strong><\/p>\n<hr data-start=\"4934\" data-end=\"4937\">\n<h3 data-start=\"4939\" data-end=\"5000\"><strong data-start=\"4943\" data-end=\"5000\">D\u00eda 9: Ouarzazate a Marrakech a trav\u00e9s del Alto Atlas<\/strong><\/h3>\n<p data-start=\"5001\" data-end=\"5423\">Cruzamos el <strong data-start=\"5013\" data-end=\"5035\">Paso Tizi n\u2019Tichka<\/strong>, que ofrece vistas impresionantes de las <strong data-start=\"5077\" data-end=\"5104\">Monta\u00f1as del Alto Atlas<\/strong>, antes de llegar a <strong data-start=\"5124\" data-end=\"5137\">Marrakech<\/strong>, la vibrante Ciudad Roja de Marruecos. Un recorrido guiado por la ciudad incluye la <strong data-start=\"5222\" data-end=\"5245\">Plaza Jemaa el-Fnaa<\/strong>, la <strong data-start=\"5250\" data-end=\"5272\">Mezquita Koutoubia<\/strong>, las <strong data-start=\"5278\" data-end=\"5296\">Tumbas Saad\u00edes<\/strong> y el <strong data-start=\"5302\" data-end=\"5322\">Jard\u00edn Majorelle<\/strong>. La tarde queda libre para disfrutar del ambiente animado de la ciudad.<br data-start=\"5394\" data-end=\"5397\">\ud83d\udecf\ufe0f <strong data-start=\"5401\" data-end=\"5423\">Noche en Marrakech<\/strong><\/p>\n<hr data-start=\"5425\" data-end=\"5428\">\n<h3 data-start=\"5430\" data-end=\"5479\"><strong data-start=\"5434\" data-end=\"5479\">D\u00eda 10: Exploraci\u00f3n Completa de Marrakech<\/strong><\/h3>\n<p data-start=\"5480\" data-end=\"5789\">Hoy, exploramos m\u00e1s a fondo <strong data-start=\"5508\" data-end=\"5521\">Marrakech<\/strong>, visitando el <strong data-start=\"5536\" data-end=\"5553\">Palacio Bahia<\/strong>, la <strong data-start=\"5558\" data-end=\"5581\">Madrasa Ben Youssef<\/strong> y los bulliciosos <strong data-start=\"5600\" data-end=\"5609\">zocos<\/strong>. Tambi\u00e9n exploramos los hermosos <strong data-start=\"5643\" data-end=\"5662\">Jardines Menara<\/strong> antes de disfrutar de una experiencia opcional en el <strong data-start=\"5716\" data-end=\"5726\">hammam<\/strong> tradicional marroqu\u00ed en la tarde.<br data-start=\"5760\" data-end=\"5763\">\ud83d\udecf\ufe0f <strong data-start=\"5767\" data-end=\"5789\">Noche en Marrakech<\/strong><\/p>\n<hr data-start=\"5791\" data-end=\"5794\">\n<h3 data-start=\"5796\" data-end=\"5855\"><strong data-start=\"5800\" data-end=\"5855\">D\u00eda 11: Marrakech a Rabat \u2013 La Capital de Marruecos<\/strong><\/h3>\n<p data-start=\"5856\" data-end=\"6161\">Salimos de Marrakech y nos dirigimos hacia <strong data-start=\"5899\" data-end=\"5908\">Rabat<\/strong>, la capital de Marruecos. Los puntos destacados incluyen la <strong data-start=\"5969\" data-end=\"5985\">Torre Hassan<\/strong>, el <strong data-start=\"5990\" data-end=\"6016\">Mausoleo de Mohammed V<\/strong> y la <strong data-start=\"6022\" data-end=\"6046\">Kasbah de los Udayas<\/strong>. La tarde se dedica a explorar la hermosa <strong data-start=\"6089\" data-end=\"6101\">Corniche<\/strong>, a lo largo de la costa atl\u00e1ntica.<br data-start=\"6136\" data-end=\"6139\">\ud83d\udecf\ufe0f <strong data-start=\"6143\" data-end=\"6161\">Noche en Rabat<\/strong><\/p>\n<hr data-start=\"6163\" data-end=\"6166\">\n<h3 data-start=\"6168\" data-end=\"6207\"><strong data-start=\"6172\" data-end=\"6207\">D\u00eda 12: Rabat a T\u00e1nger \u2013 Salida<\/strong><\/h3>\n<p data-start=\"6208\" data-end=\"6484\">En nuestro \u00faltimo d\u00eda, regresamos a <strong data-start=\"6244\" data-end=\"6254\">T\u00e1nger<\/strong>, donde reflexionamos sobre este inolvidable viaje por Marruecos. Dependiendo de tu horario de salida, tendr\u00e1s tiempo para realizar alguna visita de \u00faltima hora antes de ser trasladado al aeropuerto o puerto.<br data-start=\"6462\" data-end=\"6465\">\u2708\ufe0f <strong data-start=\"6468\" data-end=\"6484\">Fin del tour<\/strong><\/p>\n<\/div>","protected":false},"excerpt":{"rendered":"<p>Tour de 12 d\u00edas por Marruecos desde T\u00e1nger Emb\u00e1rcate en un extraordinario viaje de 12 d\u00edas a trav\u00e9s de los paisajes y ciudades m\u00e1s cautivadores de<span class=\"excerpt-hellip\"> [\u2026]<\/span><\/p>\n","protected":false},"author":1,"featured_media":0,"parent":0,"menu_order":0,"comment_status":"closed","ping_status":"closed","template":"","meta":{"ngg_post_thumbnail":0},"aioseo_notices":[],"yoast_head":"<!-- This site is optimized with the Yoast SEO plugin v20.8 - https:\/\/yoast.com\/wordpress\/plugins\/seo\/ -->\n<title>Viaje de 12 d\u00edas desde T\u00e1nger, Marruecos - Desert Camel Tours<\/title>\n<meta name=\"robots\" content=\"index, follow, max-snippet:-1, max-image-preview:large, max-video-preview:-1\" \/>\n<link rel=\"canonical\" href=\"https:\/\/desertcameltours.com\/es\/viaje-de-12-dias-desde-tanger-marruecos\/\" \/>\n<meta property=\"og:locale\" content=\"en_US\" \/>\n<meta property=\"og:type\" content=\"article\" \/>\n<meta property=\"og:title\" content=\"Viaje de 12 d\u00edas desde T\u00e1nger, Marruecos - Desert Camel Tours\" \/>\n<meta property=\"og:description\" content=\"Tour de 12 d\u00edas por Marruecos desde T\u00e1nger Emb\u00e1rcate en un extraordinario viaje de 12 d\u00edas a trav\u00e9s de los paisajes y ciudades m\u00e1s cautivadores de [\u2026]\" \/>\n<meta property=\"og:url\" content=\"https:\/\/desertcameltours.com\/es\/viaje-de-12-dias-desde-tanger-marruecos\/\" \/>\n<meta property=\"og:site_name\" content=\"Desert Camel Tours\" \/>\n<meta property=\"article:modified_time\" content=\"2025-02-14T11:51:10+00:00\" \/>\n<meta name=\"twitter:card\" content=\"summary_large_image\" \/>\n<meta name=\"twitter:label1\" content=\"Est. reading time\" \/>\n\t<meta name=\"twitter:data1\" content=\"5 minutes\" \/>\n<script type=\"application\/ld+json\" class=\"yoast-schema-graph\">{\"@context\":\"https:\/\/schema.org\",\"@graph\":[{\"@type\":\"WebPage\",\"@id\":\"https:\/\/desertcameltours.com\/es\/viaje-de-12-dias-desde-tanger-marruecos\/\",\"url\":\"https:\/\/desertcameltours.com\/es\/viaje-de-12-dias-desde-tanger-marruecos\/\",\"name\":\"Viaje de 12 d\u00edas desde T\u00e1nger, Marruecos - Desert Camel Tours\",\"isPartOf\":{\"@id\":\"https:\/\/desertcameltours.com\/es\/#website\"},\"datePublished\":\"2023-06-12T16:38:45+00:00\",\"dateModified\":\"2025-02-14T11:51:10+00:00\",\"breadcrumb\":{\"@id\":\"https:\/\/desertcameltours.com\/es\/viaje-de-12-dias-desde-tanger-marruecos\/#breadcrumb\"},\"inLanguage\":\"en-US\",\"potentialAction\":[{\"@type\":\"ReadAction\",\"target\":[\"https:\/\/desertcameltours.com\/es\/viaje-de-12-dias-desde-tanger-marruecos\/\"]}]},{\"@type\":\"BreadcrumbList\",\"@id\":\"https:\/\/desertcameltours.com\/es\/viaje-de-12-dias-desde-tanger-marruecos\/#breadcrumb\",\"itemListElement\":[{\"@type\":\"ListItem\",\"position\":1,\"name\":\"Home\",\"item\":\"https:\/\/desertcameltours.com\/es\/\"},{\"@type\":\"ListItem\",\"position\":2,\"name\":\"Viaje de 12 d\u00edas desde T\u00e1nger, Marruecos\"}]},{\"@type\":\"WebSite\",\"@id\":\"https:\/\/desertcameltours.com\/es\/#website\",\"url\":\"https:\/\/desertcameltours.com\/es\/\",\"name\":\"Desert Camel Tours\",\"description\":\"desert camel tours\",\"potentialAction\":[{\"@type\":\"SearchAction\",\"target\":{\"@type\":\"EntryPoint\",\"urlTemplate\":\"https:\/\/desertcameltours.com\/es\/?s={search_term_string}\"},\"query-input\":\"required name=search_term_string\"}],\"inLanguage\":\"en-US\"}]}<\/script>\n<!-- \/ Yoast SEO plugin. -->","yoast_head_json":{"title":"Viaje de 12 d\u00edas desde T\u00e1nger, Marruecos - Desert Camel Tours","robots":{"index":"index","follow":"follow","max-snippet":"max-snippet:-1","max-image-preview":"max-image-preview:large","max-video-preview":"max-video-preview:-1"},"canonical":"https:\/\/desertcameltours.com\/es\/viaje-de-12-dias-desde-tanger-marruecos\/","og_locale":"en_US","og_type":"article","og_title":"Viaje de 12 d\u00edas desde T\u00e1nger, Marruecos - Desert Camel Tours","og_description":"Tour de 12 d\u00edas por Marruecos desde T\u00e1nger Emb\u00e1rcate en un extraordinario viaje de 12 d\u00edas a trav\u00e9s de los paisajes y ciudades m\u00e1s cautivadores de [\u2026]","og_url":"https:\/\/desertcameltours.com\/es\/viaje-de-12-dias-desde-tanger-marruecos\/","og_site_name":"Desert Camel Tours","article_modified_time":"2025-02-14T11:51:10+00:00","twitter_card":"summary_large_image","twitter_misc":{"Est. reading time":"5 minutes"},"schema":{"@context":"https:\/\/schema.org","@graph":[{"@type":"WebPage","@id":"https:\/\/desertcameltours.com\/es\/viaje-de-12-dias-desde-tanger-marruecos\/","url":"https:\/\/desertcameltours.com\/es\/viaje-de-12-dias-desde-tanger-marruecos\/","name":"Viaje de 12 d\u00edas desde T\u00e1nger, Marruecos - Desert Camel Tours","isPartOf":{"@id":"https:\/\/desertcameltours.com\/es\/#website"},"datePublished":"2023-06-12T16:38:45+00:00","dateModified":"2025-02-14T11:51:10+00:00","breadcrumb":{"@id":"https:\/\/desertcameltours.com\/es\/viaje-de-12-dias-desde-tanger-marruecos\/#breadcrumb"},"inLanguage":"en-US","potentialAction":[{"@type":"ReadAction","target":["https:\/\/desertcameltours.com\/es\/viaje-de-12-dias-desde-tanger-marruecos\/"]}]},{"@type":"BreadcrumbList","@id":"https:\/\/desertcameltours.com\/es\/viaje-de-12-dias-desde-tanger-marruecos\/#breadcrumb","itemListElement":[{"@type":"ListItem","position":1,"name":"Home","item":"https:\/\/desertcameltours.com\/es\/"},{"@type":"ListItem","position":2,"name":"Viaje de 12 d\u00edas desde T\u00e1nger, Marruecos"}]},{"@type":"WebSite","@id":"https:\/\/desertcameltours.com\/es\/#website","url":"https:\/\/desertcameltours.com\/es\/","name":"Desert Camel Tours","description":"desert camel tours","potentialAction":[{"@type":"SearchAction","target":{"@type":"EntryPoint","urlTemplate":"https:\/\/desertcameltours.com\/es\/?s={search_term_string}"},"query-input":"required name=search_term_string"}],"inLanguage":"en-US"}]}},"_links":{"self":[{"href":"https:\/\/desertcameltours.com\/es\/wp-json\/wp\/v2\/pages\/1253"}],"collection":[{"href":"https:\/\/desertcameltours.com\/es\/wp-json\/wp\/v2\/pages"}],"about":[{"href":"https:\/\/desertcameltours.com\/es\/wp-json\/wp\/v2\/types\/page"}],"author":[{"embeddable":true,"href":"https:\/\/desertcameltours.com\/es\/wp-json\/wp\/v2\/users\/1"}],"replies":[{"embeddable":true,"href":"https:\/\/desertcameltours.com\/es\/wp-json\/wp\/v2\/comments?post=1253"}],"version-history":[{"count":2,"href":"https:\/\/desertcameltours.com\/es\/wp-json\/wp\/v2\/pages\/1253\/revisions"}],"predecessor-version":[{"id":1313,"href":"https:\/\/desertcameltours.com\/es\/wp-json\/wp\/v2\/pages\/1253\/revisions\/1313"}],"wp:attachment":[{"href":"https:\/\/desertcameltours.com\/es\/wp-json\/wp\/v2\/media?parent=1253"}],"curies":[{"name":"wp","href":"https:\/\/api.w.org\/{rel}","templated":true}]}}