{"id":1251,"date":"2023-06-12T16:37:53","date_gmt":"2023-06-12T16:37:53","guid":{"rendered":"https:\/\/desertcameltours.com\/es\/?page_id=1251"},"modified":"2025-02-14T11:52:23","modified_gmt":"2025-02-14T11:52:23","slug":"tour-de-11-dias-desde-tanger-marruecos","status":"publish","type":"page","link":"https:\/\/desertcameltours.com\/es\/tour-de-11-dias-desde-tanger-marruecos\/","title":{"rendered":"Tour de 11 d\u00edas desde T\u00e1nger, Marruecos"},"content":{"rendered":"<div class=\"pbs-main-wrapper\"><h3 data-start=\"51\" data-end=\"101\"><strong data-start=\"55\" data-end=\"101\">Tour de 11 d\u00edas por Marruecos desde T\u00e1nger<\/strong><\/h3>\n<p data-start=\"103\" data-end=\"578\">Emb\u00e1rcate en un viaje inolvidable de 11 d\u00edas a trav\u00e9s de Marruecos, comenzando en la vibrante ciudad de <strong data-start=\"207\" data-end=\"217\">T\u00e1nger<\/strong>. Nuestro itinerario cuidadosamente dise\u00f1ado te llevar\u00e1 a trav\u00e9s de paisajes cautivadores, <strong data-start=\"308\" data-end=\"330\">medinas hist\u00f3ricas<\/strong>, dunas doradas y los principales puntos culturales de Marruecos. Experimenta el encanto de las tradiciones marroqu\u00edes, disfruta de la aut\u00e9ntica gastronom\u00eda y marav\u00edllate con las maravillas arquitect\u00f3nicas que definen esta joya del norte de \u00c1frica.<\/p>\n<hr data-start=\"580\" data-end=\"583\">\n<h3 data-start=\"585\" data-end=\"648\"><strong data-start=\"589\" data-end=\"648\">D\u00eda 1: Llegada a T\u00e1nger \u2013 La Puerta de Entrada a \u00c1frica<\/strong><\/h3>\n<p data-start=\"649\" data-end=\"1129\">Tu aventura comienza en <strong data-start=\"673\" data-end=\"683\">T\u00e1nger<\/strong>, una ciudad rica en historia y diversidad cultural. Al llegar al aeropuerto o puerto, nuestro equipo te recibir\u00e1 y te trasladar\u00e1 a tu hotel. Disfruta de una tarde explorando la <strong data-start=\"861\" data-end=\"871\">Kasbah<\/strong>, la hist\u00f3rica medina y el <strong data-start=\"898\" data-end=\"915\">Cabo Espartel<\/strong>, donde el Mediterr\u00e1neo se encuentra con el Atl\u00e1ntico. Visita las <strong data-start=\"981\" data-end=\"1003\">Cuevas de H\u00e9rcules<\/strong> para conocer un poco de mitolog\u00eda antigua, y termina el d\u00eda saboreando una deliciosa cena marroqu\u00ed.<br data-start=\"1103\" data-end=\"1106\">\ud83d\udecf\ufe0f <strong data-start=\"1110\" data-end=\"1129\">Noche en T\u00e1nger<\/strong><\/p>\n<hr data-start=\"1131\" data-end=\"1134\">\n<h3 data-start=\"1136\" data-end=\"1200\"><strong data-start=\"1140\" data-end=\"1200\">D\u00eda 2: T\u00e1nger a Chefchaouen \u2013 La Perla Azul de Marruecos<\/strong><\/h3>\n<p data-start=\"1201\" data-end=\"1570\">Despu\u00e9s del desayuno, viajamos por las impresionantes <strong data-start=\"1255\" data-end=\"1271\">Monta\u00f1as Rif<\/strong> hasta llegar a <strong data-start=\"1287\" data-end=\"1302\">Chefchaouen<\/strong>, la ic\u00f3nica ciudad azul. Pasea por sus encantadoras calles, visita la <strong data-start=\"1373\" data-end=\"1397\">Plaza Outa el Hammam<\/strong> y explora el antiguo <strong data-start=\"1419\" data-end=\"1441\">Museo de la Kasbah<\/strong>. Disfruta de vistas panor\u00e1micas desde la <strong data-start=\"1483\" data-end=\"1504\">Mezquita Espa\u00f1ola<\/strong> y rel\u00e1jate en un tradicional riad.<br data-start=\"1539\" data-end=\"1542\">\ud83d\udecf\ufe0f <strong data-start=\"1546\" data-end=\"1570\">Noche en Chefchaouen<\/strong><\/p>\n<hr data-start=\"1572\" data-end=\"1575\">\n<h3 data-start=\"1577\" data-end=\"1632\"><strong data-start=\"1581\" data-end=\"1632\">D\u00eda 3: Chefchaouen a Fez v\u00eda Volubilis y Meknes<\/strong><\/h3>\n<p data-start=\"1633\" data-end=\"2032\">Dejamos Chefchaouen y nos dirigimos a <strong data-start=\"1671\" data-end=\"1684\">Volubilis<\/strong>, las ruinas romanas mejor conservadas de Marruecos. Admira los antiguos mosaicos y arcos grandiosos antes de continuar hacia <strong data-start=\"1810\" data-end=\"1820\">Meknes<\/strong>, una de las ciudades imperiales de Marruecos. Visita la imponente <strong data-start=\"1887\" data-end=\"1909\">Puerta Bab Mansour<\/strong>, el <strong data-start=\"1914\" data-end=\"1943\">Mausoleo de Moulay Ismail<\/strong> y los <strong data-start=\"1950\" data-end=\"1969\">establos reales<\/strong> antes de llegar a <strong data-start=\"1988\" data-end=\"1995\">Fez<\/strong> por la noche.<br data-start=\"2009\" data-end=\"2012\">\ud83d\udecf\ufe0f <strong data-start=\"2016\" data-end=\"2032\">Noche en Fez<\/strong><\/p>\n<hr data-start=\"2034\" data-end=\"2037\">\n<h3 data-start=\"2039\" data-end=\"2105\"><strong data-start=\"2043\" data-end=\"2105\">D\u00eda 4: Explorando Fez \u2013 El Coraz\u00f3n Espiritual de Marruecos<\/strong><\/h3>\n<p data-start=\"2106\" data-end=\"2216\">Dedica el d\u00eda a explorar <strong data-start=\"2131\" data-end=\"2138\">Fez<\/strong>, la ciudad imperial m\u00e1s antigua de Marruecos. Los puntos destacados incluyen:<\/p>\n<ul data-start=\"2218\" data-end=\"2489\">\n<li data-start=\"2218\" data-end=\"2298\">La antigua Medina de <strong data-start=\"2241\" data-end=\"2256\">Fez el-Bali<\/strong> (Patrimonio de la Humanidad de la UNESCO)<\/li>\n<li data-start=\"2299\" data-end=\"2371\">La <strong data-start=\"2304\" data-end=\"2333\">Universidad Al-Qarawiyyin<\/strong>, la universidad m\u00e1s antigua del mundo<\/li>\n<li data-start=\"2372\" data-end=\"2399\">La <strong data-start=\"2377\" data-end=\"2399\">Madrasa Bou Inania<\/strong><\/li>\n<li data-start=\"2400\" data-end=\"2436\">La colorida <strong data-start=\"2414\" data-end=\"2436\">Curtiembre Chouara<\/strong><\/li>\n<li data-start=\"2437\" data-end=\"2489\">El <strong data-start=\"2442\" data-end=\"2458\">Palacio Real<\/strong> y el <strong data-start=\"2464\" data-end=\"2474\">Mellah<\/strong> (Barrio Jud\u00edo)<\/li>\n<\/ul>\n<p data-start=\"2491\" data-end=\"2573\">Disfruta de una cena tradicional marroqu\u00ed en un riad local.<br data-start=\"2550\" data-end=\"2553\">\ud83d\udecf\ufe0f <strong data-start=\"2557\" data-end=\"2573\">Noche en Fez<\/strong><\/p>\n<hr data-start=\"2575\" data-end=\"2578\">\n<h3 data-start=\"2580\" data-end=\"2631\"><strong data-start=\"2584\" data-end=\"2631\">D\u00eda 5: Fez a Merzouga \u2013 La Puerta al S\u00e1hara<\/strong><\/h3>\n<p data-start=\"2632\" data-end=\"3189\">Viaja hacia el sur atravesando las <strong data-start=\"2667\" data-end=\"2695\">Monta\u00f1as del Atlas Medio<\/strong>, pasando por encantadores pueblos bereberes. Haz una parada en <strong data-start=\"2759\" data-end=\"2769\">Ifrane<\/strong>, conocida como la &#8220;Suiza de Marruecos&#8221;, y en los <strong data-start=\"2819\" data-end=\"2849\">Bosques de Cedros de Azrou<\/strong>, hogar de los macacos de Berber\u00eda. Continuamos a trav\u00e9s del <strong data-start=\"2910\" data-end=\"2927\">Valle del Ziz<\/strong> hasta llegar a <strong data-start=\"2943\" data-end=\"2955\">Merzouga<\/strong>, donde nos esperan los camellos para adentrarnos en las doradas dunas del <strong data-start=\"3030\" data-end=\"3044\">Erg Chebbi<\/strong>. Disfruta de una cena tradicional bereber bajo las estrellas en un campamento de lujo en el desierto.<br data-start=\"3146\" data-end=\"3149\">\ud83d\udecf\ufe0f <strong data-start=\"3153\" data-end=\"3189\">Noche en el desierto de Merzouga<\/strong><\/p>\n<hr data-start=\"3191\" data-end=\"3194\">\n<h3 data-start=\"3196\" data-end=\"3247\"><strong data-start=\"3200\" data-end=\"3247\">D\u00eda 6: Exploraci\u00f3n del Desierto de Merzouga<\/strong><\/h3>\n<p data-start=\"3248\" data-end=\"3348\">Despierta con la espectacular salida del sol en el desierto y disfruta de un d\u00eda lleno de aventuras:<\/p>\n<ul data-start=\"3350\" data-end=\"3611\">\n<li data-start=\"3350\" data-end=\"3417\">Visita al pueblo de <strong data-start=\"3372\" data-end=\"3383\">Khamlia<\/strong>, conocido por su m\u00fasica <strong data-start=\"3408\" data-end=\"3417\">Gnawa<\/strong><\/li>\n<li data-start=\"3418\" data-end=\"3480\">Explora minas de f\u00f3siles y el <strong data-start=\"3450\" data-end=\"3480\">Lago estacional Dayet Srij<\/strong><\/li>\n<li data-start=\"3481\" data-end=\"3530\">Disfruta del <strong data-start=\"3496\" data-end=\"3512\">sandboarding<\/strong> y <strong data-start=\"3515\" data-end=\"3530\">quad biking<\/strong><\/li>\n<li data-start=\"3531\" data-end=\"3611\">Visita a familias n\u00f3madas bereberes para conocer su estilo de vida tradicional<\/li>\n<\/ul>\n<p data-start=\"3613\" data-end=\"3694\">Pasa otra noche m\u00e1gica en el desierto.<br data-start=\"3651\" data-end=\"3654\">\ud83d\udecf\ufe0f <strong data-start=\"3658\" data-end=\"3694\">Noche en el desierto de Merzouga<\/strong><\/p>\n<hr data-start=\"3696\" data-end=\"3699\">\n<h3 data-start=\"3701\" data-end=\"3765\"><strong data-start=\"3705\" data-end=\"3765\">D\u00eda 7: Merzouga a Valle del Dades v\u00eda Garganta del Todra<\/strong><\/h3>\n<p data-start=\"3766\" data-end=\"4147\">Despu\u00e9s del desayuno, salimos del desierto y nos dirigimos hacia la impresionante <strong data-start=\"3848\" data-end=\"3870\">Garganta del Todra<\/strong>, famosa por sus altos acantilados. Disfruta de una caminata por el desfiladero antes de continuar hacia el <strong data-start=\"3978\" data-end=\"3997\">Valle del Dades<\/strong>, tambi\u00e9n conocido como el \u201cValle de los Mil Ksar\u201d. Pasamos la noche en un hotel encantador con vistas al valle.<br data-start=\"4109\" data-end=\"4112\">\ud83d\udecf\ufe0f <strong data-start=\"4116\" data-end=\"4147\">Noche en el Valle del Dades<\/strong><\/p>\n<hr data-start=\"4149\" data-end=\"4152\">\n<h3 data-start=\"4154\" data-end=\"4220\"><strong data-start=\"4158\" data-end=\"4220\">D\u00eda 8: Valle del Dades a Ouarzazate v\u00eda Valle de las Rosas<\/strong><\/h3>\n<p data-start=\"4221\" data-end=\"4659\">Hoy viajamos a trav\u00e9s del hermoso <strong data-start=\"4255\" data-end=\"4277\">Valle de las Rosas<\/strong>, donde en primavera florecen fragantes rosas. Paramos en el famoso <strong data-start=\"4345\" data-end=\"4363\">Kasbah Amridil<\/strong> antes de llegar a <strong data-start=\"4382\" data-end=\"4396\">Ouarzazate<\/strong>, conocida como la &#8220;Hollywood de Marruecos&#8221;. Visitamos los <strong data-start=\"4455\" data-end=\"4481\">Estudios de Cine Atlas<\/strong> y el <strong data-start=\"4487\" data-end=\"4504\">Ait Benhaddou<\/strong>, un impresionante kasbah de adobe declarado Patrimonio de la Humanidad por la UNESCO y que ha aparecido en varias pel\u00edculas.<br data-start=\"4629\" data-end=\"4632\">\ud83d\udecf\ufe0f <strong data-start=\"4636\" data-end=\"4659\">Noche en Ouarzazate<\/strong><\/p>\n<hr data-start=\"4661\" data-end=\"4664\">\n<h3 data-start=\"4666\" data-end=\"4743\"><strong data-start=\"4670\" data-end=\"4743\">D\u00eda 9: Ouarzazate a Marrakech a trav\u00e9s de las Monta\u00f1as del Alto Atlas<\/strong><\/h3>\n<p data-start=\"4744\" data-end=\"5130\">Saldremos hacia <strong data-start=\"4760\" data-end=\"4773\">Marrakech<\/strong>, cruzando el espectacular <strong data-start=\"4800\" data-end=\"4822\">Paso Tizi n\u2019Tichka<\/strong> en las <strong data-start=\"4830\" data-end=\"4857\">Monta\u00f1as del Alto Atlas<\/strong>. Llegamos a Marrakech y exploramos la animada <strong data-start=\"4904\" data-end=\"4927\">Plaza Jemaa el-Fnaa<\/strong>, donde encantadores de serpientes, m\u00fasicos y artistas de calle llenan la ciudad de vida. Visitamos la <strong data-start=\"5030\" data-end=\"5052\">Mezquita Koutoubia<\/strong>, el <strong data-start=\"5057\" data-end=\"5074\">Palacio Bahia<\/strong> y el <strong data-start=\"5080\" data-end=\"5100\">Jard\u00edn Majorelle<\/strong>.<br data-start=\"5101\" data-end=\"5104\">\ud83d\udecf\ufe0f <strong data-start=\"5108\" data-end=\"5130\">Noche en Marrakech<\/strong><\/p>\n<hr data-start=\"5132\" data-end=\"5135\">\n<h3 data-start=\"5137\" data-end=\"5190\"><strong data-start=\"5141\" data-end=\"5190\">D\u00eda 10: Explorando Marrakech \u2013 La Ciudad Roja<\/strong><\/h3>\n<p data-start=\"5191\" data-end=\"5240\">Disfruta de un d\u00eda completo explorando Marrakech:<\/p>\n<ul data-start=\"5242\" data-end=\"5522\">\n<li data-start=\"5242\" data-end=\"5329\">Pasea por los <strong data-start=\"5258\" data-end=\"5267\">zocos<\/strong> de la Medina, famosos por sus especias, textiles y artesan\u00edas<\/li>\n<li data-start=\"5330\" data-end=\"5361\">Visita las <strong data-start=\"5343\" data-end=\"5361\">Tumbas Saad\u00edes<\/strong><\/li>\n<li data-start=\"5362\" data-end=\"5404\">Recorre los hermosos <strong data-start=\"5385\" data-end=\"5404\">Jardines Menara<\/strong><\/li>\n<li data-start=\"5405\" data-end=\"5463\">Experimenta un relajante <strong data-start=\"5432\" data-end=\"5442\">hammam<\/strong> y tratamiento de spa<\/li>\n<li data-start=\"5464\" data-end=\"5522\">Disfruta de una cena de despedida en un riad tradicional<\/li>\n<\/ul>\n<p data-start=\"5524\" data-end=\"5550\">\ud83d\udecf\ufe0f <strong data-start=\"5528\" data-end=\"5550\">Noche en Marrakech<\/strong><\/p>\n<hr data-start=\"5552\" data-end=\"5555\">\n<h3 data-start=\"5557\" data-end=\"5614\"><strong data-start=\"5561\" data-end=\"5614\">D\u00eda 11: Salida desde Marrakech o Regreso a T\u00e1nger<\/strong><\/h3>\n<p data-start=\"5615\" data-end=\"5813\">Dependiendo de tu horario de vuelo, puedes seguir explorando Marrakech antes de ser trasladado al aeropuerto. Tambi\u00e9n podemos organizar el regreso a <strong data-start=\"5764\" data-end=\"5774\">T\u00e1nger<\/strong> si lo prefieres.<br data-start=\"5791\" data-end=\"5794\">\u2708\ufe0f <strong data-start=\"5797\" data-end=\"5813\">Fin del tour<\/strong><\/p>\n<\/div>","protected":false},"excerpt":{"rendered":"<p>Tour de 11 d\u00edas por Marruecos desde T\u00e1nger Emb\u00e1rcate en un viaje inolvidable de 11 d\u00edas a trav\u00e9s de Marruecos, comenzando en la vibrante ciudad de<span class=\"excerpt-hellip\"> [\u2026]<\/span><\/p>\n","protected":false},"author":1,"featured_media":0,"parent":0,"menu_order":0,"comment_status":"closed","ping_status":"closed","template":"","meta":{"ngg_post_thumbnail":0},"aioseo_notices":[],"yoast_head":"<!-- This site is optimized with the Yoast SEO plugin v20.8 - https:\/\/yoast.com\/wordpress\/plugins\/seo\/ -->\n<title>Tour de 11 d\u00edas desde T\u00e1nger, Marruecos - Desert Camel Tours<\/title>\n<meta name=\"robots\" content=\"index, follow, max-snippet:-1, max-image-preview:large, max-video-preview:-1\" \/>\n<link rel=\"canonical\" href=\"https:\/\/desertcameltours.com\/es\/tour-de-11-dias-desde-tanger-marruecos\/\" \/>\n<meta property=\"og:locale\" content=\"en_US\" \/>\n<meta property=\"og:type\" content=\"article\" \/>\n<meta property=\"og:title\" content=\"Tour de 11 d\u00edas desde T\u00e1nger, Marruecos - Desert Camel Tours\" \/>\n<meta property=\"og:description\" content=\"Tour de 11 d\u00edas por Marruecos desde T\u00e1nger Emb\u00e1rcate en un viaje inolvidable de 11 d\u00edas a trav\u00e9s de Marruecos, comenzando en la vibrante ciudad de [\u2026]\" \/>\n<meta property=\"og:url\" content=\"https:\/\/desertcameltours.com\/es\/tour-de-11-dias-desde-tanger-marruecos\/\" \/>\n<meta property=\"og:site_name\" content=\"Desert Camel Tours\" \/>\n<meta property=\"article:modified_time\" content=\"2025-02-14T11:52:23+00:00\" \/>\n<meta name=\"twitter:card\" content=\"summary_large_image\" \/>\n<meta name=\"twitter:label1\" content=\"Est. reading time\" \/>\n\t<meta name=\"twitter:data1\" content=\"4 minutes\" \/>\n<script type=\"application\/ld+json\" class=\"yoast-schema-graph\">{\"@context\":\"https:\/\/schema.org\",\"@graph\":[{\"@type\":\"WebPage\",\"@id\":\"https:\/\/desertcameltours.com\/es\/tour-de-11-dias-desde-tanger-marruecos\/\",\"url\":\"https:\/\/desertcameltours.com\/es\/tour-de-11-dias-desde-tanger-marruecos\/\",\"name\":\"Tour de 11 d\u00edas desde T\u00e1nger, Marruecos - Desert Camel Tours\",\"isPartOf\":{\"@id\":\"https:\/\/desertcameltours.com\/es\/#website\"},\"datePublished\":\"2023-06-12T16:37:53+00:00\",\"dateModified\":\"2025-02-14T11:52:23+00:00\",\"breadcrumb\":{\"@id\":\"https:\/\/desertcameltours.com\/es\/tour-de-11-dias-desde-tanger-marruecos\/#breadcrumb\"},\"inLanguage\":\"en-US\",\"potentialAction\":[{\"@type\":\"ReadAction\",\"target\":[\"https:\/\/desertcameltours.com\/es\/tour-de-11-dias-desde-tanger-marruecos\/\"]}]},{\"@type\":\"BreadcrumbList\",\"@id\":\"https:\/\/desertcameltours.com\/es\/tour-de-11-dias-desde-tanger-marruecos\/#breadcrumb\",\"itemListElement\":[{\"@type\":\"ListItem\",\"position\":1,\"name\":\"Home\",\"item\":\"https:\/\/desertcameltours.com\/es\/\"},{\"@type\":\"ListItem\",\"position\":2,\"name\":\"Tour de 11 d\u00edas desde T\u00e1nger, Marruecos\"}]},{\"@type\":\"WebSite\",\"@id\":\"https:\/\/desertcameltours.com\/es\/#website\",\"url\":\"https:\/\/desertcameltours.com\/es\/\",\"name\":\"Desert Camel Tours\",\"description\":\"desert camel tours\",\"potentialAction\":[{\"@type\":\"SearchAction\",\"target\":{\"@type\":\"EntryPoint\",\"urlTemplate\":\"https:\/\/desertcameltours.com\/es\/?s={search_term_string}\"},\"query-input\":\"required name=search_term_string\"}],\"inLanguage\":\"en-US\"}]}<\/script>\n<!-- \/ Yoast SEO plugin. -->","yoast_head_json":{"title":"Tour de 11 d\u00edas desde T\u00e1nger, Marruecos - Desert Camel Tours","robots":{"index":"index","follow":"follow","max-snippet":"max-snippet:-1","max-image-preview":"max-image-preview:large","max-video-preview":"max-video-preview:-1"},"canonical":"https:\/\/desertcameltours.com\/es\/tour-de-11-dias-desde-tanger-marruecos\/","og_locale":"en_US","og_type":"article","og_title":"Tour de 11 d\u00edas desde T\u00e1nger, Marruecos - Desert Camel Tours","og_description":"Tour de 11 d\u00edas por Marruecos desde T\u00e1nger Emb\u00e1rcate en un viaje inolvidable de 11 d\u00edas a trav\u00e9s de Marruecos, comenzando en la vibrante ciudad de [\u2026]","og_url":"https:\/\/desertcameltours.com\/es\/tour-de-11-dias-desde-tanger-marruecos\/","og_site_name":"Desert Camel Tours","article_modified_time":"2025-02-14T11:52:23+00:00","twitter_card":"summary_large_image","twitter_misc":{"Est. reading time":"4 minutes"},"schema":{"@context":"https:\/\/schema.org","@graph":[{"@type":"WebPage","@id":"https:\/\/desertcameltours.com\/es\/tour-de-11-dias-desde-tanger-marruecos\/","url":"https:\/\/desertcameltours.com\/es\/tour-de-11-dias-desde-tanger-marruecos\/","name":"Tour de 11 d\u00edas desde T\u00e1nger, Marruecos - Desert Camel Tours","isPartOf":{"@id":"https:\/\/desertcameltours.com\/es\/#website"},"datePublished":"2023-06-12T16:37:53+00:00","dateModified":"2025-02-14T11:52:23+00:00","breadcrumb":{"@id":"https:\/\/desertcameltours.com\/es\/tour-de-11-dias-desde-tanger-marruecos\/#breadcrumb"},"inLanguage":"en-US","potentialAction":[{"@type":"ReadAction","target":["https:\/\/desertcameltours.com\/es\/tour-de-11-dias-desde-tanger-marruecos\/"]}]},{"@type":"BreadcrumbList","@id":"https:\/\/desertcameltours.com\/es\/tour-de-11-dias-desde-tanger-marruecos\/#breadcrumb","itemListElement":[{"@type":"ListItem","position":1,"name":"Home","item":"https:\/\/desertcameltours.com\/es\/"},{"@type":"ListItem","position":2,"name":"Tour de 11 d\u00edas desde T\u00e1nger, Marruecos"}]},{"@type":"WebSite","@id":"https:\/\/desertcameltours.com\/es\/#website","url":"https:\/\/desertcameltours.com\/es\/","name":"Desert Camel Tours","description":"desert camel tours","potentialAction":[{"@type":"SearchAction","target":{"@type":"EntryPoint","urlTemplate":"https:\/\/desertcameltours.com\/es\/?s={search_term_string}"},"query-input":"required name=search_term_string"}],"inLanguage":"en-US"}]}},"_links":{"self":[{"href":"https:\/\/desertcameltours.com\/es\/wp-json\/wp\/v2\/pages\/1251"}],"collection":[{"href":"https:\/\/desertcameltours.com\/es\/wp-json\/wp\/v2\/pages"}],"about":[{"href":"https:\/\/desertcameltours.com\/es\/wp-json\/wp\/v2\/types\/page"}],"author":[{"embeddable":true,"href":"https:\/\/desertcameltours.com\/es\/wp-json\/wp\/v2\/users\/1"}],"replies":[{"embeddable":true,"href":"https:\/\/desertcameltours.com\/es\/wp-json\/wp\/v2\/comments?post=1251"}],"version-history":[{"count":2,"href":"https:\/\/desertcameltours.com\/es\/wp-json\/wp\/v2\/pages\/1251\/revisions"}],"predecessor-version":[{"id":1314,"href":"https:\/\/desertcameltours.com\/es\/wp-json\/wp\/v2\/pages\/1251\/revisions\/1314"}],"wp:attachment":[{"href":"https:\/\/desertcameltours.com\/es\/wp-json\/wp\/v2\/media?parent=1251"}],"curies":[{"name":"wp","href":"https:\/\/api.w.org\/{rel}","templated":true}]}}