{"id":1249,"date":"2023-06-12T16:37:15","date_gmt":"2023-06-12T16:37:15","guid":{"rendered":"https:\/\/desertcameltours.com\/es\/?page_id=1249"},"modified":"2025-02-14T11:53:23","modified_gmt":"2025-02-14T11:53:23","slug":"viaje-de-10-dias-desde-tanger-a-merzouga-y-marrakech","status":"publish","type":"page","link":"https:\/\/desertcameltours.com\/es\/viaje-de-10-dias-desde-tanger-a-merzouga-y-marrakech\/","title":{"rendered":"Viaje de 10 d\u00edas desde T\u00e1nger a Merzouga y Marrakech"},"content":{"rendered":"<div class=\"pbs-main-wrapper\"><h3 data-start=\"51\" data-end=\"122\"><strong data-start=\"55\" data-end=\"122\">Tour de 10 d\u00edas por Marruecos: De T\u00e1nger a Merzouga y Marrakech<\/strong><\/h3>\n<p data-start=\"124\" data-end=\"621\">Emb\u00e1rcate en una aventura \u00fanica a trav\u00e9s de los impresionantes paisajes de Marruecos con nuestro tour de 10 d\u00edas desde <strong data-start=\"243\" data-end=\"253\">T\u00e1nger<\/strong> hasta <strong data-start=\"260\" data-end=\"272\">Merzouga<\/strong> y <strong data-start=\"275\" data-end=\"288\">Marrakech<\/strong>. Este itinerario cuidadosamente dise\u00f1ado te llevar\u00e1 por el coraz\u00f3n de Marruecos, donde experimentar\u00e1s su rica historia, cultura diversa y una belleza natural asombrosa. Desde las vibrantes calles de T\u00e1nger hasta las doradas dunas del S\u00e1hara y los encantadores callejones de Marrakech, este viaje promete una experiencia inolvidable.<\/p>\n<hr data-start=\"623\" data-end=\"626\">\n<h3 data-start=\"628\" data-end=\"691\"><strong data-start=\"632\" data-end=\"691\">D\u00eda 1: Llegada a T\u00e1nger \u2013 La Puerta de Entrada a \u00c1frica<\/strong><\/h3>\n<p data-start=\"692\" data-end=\"1211\">Tu viaje comienza en <strong data-start=\"713\" data-end=\"723\">T\u00e1nger<\/strong>, una ciudad llena de historia y significados culturales. Al llegar, nuestro gu\u00eda profesional te dar\u00e1 la bienvenida y te ofrecer\u00e1 una breve descripci\u00f3n del tour. Explora el <strong data-start=\"896\" data-end=\"918\">Museo de la Kasbah<\/strong>, pasea por la bulliciosa <strong data-start=\"944\" data-end=\"954\">Medina<\/strong> y disfruta de las vistas panor\u00e1micas desde <strong data-start=\"998\" data-end=\"1015\">Cabo Espartel<\/strong>, donde se encuentran el mar Mediterr\u00e1neo y el oc\u00e9ano Atl\u00e1ntico. Concluye tu d\u00eda con una visita a las legendarias <strong data-start=\"1129\" data-end=\"1151\">Cuevas de H\u00e9rcules<\/strong> antes de registrarte en tu hotel.<br data-start=\"1185\" data-end=\"1188\">\ud83d\udecf\ufe0f <strong data-start=\"1192\" data-end=\"1211\">Noche en T\u00e1nger<\/strong><\/p>\n<hr data-start=\"1213\" data-end=\"1216\">\n<h3 data-start=\"1218\" data-end=\"1282\"><strong data-start=\"1222\" data-end=\"1282\">D\u00eda 2: T\u00e1nger a Chefchaouen \u2013 La Perla Azul de Marruecos<\/strong><\/h3>\n<p data-start=\"1283\" data-end=\"1636\">Salimos temprano hacia <strong data-start=\"1306\" data-end=\"1321\">Chefchaouen<\/strong>, un pintoresco pueblo conocido por sus calles pintadas de azul y su encanto tradicional. Pasea por la <strong data-start=\"1424\" data-end=\"1434\">Medina<\/strong>, explora la vibrante <strong data-start=\"1456\" data-end=\"1479\">Plaza Uta el-Hammam<\/strong> y visita el <strong data-start=\"1492\" data-end=\"1514\">Museo de la Kasbah<\/strong>. Pasa la noche en un riad tradicional, sumergi\u00e9ndote en la tranquila atm\u00f3sfera del pueblo.<br data-start=\"1605\" data-end=\"1608\">\ud83d\udecf\ufe0f <strong data-start=\"1612\" data-end=\"1636\">Noche en Chefchaouen<\/strong><\/p>\n<hr data-start=\"1638\" data-end=\"1641\">\n<h3 data-start=\"1643\" data-end=\"1699\"><strong data-start=\"1647\" data-end=\"1699\">D\u00eda 3: Chefchaouen a Fez \u2013 La Capital Espiritual<\/strong><\/h3>\n<p data-start=\"1700\" data-end=\"2157\">Despu\u00e9s del desayuno, nos dirigimos hacia <strong data-start=\"1742\" data-end=\"1749\">Fez<\/strong>, haciendo una parada en las ruinas romanas de <strong data-start=\"1796\" data-end=\"1809\">Volubilis<\/strong>, un sitio declarado Patrimonio de la Humanidad por la UNESCO. Explora los mosaicos bien conservados y las estructuras antiguas antes de continuar a <strong data-start=\"1958\" data-end=\"1968\">Meknes<\/strong>, famosa por sus grandes puertas y su historia real. Al llegar a <strong data-start=\"2033\" data-end=\"2040\">Fez<\/strong>, te acomodar\u00e1s en tu alojamiento y te preparar\u00e1s para una enriquecedora experiencia cultural.<br data-start=\"2134\" data-end=\"2137\">\ud83d\udecf\ufe0f <strong data-start=\"2141\" data-end=\"2157\">Noche en Fez<\/strong><\/p>\n<hr data-start=\"2159\" data-end=\"2162\">\n<h3 data-start=\"2164\" data-end=\"2214\"><strong data-start=\"2168\" data-end=\"2214\">D\u00eda 4: Explorando Fez \u2013 El Centro Cultural<\/strong><\/h3>\n<p data-start=\"2215\" data-end=\"2663\">Ad\u00e9ntrate en las laber\u00ednticas calles de <strong data-start=\"2255\" data-end=\"2270\">Fez el-Bali<\/strong>, la zona urbana sin coches m\u00e1s grande del mundo. Visita la <strong data-start=\"2330\" data-end=\"2361\">Universidad Al Quaraouiyine<\/strong>, la universidad m\u00e1s antigua del mundo, y admira la exquisita <strong data-start=\"2423\" data-end=\"2445\">Madrasa Bou Inania<\/strong>. Explora la famosa <strong data-start=\"2465\" data-end=\"2487\">Curtiembre Chouara<\/strong>, donde el cuero se ti\u00f1e mediante m\u00e9todos tradicionales. Disfruta de una comida tradicional marroqu\u00ed en un restaurante local antes de regresar a tu riad.<br data-start=\"2640\" data-end=\"2643\">\ud83d\udecf\ufe0f <strong data-start=\"2647\" data-end=\"2663\">Noche en Fez<\/strong><\/p>\n<hr data-start=\"2665\" data-end=\"2668\">\n<h3 data-start=\"2670\" data-end=\"2732\"><strong data-start=\"2674\" data-end=\"2732\">D\u00eda 5: Fez a Merzouga \u2013 Entrada al Desierto del S\u00e1hara<\/strong><\/h3>\n<p data-start=\"2733\" data-end=\"3348\">Salimos temprano para un viaje por los diversos paisajes de Marruecos, cruzando las <strong data-start=\"2817\" data-end=\"2845\">Monta\u00f1as del Atlas Medio<\/strong> y el pintoresco pueblo de <strong data-start=\"2872\" data-end=\"2882\">Ifrane<\/strong>, conocido como la &#8220;Suiza de Marruecos&#8221;. Haremos una parada en <strong data-start=\"2945\" data-end=\"2955\">Midelt<\/strong> para el almuerzo antes de continuar a trav\u00e9s del <strong data-start=\"3005\" data-end=\"3022\">Valle del Ziz<\/strong>, famoso por sus exuberantes palmerales. Llegamos a <strong data-start=\"3074\" data-end=\"3086\">Merzouga<\/strong>, donde nuestra <strong data-start=\"3102\" data-end=\"3126\">caravana de camellos<\/strong> nos llevar\u00e1 hacia las dunas del <strong data-start=\"3159\" data-end=\"3173\">Erg Chebbi<\/strong>. Disfruta de una puesta de sol espectacular en el desierto y pasa la noche en un campamento tradicional bereber bajo las estrellas.<br data-start=\"3305\" data-end=\"3308\">\ud83d\udecf\ufe0f <strong data-start=\"3312\" data-end=\"3348\">Noche en el desierto de Merzouga<\/strong><\/p>\n<hr data-start=\"3350\" data-end=\"3353\">\n<h3 data-start=\"3355\" data-end=\"3421\"><strong data-start=\"3359\" data-end=\"3421\">D\u00eda 6: Aventura en Merzouga \u2013 Explorando las Dunas Doradas<\/strong><\/h3>\n<p data-start=\"3422\" data-end=\"3874\">Despierta temprano para contemplar la salida del sol sobre las dunas. Despu\u00e9s del desayuno, realiza una excursi\u00f3n en <strong data-start=\"3539\" data-end=\"3546\">4&#215;4<\/strong> para visitar los pueblos n\u00f3madas, el pueblo de <strong data-start=\"3594\" data-end=\"3605\">Khamlia<\/strong> conocido por su m\u00fasica <strong data-start=\"3629\" data-end=\"3638\">Gnawa<\/strong>, y las fascinantes minas de f\u00f3siles. Disfruta de una tarde de <strong data-start=\"3701\" data-end=\"3717\">sandboarding<\/strong> o <strong data-start=\"3720\" data-end=\"3735\">quad biking<\/strong> antes de regresar al campamento en el desierto para pasar otra noche m\u00e1gica bajo las estrellas.<br data-start=\"3831\" data-end=\"3834\">\ud83d\udecf\ufe0f <strong data-start=\"3838\" data-end=\"3874\">Noche en el desierto de Merzouga<\/strong><\/p>\n<hr data-start=\"3876\" data-end=\"3879\">\n<h3 data-start=\"3881\" data-end=\"3951\"><strong data-start=\"3885\" data-end=\"3951\">D\u00eda 7: Merzouga a Valle del Dades \u2013 La Ruta de los Mil Kasbahs<\/strong><\/h3>\n<p data-start=\"3952\" data-end=\"4393\">Despu\u00e9s del desayuno, dejamos el desierto y viajamos hacia la <strong data-start=\"4014\" data-end=\"4036\">Garganta del Todra<\/strong>, un impresionante ca\u00f1\u00f3n conocido por sus altas paredes rocosas. Disfruta de un paseo por el desfiladero antes de continuar hacia el <strong data-start=\"4169\" data-end=\"4188\">Valle del Dades<\/strong>, famoso por sus paisajes dram\u00e1ticos y formaciones rocosas \u00fanicas, como los <strong data-start=\"4264\" data-end=\"4282\">Dedos del Mono<\/strong>. Pasa la noche en una encantadora casa de hu\u00e9spedes con vistas al valle.<br data-start=\"4355\" data-end=\"4358\">\ud83d\udecf\ufe0f <strong data-start=\"4362\" data-end=\"4393\">Noche en el Valle del Dades<\/strong><\/p>\n<hr data-start=\"4395\" data-end=\"4398\">\n<h3 data-start=\"4400\" data-end=\"4460\"><strong data-start=\"4404\" data-end=\"4460\">D\u00eda 8: Valle del Dades a Ouarzazate y Ait Ben Haddou<\/strong><\/h3>\n<p data-start=\"4461\" data-end=\"4875\">Viajamos a trav\u00e9s del famoso <strong data-start=\"4490\" data-end=\"4512\">Valle de las Rosas<\/strong>, conocido por su festival anual de rosas, hasta llegar a <strong data-start=\"4570\" data-end=\"4584\">Ouarzazate<\/strong>, la &#8220;Hollywood de \u00c1frica&#8221;. Visita los <strong data-start=\"4623\" data-end=\"4649\">Estudios de Cine Atlas<\/strong> y el ic\u00f3nico <strong data-start=\"4663\" data-end=\"4681\">Ait Ben Haddou<\/strong>, un kasbah declarado Patrimonio de la Humanidad por la UNESCO y utilizado como locaci\u00f3n en numerosas pel\u00edculas. Explora este antiguo sitio antes de pasar la noche.<br data-start=\"4845\" data-end=\"4848\">\ud83d\udecf\ufe0f <strong data-start=\"4852\" data-end=\"4875\">Noche en Ouarzazate<\/strong><\/p>\n<hr data-start=\"4877\" data-end=\"4880\">\n<h3 data-start=\"4882\" data-end=\"4936\"><strong data-start=\"4886\" data-end=\"4936\">D\u00eda 9: Ouarzazate a Marrakech \u2013 La Ciudad Roja<\/strong><\/h3>\n<p data-start=\"4937\" data-end=\"5366\">Salimos hacia <strong data-start=\"4951\" data-end=\"4964\">Marrakech<\/strong>, cruzando el majestuoso <strong data-start=\"4989\" data-end=\"5011\">Paso Tizi n\u2019Tichka<\/strong> en las <strong data-start=\"5019\" data-end=\"5046\">Monta\u00f1as del Alto Atlas<\/strong>. Al llegar, explora la vibrante <strong data-start=\"5079\" data-end=\"5102\">Plaza Jemaa el-Fnaa<\/strong>, donde los artistas callejeros, los puestos de comida y los m\u00fasicos crean un ambiente animado. Visita el <strong data-start=\"5208\" data-end=\"5228\">Jard\u00edn Majorelle<\/strong>, la <strong data-start=\"5233\" data-end=\"5255\">Mezquita Koutoubia<\/strong> y las <strong data-start=\"5262\" data-end=\"5280\">Tumbas Saad\u00edes<\/strong> antes de disfrutar de una velada en un riad tradicional.<br data-start=\"5337\" data-end=\"5340\">\ud83d\udecf\ufe0f <strong data-start=\"5344\" data-end=\"5366\">Noche en Marrakech<\/strong><\/p>\n<hr data-start=\"5368\" data-end=\"5371\">\n<h3 data-start=\"5373\" data-end=\"5411\"><strong data-start=\"5377\" data-end=\"5411\">D\u00eda 10: Salida desde Marrakech<\/strong><\/h3>\n<p data-start=\"5412\" data-end=\"5728\">Despu\u00e9s del desayuno, disfruta de tiempo libre para explorar la Medina a tu propio ritmo, comprar recuerdos o relajarte en un hammam. Dependiendo de tu horario de vuelo, nuestro equipo te trasladar\u00e1 al aeropuerto, concluyendo as\u00ed tu inolvidable tour de 10 d\u00edas por T\u00e1nger, Merzouga y Marrakech.<br data-start=\"5706\" data-end=\"5709\">\u2708\ufe0f <strong data-start=\"5712\" data-end=\"5728\">Fin del tour<\/strong><\/p>\n<\/div>","protected":false},"excerpt":{"rendered":"<p>Tour de 10 d\u00edas por Marruecos: De T\u00e1nger a Merzouga y Marrakech Emb\u00e1rcate en una aventura \u00fanica a trav\u00e9s de los impresionantes paisajes de Marruecos con<span class=\"excerpt-hellip\"> [\u2026]<\/span><\/p>\n","protected":false},"author":1,"featured_media":0,"parent":0,"menu_order":0,"comment_status":"closed","ping_status":"closed","template":"","meta":{"ngg_post_thumbnail":0},"aioseo_notices":[],"yoast_head":"<!-- This site is optimized with the Yoast SEO plugin v20.8 - https:\/\/yoast.com\/wordpress\/plugins\/seo\/ -->\n<title>Viaje de 10 d\u00edas desde T\u00e1nger a Merzouga y Marrakech - Desert Camel Tours<\/title>\n<meta name=\"robots\" content=\"index, follow, max-snippet:-1, max-image-preview:large, max-video-preview:-1\" \/>\n<link rel=\"canonical\" href=\"https:\/\/desertcameltours.com\/es\/viaje-de-10-dias-desde-tanger-a-merzouga-y-marrakech\/\" \/>\n<meta property=\"og:locale\" content=\"en_US\" \/>\n<meta property=\"og:type\" content=\"article\" \/>\n<meta property=\"og:title\" content=\"Viaje de 10 d\u00edas desde T\u00e1nger a Merzouga y Marrakech - Desert Camel Tours\" \/>\n<meta property=\"og:description\" content=\"Tour de 10 d\u00edas por Marruecos: De T\u00e1nger a Merzouga y Marrakech Emb\u00e1rcate en una aventura \u00fanica a trav\u00e9s de los impresionantes paisajes de Marruecos con [\u2026]\" \/>\n<meta property=\"og:url\" content=\"https:\/\/desertcameltours.com\/es\/viaje-de-10-dias-desde-tanger-a-merzouga-y-marrakech\/\" \/>\n<meta property=\"og:site_name\" content=\"Desert Camel Tours\" \/>\n<meta property=\"article:modified_time\" content=\"2025-02-14T11:53:23+00:00\" \/>\n<meta name=\"twitter:card\" content=\"summary_large_image\" \/>\n<script type=\"application\/ld+json\" class=\"yoast-schema-graph\">{\"@context\":\"https:\/\/schema.org\",\"@graph\":[{\"@type\":\"WebPage\",\"@id\":\"https:\/\/desertcameltours.com\/es\/viaje-de-10-dias-desde-tanger-a-merzouga-y-marrakech\/\",\"url\":\"https:\/\/desertcameltours.com\/es\/viaje-de-10-dias-desde-tanger-a-merzouga-y-marrakech\/\",\"name\":\"Viaje de 10 d\u00edas desde T\u00e1nger a Merzouga y Marrakech - Desert Camel Tours\",\"isPartOf\":{\"@id\":\"https:\/\/desertcameltours.com\/es\/#website\"},\"datePublished\":\"2023-06-12T16:37:15+00:00\",\"dateModified\":\"2025-02-14T11:53:23+00:00\",\"breadcrumb\":{\"@id\":\"https:\/\/desertcameltours.com\/es\/viaje-de-10-dias-desde-tanger-a-merzouga-y-marrakech\/#breadcrumb\"},\"inLanguage\":\"en-US\",\"potentialAction\":[{\"@type\":\"ReadAction\",\"target\":[\"https:\/\/desertcameltours.com\/es\/viaje-de-10-dias-desde-tanger-a-merzouga-y-marrakech\/\"]}]},{\"@type\":\"BreadcrumbList\",\"@id\":\"https:\/\/desertcameltours.com\/es\/viaje-de-10-dias-desde-tanger-a-merzouga-y-marrakech\/#breadcrumb\",\"itemListElement\":[{\"@type\":\"ListItem\",\"position\":1,\"name\":\"Home\",\"item\":\"https:\/\/desertcameltours.com\/es\/\"},{\"@type\":\"ListItem\",\"position\":2,\"name\":\"Viaje de 10 d\u00edas desde T\u00e1nger a Merzouga y Marrakech\"}]},{\"@type\":\"WebSite\",\"@id\":\"https:\/\/desertcameltours.com\/es\/#website\",\"url\":\"https:\/\/desertcameltours.com\/es\/\",\"name\":\"Desert Camel Tours\",\"description\":\"desert camel tours\",\"potentialAction\":[{\"@type\":\"SearchAction\",\"target\":{\"@type\":\"EntryPoint\",\"urlTemplate\":\"https:\/\/desertcameltours.com\/es\/?s={search_term_string}\"},\"query-input\":\"required name=search_term_string\"}],\"inLanguage\":\"en-US\"}]}<\/script>\n<!-- \/ Yoast SEO plugin. -->","yoast_head_json":{"title":"Viaje de 10 d\u00edas desde T\u00e1nger a Merzouga y Marrakech - Desert Camel Tours","robots":{"index":"index","follow":"follow","max-snippet":"max-snippet:-1","max-image-preview":"max-image-preview:large","max-video-preview":"max-video-preview:-1"},"canonical":"https:\/\/desertcameltours.com\/es\/viaje-de-10-dias-desde-tanger-a-merzouga-y-marrakech\/","og_locale":"en_US","og_type":"article","og_title":"Viaje de 10 d\u00edas desde T\u00e1nger a Merzouga y Marrakech - Desert Camel Tours","og_description":"Tour de 10 d\u00edas por Marruecos: De T\u00e1nger a Merzouga y Marrakech Emb\u00e1rcate en una aventura \u00fanica a trav\u00e9s de los impresionantes paisajes de Marruecos con [\u2026]","og_url":"https:\/\/desertcameltours.com\/es\/viaje-de-10-dias-desde-tanger-a-merzouga-y-marrakech\/","og_site_name":"Desert Camel Tours","article_modified_time":"2025-02-14T11:53:23+00:00","twitter_card":"summary_large_image","schema":{"@context":"https:\/\/schema.org","@graph":[{"@type":"WebPage","@id":"https:\/\/desertcameltours.com\/es\/viaje-de-10-dias-desde-tanger-a-merzouga-y-marrakech\/","url":"https:\/\/desertcameltours.com\/es\/viaje-de-10-dias-desde-tanger-a-merzouga-y-marrakech\/","name":"Viaje de 10 d\u00edas desde T\u00e1nger a Merzouga y Marrakech - Desert Camel Tours","isPartOf":{"@id":"https:\/\/desertcameltours.com\/es\/#website"},"datePublished":"2023-06-12T16:37:15+00:00","dateModified":"2025-02-14T11:53:23+00:00","breadcrumb":{"@id":"https:\/\/desertcameltours.com\/es\/viaje-de-10-dias-desde-tanger-a-merzouga-y-marrakech\/#breadcrumb"},"inLanguage":"en-US","potentialAction":[{"@type":"ReadAction","target":["https:\/\/desertcameltours.com\/es\/viaje-de-10-dias-desde-tanger-a-merzouga-y-marrakech\/"]}]},{"@type":"BreadcrumbList","@id":"https:\/\/desertcameltours.com\/es\/viaje-de-10-dias-desde-tanger-a-merzouga-y-marrakech\/#breadcrumb","itemListElement":[{"@type":"ListItem","position":1,"name":"Home","item":"https:\/\/desertcameltours.com\/es\/"},{"@type":"ListItem","position":2,"name":"Viaje de 10 d\u00edas desde T\u00e1nger a Merzouga y Marrakech"}]},{"@type":"WebSite","@id":"https:\/\/desertcameltours.com\/es\/#website","url":"https:\/\/desertcameltours.com\/es\/","name":"Desert Camel Tours","description":"desert camel tours","potentialAction":[{"@type":"SearchAction","target":{"@type":"EntryPoint","urlTemplate":"https:\/\/desertcameltours.com\/es\/?s={search_term_string}"},"query-input":"required name=search_term_string"}],"inLanguage":"en-US"}]}},"_links":{"self":[{"href":"https:\/\/desertcameltours.com\/es\/wp-json\/wp\/v2\/pages\/1249"}],"collection":[{"href":"https:\/\/desertcameltours.com\/es\/wp-json\/wp\/v2\/pages"}],"about":[{"href":"https:\/\/desertcameltours.com\/es\/wp-json\/wp\/v2\/types\/page"}],"author":[{"embeddable":true,"href":"https:\/\/desertcameltours.com\/es\/wp-json\/wp\/v2\/users\/1"}],"replies":[{"embeddable":true,"href":"https:\/\/desertcameltours.com\/es\/wp-json\/wp\/v2\/comments?post=1249"}],"version-history":[{"count":3,"href":"https:\/\/desertcameltours.com\/es\/wp-json\/wp\/v2\/pages\/1249\/revisions"}],"predecessor-version":[{"id":1316,"href":"https:\/\/desertcameltours.com\/es\/wp-json\/wp\/v2\/pages\/1249\/revisions\/1316"}],"wp:attachment":[{"href":"https:\/\/desertcameltours.com\/es\/wp-json\/wp\/v2\/media?parent=1249"}],"curies":[{"name":"wp","href":"https:\/\/api.w.org\/{rel}","templated":true}]}}