{"id":1227,"date":"2023-06-12T15:46:36","date_gmt":"2023-06-12T15:46:36","guid":{"rendered":"https:\/\/desertcameltours.com\/es\/?page_id=1227"},"modified":"2025-02-14T11:33:47","modified_gmt":"2025-02-14T11:33:47","slug":"15-dias-desde-casablanca-marruecos-tours","status":"publish","type":"page","link":"https:\/\/desertcameltours.com\/es\/15-dias-desde-casablanca-marruecos-tours\/","title":{"rendered":"15 Dias desde Casablanca Marruecos Tours"},"content":{"rendered":"<div class=\"pbs-main-wrapper\"><p data-start=\"0\" data-end=\"366\">Emb\u00e1rcate en un inolvidable viaje de 15 d\u00edas por Marruecos, comenzando en la vibrante ciudad de Casablanca y recorriendo los impresionantes paisajes del desierto del Sahara, antiguas ciudades imperiales y encantadoras localidades costeras. Este tour es ideal para quienes desean una experiencia inmersiva en la historia, cultura y belleza natural de Marruecos.<\/p>\n<h3 data-start=\"368\" data-end=\"405\"><strong data-start=\"372\" data-end=\"403\">D\u00eda 1: Llegada a Casablanca<\/strong><\/h3>\n<p data-start=\"406\" data-end=\"747\">Tu aventura comienza en Casablanca, la capital econ\u00f3mica de Marruecos. A tu llegada al Aeropuerto Internacional Mohammed V, te recibiremos y trasladaremos a tu hotel. Dependiendo de tu hora de llegada, podr\u00e1s visitar la <strong data-start=\"626\" data-end=\"648\">Mezquita Hassan II<\/strong>, una de las m\u00e1s grandes y espectaculares del mundo, con una arquitectura isl\u00e1mica impresionante.<\/p>\n<h3 data-start=\"749\" data-end=\"798\"><strong data-start=\"753\" data-end=\"796\">D\u00eda 2: Casablanca \u2013 Rabat \u2013 Chefchaouen<\/strong><\/h3>\n<p data-start=\"799\" data-end=\"1115\">Despu\u00e9s del desayuno, partimos hacia <strong data-start=\"836\" data-end=\"845\">Rabat<\/strong>, la capital de Marruecos. Exploraremos lugares clave como:<br data-start=\"904\" data-end=\"907\">\u2714 <strong data-start=\"909\" data-end=\"933\">Kasbah de los Udayas<\/strong>, una antigua fortaleza con vistas al oc\u00e9ano Atl\u00e1ntico.<br data-start=\"988\" data-end=\"991\">\u2714 <strong data-start=\"993\" data-end=\"1009\">Torre Hassan<\/strong>, un minarete inacabado del siglo XII.<br data-start=\"1047\" data-end=\"1050\">\u2714 <strong data-start=\"1052\" data-end=\"1068\">Palacio Real<\/strong>, la residencia oficial del rey de Marruecos.<\/p>\n<p data-start=\"1117\" data-end=\"1301\">Luego, continuamos hacia <strong data-start=\"1142\" data-end=\"1157\">Chefchaouen<\/strong>, la &#8220;Perla Azul&#8221; de Marruecos, situada en las monta\u00f1as del Rif. Disfruta de un paseo vespertino por sus encantadoras calles pintadas de azul.<\/p>\n<h3 data-start=\"1303\" data-end=\"1358\"><strong data-start=\"1307\" data-end=\"1356\">D\u00eda 3: Chefchaouen \u2013 Volubilis \u2013 Meknes \u2013 Fez<\/strong><\/h3>\n<p data-start=\"1359\" data-end=\"1782\">Por la ma\u00f1ana, viajamos a <strong data-start=\"1385\" data-end=\"1398\">Volubilis<\/strong>, una antigua ciudad romana con impresionantes ruinas arqueol\u00f3gicas. A continuaci\u00f3n, visitamos <strong data-start=\"1493\" data-end=\"1503\">Meknes<\/strong>, una ciudad imperial con sitios emblem\u00e1ticos como:<br data-start=\"1554\" data-end=\"1557\">\u2714 <strong data-start=\"1559\" data-end=\"1581\">Puerta Bab Mansour<\/strong>, la m\u00e1s grande y bella de Marruecos.<br data-start=\"1618\" data-end=\"1621\">\u2714 <strong data-start=\"1623\" data-end=\"1642\">Establos Reales<\/strong>, que albergaban miles de caballos en la \u00e9poca del sult\u00e1n Moulay Ismail.<br data-start=\"1714\" data-end=\"1717\">\u2714 <strong data-start=\"1719\" data-end=\"1748\">Mausoleo de Moulay Ismail<\/strong>, un importante sitio religioso.<\/p>\n<p data-start=\"1784\" data-end=\"1897\">Por la tarde, nos dirigimos a <strong data-start=\"1814\" data-end=\"1821\">Fez<\/strong>, la capital cultural y espiritual de Marruecos, donde pasaremos la noche.<\/p>\n<h3 data-start=\"1899\" data-end=\"1935\"><strong data-start=\"1903\" data-end=\"1933\">D\u00eda 4: D\u00eda Completo en Fez<\/strong><\/h3>\n<p data-start=\"1936\" data-end=\"2315\">Un recorrido guiado por <strong data-start=\"1960\" data-end=\"1989\">Fez el-Bali (Fez Antigua)<\/strong> nos llevar\u00e1 por su laber\u00edntica medina, visitando:<br data-start=\"2039\" data-end=\"2042\">\u2714 <strong data-start=\"2044\" data-end=\"2075\">Universidad Al Quaraouiyine<\/strong>, la m\u00e1s antigua del mundo.<br data-start=\"2102\" data-end=\"2105\">\u2714 <strong data-start=\"2107\" data-end=\"2129\">Madraza Bou Inania<\/strong>, con su exquisita arquitectura isl\u00e1mica.<br data-start=\"2170\" data-end=\"2173\">\u2714 <strong data-start=\"2175\" data-end=\"2190\">Curtidur\u00edas<\/strong>, donde se elaboran pieles con m\u00e9todos tradicionales.<br data-start=\"2243\" data-end=\"2246\">\u2714 <strong data-start=\"2248\" data-end=\"2268\">Fuente Nejjarine<\/strong>, un bello ejemplo del arte zellige marroqu\u00ed.<\/p>\n<h3 data-start=\"2317\" data-end=\"2363\"><strong data-start=\"2321\" data-end=\"2361\">D\u00eda 5: Fez \u2013 Ifrane \u2013 Azrou \u2013 Midelt<\/strong><\/h3>\n<p data-start=\"2364\" data-end=\"2539\">Partimos de Fez y hacemos paradas en:<br data-start=\"2401\" data-end=\"2404\">\u2714 <strong data-start=\"2406\" data-end=\"2416\">Ifrane<\/strong>, la &#8220;Suiza de Marruecos&#8221;, con su arquitectura alpina.<br data-start=\"2470\" data-end=\"2473\">\u2714 <strong data-start=\"2475\" data-end=\"2504\">Bosque de Cedros en Azrou<\/strong>, hogar de los monos de Berber\u00eda.<\/p>\n<p data-start=\"2541\" data-end=\"2649\">Continuamos hacia <strong data-start=\"2559\" data-end=\"2569\">Midelt<\/strong>, situada entre las monta\u00f1as del Medio y Alto Atlas, donde pasaremos la noche.<\/p>\n<h3 data-start=\"2651\" data-end=\"2710\"><strong data-start=\"2655\" data-end=\"2708\">D\u00eda 6: Midelt \u2013 Valle del Ziz \u2013 Erfoud \u2013 Merzouga<\/strong><\/h3>\n<p data-start=\"2711\" data-end=\"3135\">Atravesamos el hermoso <strong data-start=\"2734\" data-end=\"2751\">Valle del Ziz<\/strong>, famoso por sus palmerales y paisajes espectaculares. Luego, llegamos a <strong data-start=\"2824\" data-end=\"2834\">Erfoud<\/strong>, conocida por sus f\u00f3siles y mercado de d\u00e1tiles. Finalmente, alcanzamos <strong data-start=\"2906\" data-end=\"2918\">Merzouga<\/strong>, la puerta del <strong data-start=\"2934\" data-end=\"2957\">desierto del Sahara<\/strong>.<br data-start=\"2958\" data-end=\"2961\">\u2714 Paseo en <strong data-start=\"2972\" data-end=\"3011\">camello por las dunas de Erg Chebbi<\/strong> al atardecer.<br data-start=\"3025\" data-end=\"3028\">\u2714 Cena tradicional bereber en un campamento de lujo.<br data-start=\"3080\" data-end=\"3083\">\u2714 <strong data-start=\"3085\" data-end=\"3119\">Noche bajo un cielo estrellado<\/strong> en una haima.<\/p>\n<h3 data-start=\"3137\" data-end=\"3211\"><strong data-start=\"3141\" data-end=\"3209\">D\u00eda 7: Merzouga \u2013 Rissani \u2013 Garganta del Todra \u2013 Valle del Dades<\/strong><\/h3>\n<p data-start=\"3212\" data-end=\"3429\">Despu\u00e9s de un espectacular amanecer en el desierto, visitamos:<br data-start=\"3274\" data-end=\"3277\">\u2714 <strong data-start=\"3279\" data-end=\"3290\">Rissani<\/strong>, un pueblo tradicional con un mercado aut\u00e9ntico.<br data-start=\"3339\" data-end=\"3342\">\u2714 <strong data-start=\"3344\" data-end=\"3366\">Garganta del Todra<\/strong>, un ca\u00f1\u00f3n impresionante con acantilados de hasta 300 metros.<\/p>\n<p data-start=\"3431\" data-end=\"3520\">Terminamos el d\u00eda en el <strong data-start=\"3455\" data-end=\"3474\">Valle del Dades<\/strong>, famoso por sus formaciones rocosas \u00fanicas.<\/p>\n<h3 data-start=\"3522\" data-end=\"3588\"><strong data-start=\"3526\" data-end=\"3586\">D\u00eda 8: Valle del Dades \u2013 Valle de las Rosas \u2013 Ouarzazate<\/strong><\/h3>\n<p data-start=\"3589\" data-end=\"3880\">Viajamos a trav\u00e9s del <strong data-start=\"3611\" data-end=\"3633\">Valle de las Rosas<\/strong>, conocido por la producci\u00f3n de agua de rosas. Luego, llegamos a <strong data-start=\"3698\" data-end=\"3712\">Ouarzazate<\/strong>, la &#8220;Hollywood de \u00c1frica&#8221;, donde visitamos:<br data-start=\"3756\" data-end=\"3759\">\u2714 <strong data-start=\"3761\" data-end=\"3780\">Kasbah Taourirt<\/strong>, una fortaleza hist\u00f3rica.<br data-start=\"3806\" data-end=\"3809\">\u2714 <strong data-start=\"3811\" data-end=\"3837\">Estudios de cine Atlas<\/strong>, donde se han filmado pel\u00edculas famosas.<\/p>\n<h3 data-start=\"3882\" data-end=\"3938\"><strong data-start=\"3886\" data-end=\"3936\">D\u00eda 9: Ouarzazate \u2013 Ait Ben Haddou \u2013 Marrakech<\/strong><\/h3>\n<p data-start=\"3939\" data-end=\"4189\">Exploramos la <strong data-start=\"3953\" data-end=\"3981\">Kasbah de Ait Ben Haddou<\/strong>, un sitio Patrimonio de la Humanidad de la UNESCO.<br data-start=\"4032\" data-end=\"4035\">\u2714 Cruzamos el <strong data-start=\"4049\" data-end=\"4071\">Paso Tizi n\u2019Tichka<\/strong>, con vistas espectaculares de las monta\u00f1as del Alto Atlas.<br data-start=\"4130\" data-end=\"4133\">\u2714 Llegamos a <strong data-start=\"4146\" data-end=\"4159\">Marrakech<\/strong>, la vibrante &#8220;Ciudad Roja&#8221;.<\/p>\n<h3 data-start=\"4191\" data-end=\"4234\"><strong data-start=\"4195\" data-end=\"4232\">D\u00eda 10: D\u00eda Completo en Marrakech<\/strong><\/h3>\n<p data-start=\"4235\" data-end=\"4618\">Un recorrido guiado nos llevar\u00e1 por los principales atractivos:<br data-start=\"4298\" data-end=\"4301\">\u2714 <strong data-start=\"4303\" data-end=\"4326\">Plaza Jemaa el-Fnaa<\/strong>, llena de vida y espect\u00e1culos callejeros.<br data-start=\"4368\" data-end=\"4371\">\u2714 <strong data-start=\"4373\" data-end=\"4395\">Mezquita Koutoubia<\/strong>, el monumento m\u00e1s emblem\u00e1tico de Marrakech.<br data-start=\"4439\" data-end=\"4442\">\u2714 <strong data-start=\"4444\" data-end=\"4462\">Tumbas Saad\u00edes<\/strong>, un tesoro arquitect\u00f3nico.<br data-start=\"4489\" data-end=\"4492\">\u2714 <strong data-start=\"4494\" data-end=\"4517\">Palacio de la Bah\u00eda<\/strong>, con su intrincada decoraci\u00f3n.<br data-start=\"4548\" data-end=\"4551\">\u2714 <strong data-start=\"4553\" data-end=\"4573\">Jard\u00edn Majorelle<\/strong>, un oasis bot\u00e1nico con influencia bereber.<\/p>\n<h3 data-start=\"4620\" data-end=\"4659\"><strong data-start=\"4624\" data-end=\"4657\">D\u00eda 11: Marrakech \u2013 Essaouira<\/strong><\/h3>\n<p data-start=\"4660\" data-end=\"4919\">Viajamos a <strong data-start=\"4671\" data-end=\"4684\">Essaouira<\/strong>, una encantadora ciudad costera, donde exploraremos:<br data-start=\"4737\" data-end=\"4740\">\u2714 <strong data-start=\"4742\" data-end=\"4798\">Su medina azul y blanca, Patrimonio de la Humanidad.<\/strong><br data-start=\"4798\" data-end=\"4801\">\u2714 <strong data-start=\"4803\" data-end=\"4827\">La Skala de la Ville<\/strong>, con vistas impresionantes al Atl\u00e1ntico.<br data-start=\"4868\" data-end=\"4871\">\u2714 <strong data-start=\"4873\" data-end=\"4917\">El puerto, famoso por su marisco fresco.<\/strong><\/p>\n<h3 data-start=\"4921\" data-end=\"4969\"><strong data-start=\"4925\" data-end=\"4967\">D\u00eda 12: Essaouira \u2013 Agadir \u2013 Taroudant<\/strong><\/h3>\n<p data-start=\"4970\" data-end=\"5214\">Siguiendo la costa atl\u00e1ntica, llegamos a <strong data-start=\"5011\" data-end=\"5021\">Agadir<\/strong>, una ciudad moderna con hermosas playas. Luego, continuamos hacia <strong data-start=\"5088\" data-end=\"5101\">Taroudant<\/strong>, conocida por:<br data-start=\"5116\" data-end=\"5119\">\u2714 <strong data-start=\"5121\" data-end=\"5164\">Sus murallas de adobe bien conservadas.<\/strong><br data-start=\"5164\" data-end=\"5167\">\u2714 <strong data-start=\"5169\" data-end=\"5212\">Su animado zoco y ambiente tradicional.<\/strong><\/p>\n<h3 data-start=\"5216\" data-end=\"5266\"><strong data-start=\"5220\" data-end=\"5264\">D\u00eda 13: Taroudant \u2013 Ait Baha \u2013 Tafraoute<\/strong><\/h3>\n<p data-start=\"5267\" data-end=\"5445\">Exploramos <strong data-start=\"5278\" data-end=\"5290\">Ait Baha<\/strong> antes de dirigirnos a <strong data-start=\"5313\" data-end=\"5326\">Tafraoute<\/strong>, famosa por:<br data-start=\"5339\" data-end=\"5342\">\u2714 <strong data-start=\"5344\" data-end=\"5366\">Las rocas pintadas<\/strong>, una obra de arte al aire libre.<br data-start=\"5399\" data-end=\"5402\">\u2714 <strong data-start=\"5404\" data-end=\"5443\">Los almendros en flor en temporada.<\/strong><\/p>\n<h3 data-start=\"5447\" data-end=\"5505\"><strong data-start=\"5451\" data-end=\"5503\">D\u00eda 14: Tafraoute \u2013 Tiznit \u2013 Regreso a Marrakech<\/strong><\/h3>\n<p data-start=\"5506\" data-end=\"5626\">Visitamos <strong data-start=\"5516\" data-end=\"5526\">Tiznit<\/strong>, c\u00e9lebre por su artesan\u00eda en plata, antes de regresar a <strong data-start=\"5583\" data-end=\"5596\">Marrakech<\/strong> para una cena de despedida.<\/p>\n<h3 data-start=\"5628\" data-end=\"5681\"><strong data-start=\"5632\" data-end=\"5679\">D\u00eda 15: Salida desde Marrakech o Casablanca<\/strong><\/h3>\n<p data-start=\"5682\" data-end=\"5811\">Despu\u00e9s del desayuno, traslado al aeropuerto de <strong data-start=\"5730\" data-end=\"5756\">Marrakech o Casablanca<\/strong>, poniendo fin a una incre\u00edble aventura en Marruecos.<\/p>\n<p data-start=\"5813\" data-end=\"6050\" data-is-last-node=\"\">\ud83d\udc8e Este tour de 15 d\u00edas desde Casablanca te ofrece una experiencia \u00fanica para descubrir la riqueza hist\u00f3rica, los paisajes variados y la hospitalidad marroqu\u00ed. \u00a1Reserva tu viaje hoy y explora las maravillas de Marruecos con nosotros!<\/p>\n<\/div>","protected":false},"excerpt":{"rendered":"<p>Emb\u00e1rcate en un inolvidable viaje de 15 d\u00edas por Marruecos, comenzando en la vibrante ciudad de Casablanca y recorriendo los impresionantes paisajes del desierto del Sahara,<span class=\"excerpt-hellip\"> [\u2026]<\/span><\/p>\n","protected":false},"author":1,"featured_media":0,"parent":0,"menu_order":0,"comment_status":"closed","ping_status":"closed","template":"","meta":{"ngg_post_thumbnail":0},"aioseo_notices":[],"yoast_head":"<!-- This site is optimized with the Yoast SEO plugin v20.8 - https:\/\/yoast.com\/wordpress\/plugins\/seo\/ -->\n<title>15 Dias desde Casablanca Marruecos Tours - Desert Camel Tours<\/title>\n<meta name=\"robots\" content=\"index, follow, max-snippet:-1, max-image-preview:large, max-video-preview:-1\" \/>\n<link rel=\"canonical\" href=\"https:\/\/desertcameltours.com\/es\/15-dias-desde-casablanca-marruecos-tours\/\" \/>\n<meta property=\"og:locale\" content=\"en_US\" \/>\n<meta property=\"og:type\" content=\"article\" \/>\n<meta property=\"og:title\" content=\"15 Dias desde Casablanca Marruecos Tours - Desert Camel Tours\" \/>\n<meta property=\"og:description\" content=\"Emb\u00e1rcate en un inolvidable viaje de 15 d\u00edas por Marruecos, comenzando en la vibrante ciudad de Casablanca y recorriendo los impresionantes paisajes del desierto del Sahara, [\u2026]\" \/>\n<meta property=\"og:url\" content=\"https:\/\/desertcameltours.com\/es\/15-dias-desde-casablanca-marruecos-tours\/\" \/>\n<meta property=\"og:site_name\" content=\"Desert Camel Tours\" \/>\n<meta property=\"article:modified_time\" content=\"2025-02-14T11:33:47+00:00\" \/>\n<meta name=\"twitter:card\" content=\"summary_large_image\" \/>\n<meta name=\"twitter:label1\" content=\"Est. reading time\" \/>\n\t<meta name=\"twitter:data1\" content=\"4 minutes\" \/>\n<script type=\"application\/ld+json\" class=\"yoast-schema-graph\">{\"@context\":\"https:\/\/schema.org\",\"@graph\":[{\"@type\":\"WebPage\",\"@id\":\"https:\/\/desertcameltours.com\/es\/15-dias-desde-casablanca-marruecos-tours\/\",\"url\":\"https:\/\/desertcameltours.com\/es\/15-dias-desde-casablanca-marruecos-tours\/\",\"name\":\"15 Dias desde Casablanca Marruecos Tours - Desert Camel Tours\",\"isPartOf\":{\"@id\":\"https:\/\/desertcameltours.com\/es\/#website\"},\"datePublished\":\"2023-06-12T15:46:36+00:00\",\"dateModified\":\"2025-02-14T11:33:47+00:00\",\"breadcrumb\":{\"@id\":\"https:\/\/desertcameltours.com\/es\/15-dias-desde-casablanca-marruecos-tours\/#breadcrumb\"},\"inLanguage\":\"en-US\",\"potentialAction\":[{\"@type\":\"ReadAction\",\"target\":[\"https:\/\/desertcameltours.com\/es\/15-dias-desde-casablanca-marruecos-tours\/\"]}]},{\"@type\":\"BreadcrumbList\",\"@id\":\"https:\/\/desertcameltours.com\/es\/15-dias-desde-casablanca-marruecos-tours\/#breadcrumb\",\"itemListElement\":[{\"@type\":\"ListItem\",\"position\":1,\"name\":\"Home\",\"item\":\"https:\/\/desertcameltours.com\/es\/\"},{\"@type\":\"ListItem\",\"position\":2,\"name\":\"15 Dias desde Casablanca Marruecos Tours\"}]},{\"@type\":\"WebSite\",\"@id\":\"https:\/\/desertcameltours.com\/es\/#website\",\"url\":\"https:\/\/desertcameltours.com\/es\/\",\"name\":\"Desert Camel Tours\",\"description\":\"desert camel tours\",\"potentialAction\":[{\"@type\":\"SearchAction\",\"target\":{\"@type\":\"EntryPoint\",\"urlTemplate\":\"https:\/\/desertcameltours.com\/es\/?s={search_term_string}\"},\"query-input\":\"required name=search_term_string\"}],\"inLanguage\":\"en-US\"}]}<\/script>\n<!-- \/ Yoast SEO plugin. -->","yoast_head_json":{"title":"15 Dias desde Casablanca Marruecos Tours - Desert Camel Tours","robots":{"index":"index","follow":"follow","max-snippet":"max-snippet:-1","max-image-preview":"max-image-preview:large","max-video-preview":"max-video-preview:-1"},"canonical":"https:\/\/desertcameltours.com\/es\/15-dias-desde-casablanca-marruecos-tours\/","og_locale":"en_US","og_type":"article","og_title":"15 Dias desde Casablanca Marruecos Tours - Desert Camel Tours","og_description":"Emb\u00e1rcate en un inolvidable viaje de 15 d\u00edas por Marruecos, comenzando en la vibrante ciudad de Casablanca y recorriendo los impresionantes paisajes del desierto del Sahara, [\u2026]","og_url":"https:\/\/desertcameltours.com\/es\/15-dias-desde-casablanca-marruecos-tours\/","og_site_name":"Desert Camel Tours","article_modified_time":"2025-02-14T11:33:47+00:00","twitter_card":"summary_large_image","twitter_misc":{"Est. reading time":"4 minutes"},"schema":{"@context":"https:\/\/schema.org","@graph":[{"@type":"WebPage","@id":"https:\/\/desertcameltours.com\/es\/15-dias-desde-casablanca-marruecos-tours\/","url":"https:\/\/desertcameltours.com\/es\/15-dias-desde-casablanca-marruecos-tours\/","name":"15 Dias desde Casablanca Marruecos Tours - Desert Camel Tours","isPartOf":{"@id":"https:\/\/desertcameltours.com\/es\/#website"},"datePublished":"2023-06-12T15:46:36+00:00","dateModified":"2025-02-14T11:33:47+00:00","breadcrumb":{"@id":"https:\/\/desertcameltours.com\/es\/15-dias-desde-casablanca-marruecos-tours\/#breadcrumb"},"inLanguage":"en-US","potentialAction":[{"@type":"ReadAction","target":["https:\/\/desertcameltours.com\/es\/15-dias-desde-casablanca-marruecos-tours\/"]}]},{"@type":"BreadcrumbList","@id":"https:\/\/desertcameltours.com\/es\/15-dias-desde-casablanca-marruecos-tours\/#breadcrumb","itemListElement":[{"@type":"ListItem","position":1,"name":"Home","item":"https:\/\/desertcameltours.com\/es\/"},{"@type":"ListItem","position":2,"name":"15 Dias desde Casablanca Marruecos Tours"}]},{"@type":"WebSite","@id":"https:\/\/desertcameltours.com\/es\/#website","url":"https:\/\/desertcameltours.com\/es\/","name":"Desert Camel Tours","description":"desert camel tours","potentialAction":[{"@type":"SearchAction","target":{"@type":"EntryPoint","urlTemplate":"https:\/\/desertcameltours.com\/es\/?s={search_term_string}"},"query-input":"required name=search_term_string"}],"inLanguage":"en-US"}]}},"_links":{"self":[{"href":"https:\/\/desertcameltours.com\/es\/wp-json\/wp\/v2\/pages\/1227"}],"collection":[{"href":"https:\/\/desertcameltours.com\/es\/wp-json\/wp\/v2\/pages"}],"about":[{"href":"https:\/\/desertcameltours.com\/es\/wp-json\/wp\/v2\/types\/page"}],"author":[{"embeddable":true,"href":"https:\/\/desertcameltours.com\/es\/wp-json\/wp\/v2\/users\/1"}],"replies":[{"embeddable":true,"href":"https:\/\/desertcameltours.com\/es\/wp-json\/wp\/v2\/comments?post=1227"}],"version-history":[{"count":2,"href":"https:\/\/desertcameltours.com\/es\/wp-json\/wp\/v2\/pages\/1227\/revisions"}],"predecessor-version":[{"id":1303,"href":"https:\/\/desertcameltours.com\/es\/wp-json\/wp\/v2\/pages\/1227\/revisions\/1303"}],"wp:attachment":[{"href":"https:\/\/desertcameltours.com\/es\/wp-json\/wp\/v2\/media?parent=1227"}],"curies":[{"name":"wp","href":"https:\/\/api.w.org\/{rel}","templated":true}]}}