{"id":1225,"date":"2023-06-12T15:45:26","date_gmt":"2023-06-12T15:45:26","guid":{"rendered":"https:\/\/desertcameltours.com\/es\/?page_id=1225"},"modified":"2025-02-14T11:35:56","modified_gmt":"2025-02-14T11:35:56","slug":"14-dias-a-desierto-desde-casablanca-marruecos-tours","status":"publish","type":"page","link":"https:\/\/desertcameltours.com\/es\/14-dias-a-desierto-desde-casablanca-marruecos-tours\/","title":{"rendered":"14 Dias a Desierto desde Casablanca Marruecos Tours"},"content":{"rendered":"<div class=\"pbs-main-wrapper\"><h3 data-start=\"60\" data-end=\"146\"><strong data-start=\"64\" data-end=\"144\">Emb\u00e1rcate en un inolvidable tour de 14 d\u00edas por el desierto desde Casablanca<\/strong><\/h3>\n<p data-start=\"147\" data-end=\"454\">Este viaje te llevar\u00e1 al coraz\u00f3n de la rica cultura de Marruecos, sus impresionantes paisajes y ciudades hist\u00f3ricas. Desde los bulliciosos zocos de Marrakech hasta las doradas dunas del Sahara, este recorrido est\u00e1 dise\u00f1ado para ofrecerte una experiencia inmersiva en los lugares m\u00e1s cautivadores del pa\u00eds.<\/p>\n<hr data-start=\"456\" data-end=\"459\">\n<h3 data-start=\"461\" data-end=\"498\"><strong data-start=\"465\" data-end=\"496\">D\u00eda 1: Llegada a Casablanca<\/strong><\/h3>\n<p data-start=\"499\" data-end=\"894\">Tu aventura comienza en <strong data-start=\"523\" data-end=\"537\">Casablanca<\/strong>, la ciudad m\u00e1s grande de Marruecos. A tu llegada, te recibiremos en el aeropuerto y te trasladaremos a tu hotel. Dependiendo de la hora de llegada, podr\u00e1s visitar la <strong data-start=\"704\" data-end=\"726\">Mezquita Hassan II<\/strong>, la m\u00e1s grande de \u00c1frica, con impresionantes vistas al oc\u00e9ano. Disfruta de una noche relajante explorando la <strong data-start=\"836\" data-end=\"848\">Corniche<\/strong> y saboreando una deliciosa comida marroqu\u00ed.<\/p>\n<hr data-start=\"896\" data-end=\"899\">\n<h3 data-start=\"901\" data-end=\"950\"><strong data-start=\"905\" data-end=\"948\">D\u00eda 2: Casablanca \u2013 Rabat \u2013 Chefchaouen<\/strong><\/h3>\n<p data-start=\"951\" data-end=\"1218\">Despu\u00e9s del desayuno, partimos hacia <strong data-start=\"988\" data-end=\"997\">Rabat<\/strong>, la capital de Marruecos, donde visitaremos:<br data-start=\"1042\" data-end=\"1045\">\u2714 <strong data-start=\"1047\" data-end=\"1063\">Palacio Real<\/strong><br data-start=\"1063\" data-end=\"1066\">\u2714 <strong data-start=\"1068\" data-end=\"1084\">Torre Hassan<\/strong>, el minarete inacabado del siglo XII<br data-start=\"1121\" data-end=\"1124\">\u2714 <strong data-start=\"1126\" data-end=\"1150\">Kasbah de los Udayas<\/strong>, una fortaleza declarada Patrimonio de la Humanidad por la UNESCO<\/p>\n<p data-start=\"1220\" data-end=\"1422\">Luego, continuamos hacia el norte hasta <strong data-start=\"1260\" data-end=\"1275\">Chefchaouen<\/strong>, la pintoresca \u201cCiudad Azul\u201d enclavada en las monta\u00f1as del Rif. Pasea por sus calles azuladas y disfruta de una noche en este encantador pueblo.<\/p>\n<hr data-start=\"1424\" data-end=\"1427\">\n<h3 data-start=\"1429\" data-end=\"1484\"><strong data-start=\"1433\" data-end=\"1482\">D\u00eda 3: Chefchaouen \u2013 Volubilis \u2013 Meknes \u2013 Fez<\/strong><\/h3>\n<p data-start=\"1485\" data-end=\"1829\">Despu\u00e9s del desayuno, nos dirigimos a <strong data-start=\"1523\" data-end=\"1536\">Volubilis<\/strong>, una antigua ciudad romana con ruinas bien conservadas y mosaicos fascinantes. Luego, exploramos <strong data-start=\"1634\" data-end=\"1644\">Meknes<\/strong>, una ciudad imperial con lugares emblem\u00e1ticos como:<br data-start=\"1696\" data-end=\"1699\">\u2714 <strong data-start=\"1701\" data-end=\"1716\">Bab Mansour<\/strong>, una de las puertas m\u00e1s impresionantes de Marruecos<br data-start=\"1768\" data-end=\"1771\">\u2714 <strong data-start=\"1773\" data-end=\"1802\">Mausoleo de Moulay Ismail<\/strong><br data-start=\"1802\" data-end=\"1805\">\u2714 <strong data-start=\"1807\" data-end=\"1827\">Medina de Meknes<\/strong><\/p>\n<p data-start=\"1831\" data-end=\"1903\">Al final del d\u00eda, continuamos hacia <strong data-start=\"1867\" data-end=\"1874\">Fez<\/strong>, donde pasaremos la noche.<\/p>\n<hr data-start=\"1905\" data-end=\"1908\">\n<h3 data-start=\"1910\" data-end=\"1939\"><strong data-start=\"1914\" data-end=\"1937\">D\u00eda 4: Tour por Fez<\/strong><\/h3>\n<p data-start=\"1940\" data-end=\"2329\">Dedicamos el d\u00eda a explorar Fez, la capital cultural y espiritual de Marruecos:<br data-start=\"2019\" data-end=\"2022\">\u2714 <strong data-start=\"2024\" data-end=\"2055\">Universidad Al Quaraouiyine<\/strong>, la m\u00e1s antigua del mundo<br data-start=\"2081\" data-end=\"2084\">\u2714 <strong data-start=\"2086\" data-end=\"2108\">Madraza Bou Inania<\/strong>, una escuela cor\u00e1nica con arquitectura impresionante<br data-start=\"2161\" data-end=\"2164\">\u2714 <strong data-start=\"2166\" data-end=\"2188\">Curtidur\u00eda Chouara<\/strong>, donde se ti\u00f1en las pieles de forma tradicional<br data-start=\"2236\" data-end=\"2239\">\u2714 <strong data-start=\"2241\" data-end=\"2266\">Medina de Fez el-Bali<\/strong>, un sitio declarado Patrimonio de la Humanidad por la UNESCO<\/p>\n<hr data-start=\"2331\" data-end=\"2334\">\n<h3 data-start=\"2336\" data-end=\"2374\"><strong data-start=\"2340\" data-end=\"2372\">D\u00eda 5: Fez \u2013 Ifrane \u2013 Midelt<\/strong><\/h3>\n<p data-start=\"2375\" data-end=\"2595\">Viajamos a trav\u00e9s del <strong data-start=\"2397\" data-end=\"2412\">Atlas Medio<\/strong>, haciendo paradas en:<br data-start=\"2434\" data-end=\"2437\">\u2714 <strong data-start=\"2439\" data-end=\"2449\">Ifrane<\/strong>, conocida como la &#8220;Suiza de Marruecos&#8221; por su arquitectura alpina<br data-start=\"2515\" data-end=\"2518\">\u2714 <strong data-start=\"2520\" data-end=\"2530\">Midelt<\/strong>, una peque\u00f1a ciudad rodeada de majestuosos paisajes monta\u00f1osos<\/p>\n<p data-start=\"2597\" data-end=\"2664\">Aqu\u00ed pasaremos la noche antes de nuestra aventura en el desierto.<\/p>\n<hr data-start=\"2666\" data-end=\"2669\">\n<h3 data-start=\"2671\" data-end=\"2721\"><strong data-start=\"2675\" data-end=\"2719\">D\u00eda 6: Midelt \u2013 Valle del Ziz \u2013 Merzouga<\/strong><\/h3>\n<p data-start=\"2722\" data-end=\"3076\">Atravesamos el espectacular <strong data-start=\"2750\" data-end=\"2767\">Valle del Ziz<\/strong>, con sus palmerales y pueblos bereberes, hasta llegar a <strong data-start=\"2824\" data-end=\"2836\">Merzouga<\/strong>, la puerta del <strong data-start=\"2852\" data-end=\"2875\">desierto del Sahara<\/strong>.<br data-start=\"2876\" data-end=\"2879\">\u2714 <strong data-start=\"2881\" data-end=\"2929\">Paseo en camello por las dunas de Erg Chebbi<\/strong> para ver la puesta de sol<br data-start=\"2955\" data-end=\"2958\">\u2714 <strong data-start=\"2960\" data-end=\"3022\">Cena y m\u00fasica tradicional bereber en un campamento de lujo<\/strong><br data-start=\"3022\" data-end=\"3025\">\u2714 <strong data-start=\"3027\" data-end=\"3074\">Noche bajo un cielo estrellado en una haima<\/strong><\/p>\n<hr data-start=\"3078\" data-end=\"3081\">\n<h3 data-start=\"3083\" data-end=\"3135\"><strong data-start=\"3087\" data-end=\"3133\">D\u00eda 7: Exploraci\u00f3n del Desierto del Sahara<\/strong><\/h3>\n<p data-start=\"3136\" data-end=\"3340\">\u2714 <strong data-start=\"3138\" data-end=\"3179\">Amanecer sobre las dunas del desierto<\/strong><br data-start=\"3179\" data-end=\"3182\">\u2714 Visita a los pueblos n\u00f3madas y al pueblo de <strong data-start=\"3228\" data-end=\"3239\">Khamlia<\/strong>, famoso por su m\u00fasica Gnaoua<br data-start=\"3268\" data-end=\"3271\">\u2714 Descubrimiento de <strong data-start=\"3291\" data-end=\"3301\">Erfoud<\/strong>, conocido por sus f\u00f3siles milenarios<\/p>\n<p data-start=\"3342\" data-end=\"3377\">Otra noche m\u00e1gica en el desierto.<\/p>\n<hr data-start=\"3379\" data-end=\"3382\">\n<h3 data-start=\"3384\" data-end=\"3448\"><strong data-start=\"3388\" data-end=\"3446\">D\u00eda 8: Merzouga \u2013 Garganta del Todra \u2013 Valle del Dades<\/strong><\/h3>\n<p data-start=\"3449\" data-end=\"3735\">Partimos hacia la <strong data-start=\"3467\" data-end=\"3489\">Garganta del Todra<\/strong>, un espectacular ca\u00f1\u00f3n de paredes rocosas de 300 metros de altura. Luego, continuamos al <strong data-start=\"3579\" data-end=\"3598\">Valle del Dades<\/strong>, famoso por sus formaciones rocosas llamadas <strong data-start=\"3644\" data-end=\"3663\">&#8220;Dedos de Mono&#8221;<\/strong>. Pasamos la noche en una casa de hu\u00e9spedes con vistas impresionantes.<\/p>\n<hr data-start=\"3737\" data-end=\"3740\">\n<h3 data-start=\"3742\" data-end=\"3803\"><strong data-start=\"3746\" data-end=\"3801\">D\u00eda 9: Valle del Dades \u2013 Ouarzazate \u2013 Ait Benhaddou<\/strong><\/h3>\n<p data-start=\"3804\" data-end=\"4169\">\u2714 Recorrido por el <strong data-start=\"3823\" data-end=\"3845\">Valle de las Rosas<\/strong>, famoso por sus productos arom\u00e1ticos<br data-start=\"3882\" data-end=\"3885\">\u2714 Llegada a <strong data-start=\"3897\" data-end=\"3911\">Ouarzazate<\/strong>, la \u201cHollywood de \u00c1frica\u201d<br data-start=\"3937\" data-end=\"3940\">\u2714 Visita a la <strong data-start=\"3954\" data-end=\"3973\">Kasbah Taourirt<\/strong> y a los <strong data-start=\"3982\" data-end=\"4008\">Estudios de Cine Atlas<\/strong><br data-start=\"4008\" data-end=\"4011\">\u2714 Exploraci\u00f3n de <strong data-start=\"4028\" data-end=\"4046\">Ait Ben Haddou<\/strong>, un ksar declarado Patrimonio de la Humanidad por la UNESCO, escenario de pel\u00edculas como <em data-start=\"4136\" data-end=\"4147\">Gladiator<\/em> y <em data-start=\"4150\" data-end=\"4167\">Juego de Tronos<\/em><\/p>\n<hr data-start=\"4171\" data-end=\"4174\">\n<h3 data-start=\"4176\" data-end=\"4219\"><strong data-start=\"4180\" data-end=\"4217\">D\u00eda 10: Ait Benhaddou \u2013 Marrakech<\/strong><\/h3>\n<p data-start=\"4220\" data-end=\"4520\">Cruzamos las <strong data-start=\"4233\" data-end=\"4260\">monta\u00f1as del Alto Atlas<\/strong> a trav\u00e9s del <strong data-start=\"4274\" data-end=\"4296\">Paso Tizi n\u2019Tichka<\/strong>, con vistas panor\u00e1micas espectaculares, hasta llegar a <strong data-start=\"4352\" data-end=\"4365\">Marrakech<\/strong>, la vibrante &#8220;Ciudad Roja&#8221;.<br data-start=\"4393\" data-end=\"4396\">\u2714 Disfruta de la noche en la <strong data-start=\"4425\" data-end=\"4447\">Plaza Jemaa el-Fna<\/strong>, llena de artistas callejeros, puestos de comida y m\u00fasica tradicional.<\/p>\n<hr data-start=\"4522\" data-end=\"4525\">\n<h3 data-start=\"4527\" data-end=\"4563\"><strong data-start=\"4531\" data-end=\"4561\">D\u00eda 11: Tour por Marrakech<\/strong><\/h3>\n<p data-start=\"4564\" data-end=\"4936\">Descubrimos los tesoros de Marrakech:<br data-start=\"4601\" data-end=\"4604\">\u2714 <strong data-start=\"4606\" data-end=\"4629\">Palacio de la Bah\u00eda<\/strong>, con su magn\u00edfica arquitectura<br data-start=\"4660\" data-end=\"4663\">\u2714 <strong data-start=\"4665\" data-end=\"4683\">Tumbas Saad\u00edes<\/strong>, un vestigio de la dinast\u00eda saad\u00ed<br data-start=\"4717\" data-end=\"4720\">\u2714 <strong data-start=\"4722\" data-end=\"4744\">Mezquita Koutoubia<\/strong>, la m\u00e1s grande de la ciudad<br data-start=\"4772\" data-end=\"4775\">\u2714 <strong data-start=\"4777\" data-end=\"4797\">Jard\u00edn Majorelle<\/strong>, un oasis de tranquilidad que perteneci\u00f3 a Yves Saint Laurent<br data-start=\"4859\" data-end=\"4862\">\u2714 <strong data-start=\"4864\" data-end=\"4890\">Los zocos de Marrakech<\/strong>, donde puedes comprar artesan\u00edas marroqu\u00edes<\/p>\n<hr data-start=\"4938\" data-end=\"4941\">\n<h3 data-start=\"4943\" data-end=\"4982\"><strong data-start=\"4947\" data-end=\"4980\">D\u00eda 12: Excursi\u00f3n a Essaouira<\/strong><\/h3>\n<p data-start=\"4983\" data-end=\"5308\">Realizamos una excursi\u00f3n de un d\u00eda a <strong data-start=\"5020\" data-end=\"5033\">Essaouira<\/strong>, una encantadora ciudad costera:<br data-start=\"5066\" data-end=\"5069\">\u2714 Recorremos su <strong data-start=\"5085\" data-end=\"5147\">medina blanca y azul, declarada Patrimonio de la Humanidad<\/strong><br data-start=\"5147\" data-end=\"5150\">\u2714 Visitamos la <strong data-start=\"5165\" data-end=\"5186\">Skala de la Ville<\/strong>, con vistas impresionantes al Atl\u00e1ntico<br data-start=\"5226\" data-end=\"5229\">\u2714 Descubrimos su famoso <strong data-start=\"5253\" data-end=\"5306\">puerto pesquero y disfrutamos de mariscos frescos<\/strong><\/p>\n<p data-start=\"5310\" data-end=\"5348\">Regresamos a Marrakech por la noche.<\/p>\n<hr data-start=\"5350\" data-end=\"5353\">\n<h3 data-start=\"5355\" data-end=\"5395\"><strong data-start=\"5359\" data-end=\"5393\">D\u00eda 13: D\u00eda Libre en Marrakech<\/strong><\/h3>\n<p data-start=\"5396\" data-end=\"5583\">Disfruta de un d\u00eda libre en Marrakech para:<br data-start=\"5439\" data-end=\"5442\">\u2714 Revisitar tus lugares favoritos<br data-start=\"5475\" data-end=\"5478\">\u2714 Relajarte en un <strong data-start=\"5496\" data-end=\"5518\">hammam tradicional<\/strong><br data-start=\"5518\" data-end=\"5521\">\u2714 Disfrutar de una cena en una azotea con vistas a la medina<\/p>\n<hr data-start=\"5585\" data-end=\"5588\">\n<h3 data-start=\"5590\" data-end=\"5631\"><strong data-start=\"5594\" data-end=\"5629\">D\u00eda 14: Salida desde Casablanca<\/strong><\/h3>\n<p data-start=\"5632\" data-end=\"5713\">Despu\u00e9s del desayuno, traslado a <strong data-start=\"5665\" data-end=\"5679\">Casablanca<\/strong> para tomar tu vuelo de regreso.<\/p>\n<hr data-start=\"5715\" data-end=\"5718\">\n<p data-start=\"5720\" data-end=\"5960\" data-is-last-node=\"\">\ud83c\udf1f Emb\u00e1rcate en este inolvidable tour de 14 d\u00edas por el desierto desde Casablanca, donde la historia, la cultura y la naturaleza se combinan para ofrecerte una experiencia de viaje sin igual. \u00a1Reserva ahora y vive la magia de Marruecos!<\/p>\n<\/div>","protected":false},"excerpt":{"rendered":"<p>Emb\u00e1rcate en un inolvidable tour de 14 d\u00edas por el desierto desde Casablanca Este viaje te llevar\u00e1 al coraz\u00f3n de la rica cultura de Marruecos, sus<span class=\"excerpt-hellip\"> [\u2026]<\/span><\/p>\n","protected":false},"author":1,"featured_media":0,"parent":0,"menu_order":0,"comment_status":"closed","ping_status":"closed","template":"","meta":{"ngg_post_thumbnail":0},"aioseo_notices":[],"yoast_head":"<!-- This site is optimized with the Yoast SEO plugin v20.8 - https:\/\/yoast.com\/wordpress\/plugins\/seo\/ -->\n<title>14 Dias a Desierto desde Casablanca Marruecos Tours - Desert Camel Tours<\/title>\n<meta name=\"robots\" content=\"index, follow, max-snippet:-1, max-image-preview:large, max-video-preview:-1\" \/>\n<link rel=\"canonical\" href=\"https:\/\/desertcameltours.com\/es\/14-dias-a-desierto-desde-casablanca-marruecos-tours\/\" \/>\n<meta property=\"og:locale\" content=\"en_US\" \/>\n<meta property=\"og:type\" content=\"article\" \/>\n<meta property=\"og:title\" content=\"14 Dias a Desierto desde Casablanca Marruecos Tours - Desert Camel Tours\" \/>\n<meta property=\"og:description\" content=\"Emb\u00e1rcate en un inolvidable tour de 14 d\u00edas por el desierto desde Casablanca Este viaje te llevar\u00e1 al coraz\u00f3n de la rica cultura de Marruecos, sus [\u2026]\" \/>\n<meta property=\"og:url\" content=\"https:\/\/desertcameltours.com\/es\/14-dias-a-desierto-desde-casablanca-marruecos-tours\/\" \/>\n<meta property=\"og:site_name\" content=\"Desert Camel Tours\" \/>\n<meta property=\"article:modified_time\" content=\"2025-02-14T11:35:56+00:00\" \/>\n<meta name=\"twitter:card\" content=\"summary_large_image\" \/>\n<meta name=\"twitter:label1\" content=\"Est. reading time\" \/>\n\t<meta name=\"twitter:data1\" content=\"4 minutes\" \/>\n<script type=\"application\/ld+json\" class=\"yoast-schema-graph\">{\"@context\":\"https:\/\/schema.org\",\"@graph\":[{\"@type\":\"WebPage\",\"@id\":\"https:\/\/desertcameltours.com\/es\/14-dias-a-desierto-desde-casablanca-marruecos-tours\/\",\"url\":\"https:\/\/desertcameltours.com\/es\/14-dias-a-desierto-desde-casablanca-marruecos-tours\/\",\"name\":\"14 Dias a Desierto desde Casablanca Marruecos Tours - Desert Camel Tours\",\"isPartOf\":{\"@id\":\"https:\/\/desertcameltours.com\/es\/#website\"},\"datePublished\":\"2023-06-12T15:45:26+00:00\",\"dateModified\":\"2025-02-14T11:35:56+00:00\",\"breadcrumb\":{\"@id\":\"https:\/\/desertcameltours.com\/es\/14-dias-a-desierto-desde-casablanca-marruecos-tours\/#breadcrumb\"},\"inLanguage\":\"en-US\",\"potentialAction\":[{\"@type\":\"ReadAction\",\"target\":[\"https:\/\/desertcameltours.com\/es\/14-dias-a-desierto-desde-casablanca-marruecos-tours\/\"]}]},{\"@type\":\"BreadcrumbList\",\"@id\":\"https:\/\/desertcameltours.com\/es\/14-dias-a-desierto-desde-casablanca-marruecos-tours\/#breadcrumb\",\"itemListElement\":[{\"@type\":\"ListItem\",\"position\":1,\"name\":\"Home\",\"item\":\"https:\/\/desertcameltours.com\/es\/\"},{\"@type\":\"ListItem\",\"position\":2,\"name\":\"14 Dias a Desierto desde Casablanca Marruecos Tours\"}]},{\"@type\":\"WebSite\",\"@id\":\"https:\/\/desertcameltours.com\/es\/#website\",\"url\":\"https:\/\/desertcameltours.com\/es\/\",\"name\":\"Desert Camel Tours\",\"description\":\"desert camel tours\",\"potentialAction\":[{\"@type\":\"SearchAction\",\"target\":{\"@type\":\"EntryPoint\",\"urlTemplate\":\"https:\/\/desertcameltours.com\/es\/?s={search_term_string}\"},\"query-input\":\"required name=search_term_string\"}],\"inLanguage\":\"en-US\"}]}<\/script>\n<!-- \/ Yoast SEO plugin. -->","yoast_head_json":{"title":"14 Dias a Desierto desde Casablanca Marruecos Tours - Desert Camel Tours","robots":{"index":"index","follow":"follow","max-snippet":"max-snippet:-1","max-image-preview":"max-image-preview:large","max-video-preview":"max-video-preview:-1"},"canonical":"https:\/\/desertcameltours.com\/es\/14-dias-a-desierto-desde-casablanca-marruecos-tours\/","og_locale":"en_US","og_type":"article","og_title":"14 Dias a Desierto desde Casablanca Marruecos Tours - Desert Camel Tours","og_description":"Emb\u00e1rcate en un inolvidable tour de 14 d\u00edas por el desierto desde Casablanca Este viaje te llevar\u00e1 al coraz\u00f3n de la rica cultura de Marruecos, sus [\u2026]","og_url":"https:\/\/desertcameltours.com\/es\/14-dias-a-desierto-desde-casablanca-marruecos-tours\/","og_site_name":"Desert Camel Tours","article_modified_time":"2025-02-14T11:35:56+00:00","twitter_card":"summary_large_image","twitter_misc":{"Est. reading time":"4 minutes"},"schema":{"@context":"https:\/\/schema.org","@graph":[{"@type":"WebPage","@id":"https:\/\/desertcameltours.com\/es\/14-dias-a-desierto-desde-casablanca-marruecos-tours\/","url":"https:\/\/desertcameltours.com\/es\/14-dias-a-desierto-desde-casablanca-marruecos-tours\/","name":"14 Dias a Desierto desde Casablanca Marruecos Tours - Desert Camel Tours","isPartOf":{"@id":"https:\/\/desertcameltours.com\/es\/#website"},"datePublished":"2023-06-12T15:45:26+00:00","dateModified":"2025-02-14T11:35:56+00:00","breadcrumb":{"@id":"https:\/\/desertcameltours.com\/es\/14-dias-a-desierto-desde-casablanca-marruecos-tours\/#breadcrumb"},"inLanguage":"en-US","potentialAction":[{"@type":"ReadAction","target":["https:\/\/desertcameltours.com\/es\/14-dias-a-desierto-desde-casablanca-marruecos-tours\/"]}]},{"@type":"BreadcrumbList","@id":"https:\/\/desertcameltours.com\/es\/14-dias-a-desierto-desde-casablanca-marruecos-tours\/#breadcrumb","itemListElement":[{"@type":"ListItem","position":1,"name":"Home","item":"https:\/\/desertcameltours.com\/es\/"},{"@type":"ListItem","position":2,"name":"14 Dias a Desierto desde Casablanca Marruecos Tours"}]},{"@type":"WebSite","@id":"https:\/\/desertcameltours.com\/es\/#website","url":"https:\/\/desertcameltours.com\/es\/","name":"Desert Camel Tours","description":"desert camel tours","potentialAction":[{"@type":"SearchAction","target":{"@type":"EntryPoint","urlTemplate":"https:\/\/desertcameltours.com\/es\/?s={search_term_string}"},"query-input":"required name=search_term_string"}],"inLanguage":"en-US"}]}},"_links":{"self":[{"href":"https:\/\/desertcameltours.com\/es\/wp-json\/wp\/v2\/pages\/1225"}],"collection":[{"href":"https:\/\/desertcameltours.com\/es\/wp-json\/wp\/v2\/pages"}],"about":[{"href":"https:\/\/desertcameltours.com\/es\/wp-json\/wp\/v2\/types\/page"}],"author":[{"embeddable":true,"href":"https:\/\/desertcameltours.com\/es\/wp-json\/wp\/v2\/users\/1"}],"replies":[{"embeddable":true,"href":"https:\/\/desertcameltours.com\/es\/wp-json\/wp\/v2\/comments?post=1225"}],"version-history":[{"count":2,"href":"https:\/\/desertcameltours.com\/es\/wp-json\/wp\/v2\/pages\/1225\/revisions"}],"predecessor-version":[{"id":1304,"href":"https:\/\/desertcameltours.com\/es\/wp-json\/wp\/v2\/pages\/1225\/revisions\/1304"}],"wp:attachment":[{"href":"https:\/\/desertcameltours.com\/es\/wp-json\/wp\/v2\/media?parent=1225"}],"curies":[{"name":"wp","href":"https:\/\/api.w.org\/{rel}","templated":true}]}}