{"id":1223,"date":"2023-06-12T15:44:43","date_gmt":"2023-06-12T15:44:43","guid":{"rendered":"https:\/\/desertcameltours.com\/es\/?page_id=1223"},"modified":"2025-02-14T11:37:52","modified_gmt":"2025-02-14T11:37:52","slug":"13-dias-desierto-casablanca-marruecos-tours","status":"publish","type":"page","link":"https:\/\/desertcameltours.com\/es\/13-dias-desierto-casablanca-marruecos-tours\/","title":{"rendered":"13 Dias Desierto Casablanca Marruecos Tours"},"content":{"rendered":"<div class=\"pbs-main-wrapper\"><h3 data-start=\"60\" data-end=\"171\"><strong data-start=\"64\" data-end=\"169\">Emb\u00e1rcate en un fascinante viaje por Marruecos con nuestro exclusivo tour de 13 d\u00edas desde Casablanca<\/strong><\/h3>\n<p data-start=\"172\" data-end=\"438\">Este itinerario cuidadosamente dise\u00f1ado te llevar\u00e1 desde vibrantes ciudades hasta la serenidad del desierto del Sahara. Descubre la riqueza cultural, la fascinante historia y los impresionantes paisajes mientras recorres los destinos m\u00e1s emblem\u00e1ticos de Marruecos.<\/p>\n<hr data-start=\"440\" data-end=\"443\">\n<h3 data-start=\"445\" data-end=\"482\"><strong data-start=\"449\" data-end=\"480\">D\u00eda 1: Llegada a Casablanca<\/strong><\/h3>\n<p data-start=\"483\" data-end=\"775\">Tu aventura comienza en <strong data-start=\"507\" data-end=\"521\">Casablanca<\/strong>, la ciudad m\u00e1s grande de Marruecos. A tu llegada, te recibiremos y trasladaremos a tu hotel. Dependiendo de la hora de llegada, podr\u00e1s explorar la <strong data-start=\"669\" data-end=\"691\">Mezquita Hassan II<\/strong>, la m\u00e1s grande de Marruecos, o dar un paseo por la hermosa <strong data-start=\"751\" data-end=\"772\">Corniche Ain Diab<\/strong>.<\/p>\n<hr data-start=\"777\" data-end=\"780\">\n<h3 data-start=\"782\" data-end=\"831\"><strong data-start=\"786\" data-end=\"829\">D\u00eda 2: Casablanca \u2013 Rabat \u2013 Chefchaouen<\/strong><\/h3>\n<p data-start=\"832\" data-end=\"1043\">Despu\u00e9s del desayuno, partimos hacia <strong data-start=\"869\" data-end=\"878\">Rabat<\/strong>, la capital de Marruecos. Visitaremos:<br data-start=\"917\" data-end=\"920\">\u2714 <strong data-start=\"922\" data-end=\"938\">Torre Hassan<\/strong><br data-start=\"938\" data-end=\"941\">\u2714 <strong data-start=\"943\" data-end=\"969\">Mausoleo de Mohammed V<\/strong><br data-start=\"969\" data-end=\"972\">\u2714 <strong data-start=\"974\" data-end=\"998\">Kasbah de los Udayas<\/strong>, un sitio hist\u00f3rico con vistas panor\u00e1micas<\/p>\n<p data-start=\"1045\" data-end=\"1217\">Luego, continuamos hacia <strong data-start=\"1070\" data-end=\"1085\">Chefchaouen<\/strong>, la pintoresca &#8220;Ciudad Azul&#8221; en las monta\u00f1as del Rif. Pasea por sus calles azuladas y disfruta de una noche relajante en tu riad.<\/p>\n<hr data-start=\"1219\" data-end=\"1222\">\n<h3 data-start=\"1224\" data-end=\"1279\"><strong data-start=\"1228\" data-end=\"1277\">D\u00eda 3: Chefchaouen \u2013 Volubilis \u2013 Meknes \u2013 Fez<\/strong><\/h3>\n<p data-start=\"1280\" data-end=\"1614\">Salimos de Chefchaouen hacia <strong data-start=\"1309\" data-end=\"1322\">Volubilis<\/strong>, una antigua ciudad romana con impresionantes mosaicos y ruinas bien conservadas. Luego, exploramos <strong data-start=\"1423\" data-end=\"1433\">Meknes<\/strong>, donde visitaremos:<br data-start=\"1453\" data-end=\"1456\">\u2714 <strong data-start=\"1458\" data-end=\"1473\">Bab Mansour<\/strong>, una de las puertas m\u00e1s impresionantes de Marruecos<br data-start=\"1525\" data-end=\"1528\">\u2714 <strong data-start=\"1530\" data-end=\"1548\">Heri es-Souani<\/strong>, antiguas caballerizas reales<br data-start=\"1578\" data-end=\"1581\">\u2714 <strong data-start=\"1583\" data-end=\"1612\">Mausoleo de Moulay Ismail<\/strong><\/p>\n<p data-start=\"1616\" data-end=\"1724\">Por la tarde, continuamos hacia <strong data-start=\"1648\" data-end=\"1655\">Fez<\/strong>, la capital cultural de Marruecos, para pasar la noche en un riad.<\/p>\n<hr data-start=\"1726\" data-end=\"1729\">\n<h3 data-start=\"1731\" data-end=\"1791\"><strong data-start=\"1735\" data-end=\"1789\">D\u00eda 4: D\u00eda Completo en Fez \u2013 La Capital Espiritual<\/strong><\/h3>\n<p data-start=\"1792\" data-end=\"2109\">Descubre los encantos de <strong data-start=\"1817\" data-end=\"1832\">Fez el-Bali<\/strong>, la medina medieval m\u00e1s antigua del mundo:<br data-start=\"1875\" data-end=\"1878\">\u2714 <strong data-start=\"1880\" data-end=\"1911\">Universidad Al Quaraouiyine<\/strong>, la m\u00e1s antigua del mundo<br data-start=\"1937\" data-end=\"1940\">\u2714 <strong data-start=\"1942\" data-end=\"1964\">Madraza Bou Inania<\/strong>, con su arquitectura impresionante<br data-start=\"1999\" data-end=\"2002\">\u2714 <strong data-start=\"2004\" data-end=\"2026\">Curtidur\u00eda Chouara<\/strong>, donde se ti\u00f1en las pieles de forma tradicional<br data-start=\"2074\" data-end=\"2077\">\u2714 <strong data-start=\"2079\" data-end=\"2107\">Puertas del Palacio Real<\/strong><\/p>\n<p data-start=\"2111\" data-end=\"2166\">Disfruta de los vibrantes zocos y artesan\u00edas locales.<\/p>\n<hr data-start=\"2168\" data-end=\"2171\">\n<h3 data-start=\"2173\" data-end=\"2253\"><strong data-start=\"2177\" data-end=\"2251\">D\u00eda 5: Fez \u2013 Ifrane \u2013 Midelt \u2013 Erfoud \u2013 Merzouga (Desierto del Sahara)<\/strong><\/h3>\n<p data-start=\"2254\" data-end=\"2471\">Salimos de Fez y nos dirigimos a:<br data-start=\"2287\" data-end=\"2290\">\u2714 <strong data-start=\"2292\" data-end=\"2302\">Ifrane<\/strong>, conocida como la \u201cSuiza de Marruecos\u201d<br data-start=\"2341\" data-end=\"2344\">\u2714 <strong data-start=\"2346\" data-end=\"2375\">Bosque de Cedros de Azrou<\/strong>, donde podr\u00e1s ver monos de Berber\u00eda<br data-start=\"2411\" data-end=\"2414\">\u2714 <strong data-start=\"2416\" data-end=\"2439\">Midelt y Errachidia<\/strong>, atravesando el valle del Ziz<\/p>\n<p data-start=\"2473\" data-end=\"2727\">Llegamos a <strong data-start=\"2484\" data-end=\"2496\">Merzouga<\/strong>, puerta del <strong data-start=\"2509\" data-end=\"2532\">desierto del Sahara<\/strong>.<br data-start=\"2533\" data-end=\"2536\">\u2714 <strong data-start=\"2538\" data-end=\"2586\">Paseo en camello por las dunas de Erg Chebbi<\/strong> para ver la puesta de sol<br data-start=\"2612\" data-end=\"2615\">\u2714 <strong data-start=\"2617\" data-end=\"2679\">Cena y m\u00fasica tradicional bereber en un campamento de lujo<\/strong><br data-start=\"2679\" data-end=\"2682\">\u2714 <strong data-start=\"2684\" data-end=\"2725\">Noche m\u00e1gica bajo un cielo estrellado<\/strong><\/p>\n<hr data-start=\"2729\" data-end=\"2732\">\n<h3 data-start=\"2734\" data-end=\"2787\"><strong data-start=\"2738\" data-end=\"2785\">D\u00eda 6: Exploraci\u00f3n del Desierto de Merzouga<\/strong><\/h3>\n<p data-start=\"2788\" data-end=\"2990\">\u2714 <strong data-start=\"2790\" data-end=\"2828\">Amanecer en las dunas del desierto<\/strong><br data-start=\"2828\" data-end=\"2831\">\u2714 Visita a <strong data-start=\"2842\" data-end=\"2853\">Khamlia<\/strong>, famoso por su m\u00fasica Gnawa<br data-start=\"2881\" data-end=\"2884\">\u2714 Descubrimiento del estilo de vida n\u00f3mada bereber y sitios de f\u00f3siles<br data-start=\"2954\" data-end=\"2957\">\u2714 Paseo en camello al atardecer<\/p>\n<p data-start=\"2992\" data-end=\"3032\">Otra noche inolvidable en el desierto.<\/p>\n<hr data-start=\"3034\" data-end=\"3037\">\n<h3 data-start=\"3039\" data-end=\"3114\"><strong data-start=\"3043\" data-end=\"3112\">D\u00eda 7: Merzouga \u2013 Rissani \u2013 Gargantas del Todra \u2013 Valle del Dades<\/strong><\/h3>\n<p data-start=\"3115\" data-end=\"3366\">\u2714 <strong data-start=\"3117\" data-end=\"3128\">Rissani<\/strong>, con su mercado tradicional y la tumba de Moulay Ali Cherif<br data-start=\"3188\" data-end=\"3191\">\u2714 <strong data-start=\"3193\" data-end=\"3216\">Gargantas del Todra<\/strong>, espectaculares acantilados de roca ideales para la escalada<br data-start=\"3277\" data-end=\"3280\">\u2714 <strong data-start=\"3282\" data-end=\"3301\">Valle del Dades<\/strong>, famoso por sus carreteras serpenteantes y formaciones rocosas<\/p>\n<p data-start=\"3368\" data-end=\"3413\">Noche en un riad con vistas impresionantes.<\/p>\n<hr data-start=\"3415\" data-end=\"3418\">\n<h3 data-start=\"3420\" data-end=\"3486\"><strong data-start=\"3424\" data-end=\"3484\">D\u00eda 8: Valle del Dades \u2013 Valle de las Rosas \u2013 Ouarzazate<\/strong><\/h3>\n<p data-start=\"3487\" data-end=\"3686\">\u2714 <strong data-start=\"3489\" data-end=\"3511\">Valle de las Rosas<\/strong>, famoso por su festival anual de rosas en El Kelaa M\u2019Gouna<br data-start=\"3570\" data-end=\"3573\">\u2714 <strong data-start=\"3575\" data-end=\"3589\">Ouarzazate<\/strong>, la \u201cHollywood de \u00c1frica\u201d<br data-start=\"3615\" data-end=\"3618\">\u2714 Visita a los <strong data-start=\"3633\" data-end=\"3659\">Estudios de Cine Atlas<\/strong> y la <strong data-start=\"3665\" data-end=\"3684\">Kasbah Taourirt<\/strong><\/p>\n<p data-start=\"3688\" data-end=\"3710\">Noche en Ouarzazate.<\/p>\n<hr data-start=\"3712\" data-end=\"3715\">\n<h3 data-start=\"3717\" data-end=\"3773\"><strong data-start=\"3721\" data-end=\"3771\">D\u00eda 9: Ouarzazate \u2013 Ait Ben Haddou \u2013 Marrakech<\/strong><\/h3>\n<p data-start=\"3774\" data-end=\"4044\">\u2714 <strong data-start=\"3776\" data-end=\"3794\">Ait Ben Haddou<\/strong>, una impresionante kasbah declarada Patrimonio de la Humanidad por la UNESCO, escenario de pel\u00edculas como <em data-start=\"3901\" data-end=\"3912\">Gladiator<\/em><br data-start=\"3912\" data-end=\"3915\">\u2714 Cruce de las <strong data-start=\"3930\" data-end=\"3957\">Monta\u00f1as del Alto Atlas<\/strong> por el <strong data-start=\"3965\" data-end=\"3987\">Paso Tizi n\u2019Tichka<\/strong><br data-start=\"3987\" data-end=\"3990\">\u2714 Llegada a <strong data-start=\"4002\" data-end=\"4015\">Marrakech<\/strong>, la vibrante \u201cCiudad Roja\u201d<\/p>\n<p data-start=\"4046\" data-end=\"4067\">Noche en Marrakech.<\/p>\n<hr data-start=\"4069\" data-end=\"4072\">\n<h3 data-start=\"4074\" data-end=\"4134\"><strong data-start=\"4078\" data-end=\"4132\">D\u00eda 10: D\u00eda Completo en Marrakech \u2013 La Ciudad Roja<\/strong><\/h3>\n<p data-start=\"4135\" data-end=\"4445\">\u2714 <strong data-start=\"4137\" data-end=\"4159\">Mezquita Koutoubia<\/strong>, el icono de la ciudad<br data-start=\"4182\" data-end=\"4185\">\u2714 <strong data-start=\"4187\" data-end=\"4210\">Palacio de la Bah\u00eda<\/strong>, con su impresionante arquitectura<br data-start=\"4245\" data-end=\"4248\">\u2714 <strong data-start=\"4250\" data-end=\"4268\">Tumbas Saad\u00edes<\/strong>, un importante sitio hist\u00f3rico<br data-start=\"4299\" data-end=\"4302\">\u2714 <strong data-start=\"4304\" data-end=\"4324\">Jard\u00edn Majorelle<\/strong>, un oasis de tranquilidad<br data-start=\"4350\" data-end=\"4353\">\u2714 <strong data-start=\"4355\" data-end=\"4377\">Plaza Jemaa el-Fna<\/strong>, llena de m\u00fasicos, encantadores de serpientes y puestos de comida<\/p>\n<p data-start=\"4447\" data-end=\"4468\">Noche en Marrakech.<\/p>\n<hr data-start=\"4470\" data-end=\"4473\">\n<h3 data-start=\"4475\" data-end=\"4514\"><strong data-start=\"4479\" data-end=\"4512\">D\u00eda 11: Marrakech \u2013 Essaouira<\/strong><\/h3>\n<p data-start=\"4515\" data-end=\"4759\">Excursi\u00f3n de un d\u00eda a <strong data-start=\"4537\" data-end=\"4550\">Essaouira<\/strong>, una encantadora ciudad costera:<br data-start=\"4583\" data-end=\"4586\">\u2714 <strong data-start=\"4588\" data-end=\"4650\">Medina blanca y azul, declarada Patrimonio de la Humanidad<\/strong><br data-start=\"4650\" data-end=\"4653\">\u2714 <strong data-start=\"4655\" data-end=\"4674\">Fortaleza Skala<\/strong>, con impresionantes vistas al Atl\u00e1ntico<br data-start=\"4714\" data-end=\"4717\">\u2714 <strong data-start=\"4719\" data-end=\"4757\">Puerto pesquero y mariscos frescos<\/strong><\/p>\n<p data-start=\"4761\" data-end=\"4796\">Regreso a Marrakech por la noche.<\/p>\n<hr data-start=\"4798\" data-end=\"4801\">\n<h3 data-start=\"4803\" data-end=\"4843\"><strong data-start=\"4807\" data-end=\"4841\">D\u00eda 12: Marrakech \u2013 Casablanca<\/strong><\/h3>\n<p data-start=\"4844\" data-end=\"5057\">Ma\u00f1ana libre en Marrakech para explorar a tu ritmo. Luego, nos dirigimos a <strong data-start=\"4919\" data-end=\"4933\">Casablanca<\/strong>, donde puedes:<br data-start=\"4948\" data-end=\"4951\">\u2714 Visitar el famoso <strong data-start=\"4971\" data-end=\"4986\">Rick\u2019s Caf\u00e9<\/strong>, inspirado en la pel\u00edcula <em data-start=\"5013\" data-end=\"5025\">Casablanca<\/em><br data-start=\"5025\" data-end=\"5028\">\u2714 Relajarte junto al oc\u00e9ano<\/p>\n<p data-start=\"5059\" data-end=\"5081\">Noche en Casablanca.<\/p>\n<hr data-start=\"5083\" data-end=\"5086\">\n<h3 data-start=\"5088\" data-end=\"5129\"><strong data-start=\"5092\" data-end=\"5127\">D\u00eda 13: Salida desde Casablanca<\/strong><\/h3>\n<p data-start=\"5130\" data-end=\"5220\">Despu\u00e9s del desayuno, traslado al <strong data-start=\"5164\" data-end=\"5192\">aeropuerto de Casablanca<\/strong> para tu vuelo de regreso.<\/p>\n<\/div>","protected":false},"excerpt":{"rendered":"<p>Emb\u00e1rcate en un fascinante viaje por Marruecos con nuestro exclusivo tour de 13 d\u00edas desde Casablanca Este itinerario cuidadosamente dise\u00f1ado te llevar\u00e1 desde vibrantes ciudades hasta<span class=\"excerpt-hellip\"> [\u2026]<\/span><\/p>\n","protected":false},"author":1,"featured_media":0,"parent":0,"menu_order":0,"comment_status":"closed","ping_status":"closed","template":"","meta":{"ngg_post_thumbnail":0},"aioseo_notices":[],"yoast_head":"<!-- This site is optimized with the Yoast SEO plugin v20.8 - https:\/\/yoast.com\/wordpress\/plugins\/seo\/ -->\n<title>13 Dias Desierto Casablanca Marruecos Tours - Desert Camel Tours<\/title>\n<meta name=\"robots\" content=\"index, follow, max-snippet:-1, max-image-preview:large, max-video-preview:-1\" \/>\n<link rel=\"canonical\" href=\"https:\/\/desertcameltours.com\/es\/13-dias-desierto-casablanca-marruecos-tours\/\" \/>\n<meta property=\"og:locale\" content=\"en_US\" \/>\n<meta property=\"og:type\" content=\"article\" \/>\n<meta property=\"og:title\" content=\"13 Dias Desierto Casablanca Marruecos Tours - Desert Camel Tours\" \/>\n<meta property=\"og:description\" content=\"Emb\u00e1rcate en un fascinante viaje por Marruecos con nuestro exclusivo tour de 13 d\u00edas desde Casablanca Este itinerario cuidadosamente dise\u00f1ado te llevar\u00e1 desde vibrantes ciudades hasta [\u2026]\" \/>\n<meta property=\"og:url\" content=\"https:\/\/desertcameltours.com\/es\/13-dias-desierto-casablanca-marruecos-tours\/\" \/>\n<meta property=\"og:site_name\" content=\"Desert Camel Tours\" \/>\n<meta property=\"article:modified_time\" content=\"2025-02-14T11:37:52+00:00\" \/>\n<meta name=\"twitter:card\" content=\"summary_large_image\" \/>\n<meta name=\"twitter:label1\" content=\"Est. reading time\" \/>\n\t<meta name=\"twitter:data1\" content=\"4 minutes\" \/>\n<script type=\"application\/ld+json\" class=\"yoast-schema-graph\">{\"@context\":\"https:\/\/schema.org\",\"@graph\":[{\"@type\":\"WebPage\",\"@id\":\"https:\/\/desertcameltours.com\/es\/13-dias-desierto-casablanca-marruecos-tours\/\",\"url\":\"https:\/\/desertcameltours.com\/es\/13-dias-desierto-casablanca-marruecos-tours\/\",\"name\":\"13 Dias Desierto Casablanca Marruecos Tours - Desert Camel Tours\",\"isPartOf\":{\"@id\":\"https:\/\/desertcameltours.com\/es\/#website\"},\"datePublished\":\"2023-06-12T15:44:43+00:00\",\"dateModified\":\"2025-02-14T11:37:52+00:00\",\"breadcrumb\":{\"@id\":\"https:\/\/desertcameltours.com\/es\/13-dias-desierto-casablanca-marruecos-tours\/#breadcrumb\"},\"inLanguage\":\"en-US\",\"potentialAction\":[{\"@type\":\"ReadAction\",\"target\":[\"https:\/\/desertcameltours.com\/es\/13-dias-desierto-casablanca-marruecos-tours\/\"]}]},{\"@type\":\"BreadcrumbList\",\"@id\":\"https:\/\/desertcameltours.com\/es\/13-dias-desierto-casablanca-marruecos-tours\/#breadcrumb\",\"itemListElement\":[{\"@type\":\"ListItem\",\"position\":1,\"name\":\"Home\",\"item\":\"https:\/\/desertcameltours.com\/es\/\"},{\"@type\":\"ListItem\",\"position\":2,\"name\":\"13 Dias Desierto Casablanca Marruecos Tours\"}]},{\"@type\":\"WebSite\",\"@id\":\"https:\/\/desertcameltours.com\/es\/#website\",\"url\":\"https:\/\/desertcameltours.com\/es\/\",\"name\":\"Desert Camel Tours\",\"description\":\"desert camel tours\",\"potentialAction\":[{\"@type\":\"SearchAction\",\"target\":{\"@type\":\"EntryPoint\",\"urlTemplate\":\"https:\/\/desertcameltours.com\/es\/?s={search_term_string}\"},\"query-input\":\"required name=search_term_string\"}],\"inLanguage\":\"en-US\"}]}<\/script>\n<!-- \/ Yoast SEO plugin. -->","yoast_head_json":{"title":"13 Dias Desierto Casablanca Marruecos Tours - Desert Camel Tours","robots":{"index":"index","follow":"follow","max-snippet":"max-snippet:-1","max-image-preview":"max-image-preview:large","max-video-preview":"max-video-preview:-1"},"canonical":"https:\/\/desertcameltours.com\/es\/13-dias-desierto-casablanca-marruecos-tours\/","og_locale":"en_US","og_type":"article","og_title":"13 Dias Desierto Casablanca Marruecos Tours - Desert Camel Tours","og_description":"Emb\u00e1rcate en un fascinante viaje por Marruecos con nuestro exclusivo tour de 13 d\u00edas desde Casablanca Este itinerario cuidadosamente dise\u00f1ado te llevar\u00e1 desde vibrantes ciudades hasta [\u2026]","og_url":"https:\/\/desertcameltours.com\/es\/13-dias-desierto-casablanca-marruecos-tours\/","og_site_name":"Desert Camel Tours","article_modified_time":"2025-02-14T11:37:52+00:00","twitter_card":"summary_large_image","twitter_misc":{"Est. reading time":"4 minutes"},"schema":{"@context":"https:\/\/schema.org","@graph":[{"@type":"WebPage","@id":"https:\/\/desertcameltours.com\/es\/13-dias-desierto-casablanca-marruecos-tours\/","url":"https:\/\/desertcameltours.com\/es\/13-dias-desierto-casablanca-marruecos-tours\/","name":"13 Dias Desierto Casablanca Marruecos Tours - Desert Camel Tours","isPartOf":{"@id":"https:\/\/desertcameltours.com\/es\/#website"},"datePublished":"2023-06-12T15:44:43+00:00","dateModified":"2025-02-14T11:37:52+00:00","breadcrumb":{"@id":"https:\/\/desertcameltours.com\/es\/13-dias-desierto-casablanca-marruecos-tours\/#breadcrumb"},"inLanguage":"en-US","potentialAction":[{"@type":"ReadAction","target":["https:\/\/desertcameltours.com\/es\/13-dias-desierto-casablanca-marruecos-tours\/"]}]},{"@type":"BreadcrumbList","@id":"https:\/\/desertcameltours.com\/es\/13-dias-desierto-casablanca-marruecos-tours\/#breadcrumb","itemListElement":[{"@type":"ListItem","position":1,"name":"Home","item":"https:\/\/desertcameltours.com\/es\/"},{"@type":"ListItem","position":2,"name":"13 Dias Desierto Casablanca Marruecos Tours"}]},{"@type":"WebSite","@id":"https:\/\/desertcameltours.com\/es\/#website","url":"https:\/\/desertcameltours.com\/es\/","name":"Desert Camel Tours","description":"desert camel tours","potentialAction":[{"@type":"SearchAction","target":{"@type":"EntryPoint","urlTemplate":"https:\/\/desertcameltours.com\/es\/?s={search_term_string}"},"query-input":"required name=search_term_string"}],"inLanguage":"en-US"}]}},"_links":{"self":[{"href":"https:\/\/desertcameltours.com\/es\/wp-json\/wp\/v2\/pages\/1223"}],"collection":[{"href":"https:\/\/desertcameltours.com\/es\/wp-json\/wp\/v2\/pages"}],"about":[{"href":"https:\/\/desertcameltours.com\/es\/wp-json\/wp\/v2\/types\/page"}],"author":[{"embeddable":true,"href":"https:\/\/desertcameltours.com\/es\/wp-json\/wp\/v2\/users\/1"}],"replies":[{"embeddable":true,"href":"https:\/\/desertcameltours.com\/es\/wp-json\/wp\/v2\/comments?post=1223"}],"version-history":[{"count":2,"href":"https:\/\/desertcameltours.com\/es\/wp-json\/wp\/v2\/pages\/1223\/revisions"}],"predecessor-version":[{"id":1305,"href":"https:\/\/desertcameltours.com\/es\/wp-json\/wp\/v2\/pages\/1223\/revisions\/1305"}],"wp:attachment":[{"href":"https:\/\/desertcameltours.com\/es\/wp-json\/wp\/v2\/media?parent=1223"}],"curies":[{"name":"wp","href":"https:\/\/api.w.org\/{rel}","templated":true}]}}