{"id":1221,"date":"2023-06-12T15:41:37","date_gmt":"2023-06-12T15:41:37","guid":{"rendered":"https:\/\/desertcameltours.com\/es\/?page_id=1221"},"modified":"2025-02-14T11:39:26","modified_gmt":"2025-02-14T11:39:26","slug":"12-dias-desierto-de-casablanca-a-merzouga","status":"publish","type":"page","link":"https:\/\/desertcameltours.com\/es\/12-dias-desierto-de-casablanca-a-merzouga\/","title":{"rendered":"12 Dias Desierto De Casablanca A Merzouga"},"content":{"rendered":"<div class=\"pbs-main-wrapper\"><h3 data-start=\"60\" data-end=\"146\"><strong data-start=\"64\" data-end=\"144\">Emb\u00e1rcate en un inolvidable tour de 12 d\u00edas por el desierto desde Casablanca<\/strong><\/h3>\n<p data-start=\"147\" data-end=\"442\">Explora los impresionantes paisajes de Marruecos, sus antiguas ciudades y su rica cultura. Esta aventura te llevar\u00e1 a trav\u00e9s del majestuoso desierto del Sahara, las hist\u00f3ricas ciudades imperiales y las impresionantes monta\u00f1as del Atlas. \u00a1\u00danete a nosotros para una experiencia \u00fanica en la vida!<\/p>\n<hr data-start=\"444\" data-end=\"447\">\n<h3 data-start=\"449\" data-end=\"512\"><strong data-start=\"453\" data-end=\"510\">D\u00eda 1: Llegada a Casablanca \u2013 Bienvenidos a Marruecos<\/strong><\/h3>\n<p data-start=\"513\" data-end=\"845\">A tu llegada al <strong data-start=\"529\" data-end=\"582\">Aeropuerto Internacional Mohammed V de Casablanca<\/strong>, nuestro gu\u00eda te recibir\u00e1 y te acompa\u00f1ar\u00e1 a tu hotel. Dependiendo de la hora de llegada, podr\u00e1s visitar la <strong data-start=\"690\" data-end=\"712\">Mezquita Hassan II<\/strong>, una de las m\u00e1s grandes y bellas del mundo, o dar un paseo relajante por la pintoresca <strong data-start=\"800\" data-end=\"812\">Corniche<\/strong>.<br data-start=\"813\" data-end=\"816\">\ud83d\udecf\ufe0f <strong data-start=\"820\" data-end=\"843\">Noche en Casablanca<\/strong><\/p>\n<hr data-start=\"847\" data-end=\"850\">\n<h3 data-start=\"852\" data-end=\"901\"><strong data-start=\"856\" data-end=\"899\">D\u00eda 2: Casablanca \u2013 Rabat \u2013 Chefchaouen<\/strong><\/h3>\n<p data-start=\"902\" data-end=\"1071\">Despu\u00e9s del desayuno, nos dirigimos a <strong data-start=\"940\" data-end=\"949\">Rabat<\/strong>, la capital de Marruecos. Visitaremos:<br data-start=\"988\" data-end=\"991\">\u2714 <strong data-start=\"993\" data-end=\"1017\">Kasbah de los Udayas<\/strong><br data-start=\"1017\" data-end=\"1020\">\u2714 <strong data-start=\"1022\" data-end=\"1038\">Torre Hassan<\/strong><br data-start=\"1038\" data-end=\"1041\">\u2714 <strong data-start=\"1043\" data-end=\"1069\">Mausoleo de Mohammed V<\/strong><\/p>\n<p data-start=\"1073\" data-end=\"1274\">Luego, continuamos hacia <strong data-start=\"1098\" data-end=\"1113\">Chefchaouen<\/strong>, la famosa \u201cCiudad Azul\u201d, ubicada en las monta\u00f1as del Rif. Disfruta de sus encantadoras calles azuladas y su ambiente relajado.<br data-start=\"1241\" data-end=\"1244\">\ud83d\udecf\ufe0f <strong data-start=\"1248\" data-end=\"1272\">Noche en Chefchaouen<\/strong><\/p>\n<hr data-start=\"1276\" data-end=\"1279\">\n<h3 data-start=\"1281\" data-end=\"1336\"><strong data-start=\"1285\" data-end=\"1334\">D\u00eda 3: Chefchaouen \u2013 Volubilis \u2013 Meknes \u2013 Fez<\/strong><\/h3>\n<p data-start=\"1337\" data-end=\"1614\">Nos despedimos de Chefchaouen y viajamos hacia <strong data-start=\"1384\" data-end=\"1397\">Volubilis<\/strong>, un sitio arqueol\u00f3gico romano con impresionantes mosaicos. Luego, exploramos <strong data-start=\"1475\" data-end=\"1485\">Meknes<\/strong>, una de las ciudades imperiales, donde visitaremos:<br data-start=\"1537\" data-end=\"1540\">\u2714 <strong data-start=\"1542\" data-end=\"1557\">Bab Mansour<\/strong><br data-start=\"1557\" data-end=\"1560\">\u2714 <strong data-start=\"1562\" data-end=\"1578\">Sahrij Swani<\/strong><br data-start=\"1578\" data-end=\"1581\">\u2714 <strong data-start=\"1583\" data-end=\"1612\">Mausoleo de Moulay Ismail<\/strong><\/p>\n<p data-start=\"1616\" data-end=\"1715\">Por la tarde, continuamos hacia <strong data-start=\"1648\" data-end=\"1655\">Fez<\/strong>, la capital cultural de Marruecos.<br data-start=\"1690\" data-end=\"1693\">\ud83d\udecf\ufe0f <strong data-start=\"1697\" data-end=\"1713\">Noche en Fez<\/strong><\/p>\n<hr data-start=\"1717\" data-end=\"1720\">\n<h3 data-start=\"1722\" data-end=\"1777\"><strong data-start=\"1726\" data-end=\"1775\">D\u00eda 4: Explorando Fez \u2013 La Capital Espiritual<\/strong><\/h3>\n<p data-start=\"1778\" data-end=\"2059\">D\u00eda completo para explorar Fez, comenzando con una visita guiada a la <strong data-start=\"1848\" data-end=\"1873\">medina de Fez el-Bali<\/strong>, declarada Patrimonio de la Humanidad por la UNESCO. Descubriremos:<br data-start=\"1941\" data-end=\"1944\">\u2714 <strong data-start=\"1946\" data-end=\"1977\">Universidad Al Quaraouiyine<\/strong>, la m\u00e1s antigua del mundo<br data-start=\"2003\" data-end=\"2006\">\u2714 <strong data-start=\"2008\" data-end=\"2030\">Madraza Bou Inania<\/strong><br data-start=\"2030\" data-end=\"2033\">\u2714 <strong data-start=\"2035\" data-end=\"2057\">Curtidur\u00eda Chouara<\/strong><\/p>\n<p data-start=\"2061\" data-end=\"2153\">Sum\u00e9rgete en los laber\u00ednticos zocos llenos de historia y tradici\u00f3n.<br data-start=\"2128\" data-end=\"2131\">\ud83d\udecf\ufe0f <strong data-start=\"2135\" data-end=\"2151\">Noche en Fez<\/strong><\/p>\n<hr data-start=\"2155\" data-end=\"2158\">\n<h3 data-start=\"2160\" data-end=\"2225\"><strong data-start=\"2164\" data-end=\"2223\">D\u00eda 5: Fez \u2013 Ifrane \u2013 Midelt \u2013 Valle del Ziz \u2013 Merzouga<\/strong><\/h3>\n<p data-start=\"2226\" data-end=\"2462\">Salimos de Fez y viajamos hacia el sur, pasando por:<br data-start=\"2278\" data-end=\"2281\">\u2714 <strong data-start=\"2283\" data-end=\"2293\">Ifrane<\/strong>, conocida como la \u201cSuiza de Marruecos\u201d<br data-start=\"2332\" data-end=\"2335\">\u2714 <strong data-start=\"2337\" data-end=\"2367\">Bosques de cedros de Azrou<\/strong>, hogar de los monos de Berber\u00eda<br data-start=\"2399\" data-end=\"2402\">\u2714 <strong data-start=\"2404\" data-end=\"2433\">Midelt y el Valle del Ziz<\/strong>, con vistas espectaculares<\/p>\n<p data-start=\"2464\" data-end=\"2728\">Llegamos al <strong data-start=\"2476\" data-end=\"2511\">desierto del Sahara en Merzouga<\/strong>, donde realizaremos un <strong data-start=\"2535\" data-end=\"2555\">paseo en camello<\/strong> por las dunas de <strong data-start=\"2573\" data-end=\"2587\">Erg Chebbi<\/strong> para admirar una espectacular puesta de sol.<br data-start=\"2632\" data-end=\"2635\">\ud83c\udf0c <strong data-start=\"2638\" data-end=\"2726\">Noche en un campamento de lujo en el desierto, con m\u00fasica bereber bajo las estrellas<\/strong><\/p>\n<hr data-start=\"2730\" data-end=\"2733\">\n<h3 data-start=\"2735\" data-end=\"2816\"><strong data-start=\"2739\" data-end=\"2814\">D\u00eda 6: Merzouga \u2013 Khamlia \u2013 Familias N\u00f3madas \u2013 Exploraci\u00f3n del Desierto<\/strong><\/h3>\n<p data-start=\"2817\" data-end=\"3046\">Disfruta de un amanecer m\u00e1gico en las dunas antes de un d\u00eda completo de exploraci\u00f3n:<br data-start=\"2901\" data-end=\"2904\">\u2714 <strong data-start=\"2906\" data-end=\"2917\">Khamlia<\/strong>, un pueblo famoso por su m\u00fasica Gnawa<br data-start=\"2955\" data-end=\"2958\">\u2714 <strong data-start=\"2960\" data-end=\"3004\">Encuentro con familias n\u00f3madas bereberes<\/strong><br data-start=\"3004\" data-end=\"3007\">\u2714 <strong data-start=\"3009\" data-end=\"3044\">Visita al oasis de Hassi Labied<\/strong><\/p>\n<p data-start=\"3048\" data-end=\"3161\">Regreso al campamento para otra noche inolvidable en el desierto.<br data-start=\"3113\" data-end=\"3116\">\ud83d\udecf\ufe0f <strong data-start=\"3120\" data-end=\"3159\">Noche en el campamento del desierto<\/strong><\/p>\n<hr data-start=\"3163\" data-end=\"3166\">\n<h3 data-start=\"3168\" data-end=\"3243\"><strong data-start=\"3172\" data-end=\"3241\">D\u00eda 7: Merzouga \u2013 Rissani \u2013 Gargantas del Todra \u2013 Valle del Dades<\/strong><\/h3>\n<p data-start=\"3244\" data-end=\"3498\">Nos despedimos del desierto y visitamos:<br data-start=\"3284\" data-end=\"3287\">\u2714 <strong data-start=\"3289\" data-end=\"3300\">Rissani<\/strong>, un antiguo centro comercial con un animado mercado<br data-start=\"3352\" data-end=\"3355\">\u2714 <strong data-start=\"3357\" data-end=\"3380\">Gargantas del Todra<\/strong>, imponentes acantilados ideales para la escalada<br data-start=\"3429\" data-end=\"3432\">\u2714 <strong data-start=\"3434\" data-end=\"3453\">Valle del Dades<\/strong>, famoso por sus formaciones rocosas \u00fanicas<\/p>\n<p data-start=\"3500\" data-end=\"3559\">\ud83d\udecf\ufe0f <strong data-start=\"3504\" data-end=\"3557\">Noche en un encantador riad en el Valle del Dades<\/strong><\/p>\n<hr data-start=\"3561\" data-end=\"3564\">\n<h3 data-start=\"3566\" data-end=\"3632\"><strong data-start=\"3570\" data-end=\"3630\">D\u00eda 8: Valle del Dades \u2013 Valle de las Rosas \u2013 Ouarzazate<\/strong><\/h3>\n<p data-start=\"3633\" data-end=\"3839\">\u2714 Atravesamos el <strong data-start=\"3650\" data-end=\"3672\">Valle de las Rosas<\/strong>, conocido por su festival anual en mayo<br data-start=\"3712\" data-end=\"3715\">\u2714 Llegamos a <strong data-start=\"3728\" data-end=\"3742\">Ouarzazate<\/strong>, la \u201cHollywood de \u00c1frica\u201d<br data-start=\"3768\" data-end=\"3771\">\u2714 Visita a los <strong data-start=\"3786\" data-end=\"3812\">Estudios de Cine Atlas<\/strong> y la <strong data-start=\"3818\" data-end=\"3837\">Kasbah Taourirt<\/strong><\/p>\n<p data-start=\"3841\" data-end=\"3870\">\ud83d\udecf\ufe0f <strong data-start=\"3845\" data-end=\"3868\">Noche en Ouarzazate<\/strong><\/p>\n<hr data-start=\"3872\" data-end=\"3875\">\n<h3 data-start=\"3877\" data-end=\"3946\"><strong data-start=\"3881\" data-end=\"3944\">D\u00eda 9: Ouarzazate \u2013 Ait Ben Haddou \u2013 Alto Atlas \u2013 Marrakech<\/strong><\/h3>\n<p data-start=\"3947\" data-end=\"4172\">\u2714 Exploramos la legendaria <strong data-start=\"3974\" data-end=\"4002\">Kasbah de Ait Ben Haddou<\/strong>, Patrimonio de la Humanidad por la UNESCO<br data-start=\"4044\" data-end=\"4047\">\u2714 Cruzamos las <strong data-start=\"4062\" data-end=\"4089\">Monta\u00f1as del Alto Atlas<\/strong> por el <strong data-start=\"4097\" data-end=\"4119\">Paso Tizi n\u2019Tichka<\/strong><br data-start=\"4119\" data-end=\"4122\">\u2714 Llegamos a la vibrante ciudad de <strong data-start=\"4157\" data-end=\"4170\">Marrakech<\/strong><\/p>\n<p data-start=\"4174\" data-end=\"4202\">\ud83d\udecf\ufe0f <strong data-start=\"4178\" data-end=\"4200\">Noche en Marrakech<\/strong><\/p>\n<hr data-start=\"4204\" data-end=\"4207\">\n<h3 data-start=\"4209\" data-end=\"4264\"><strong data-start=\"4213\" data-end=\"4262\">D\u00eda 10: Explorando Marrakech \u2013 La Ciudad Roja<\/strong><\/h3>\n<p data-start=\"4265\" data-end=\"4469\">D\u00eda completo de exploraci\u00f3n en Marrakech:<br data-start=\"4306\" data-end=\"4309\">\u2714 <strong data-start=\"4311\" data-end=\"4333\">Mezquita Koutoubia<\/strong><br data-start=\"4333\" data-end=\"4336\">\u2714 <strong data-start=\"4338\" data-end=\"4356\">Tumbas Saad\u00edes<\/strong><br data-start=\"4356\" data-end=\"4359\">\u2714 <strong data-start=\"4361\" data-end=\"4384\">Palacio de la Bah\u00eda<\/strong><br data-start=\"4384\" data-end=\"4387\">\u2714 <strong data-start=\"4389\" data-end=\"4411\">Plaza Jemaa el-Fna<\/strong>, llena de vida con m\u00fasicos y encantadores de serpientes<\/p>\n<p data-start=\"4471\" data-end=\"4499\">\ud83d\udecf\ufe0f <strong data-start=\"4475\" data-end=\"4497\">Noche en Marrakech<\/strong><\/p>\n<hr data-start=\"4501\" data-end=\"4504\">\n<h3 data-start=\"4506\" data-end=\"4545\"><strong data-start=\"4510\" data-end=\"4543\">D\u00eda 11: Marrakech \u2013 Essaouira<\/strong><\/h3>\n<p data-start=\"4546\" data-end=\"4741\">Excursi\u00f3n a la encantadora ciudad costera de <strong data-start=\"4591\" data-end=\"4604\">Essaouira<\/strong>:<br data-start=\"4605\" data-end=\"4608\">\u2714 <strong data-start=\"4610\" data-end=\"4644\">Medina y murallas fortificadas<\/strong><br data-start=\"4644\" data-end=\"4647\">\u2714 <strong data-start=\"4649\" data-end=\"4687\">Puerto pesquero y mariscos frescos<\/strong><br data-start=\"4687\" data-end=\"4690\">\u2714 <strong data-start=\"4692\" data-end=\"4739\">Escena art\u00edstica vibrante y relajante playa<\/strong><\/p>\n<p data-start=\"4743\" data-end=\"4807\">Regreso a Marrakech por la tarde.<br data-start=\"4776\" data-end=\"4779\">\ud83d\udecf\ufe0f <strong data-start=\"4783\" data-end=\"4805\">Noche en Marrakech<\/strong><\/p>\n<hr data-start=\"4809\" data-end=\"4812\">\n<h3 data-start=\"4814\" data-end=\"4863\"><strong data-start=\"4818\" data-end=\"4861\">D\u00eda 12: Marrakech \u2013 Casablanca (Salida)<\/strong><\/h3>\n<p data-start=\"4864\" data-end=\"5020\">Despu\u00e9s del desayuno, traslado a <strong data-start=\"4897\" data-end=\"4911\">Casablanca<\/strong> para la despedida.<br data-start=\"4930\" data-end=\"4933\">\u2714 Dependiendo del horario del vuelo, tiempo libre para compras o visitas adicionales.<\/p>\n<p data-start=\"5022\" data-end=\"5083\">\ud83d\udeeb <strong data-start=\"5025\" data-end=\"5081\">Fin del tour con recuerdos inolvidables de Marruecos<\/strong><\/p>\n<\/div>","protected":false},"excerpt":{"rendered":"<p>Emb\u00e1rcate en un inolvidable tour de 12 d\u00edas por el desierto desde Casablanca Explora los impresionantes paisajes de Marruecos, sus antiguas ciudades y su rica cultura.<span class=\"excerpt-hellip\"> [\u2026]<\/span><\/p>\n","protected":false},"author":1,"featured_media":0,"parent":0,"menu_order":0,"comment_status":"closed","ping_status":"closed","template":"","meta":{"ngg_post_thumbnail":0},"aioseo_notices":[],"yoast_head":"<!-- This site is optimized with the Yoast SEO plugin v20.8 - https:\/\/yoast.com\/wordpress\/plugins\/seo\/ -->\n<title>12 Dias Desierto De Casablanca A Merzouga - Desert Camel Tours<\/title>\n<meta name=\"robots\" content=\"index, follow, max-snippet:-1, max-image-preview:large, max-video-preview:-1\" \/>\n<link rel=\"canonical\" href=\"https:\/\/desertcameltours.com\/es\/12-dias-desierto-de-casablanca-a-merzouga\/\" \/>\n<meta property=\"og:locale\" content=\"en_US\" \/>\n<meta property=\"og:type\" content=\"article\" \/>\n<meta property=\"og:title\" content=\"12 Dias Desierto De Casablanca A Merzouga - Desert Camel Tours\" \/>\n<meta property=\"og:description\" content=\"Emb\u00e1rcate en un inolvidable tour de 12 d\u00edas por el desierto desde Casablanca Explora los impresionantes paisajes de Marruecos, sus antiguas ciudades y su rica cultura. [\u2026]\" \/>\n<meta property=\"og:url\" content=\"https:\/\/desertcameltours.com\/es\/12-dias-desierto-de-casablanca-a-merzouga\/\" \/>\n<meta property=\"og:site_name\" content=\"Desert Camel Tours\" \/>\n<meta property=\"article:modified_time\" content=\"2025-02-14T11:39:26+00:00\" \/>\n<meta name=\"twitter:card\" content=\"summary_large_image\" \/>\n<meta name=\"twitter:label1\" content=\"Est. reading time\" \/>\n\t<meta name=\"twitter:data1\" content=\"5 minutes\" \/>\n<script type=\"application\/ld+json\" class=\"yoast-schema-graph\">{\"@context\":\"https:\/\/schema.org\",\"@graph\":[{\"@type\":\"WebPage\",\"@id\":\"https:\/\/desertcameltours.com\/es\/12-dias-desierto-de-casablanca-a-merzouga\/\",\"url\":\"https:\/\/desertcameltours.com\/es\/12-dias-desierto-de-casablanca-a-merzouga\/\",\"name\":\"12 Dias Desierto De Casablanca A Merzouga - Desert Camel Tours\",\"isPartOf\":{\"@id\":\"https:\/\/desertcameltours.com\/es\/#website\"},\"datePublished\":\"2023-06-12T15:41:37+00:00\",\"dateModified\":\"2025-02-14T11:39:26+00:00\",\"breadcrumb\":{\"@id\":\"https:\/\/desertcameltours.com\/es\/12-dias-desierto-de-casablanca-a-merzouga\/#breadcrumb\"},\"inLanguage\":\"en-US\",\"potentialAction\":[{\"@type\":\"ReadAction\",\"target\":[\"https:\/\/desertcameltours.com\/es\/12-dias-desierto-de-casablanca-a-merzouga\/\"]}]},{\"@type\":\"BreadcrumbList\",\"@id\":\"https:\/\/desertcameltours.com\/es\/12-dias-desierto-de-casablanca-a-merzouga\/#breadcrumb\",\"itemListElement\":[{\"@type\":\"ListItem\",\"position\":1,\"name\":\"Home\",\"item\":\"https:\/\/desertcameltours.com\/es\/\"},{\"@type\":\"ListItem\",\"position\":2,\"name\":\"12 Dias Desierto De Casablanca A Merzouga\"}]},{\"@type\":\"WebSite\",\"@id\":\"https:\/\/desertcameltours.com\/es\/#website\",\"url\":\"https:\/\/desertcameltours.com\/es\/\",\"name\":\"Desert Camel Tours\",\"description\":\"desert camel tours\",\"potentialAction\":[{\"@type\":\"SearchAction\",\"target\":{\"@type\":\"EntryPoint\",\"urlTemplate\":\"https:\/\/desertcameltours.com\/es\/?s={search_term_string}\"},\"query-input\":\"required name=search_term_string\"}],\"inLanguage\":\"en-US\"}]}<\/script>\n<!-- \/ Yoast SEO plugin. -->","yoast_head_json":{"title":"12 Dias Desierto De Casablanca A Merzouga - Desert Camel Tours","robots":{"index":"index","follow":"follow","max-snippet":"max-snippet:-1","max-image-preview":"max-image-preview:large","max-video-preview":"max-video-preview:-1"},"canonical":"https:\/\/desertcameltours.com\/es\/12-dias-desierto-de-casablanca-a-merzouga\/","og_locale":"en_US","og_type":"article","og_title":"12 Dias Desierto De Casablanca A Merzouga - Desert Camel Tours","og_description":"Emb\u00e1rcate en un inolvidable tour de 12 d\u00edas por el desierto desde Casablanca Explora los impresionantes paisajes de Marruecos, sus antiguas ciudades y su rica cultura. [\u2026]","og_url":"https:\/\/desertcameltours.com\/es\/12-dias-desierto-de-casablanca-a-merzouga\/","og_site_name":"Desert Camel Tours","article_modified_time":"2025-02-14T11:39:26+00:00","twitter_card":"summary_large_image","twitter_misc":{"Est. reading time":"5 minutes"},"schema":{"@context":"https:\/\/schema.org","@graph":[{"@type":"WebPage","@id":"https:\/\/desertcameltours.com\/es\/12-dias-desierto-de-casablanca-a-merzouga\/","url":"https:\/\/desertcameltours.com\/es\/12-dias-desierto-de-casablanca-a-merzouga\/","name":"12 Dias Desierto De Casablanca A Merzouga - Desert Camel Tours","isPartOf":{"@id":"https:\/\/desertcameltours.com\/es\/#website"},"datePublished":"2023-06-12T15:41:37+00:00","dateModified":"2025-02-14T11:39:26+00:00","breadcrumb":{"@id":"https:\/\/desertcameltours.com\/es\/12-dias-desierto-de-casablanca-a-merzouga\/#breadcrumb"},"inLanguage":"en-US","potentialAction":[{"@type":"ReadAction","target":["https:\/\/desertcameltours.com\/es\/12-dias-desierto-de-casablanca-a-merzouga\/"]}]},{"@type":"BreadcrumbList","@id":"https:\/\/desertcameltours.com\/es\/12-dias-desierto-de-casablanca-a-merzouga\/#breadcrumb","itemListElement":[{"@type":"ListItem","position":1,"name":"Home","item":"https:\/\/desertcameltours.com\/es\/"},{"@type":"ListItem","position":2,"name":"12 Dias Desierto De Casablanca A Merzouga"}]},{"@type":"WebSite","@id":"https:\/\/desertcameltours.com\/es\/#website","url":"https:\/\/desertcameltours.com\/es\/","name":"Desert Camel Tours","description":"desert camel tours","potentialAction":[{"@type":"SearchAction","target":{"@type":"EntryPoint","urlTemplate":"https:\/\/desertcameltours.com\/es\/?s={search_term_string}"},"query-input":"required name=search_term_string"}],"inLanguage":"en-US"}]}},"_links":{"self":[{"href":"https:\/\/desertcameltours.com\/es\/wp-json\/wp\/v2\/pages\/1221"}],"collection":[{"href":"https:\/\/desertcameltours.com\/es\/wp-json\/wp\/v2\/pages"}],"about":[{"href":"https:\/\/desertcameltours.com\/es\/wp-json\/wp\/v2\/types\/page"}],"author":[{"embeddable":true,"href":"https:\/\/desertcameltours.com\/es\/wp-json\/wp\/v2\/users\/1"}],"replies":[{"embeddable":true,"href":"https:\/\/desertcameltours.com\/es\/wp-json\/wp\/v2\/comments?post=1221"}],"version-history":[{"count":2,"href":"https:\/\/desertcameltours.com\/es\/wp-json\/wp\/v2\/pages\/1221\/revisions"}],"predecessor-version":[{"id":1306,"href":"https:\/\/desertcameltours.com\/es\/wp-json\/wp\/v2\/pages\/1221\/revisions\/1306"}],"wp:attachment":[{"href":"https:\/\/desertcameltours.com\/es\/wp-json\/wp\/v2\/media?parent=1221"}],"curies":[{"name":"wp","href":"https:\/\/api.w.org\/{rel}","templated":true}]}}