{"id":1219,"date":"2023-06-12T15:40:35","date_gmt":"2023-06-12T15:40:35","guid":{"rendered":"https:\/\/desertcameltours.com\/es\/?page_id=1219"},"modified":"2025-02-14T11:40:26","modified_gmt":"2025-02-14T11:40:26","slug":"11-dias-a-desierto-desde-casablanca-marruecos-tours","status":"publish","type":"page","link":"https:\/\/desertcameltours.com\/es\/11-dias-a-desierto-desde-casablanca-marruecos-tours\/","title":{"rendered":"11 Dias a Desierto desde Casablanca Marruecos Tours"},"content":{"rendered":"<div class=\"pbs-main-wrapper\"><h3 data-start=\"51\" data-end=\"119\"><strong data-start=\"55\" data-end=\"119\">Tour por el Desierto de Marruecos &#8211; 11 D\u00edas desde Casablanca<\/strong><\/h3>\n<p data-start=\"121\" data-end=\"567\">Marruecos es un pa\u00eds de vibrante cultura, rica historia y paisajes impresionantes. Emb\u00e1rcate en un tour de 11 d\u00edas por el desierto desde Casablanca, que te llevar\u00e1 a trav\u00e9s de ciudades imperiales deslumbrantes, vastas dunas doradas y encantadores pueblos bereberes. Este itinerario completo promete un viaje inolvidable a trav\u00e9s del coraz\u00f3n de Marruecos, cubriendo monumentos hist\u00f3ricos, maravillas naturales y aut\u00e9nticas experiencias culturales.<\/p>\n<hr data-start=\"569\" data-end=\"572\">\n<h3 data-start=\"574\" data-end=\"644\"><strong data-start=\"578\" data-end=\"644\">D\u00eda 1: Llegada a Casablanca \u2013 La puerta de entrada a Marruecos<\/strong><\/h3>\n<p data-start=\"645\" data-end=\"958\">A tu llegada a <strong data-start=\"660\" data-end=\"674\">Casablanca<\/strong>, la capital econ\u00f3mica de Marruecos, te daremos la bienvenida y te trasladaremos a tu hotel. Dependiendo de tu hora de llegada, podr\u00e1s explorar la impresionante <strong data-start=\"835\" data-end=\"857\">Mezquita Hassan II<\/strong>, una de las m\u00e1s grandes del mundo, o dar un paseo por la <strong data-start=\"915\" data-end=\"927\">Corniche<\/strong>.<br data-start=\"928\" data-end=\"931\">\ud83d\udecf\ufe0f <strong data-start=\"935\" data-end=\"958\">Noche en Casablanca<\/strong><\/p>\n<hr data-start=\"960\" data-end=\"963\">\n<h3 data-start=\"965\" data-end=\"1012\"><strong data-start=\"969\" data-end=\"1012\">D\u00eda 2: Casablanca a Rabat y Chefchaouen<\/strong><\/h3>\n<p data-start=\"1013\" data-end=\"1188\">Despu\u00e9s del desayuno, nos dirigimos a <strong data-start=\"1051\" data-end=\"1060\">Rabat<\/strong>, la capital de Marruecos, donde exploraremos:<br data-start=\"1106\" data-end=\"1109\">\u2714 <strong data-start=\"1111\" data-end=\"1130\">El Palacio Real<\/strong><br data-start=\"1130\" data-end=\"1133\">\u2714 <strong data-start=\"1135\" data-end=\"1154\">La Torre Hassan<\/strong><br data-start=\"1154\" data-end=\"1157\">\u2714 <strong data-start=\"1159\" data-end=\"1186\">La Kasbah de los Udayas<\/strong><\/p>\n<p data-start=\"1190\" data-end=\"1416\">Despu\u00e9s del almuerzo, continuamos hacia la ciudad azul de <strong data-start=\"1248\" data-end=\"1263\">Chefchaouen<\/strong>, famosa por sus encantadoras calles pintadas de azul. Tendr\u00e1s la tarde libre para pasear por sus pintorescas callejuelas.<br data-start=\"1385\" data-end=\"1388\">\ud83d\udecf\ufe0f <strong data-start=\"1392\" data-end=\"1416\">Noche en Chefchaouen<\/strong><\/p>\n<hr data-start=\"1418\" data-end=\"1421\">\n<h3 data-start=\"1423\" data-end=\"1470\"><strong data-start=\"1427\" data-end=\"1470\">D\u00eda 3: Chefchaouen a Volubilis y Meknes<\/strong><\/h3>\n<p data-start=\"1471\" data-end=\"1886\">Dejamos Chefchaouen y viajamos hacia las antiguas ruinas romanas de <strong data-start=\"1539\" data-end=\"1552\">Volubilis<\/strong>, un sitio declarado Patrimonio de la Humanidad por la UNESCO, conocido por sus mosaicos bien conservados y grandes arcos. Luego, continuamos hacia <strong data-start=\"1700\" data-end=\"1710\">Meknes<\/strong>, una de las ciudades imperiales de Marruecos, donde visitaremos:<br data-start=\"1775\" data-end=\"1778\">\u2714 <strong data-start=\"1780\" data-end=\"1795\">Bab Mansour<\/strong><br data-start=\"1795\" data-end=\"1798\">\u2714 <strong data-start=\"1800\" data-end=\"1832\">El Mausoleo de Moulay Ismail<\/strong><br data-start=\"1832\" data-end=\"1835\">\u2714 <strong data-start=\"1837\" data-end=\"1860\">La Medina hist\u00f3rica<\/strong><br data-start=\"1860\" data-end=\"1863\">\ud83d\udecf\ufe0f <strong data-start=\"1867\" data-end=\"1886\">Noche en Meknes<\/strong><\/p>\n<hr data-start=\"1888\" data-end=\"1891\">\n<h3 data-start=\"1893\" data-end=\"1944\"><strong data-start=\"1897\" data-end=\"1944\">D\u00eda 4: Meknes a Fez \u2013 La Capital Espiritual<\/strong><\/h3>\n<p data-start=\"1945\" data-end=\"2311\">Por la ma\u00f1ana, viajamos a <strong data-start=\"1971\" data-end=\"1978\">Fez<\/strong>, el coraz\u00f3n cultural y espiritual de Marruecos. El d\u00eda se dedica a explorar <strong data-start=\"2055\" data-end=\"2070\">Fez el-Bali<\/strong>, una medina medieval llena de bulliciosos zocos, madrazas hist\u00f3ricas y hermosos palacios. Los puntos destacados incluyen:<br data-start=\"2192\" data-end=\"2195\">\u2714 <strong data-start=\"2197\" data-end=\"2228\">La Mezquita Al Quaraouiyine<\/strong><br data-start=\"2228\" data-end=\"2231\">\u2714 <strong data-start=\"2233\" data-end=\"2258\">La Madraza Bou Inania<\/strong><br data-start=\"2258\" data-end=\"2261\">\u2714 <strong data-start=\"2263\" data-end=\"2288\">La Curtidur\u00eda Chouara<\/strong><br data-start=\"2288\" data-end=\"2291\">\ud83d\udecf\ufe0f <strong data-start=\"2295\" data-end=\"2311\">Noche en Fez<\/strong><\/p>\n<hr data-start=\"2313\" data-end=\"2316\">\n<h3 data-start=\"2318\" data-end=\"2373\"><strong data-start=\"2322\" data-end=\"2373\">D\u00eda 5: Fez a Ifrane, Bosques de Cedros y Midelt<\/strong><\/h3>\n<p data-start=\"2374\" data-end=\"2751\">Dejamos Fez y nos dirigimos hacia <strong data-start=\"2408\" data-end=\"2418\">Ifrane<\/strong>, conocida como la \u201cSuiza de Marruecos\u201d por su arquitectura alpina y su clima fresco. Despu\u00e9s, visitamos los <strong data-start=\"2527\" data-end=\"2557\">Bosques de Cedros de Azrou<\/strong>, hogar de los monos de Berber\u00eda. Continuamos el viaje hacia <strong data-start=\"2618\" data-end=\"2628\">Midelt<\/strong>, un encantador pueblo entre las monta\u00f1as del Atlas Medio y Alto, donde descansamos por la noche.<br data-start=\"2725\" data-end=\"2728\">\ud83d\udecf\ufe0f <strong data-start=\"2732\" data-end=\"2751\">Noche en Midelt<\/strong><\/p>\n<hr data-start=\"2753\" data-end=\"2756\">\n<h3 data-start=\"2758\" data-end=\"2823\"><strong data-start=\"2762\" data-end=\"2823\">D\u00eda 6: Midelt a Merzouga \u2013 Entrada al Desierto del Sahara<\/strong><\/h3>\n<p data-start=\"2824\" data-end=\"3228\">Nuestro viaje contin\u00faa hacia <strong data-start=\"2853\" data-end=\"2865\">Merzouga<\/strong>, la puerta de entrada al desierto del Sahara. Viajamos por el impresionante <strong data-start=\"2942\" data-end=\"2959\">Valle del Ziz<\/strong> y, por la tarde, nos embarcamos en un paseo en camello hacia las dunas de <strong data-start=\"3034\" data-end=\"3048\">Erg Chebbi<\/strong>, donde disfrutar\u00e1s de una puesta de sol m\u00e1gica. Pasaremos la noche en un campamento tradicional en el desierto, bajo las estrellas.<br data-start=\"3180\" data-end=\"3183\">\ud83d\udecf\ufe0f <strong data-start=\"3187\" data-end=\"3228\">Noche en un campamento en el desierto<\/strong><\/p>\n<hr data-start=\"3230\" data-end=\"3233\">\n<h3 data-start=\"3235\" data-end=\"3297\"><strong data-start=\"3239\" data-end=\"3297\">D\u00eda 7: Exploraci\u00f3n de Merzouga \u2013 Un D\u00eda en el Desierto<\/strong><\/h3>\n<p data-start=\"3298\" data-end=\"3682\">Dedicamos el d\u00eda a descubrir los secretos del desierto. Visitaremos el pueblo de <strong data-start=\"3379\" data-end=\"3390\">Khamlia<\/strong>, conocido por su m\u00fasica espiritual <strong data-start=\"3426\" data-end=\"3435\">Gnawa<\/strong>, y exploraremos los asentamientos n\u00f3madas cercanos. Tambi\u00e9n podr\u00e1s disfrutar de actividades como <strong data-start=\"3533\" data-end=\"3549\">sandboarding<\/strong>, un <strong data-start=\"3554\" data-end=\"3571\">excursi\u00f3n 4&#215;4<\/strong> por el desierto o simplemente relajarte en las tranquilas dunas.<br data-start=\"3636\" data-end=\"3639\">\ud83d\udecf\ufe0f <strong data-start=\"3643\" data-end=\"3682\">Noche en el campamento del desierto<\/strong><\/p>\n<hr data-start=\"3684\" data-end=\"3687\">\n<h3 data-start=\"3689\" data-end=\"3756\"><strong data-start=\"3693\" data-end=\"3756\">D\u00eda 8: Merzouga a las Gargantas del Todra y Valle del Dades<\/strong><\/h3>\n<p data-start=\"3757\" data-end=\"4094\">Dejamos el desierto y nos dirigimos hacia las espectaculares <strong data-start=\"3818\" data-end=\"3841\">Gargantas del Todra<\/strong>, un ca\u00f1\u00f3n con acantilados que alcanzan los 300 metros de altura. Despu\u00e9s de explorar el ca\u00f1\u00f3n, continuamos hacia el pintoresco <strong data-start=\"3969\" data-end=\"3988\">Valle del Dades<\/strong>, famoso por sus dram\u00e1ticas formaciones rocosas y exuberantes oasis.<br data-start=\"4056\" data-end=\"4059\">\ud83d\udecf\ufe0f <strong data-start=\"4063\" data-end=\"4094\">Noche en el Valle del Dades<\/strong><\/p>\n<hr data-start=\"4096\" data-end=\"4099\">\n<h3 data-start=\"4101\" data-end=\"4161\"><strong data-start=\"4105\" data-end=\"4161\">D\u00eda 9: Valle del Dades a Ouarzazate y Ait Ben Haddou<\/strong><\/h3>\n<p data-start=\"4162\" data-end=\"4482\">Viajamos hacia <strong data-start=\"4177\" data-end=\"4191\">Ouarzazate<\/strong>, conocida como la \u201cHollywood de Marruecos\u201d, hogar de los famosos <strong data-start=\"4257\" data-end=\"4283\">Estudios de Cine Atlas<\/strong>. Luego, visitamos la kasbah de <strong data-start=\"4315\" data-end=\"4333\">Ait Ben Haddou<\/strong>, un sitio declarado Patrimonio de la Humanidad por la UNESCO y un lugar de rodaje de numerosas pel\u00edculas de Hollywood.<br data-start=\"4452\" data-end=\"4455\">\ud83d\udecf\ufe0f <strong data-start=\"4459\" data-end=\"4482\">Noche en Ouarzazate<\/strong><\/p>\n<hr data-start=\"4484\" data-end=\"4487\">\n<h3 data-start=\"4489\" data-end=\"4566\"><strong data-start=\"4493\" data-end=\"4566\">D\u00eda 10: Ait Ben Haddou a Marrakech a trav\u00e9s de las Monta\u00f1as del Atlas<\/strong><\/h3>\n<p data-start=\"4567\" data-end=\"4888\">Hoy cruzamos el impresionante <strong data-start=\"4597\" data-end=\"4619\">Paso Tizi n\u2019Tichka<\/strong> en las <strong data-start=\"4627\" data-end=\"4654\">Monta\u00f1as del Alto Atlas<\/strong>, con vistas panor\u00e1micas impresionantes. Al llegar a <strong data-start=\"4707\" data-end=\"4720\">Marrakech<\/strong>, exploramos sus vibrantes atracciones, incluyendo:<br data-start=\"4771\" data-end=\"4774\">\u2714 <strong data-start=\"4776\" data-end=\"4801\">La Plaza Jemaa el-Fna<\/strong><br data-start=\"4801\" data-end=\"4804\">\u2714 <strong data-start=\"4806\" data-end=\"4831\">La Mezquita Koutoubia<\/strong><br data-start=\"4831\" data-end=\"4834\">\u2714 <strong data-start=\"4836\" data-end=\"4859\">El Jard\u00edn Majorelle<\/strong><br data-start=\"4859\" data-end=\"4862\">\ud83d\udecf\ufe0f <strong data-start=\"4866\" data-end=\"4888\">Noche en Marrakech<\/strong><\/p>\n<hr data-start=\"4890\" data-end=\"4893\">\n<h3 data-start=\"4895\" data-end=\"4933\"><strong data-start=\"4899\" data-end=\"4933\">D\u00eda 11: Salida desde Marrakech<\/strong><\/h3>\n<p data-start=\"4934\" data-end=\"5219\">En el \u00faltimo d\u00eda, podr\u00e1s disfrutar de tiempo libre para hacer compras en los zocos de Marrakech antes de que te traslademos al aeropuerto para tu vuelo de regreso, marcando el final de esta incre\u00edble aventura por Marruecos.<br data-start=\"5157\" data-end=\"5160\">\u2708\ufe0f <strong data-start=\"5163\" data-end=\"5219\">Fin del tour con recuerdos inolvidables de Marruecos<\/strong><\/p>\n<\/div>","protected":false},"excerpt":{"rendered":"<p>Tour por el Desierto de Marruecos &#8211; 11 D\u00edas desde Casablanca Marruecos es un pa\u00eds de vibrante cultura, rica historia y paisajes impresionantes. Emb\u00e1rcate en un<span class=\"excerpt-hellip\"> [\u2026]<\/span><\/p>\n","protected":false},"author":1,"featured_media":0,"parent":0,"menu_order":0,"comment_status":"closed","ping_status":"closed","template":"","meta":{"ngg_post_thumbnail":0},"aioseo_notices":[],"yoast_head":"<!-- This site is optimized with the Yoast SEO plugin v20.8 - https:\/\/yoast.com\/wordpress\/plugins\/seo\/ -->\n<title>11 Dias a Desierto desde Casablanca Marruecos Tours - Desert Camel Tours<\/title>\n<meta name=\"robots\" content=\"index, follow, max-snippet:-1, max-image-preview:large, max-video-preview:-1\" \/>\n<link rel=\"canonical\" href=\"https:\/\/desertcameltours.com\/es\/11-dias-a-desierto-desde-casablanca-marruecos-tours\/\" \/>\n<meta property=\"og:locale\" content=\"en_US\" \/>\n<meta property=\"og:type\" content=\"article\" \/>\n<meta property=\"og:title\" content=\"11 Dias a Desierto desde Casablanca Marruecos Tours - Desert Camel Tours\" \/>\n<meta property=\"og:description\" content=\"Tour por el Desierto de Marruecos &#8211; 11 D\u00edas desde Casablanca Marruecos es un pa\u00eds de vibrante cultura, rica historia y paisajes impresionantes. Emb\u00e1rcate en un [\u2026]\" \/>\n<meta property=\"og:url\" content=\"https:\/\/desertcameltours.com\/es\/11-dias-a-desierto-desde-casablanca-marruecos-tours\/\" \/>\n<meta property=\"og:site_name\" content=\"Desert Camel Tours\" \/>\n<meta property=\"article:modified_time\" content=\"2025-02-14T11:40:26+00:00\" \/>\n<meta name=\"twitter:card\" content=\"summary_large_image\" \/>\n<meta name=\"twitter:label1\" content=\"Est. reading time\" \/>\n\t<meta name=\"twitter:data1\" content=\"5 minutes\" \/>\n<script type=\"application\/ld+json\" class=\"yoast-schema-graph\">{\"@context\":\"https:\/\/schema.org\",\"@graph\":[{\"@type\":\"WebPage\",\"@id\":\"https:\/\/desertcameltours.com\/es\/11-dias-a-desierto-desde-casablanca-marruecos-tours\/\",\"url\":\"https:\/\/desertcameltours.com\/es\/11-dias-a-desierto-desde-casablanca-marruecos-tours\/\",\"name\":\"11 Dias a Desierto desde Casablanca Marruecos Tours - Desert Camel Tours\",\"isPartOf\":{\"@id\":\"https:\/\/desertcameltours.com\/es\/#website\"},\"datePublished\":\"2023-06-12T15:40:35+00:00\",\"dateModified\":\"2025-02-14T11:40:26+00:00\",\"breadcrumb\":{\"@id\":\"https:\/\/desertcameltours.com\/es\/11-dias-a-desierto-desde-casablanca-marruecos-tours\/#breadcrumb\"},\"inLanguage\":\"en-US\",\"potentialAction\":[{\"@type\":\"ReadAction\",\"target\":[\"https:\/\/desertcameltours.com\/es\/11-dias-a-desierto-desde-casablanca-marruecos-tours\/\"]}]},{\"@type\":\"BreadcrumbList\",\"@id\":\"https:\/\/desertcameltours.com\/es\/11-dias-a-desierto-desde-casablanca-marruecos-tours\/#breadcrumb\",\"itemListElement\":[{\"@type\":\"ListItem\",\"position\":1,\"name\":\"Home\",\"item\":\"https:\/\/desertcameltours.com\/es\/\"},{\"@type\":\"ListItem\",\"position\":2,\"name\":\"11 Dias a Desierto desde Casablanca Marruecos Tours\"}]},{\"@type\":\"WebSite\",\"@id\":\"https:\/\/desertcameltours.com\/es\/#website\",\"url\":\"https:\/\/desertcameltours.com\/es\/\",\"name\":\"Desert Camel Tours\",\"description\":\"desert camel tours\",\"potentialAction\":[{\"@type\":\"SearchAction\",\"target\":{\"@type\":\"EntryPoint\",\"urlTemplate\":\"https:\/\/desertcameltours.com\/es\/?s={search_term_string}\"},\"query-input\":\"required name=search_term_string\"}],\"inLanguage\":\"en-US\"}]}<\/script>\n<!-- \/ Yoast SEO plugin. -->","yoast_head_json":{"title":"11 Dias a Desierto desde Casablanca Marruecos Tours - Desert Camel Tours","robots":{"index":"index","follow":"follow","max-snippet":"max-snippet:-1","max-image-preview":"max-image-preview:large","max-video-preview":"max-video-preview:-1"},"canonical":"https:\/\/desertcameltours.com\/es\/11-dias-a-desierto-desde-casablanca-marruecos-tours\/","og_locale":"en_US","og_type":"article","og_title":"11 Dias a Desierto desde Casablanca Marruecos Tours - Desert Camel Tours","og_description":"Tour por el Desierto de Marruecos &#8211; 11 D\u00edas desde Casablanca Marruecos es un pa\u00eds de vibrante cultura, rica historia y paisajes impresionantes. Emb\u00e1rcate en un [\u2026]","og_url":"https:\/\/desertcameltours.com\/es\/11-dias-a-desierto-desde-casablanca-marruecos-tours\/","og_site_name":"Desert Camel Tours","article_modified_time":"2025-02-14T11:40:26+00:00","twitter_card":"summary_large_image","twitter_misc":{"Est. reading time":"5 minutes"},"schema":{"@context":"https:\/\/schema.org","@graph":[{"@type":"WebPage","@id":"https:\/\/desertcameltours.com\/es\/11-dias-a-desierto-desde-casablanca-marruecos-tours\/","url":"https:\/\/desertcameltours.com\/es\/11-dias-a-desierto-desde-casablanca-marruecos-tours\/","name":"11 Dias a Desierto desde Casablanca Marruecos Tours - Desert Camel Tours","isPartOf":{"@id":"https:\/\/desertcameltours.com\/es\/#website"},"datePublished":"2023-06-12T15:40:35+00:00","dateModified":"2025-02-14T11:40:26+00:00","breadcrumb":{"@id":"https:\/\/desertcameltours.com\/es\/11-dias-a-desierto-desde-casablanca-marruecos-tours\/#breadcrumb"},"inLanguage":"en-US","potentialAction":[{"@type":"ReadAction","target":["https:\/\/desertcameltours.com\/es\/11-dias-a-desierto-desde-casablanca-marruecos-tours\/"]}]},{"@type":"BreadcrumbList","@id":"https:\/\/desertcameltours.com\/es\/11-dias-a-desierto-desde-casablanca-marruecos-tours\/#breadcrumb","itemListElement":[{"@type":"ListItem","position":1,"name":"Home","item":"https:\/\/desertcameltours.com\/es\/"},{"@type":"ListItem","position":2,"name":"11 Dias a Desierto desde Casablanca Marruecos Tours"}]},{"@type":"WebSite","@id":"https:\/\/desertcameltours.com\/es\/#website","url":"https:\/\/desertcameltours.com\/es\/","name":"Desert Camel Tours","description":"desert camel tours","potentialAction":[{"@type":"SearchAction","target":{"@type":"EntryPoint","urlTemplate":"https:\/\/desertcameltours.com\/es\/?s={search_term_string}"},"query-input":"required name=search_term_string"}],"inLanguage":"en-US"}]}},"_links":{"self":[{"href":"https:\/\/desertcameltours.com\/es\/wp-json\/wp\/v2\/pages\/1219"}],"collection":[{"href":"https:\/\/desertcameltours.com\/es\/wp-json\/wp\/v2\/pages"}],"about":[{"href":"https:\/\/desertcameltours.com\/es\/wp-json\/wp\/v2\/types\/page"}],"author":[{"embeddable":true,"href":"https:\/\/desertcameltours.com\/es\/wp-json\/wp\/v2\/users\/1"}],"replies":[{"embeddable":true,"href":"https:\/\/desertcameltours.com\/es\/wp-json\/wp\/v2\/comments?post=1219"}],"version-history":[{"count":2,"href":"https:\/\/desertcameltours.com\/es\/wp-json\/wp\/v2\/pages\/1219\/revisions"}],"predecessor-version":[{"id":1307,"href":"https:\/\/desertcameltours.com\/es\/wp-json\/wp\/v2\/pages\/1219\/revisions\/1307"}],"wp:attachment":[{"href":"https:\/\/desertcameltours.com\/es\/wp-json\/wp\/v2\/media?parent=1219"}],"curies":[{"name":"wp","href":"https:\/\/api.w.org\/{rel}","templated":true}]}}