{"id":1216,"date":"2023-06-12T15:39:29","date_gmt":"2023-06-12T15:39:29","guid":{"rendered":"https:\/\/desertcameltours.com\/es\/?page_id=1216"},"modified":"2025-02-14T11:41:24","modified_gmt":"2025-02-14T11:41:24","slug":"10-dias-desierto-desde-casablanca-a-merzouga","status":"publish","type":"page","link":"https:\/\/desertcameltours.com\/es\/10-dias-desierto-desde-casablanca-a-merzouga\/","title":{"rendered":"10 Dias Desierto Desde Casablanca A Merzouga"},"content":{"rendered":"<div class=\"pbs-main-wrapper\"><h3 data-start=\"51\" data-end=\"130\"><strong data-start=\"55\" data-end=\"130\">Tour por el Desierto de Marruecos &#8211; 10 D\u00edas desde Casablanca a Merzouga<\/strong><\/h3>\n<p data-start=\"132\" data-end=\"417\">Emb\u00e1rcate en un inolvidable tour de 10 d\u00edas por el desierto de Marruecos, explorando sus impresionantes paisajes, ciudades hist\u00f3ricas y vastas dunas del Sahara. Este itinerario est\u00e1 dise\u00f1ado para viajeros que desean una experiencia inmersiva, combinando cultura, aventura y relajaci\u00f3n.<\/p>\n<hr data-start=\"419\" data-end=\"422\">\n<h3 data-start=\"424\" data-end=\"494\"><strong data-start=\"428\" data-end=\"494\">D\u00eda 1: Llegada a Casablanca \u2013 La puerta de entrada a Marruecos<\/strong><\/h3>\n<p data-start=\"495\" data-end=\"987\">Tu viaje comienza en <strong data-start=\"516\" data-end=\"530\">Casablanca<\/strong>, la ciudad m\u00e1s grande y el centro econ\u00f3mico de Marruecos. A tu llegada al Aeropuerto Internacional Mohammed V, nuestro equipo te recibir\u00e1 y te trasladar\u00e1 a tu hotel. Dependiendo de la hora de llegada, podr\u00e1s visitar la ic\u00f3nica <strong data-start=\"758\" data-end=\"780\">Mezquita Hassan II<\/strong>, una de las m\u00e1s grandes del mundo, que ofrece impresionantes vistas al oc\u00e9ano. Tambi\u00e9n podr\u00e1s explorar la animada <strong data-start=\"895\" data-end=\"907\">Corniche<\/strong>, una zona vibrante con cafeter\u00edas y restaurantes.<br data-start=\"957\" data-end=\"960\">\ud83d\udecf\ufe0f <strong data-start=\"964\" data-end=\"987\">Noche en Casablanca<\/strong><\/p>\n<hr data-start=\"989\" data-end=\"992\">\n<h3 data-start=\"994\" data-end=\"1041\"><strong data-start=\"998\" data-end=\"1041\">D\u00eda 2: Casablanca a Rabat y Chefchaouen<\/strong><\/h3>\n<p data-start=\"1042\" data-end=\"1210\">Despu\u00e9s del desayuno, nos dirigimos a <strong data-start=\"1080\" data-end=\"1089\">Rabat<\/strong>, la capital de Marruecos. Visitaremos:<br data-start=\"1128\" data-end=\"1131\">\u2714 <strong data-start=\"1133\" data-end=\"1152\">El Palacio Real<\/strong><br data-start=\"1152\" data-end=\"1155\">\u2714 <strong data-start=\"1157\" data-end=\"1176\">La Torre Hassan<\/strong><br data-start=\"1176\" data-end=\"1179\">\u2714 <strong data-start=\"1181\" data-end=\"1208\">La Kasbah de los Udayas<\/strong><\/p>\n<p data-start=\"1212\" data-end=\"1484\">Luego de un paseo por los jardines andaluces, continuamos hacia <strong data-start=\"1276\" data-end=\"1291\">Chefchaouen<\/strong>, la famosa \u201cPerla Azul\u201d en las monta\u00f1as Rif. Pasea por sus encantadoras calles pintadas de azul, visita su medina y disfruta de la atm\u00f3sfera tranquila del lugar.<br data-start=\"1453\" data-end=\"1456\">\ud83d\udecf\ufe0f <strong data-start=\"1460\" data-end=\"1484\">Noche en Chefchaouen<\/strong><\/p>\n<hr data-start=\"1486\" data-end=\"1489\">\n<h3 data-start=\"1491\" data-end=\"1546\"><strong data-start=\"1495\" data-end=\"1546\">D\u00eda 3: Chefchaouen a Fes v\u00eda Volubilis y Meknes<\/strong><\/h3>\n<p data-start=\"1547\" data-end=\"1824\">Hoy nos dirigimos a <strong data-start=\"1567\" data-end=\"1580\">Volubilis<\/strong>, una antigua ciudad romana con ruinas bien conservadas y mosaicos impresionantes. Luego, visitamos <strong data-start=\"1680\" data-end=\"1690\">Meknes<\/strong>, una ciudad imperial, donde exploramos:<br data-start=\"1730\" data-end=\"1733\">\u2714 <strong data-start=\"1735\" data-end=\"1760\">La Puerta Bab Mansour<\/strong><br data-start=\"1760\" data-end=\"1763\">\u2714 <strong data-start=\"1765\" data-end=\"1794\">El Mausoleo Moulay Ismail<\/strong><br data-start=\"1794\" data-end=\"1797\">\u2714 <strong data-start=\"1799\" data-end=\"1822\">La Medina hist\u00f3rica<\/strong><\/p>\n<p data-start=\"1826\" data-end=\"1981\">Finalmente, continuamos hacia <strong data-start=\"1856\" data-end=\"1863\">Fez<\/strong>, la capital cultural y espiritual de Marruecos, donde pasar\u00e1s la noche en un riad tradicional.<br data-start=\"1958\" data-end=\"1961\">\ud83d\udecf\ufe0f <strong data-start=\"1965\" data-end=\"1981\">Noche en Fez<\/strong><\/p>\n<hr data-start=\"1983\" data-end=\"1986\">\n<h3 data-start=\"1988\" data-end=\"2039\"><strong data-start=\"1992\" data-end=\"2039\">D\u00eda 4: Explorando la Ciudad Imperial de Fez<\/strong><\/h3>\n<p data-start=\"2040\" data-end=\"2372\">Un d\u00eda completo dedicado a descubrir <strong data-start=\"2077\" data-end=\"2084\">Fez<\/strong>, comenzando con la medina medieval de <strong data-start=\"2123\" data-end=\"2138\">Fez el-Bali<\/strong>, un sitio Patrimonio de la Humanidad. Visitamos:<br data-start=\"2187\" data-end=\"2190\">\u2714 <strong data-start=\"2192\" data-end=\"2226\">La Universidad Al Quaraouiyine<\/strong> (la m\u00e1s antigua del mundo)<br data-start=\"2253\" data-end=\"2256\">\u2714 <strong data-start=\"2258\" data-end=\"2283\">La Madraza Bou Inania<\/strong><br data-start=\"2283\" data-end=\"2286\">\u2714 <strong data-start=\"2288\" data-end=\"2315\">Las Curtidur\u00edas Chouara<\/strong>, donde se ti\u00f1e el cuero utilizando t\u00e9cnicas ancestrales.<\/p>\n<p data-start=\"2374\" data-end=\"2500\">Finaliza el d\u00eda paseando por los vibrantes zocos y degustando la deliciosa cocina tradicional marroqu\u00ed.<br data-start=\"2477\" data-end=\"2480\">\ud83d\udecf\ufe0f <strong data-start=\"2484\" data-end=\"2500\">Noche en Fez<\/strong><\/p>\n<hr data-start=\"2502\" data-end=\"2505\">\n<h3 data-start=\"2507\" data-end=\"2563\"><strong data-start=\"2511\" data-end=\"2563\">D\u00eda 5: Fez al Atlas Medio y Desierto de Merzouga<\/strong><\/h3>\n<p data-start=\"2564\" data-end=\"3017\">Dejamos <strong data-start=\"2572\" data-end=\"2579\">Fez<\/strong> y nos dirigimos hacia las monta\u00f1as del <strong data-start=\"2619\" data-end=\"2634\">Atlas Medio<\/strong>, parando en <strong data-start=\"2647\" data-end=\"2657\">Ifrane<\/strong>, conocida como la \u201cSuiza de Marruecos\u201d. Continuamos a trav\u00e9s de los <strong data-start=\"2726\" data-end=\"2756\">Bosques de Cedros de Azrou<\/strong>, hogar de los monos de Berber\u00eda, y llegamos a <strong data-start=\"2803\" data-end=\"2813\">Midelt<\/strong> para almorzar. Descendemos hacia el <strong data-start=\"2850\" data-end=\"2867\">Valle del Ziz<\/strong>, famoso por sus palmerales y exuberantes oasis, antes de llegar a <strong data-start=\"2934\" data-end=\"2946\">Merzouga<\/strong>, puerta de entrada al desierto del Sahara.<br data-start=\"2989\" data-end=\"2992\">\ud83d\udecf\ufe0f <strong data-start=\"2996\" data-end=\"3017\">Noche en Merzouga<\/strong><\/p>\n<hr data-start=\"3019\" data-end=\"3022\">\n<h3 data-start=\"3024\" data-end=\"3089\"><strong data-start=\"3028\" data-end=\"3089\">D\u00eda 6: Merzouga \u2013 Paseo en Camello y Noche en el Desierto<\/strong><\/h3>\n<p data-start=\"3090\" data-end=\"3666\">Despierta temprano para disfrutar de una impresionante salida del sol sobre las dunas del Sahara. Pasamos el d\u00eda explorando la regi\u00f3n, visitando el pueblo de <strong data-start=\"3248\" data-end=\"3259\">Khamlia<\/strong>, hogar de los m\u00fasicos Gnawa, y descubriendo el paisaje des\u00e9rtico lleno de f\u00f3siles. Por la tarde, emprendemos un paseo en camello a trav\u00e9s de las doradas dunas de <strong data-start=\"3422\" data-end=\"3436\">Erg Chebbi<\/strong>. Llegamos a un campamento de lujo en el desierto, donde disfrutar\u00e1s de m\u00fasica tradicional bereber, una cena alrededor de la fogata y una noche bajo las estrellas en una tienda c\u00f3moda.<br data-start=\"3620\" data-end=\"3623\">\ud83d\udecf\ufe0f <strong data-start=\"3627\" data-end=\"3666\">Noche en un campamento del desierto<\/strong><\/p>\n<hr data-start=\"3668\" data-end=\"3671\">\n<h3 data-start=\"3673\" data-end=\"3740\"><strong data-start=\"3677\" data-end=\"3740\">D\u00eda 7: Merzouga a las Gargantas del Todra y Valle del Dades<\/strong><\/h3>\n<p data-start=\"3741\" data-end=\"4207\">Despu\u00e9s de disfrutar de un espectacular amanecer, nos dirigimos hacia las <strong data-start=\"3815\" data-end=\"3838\">Gargantas del Todra<\/strong>, un impresionante ca\u00f1\u00f3n con paredes rocosas que se elevan hasta 300 metros. Realiza una caminata corta o rel\u00e1jate junto al r\u00edo fresco antes de continuar hacia el <strong data-start=\"4001\" data-end=\"4020\">Valle del Dades<\/strong>, conocido como el \u201cValle de los Mil Kasbahs\u201d. Llegamos al hotel con vistas a las formaciones rocosas y disfrutamos de una tradicional cena marroqu\u00ed.<br data-start=\"4169\" data-end=\"4172\">\ud83d\udecf\ufe0f <strong data-start=\"4176\" data-end=\"4207\">Noche en el Valle del Dades<\/strong><\/p>\n<hr data-start=\"4209\" data-end=\"4212\">\n<h3 data-start=\"4214\" data-end=\"4273\"><strong data-start=\"4218\" data-end=\"4273\">D\u00eda 8: Valle del Dades a Ouarzazate y Ait Benhaddou<\/strong><\/h3>\n<p data-start=\"4274\" data-end=\"4607\">Seguimos el viaje atravesando el <strong data-start=\"4307\" data-end=\"4329\">Valle de las Rosas<\/strong> y el <strong data-start=\"4335\" data-end=\"4354\">Oasis de Skoura<\/strong>, famosos por sus kasbahs hist\u00f3ricas. Llegamos a <strong data-start=\"4403\" data-end=\"4417\">Ouarzazate<\/strong>, conocida como la \u201cHollywood de Marruecos\u201d, donde visitamos:<br data-start=\"4478\" data-end=\"4481\">\u2714 <strong data-start=\"4483\" data-end=\"4505\">La Kasbah Taourirt<\/strong><br data-start=\"4505\" data-end=\"4508\">\u2714 <strong data-start=\"4510\" data-end=\"4540\">Los Estudios de Cine Atlas<\/strong>, famosos por ser el escenario de numerosas pel\u00edculas de Hollywood.<\/p>\n<p data-start=\"4609\" data-end=\"4822\">Luego, exploramos la kasbah de <strong data-start=\"4640\" data-end=\"4657\">Ait Benhaddou<\/strong>, una fortaleza declarada Patrimonio de la Humanidad por la UNESCO, que ha aparecido en pel\u00edculas como <em data-start=\"4760\" data-end=\"4771\">Gladiador<\/em> y <em data-start=\"4774\" data-end=\"4791\">Juego de Tronos<\/em>.<br data-start=\"4792\" data-end=\"4795\">\ud83d\udecf\ufe0f <strong data-start=\"4799\" data-end=\"4822\">Noche en Ouarzazate<\/strong><\/p>\n<hr data-start=\"4824\" data-end=\"4827\">\n<h3 data-start=\"4829\" data-end=\"4904\"><strong data-start=\"4833\" data-end=\"4904\">D\u00eda 9: Ait Benhaddou a Marrakech a trav\u00e9s de las Monta\u00f1as del Atlas<\/strong><\/h3>\n<p data-start=\"4905\" data-end=\"5324\">Cruzamos el impresionante <strong data-start=\"4931\" data-end=\"4953\">Paso Tizi n\u2019Tichka<\/strong> en las <strong data-start=\"4961\" data-end=\"4988\">Monta\u00f1as del Alto Atlas<\/strong>, con vistas panor\u00e1micas espectaculares. Al llegar a <strong data-start=\"5041\" data-end=\"5054\">Marrakech<\/strong>, visitamos la <strong data-start=\"5069\" data-end=\"5092\">Plaza Jemaa el-Fnaa<\/strong>, una animada plaza llena de artistas callejeros, encantadores de serpientes y puestos de comida. Pasamos la tarde explorando los zocos, donde podr\u00e1s comprar artesan\u00edas marroqu\u00edes aut\u00e9nticas y recuerdos.<br data-start=\"5295\" data-end=\"5298\">\ud83d\udecf\ufe0f <strong data-start=\"5302\" data-end=\"5324\">Noche en Marrakech<\/strong><\/p>\n<hr data-start=\"5326\" data-end=\"5329\">\n<h3 data-start=\"5331\" data-end=\"5379\"><strong data-start=\"5335\" data-end=\"5379\">D\u00eda 10: Recorrido por Marrakech y Salida<\/strong><\/h3>\n<p data-start=\"5380\" data-end=\"5540\">En tu \u00faltimo d\u00eda, descubre los famosos monumentos de Marrakech, incluyendo:<br data-start=\"5455\" data-end=\"5458\">\u2714 <strong data-start=\"5460\" data-end=\"5485\">La Mezquita Koutoubia<\/strong><br data-start=\"5485\" data-end=\"5488\">\u2714 <strong data-start=\"5490\" data-end=\"5510\">El Palacio Bahia<\/strong><br data-start=\"5510\" data-end=\"5513\">\u2714 <strong data-start=\"5515\" data-end=\"5538\">El Jard\u00edn Majorelle<\/strong><\/p>\n<p data-start=\"5542\" data-end=\"5733\">Si el tiempo lo permite, disfruta de una experiencia de <strong data-start=\"5598\" data-end=\"5608\">hammam<\/strong> antes de ser trasladado al aeropuerto para tu vuelo de salida.<br data-start=\"5671\" data-end=\"5674\">\u2708\ufe0f <strong data-start=\"5677\" data-end=\"5733\">Fin del tour con recuerdos inolvidables de Marruecos<\/strong><\/p>\n<\/div>","protected":false},"excerpt":{"rendered":"<p>Tour por el Desierto de Marruecos &#8211; 10 D\u00edas desde Casablanca a Merzouga Emb\u00e1rcate en un inolvidable tour de 10 d\u00edas por el desierto de Marruecos,<span class=\"excerpt-hellip\"> [\u2026]<\/span><\/p>\n","protected":false},"author":1,"featured_media":0,"parent":0,"menu_order":0,"comment_status":"closed","ping_status":"closed","template":"","meta":{"ngg_post_thumbnail":0},"aioseo_notices":[],"yoast_head":"<!-- This site is optimized with the Yoast SEO plugin v20.8 - https:\/\/yoast.com\/wordpress\/plugins\/seo\/ -->\n<title>10 Dias Desierto Desde Casablanca A Merzouga - Desert Camel Tours<\/title>\n<meta name=\"robots\" content=\"index, follow, max-snippet:-1, max-image-preview:large, max-video-preview:-1\" \/>\n<link rel=\"canonical\" href=\"https:\/\/desertcameltours.com\/es\/10-dias-desierto-desde-casablanca-a-merzouga\/\" \/>\n<meta property=\"og:locale\" content=\"en_US\" \/>\n<meta property=\"og:type\" content=\"article\" \/>\n<meta property=\"og:title\" content=\"10 Dias Desierto Desde Casablanca A Merzouga - Desert Camel Tours\" \/>\n<meta property=\"og:description\" content=\"Tour por el Desierto de Marruecos &#8211; 10 D\u00edas desde Casablanca a Merzouga Emb\u00e1rcate en un inolvidable tour de 10 d\u00edas por el desierto de Marruecos, [\u2026]\" \/>\n<meta property=\"og:url\" content=\"https:\/\/desertcameltours.com\/es\/10-dias-desierto-desde-casablanca-a-merzouga\/\" \/>\n<meta property=\"og:site_name\" content=\"Desert Camel Tours\" \/>\n<meta property=\"article:modified_time\" content=\"2025-02-14T11:41:24+00:00\" \/>\n<meta name=\"twitter:card\" content=\"summary_large_image\" \/>\n<meta name=\"twitter:label1\" content=\"Est. reading time\" \/>\n\t<meta name=\"twitter:data1\" content=\"4 minutes\" \/>\n<script type=\"application\/ld+json\" class=\"yoast-schema-graph\">{\"@context\":\"https:\/\/schema.org\",\"@graph\":[{\"@type\":\"WebPage\",\"@id\":\"https:\/\/desertcameltours.com\/es\/10-dias-desierto-desde-casablanca-a-merzouga\/\",\"url\":\"https:\/\/desertcameltours.com\/es\/10-dias-desierto-desde-casablanca-a-merzouga\/\",\"name\":\"10 Dias Desierto Desde Casablanca A Merzouga - Desert Camel Tours\",\"isPartOf\":{\"@id\":\"https:\/\/desertcameltours.com\/es\/#website\"},\"datePublished\":\"2023-06-12T15:39:29+00:00\",\"dateModified\":\"2025-02-14T11:41:24+00:00\",\"breadcrumb\":{\"@id\":\"https:\/\/desertcameltours.com\/es\/10-dias-desierto-desde-casablanca-a-merzouga\/#breadcrumb\"},\"inLanguage\":\"en-US\",\"potentialAction\":[{\"@type\":\"ReadAction\",\"target\":[\"https:\/\/desertcameltours.com\/es\/10-dias-desierto-desde-casablanca-a-merzouga\/\"]}]},{\"@type\":\"BreadcrumbList\",\"@id\":\"https:\/\/desertcameltours.com\/es\/10-dias-desierto-desde-casablanca-a-merzouga\/#breadcrumb\",\"itemListElement\":[{\"@type\":\"ListItem\",\"position\":1,\"name\":\"Home\",\"item\":\"https:\/\/desertcameltours.com\/es\/\"},{\"@type\":\"ListItem\",\"position\":2,\"name\":\"10 Dias Desierto Desde Casablanca A Merzouga\"}]},{\"@type\":\"WebSite\",\"@id\":\"https:\/\/desertcameltours.com\/es\/#website\",\"url\":\"https:\/\/desertcameltours.com\/es\/\",\"name\":\"Desert Camel Tours\",\"description\":\"desert camel tours\",\"potentialAction\":[{\"@type\":\"SearchAction\",\"target\":{\"@type\":\"EntryPoint\",\"urlTemplate\":\"https:\/\/desertcameltours.com\/es\/?s={search_term_string}\"},\"query-input\":\"required name=search_term_string\"}],\"inLanguage\":\"en-US\"}]}<\/script>\n<!-- \/ Yoast SEO plugin. -->","yoast_head_json":{"title":"10 Dias Desierto Desde Casablanca A Merzouga - Desert Camel Tours","robots":{"index":"index","follow":"follow","max-snippet":"max-snippet:-1","max-image-preview":"max-image-preview:large","max-video-preview":"max-video-preview:-1"},"canonical":"https:\/\/desertcameltours.com\/es\/10-dias-desierto-desde-casablanca-a-merzouga\/","og_locale":"en_US","og_type":"article","og_title":"10 Dias Desierto Desde Casablanca A Merzouga - Desert Camel Tours","og_description":"Tour por el Desierto de Marruecos &#8211; 10 D\u00edas desde Casablanca a Merzouga Emb\u00e1rcate en un inolvidable tour de 10 d\u00edas por el desierto de Marruecos, [\u2026]","og_url":"https:\/\/desertcameltours.com\/es\/10-dias-desierto-desde-casablanca-a-merzouga\/","og_site_name":"Desert Camel Tours","article_modified_time":"2025-02-14T11:41:24+00:00","twitter_card":"summary_large_image","twitter_misc":{"Est. reading time":"4 minutes"},"schema":{"@context":"https:\/\/schema.org","@graph":[{"@type":"WebPage","@id":"https:\/\/desertcameltours.com\/es\/10-dias-desierto-desde-casablanca-a-merzouga\/","url":"https:\/\/desertcameltours.com\/es\/10-dias-desierto-desde-casablanca-a-merzouga\/","name":"10 Dias Desierto Desde Casablanca A Merzouga - Desert Camel Tours","isPartOf":{"@id":"https:\/\/desertcameltours.com\/es\/#website"},"datePublished":"2023-06-12T15:39:29+00:00","dateModified":"2025-02-14T11:41:24+00:00","breadcrumb":{"@id":"https:\/\/desertcameltours.com\/es\/10-dias-desierto-desde-casablanca-a-merzouga\/#breadcrumb"},"inLanguage":"en-US","potentialAction":[{"@type":"ReadAction","target":["https:\/\/desertcameltours.com\/es\/10-dias-desierto-desde-casablanca-a-merzouga\/"]}]},{"@type":"BreadcrumbList","@id":"https:\/\/desertcameltours.com\/es\/10-dias-desierto-desde-casablanca-a-merzouga\/#breadcrumb","itemListElement":[{"@type":"ListItem","position":1,"name":"Home","item":"https:\/\/desertcameltours.com\/es\/"},{"@type":"ListItem","position":2,"name":"10 Dias Desierto Desde Casablanca A Merzouga"}]},{"@type":"WebSite","@id":"https:\/\/desertcameltours.com\/es\/#website","url":"https:\/\/desertcameltours.com\/es\/","name":"Desert Camel Tours","description":"desert camel tours","potentialAction":[{"@type":"SearchAction","target":{"@type":"EntryPoint","urlTemplate":"https:\/\/desertcameltours.com\/es\/?s={search_term_string}"},"query-input":"required name=search_term_string"}],"inLanguage":"en-US"}]}},"_links":{"self":[{"href":"https:\/\/desertcameltours.com\/es\/wp-json\/wp\/v2\/pages\/1216"}],"collection":[{"href":"https:\/\/desertcameltours.com\/es\/wp-json\/wp\/v2\/pages"}],"about":[{"href":"https:\/\/desertcameltours.com\/es\/wp-json\/wp\/v2\/types\/page"}],"author":[{"embeddable":true,"href":"https:\/\/desertcameltours.com\/es\/wp-json\/wp\/v2\/users\/1"}],"replies":[{"embeddable":true,"href":"https:\/\/desertcameltours.com\/es\/wp-json\/wp\/v2\/comments?post=1216"}],"version-history":[{"count":2,"href":"https:\/\/desertcameltours.com\/es\/wp-json\/wp\/v2\/pages\/1216\/revisions"}],"predecessor-version":[{"id":1308,"href":"https:\/\/desertcameltours.com\/es\/wp-json\/wp\/v2\/pages\/1216\/revisions\/1308"}],"wp:attachment":[{"href":"https:\/\/desertcameltours.com\/es\/wp-json\/wp\/v2\/media?parent=1216"}],"curies":[{"name":"wp","href":"https:\/\/api.w.org\/{rel}","templated":true}]}}