{"id":1194,"date":"2023-06-11T17:37:19","date_gmt":"2023-06-11T17:37:19","guid":{"rendered":"https:\/\/desertcameltours.com\/es\/?page_id=1194"},"modified":"2025-02-14T11:25:14","modified_gmt":"2025-02-14T11:25:14","slug":"12-dias-desde-fes-marruecos-tour","status":"publish","type":"page","link":"https:\/\/desertcameltours.com\/es\/12-dias-desde-fes-marruecos-tour\/","title":{"rendered":"12 D\u00edas Desde Fes Marruecos tour"},"content":{"rendered":"<div class=\"pbs-main-wrapper\"><p data-start=\"0\" data-end=\"449\">Emb\u00e1rcate en un inolvidable viaje de 12 d\u00edas por Marruecos, comenzando en la hist\u00f3rica ciudad de Fez. Este tour te sumergir\u00e1 en la rica herencia, los diversos paisajes y la vibrante cultura del pa\u00eds. Desde los callejones medievales de Fez hasta las doradas dunas del desierto del Sahara, desde los bulliciosos zocos de Marrakech hasta las serenas calles azules de Chefchaouen, este recorrido est\u00e1 dise\u00f1ado para ofrecerte lo mejor de Marruecos.<\/p>\n<h3 data-start=\"451\" data-end=\"505\"><strong data-start=\"455\" data-end=\"503\">D\u00eda 1: Llegada a Fez \u2013 La Capital Espiritual<\/strong><\/h3>\n<p data-start=\"506\" data-end=\"808\">A tu llegada a Fez, ser\u00e1s recibido y trasladado a tu hotel. El resto del d\u00eda ser\u00e1 libre para que explores la antigua ciudad o descanses despu\u00e9s del viaje. Fez es famosa por su medina declarada Patrimonio de la Humanidad por la UNESCO, sus hist\u00f3ricas madrazas y su impresionante arquitectura isl\u00e1mica.<\/p>\n<h3 data-start=\"810\" data-end=\"855\"><strong data-start=\"814\" data-end=\"853\">D\u00eda 2: Tour Guiado Completo por Fez<\/strong><\/h3>\n<p data-start=\"856\" data-end=\"1182\">Descubre la encantadora ciudad de Fez con un gu\u00eda local. Destacan:<br data-start=\"922\" data-end=\"925\">\u2714 La Universidad Al-Qarawiyyin, la m\u00e1s antigua del mundo.<br data-start=\"982\" data-end=\"985\">\u2714 La Madraza Bou Inania, una obra maestra arquitect\u00f3nica.<br data-start=\"1042\" data-end=\"1045\">\u2714 La Curtidur\u00eda Chouara, donde el cuero se ti\u00f1e con m\u00e9todos tradicionales.<br data-start=\"1119\" data-end=\"1122\">\u2714 Los bulliciosos zocos repletos de artesan\u00edas y especias.<\/p>\n<h3 data-start=\"1184\" data-end=\"1250\"><strong data-start=\"1188\" data-end=\"1248\">D\u00eda 3: De Fez a Chefchaouen \u2013 La Perla Azul de Marruecos<\/strong><\/h3>\n<p data-start=\"1251\" data-end=\"1562\">Salida hacia Chefchaouen, un pintoresco pueblo enclavado en las monta\u00f1as del Rif. Famoso por sus edificios pintados de azul, ofrece un ambiente sereno y espectaculares oportunidades fotogr\u00e1ficas. Dedica el d\u00eda a pasear por sus estrechas calles, visitar el Museo de la Kasbah y disfrutar de vistas panor\u00e1micas.<\/p>\n<h3 data-start=\"1564\" data-end=\"1616\"><strong data-start=\"1568\" data-end=\"1614\">D\u00eda 4: De Chefchaouen a Volubilis y Meknes<\/strong><\/h3>\n<p data-start=\"1617\" data-end=\"1957\">Viaja hacia Volubilis, un sitio arqueol\u00f3gico declarado Patrimonio de la Humanidad por la UNESCO, donde se conservan impresionantes ruinas romanas. Contin\u00faa hacia Meknes, una de las ciudades imperiales de Marruecos, conocida por sus grandiosas puertas y monumentos hist\u00f3ricos como Bab Mansour, Heri es-Souani y el Mausoleo de Mulay Ismail.<\/p>\n<h3 data-start=\"1959\" data-end=\"2016\"><strong data-start=\"1963\" data-end=\"2014\">D\u00eda 5: De Meknes a Merzouga \u2013 Puerta del Sahara<\/strong><\/h3>\n<p data-start=\"2017\" data-end=\"2358\">Disfruta de un impresionante recorrido a trav\u00e9s de las monta\u00f1as del Medio Atlas, los bosques de cedros de Azrou y el Valle del Ziz. Al llegar a Merzouga, monta en camello para adentrarte en las dunas de Erg Chebbi y contemplar una inolvidable puesta de sol en el desierto. Pasar\u00e1s la noche en un lujoso campamento bajo un cielo estrellado.<\/p>\n<h3 data-start=\"2360\" data-end=\"2430\"><strong data-start=\"2364\" data-end=\"2428\">D\u00eda 6: De Merzouga a la Garganta del Todra y Valle del Dades<\/strong><\/h3>\n<p data-start=\"2431\" data-end=\"2736\">Despi\u00e9rtate temprano para admirar el amanecer en el desierto antes de partir hacia la impresionante Garganta del Todra, famosa por sus imponentes acantilados. Contin\u00faa a trav\u00e9s del Valle del Dades, caracterizado por sus asombrosas formaciones rocosas, y pasa la noche en una acogedora casa de hu\u00e9spedes.<\/p>\n<h3 data-start=\"2738\" data-end=\"2804\"><strong data-start=\"2742\" data-end=\"2802\">D\u00eda 7: Del Valle del Dades a Ouarzazate y Ait Ben Haddou<\/strong><\/h3>\n<p data-start=\"2805\" data-end=\"3105\">Recorre el Valle de las Rosas, donde florecen extensos campos de rosas en primavera. Visita Ouarzazate, conocida como el Hollywood de \u00c1frica, y explora la famosa Ait Ben Haddou, una kasbah declarada Patrimonio de la Humanidad por la UNESCO y escenario de pel\u00edculas como Gladiador y Juego de Tronos.<\/p>\n<h3 data-start=\"3107\" data-end=\"3177\"><strong data-start=\"3111\" data-end=\"3175\">D\u00eda 8: De Ait Ben Haddou a Marrakech a trav\u00e9s del Alto Atlas<\/strong><\/h3>\n<p data-start=\"3178\" data-end=\"3426\">Cruza las monta\u00f1as del Alto Atlas por el serpenteante paso de Tizi n\u2019Tichka rumbo a Marrakech. Al llegar, disfruta de una tarde libre para explorar la plaza Jemaa el-Fnaa, donde cuentacuentos, m\u00fasicos y puestos de comida llenan de vida la ciudad.<\/p>\n<h3 data-start=\"3428\" data-end=\"3479\"><strong data-start=\"3432\" data-end=\"3477\">D\u00eda 9: Tour Guiado Completo por Marrakech<\/strong><\/h3>\n<p data-start=\"3480\" data-end=\"3870\">Descubre la vibrante ciudad de Marrakech visitando sus principales atractivos:<br data-start=\"3558\" data-end=\"3561\">\u2714 La Mezquita Koutoubia, una maravilla arquitect\u00f3nica.<br data-start=\"3615\" data-end=\"3618\">\u2714 El Palacio de la Bah\u00eda, una joya del arte marroqu\u00ed.<br data-start=\"3671\" data-end=\"3674\">\u2714 Las Tumbas Saad\u00edes, un tesoro hist\u00f3rico.<br data-start=\"3716\" data-end=\"3719\">\u2714 El Jard\u00edn Majorelle, un exuberante oasis de tranquilidad.<br data-start=\"3778\" data-end=\"3781\">Por la tarde, pi\u00e9rdete en los animados zocos y compra aut\u00e9nticas artesan\u00edas marroqu\u00edes.<\/p>\n<h3 data-start=\"3872\" data-end=\"3930\"><strong data-start=\"3876\" data-end=\"3928\">D\u00eda 10: Excursi\u00f3n a Essaouira \u2013 Escapada Costera<\/strong><\/h3>\n<p data-start=\"3931\" data-end=\"4173\">Realiza una excursi\u00f3n de un d\u00eda a Essaouira, una encantadora ciudad costera con edificios blancos y un ambiente relajado. Disfruta de mariscos frescos, explora la hist\u00f3rica fortaleza Skala y pasea por la playa antes de regresar a Marrakech.<\/p>\n<h3 data-start=\"4175\" data-end=\"4242\"><strong data-start=\"4179\" data-end=\"4240\">D\u00eda 11: De Marrakech a Casablanca \u2013 La Metr\u00f3polis Moderna<\/strong><\/h3>\n<p data-start=\"4243\" data-end=\"4469\">Viaja a Casablanca, la ciudad m\u00e1s moderna de Marruecos. Visita la impresionante Mezquita Hassan II, una de las m\u00e1s grandes del mundo. Recorre el paseo mar\u00edtimo de la Corniche y disfruta del ambiente cosmopolita de la ciudad.<\/p>\n<h3 data-start=\"4471\" data-end=\"4512\"><strong data-start=\"4475\" data-end=\"4510\">D\u00eda 12: Salida desde Casablanca<\/strong><\/h3>\n<p data-start=\"4513\" data-end=\"4622\">Despu\u00e9s de un inolvidable recorrido por Marruecos, ser\u00e1s trasladado al aeropuerto para tu vuelo de regreso.<\/p>\n<h3 data-start=\"4624\" data-end=\"4685\"><strong data-start=\"4628\" data-end=\"4683\">\u00bfPor qu\u00e9 elegir este tour de 12 d\u00edas por Marruecos?<\/strong><\/h3>\n<p data-start=\"4686\" data-end=\"4977\">\u2714 Gu\u00edas locales expertos y experiencias aut\u00e9nticas.<br data-start=\"4737\" data-end=\"4740\">\u2714 Una noche en un lujoso campamento en el desierto.<br data-start=\"4791\" data-end=\"4794\">\u2714 Viaje a trav\u00e9s de paisajes contrastantes: monta\u00f1as, desiertos y costas.<br data-start=\"4867\" data-end=\"4870\">\u2714 Inmersi\u00f3n en la cultura e historia de Marruecos.<br data-start=\"4920\" data-end=\"4923\">\u2714 Alojamiento c\u00f3modo y traslados sin preocupaciones.<\/p>\n<\/div>","protected":false},"excerpt":{"rendered":"<p>Emb\u00e1rcate en un inolvidable viaje de 12 d\u00edas por Marruecos, comenzando en la hist\u00f3rica ciudad de Fez. Este tour te sumergir\u00e1 en la rica herencia, los<span class=\"excerpt-hellip\"> [\u2026]<\/span><\/p>\n","protected":false},"author":1,"featured_media":0,"parent":0,"menu_order":0,"comment_status":"closed","ping_status":"closed","template":"","meta":{"ngg_post_thumbnail":0},"aioseo_notices":[],"yoast_head":"<!-- This site is optimized with the Yoast SEO plugin v20.8 - https:\/\/yoast.com\/wordpress\/plugins\/seo\/ -->\n<title>12 D\u00edas Desde Fes Marruecos tour - Desert Camel Tours<\/title>\n<meta name=\"robots\" content=\"index, follow, max-snippet:-1, max-image-preview:large, max-video-preview:-1\" \/>\n<link rel=\"canonical\" href=\"https:\/\/desertcameltours.com\/es\/12-dias-desde-fes-marruecos-tour\/\" \/>\n<meta property=\"og:locale\" content=\"en_US\" \/>\n<meta property=\"og:type\" content=\"article\" \/>\n<meta property=\"og:title\" content=\"12 D\u00edas Desde Fes Marruecos tour - Desert Camel Tours\" \/>\n<meta property=\"og:description\" content=\"Emb\u00e1rcate en un inolvidable viaje de 12 d\u00edas por Marruecos, comenzando en la hist\u00f3rica ciudad de Fez. Este tour te sumergir\u00e1 en la rica herencia, los [\u2026]\" \/>\n<meta property=\"og:url\" content=\"https:\/\/desertcameltours.com\/es\/12-dias-desde-fes-marruecos-tour\/\" \/>\n<meta property=\"og:site_name\" content=\"Desert Camel Tours\" \/>\n<meta property=\"article:modified_time\" content=\"2025-02-14T11:25:14+00:00\" \/>\n<meta name=\"twitter:card\" content=\"summary_large_image\" \/>\n<meta name=\"twitter:label1\" content=\"Est. reading time\" \/>\n\t<meta name=\"twitter:data1\" content=\"5 minutes\" \/>\n<script type=\"application\/ld+json\" class=\"yoast-schema-graph\">{\"@context\":\"https:\/\/schema.org\",\"@graph\":[{\"@type\":\"WebPage\",\"@id\":\"https:\/\/desertcameltours.com\/es\/12-dias-desde-fes-marruecos-tour\/\",\"url\":\"https:\/\/desertcameltours.com\/es\/12-dias-desde-fes-marruecos-tour\/\",\"name\":\"12 D\u00edas Desde Fes Marruecos tour - Desert Camel Tours\",\"isPartOf\":{\"@id\":\"https:\/\/desertcameltours.com\/es\/#website\"},\"datePublished\":\"2023-06-11T17:37:19+00:00\",\"dateModified\":\"2025-02-14T11:25:14+00:00\",\"breadcrumb\":{\"@id\":\"https:\/\/desertcameltours.com\/es\/12-dias-desde-fes-marruecos-tour\/#breadcrumb\"},\"inLanguage\":\"en-US\",\"potentialAction\":[{\"@type\":\"ReadAction\",\"target\":[\"https:\/\/desertcameltours.com\/es\/12-dias-desde-fes-marruecos-tour\/\"]}]},{\"@type\":\"BreadcrumbList\",\"@id\":\"https:\/\/desertcameltours.com\/es\/12-dias-desde-fes-marruecos-tour\/#breadcrumb\",\"itemListElement\":[{\"@type\":\"ListItem\",\"position\":1,\"name\":\"Home\",\"item\":\"https:\/\/desertcameltours.com\/es\/\"},{\"@type\":\"ListItem\",\"position\":2,\"name\":\"12 D\u00edas Desde Fes Marruecos tour\"}]},{\"@type\":\"WebSite\",\"@id\":\"https:\/\/desertcameltours.com\/es\/#website\",\"url\":\"https:\/\/desertcameltours.com\/es\/\",\"name\":\"Desert Camel Tours\",\"description\":\"desert camel tours\",\"potentialAction\":[{\"@type\":\"SearchAction\",\"target\":{\"@type\":\"EntryPoint\",\"urlTemplate\":\"https:\/\/desertcameltours.com\/es\/?s={search_term_string}\"},\"query-input\":\"required name=search_term_string\"}],\"inLanguage\":\"en-US\"}]}<\/script>\n<!-- \/ Yoast SEO plugin. -->","yoast_head_json":{"title":"12 D\u00edas Desde Fes Marruecos tour - Desert Camel Tours","robots":{"index":"index","follow":"follow","max-snippet":"max-snippet:-1","max-image-preview":"max-image-preview:large","max-video-preview":"max-video-preview:-1"},"canonical":"https:\/\/desertcameltours.com\/es\/12-dias-desde-fes-marruecos-tour\/","og_locale":"en_US","og_type":"article","og_title":"12 D\u00edas Desde Fes Marruecos tour - Desert Camel Tours","og_description":"Emb\u00e1rcate en un inolvidable viaje de 12 d\u00edas por Marruecos, comenzando en la hist\u00f3rica ciudad de Fez. Este tour te sumergir\u00e1 en la rica herencia, los [\u2026]","og_url":"https:\/\/desertcameltours.com\/es\/12-dias-desde-fes-marruecos-tour\/","og_site_name":"Desert Camel Tours","article_modified_time":"2025-02-14T11:25:14+00:00","twitter_card":"summary_large_image","twitter_misc":{"Est. reading time":"5 minutes"},"schema":{"@context":"https:\/\/schema.org","@graph":[{"@type":"WebPage","@id":"https:\/\/desertcameltours.com\/es\/12-dias-desde-fes-marruecos-tour\/","url":"https:\/\/desertcameltours.com\/es\/12-dias-desde-fes-marruecos-tour\/","name":"12 D\u00edas Desde Fes Marruecos tour - Desert Camel Tours","isPartOf":{"@id":"https:\/\/desertcameltours.com\/es\/#website"},"datePublished":"2023-06-11T17:37:19+00:00","dateModified":"2025-02-14T11:25:14+00:00","breadcrumb":{"@id":"https:\/\/desertcameltours.com\/es\/12-dias-desde-fes-marruecos-tour\/#breadcrumb"},"inLanguage":"en-US","potentialAction":[{"@type":"ReadAction","target":["https:\/\/desertcameltours.com\/es\/12-dias-desde-fes-marruecos-tour\/"]}]},{"@type":"BreadcrumbList","@id":"https:\/\/desertcameltours.com\/es\/12-dias-desde-fes-marruecos-tour\/#breadcrumb","itemListElement":[{"@type":"ListItem","position":1,"name":"Home","item":"https:\/\/desertcameltours.com\/es\/"},{"@type":"ListItem","position":2,"name":"12 D\u00edas Desde Fes Marruecos tour"}]},{"@type":"WebSite","@id":"https:\/\/desertcameltours.com\/es\/#website","url":"https:\/\/desertcameltours.com\/es\/","name":"Desert Camel Tours","description":"desert camel tours","potentialAction":[{"@type":"SearchAction","target":{"@type":"EntryPoint","urlTemplate":"https:\/\/desertcameltours.com\/es\/?s={search_term_string}"},"query-input":"required name=search_term_string"}],"inLanguage":"en-US"}]}},"_links":{"self":[{"href":"https:\/\/desertcameltours.com\/es\/wp-json\/wp\/v2\/pages\/1194"}],"collection":[{"href":"https:\/\/desertcameltours.com\/es\/wp-json\/wp\/v2\/pages"}],"about":[{"href":"https:\/\/desertcameltours.com\/es\/wp-json\/wp\/v2\/types\/page"}],"author":[{"embeddable":true,"href":"https:\/\/desertcameltours.com\/es\/wp-json\/wp\/v2\/users\/1"}],"replies":[{"embeddable":true,"href":"https:\/\/desertcameltours.com\/es\/wp-json\/wp\/v2\/comments?post=1194"}],"version-history":[{"count":2,"href":"https:\/\/desertcameltours.com\/es\/wp-json\/wp\/v2\/pages\/1194\/revisions"}],"predecessor-version":[{"id":1300,"href":"https:\/\/desertcameltours.com\/es\/wp-json\/wp\/v2\/pages\/1194\/revisions\/1300"}],"wp:attachment":[{"href":"https:\/\/desertcameltours.com\/es\/wp-json\/wp\/v2\/media?parent=1194"}],"curies":[{"name":"wp","href":"https:\/\/api.w.org\/{rel}","templated":true}]}}