{"id":1189,"date":"2023-06-11T17:35:08","date_gmt":"2023-06-11T17:35:08","guid":{"rendered":"https:\/\/desertcameltours.com\/es\/?page_id=1189"},"modified":"2025-02-14T11:28:40","modified_gmt":"2025-02-14T11:28:40","slug":"10-dias-desde-fes-marruecos-viajes","status":"publish","type":"page","link":"https:\/\/desertcameltours.com\/es\/10-dias-desde-fes-marruecos-viajes\/","title":{"rendered":"10 Dias Desde Fes  Marruecos Viajes"},"content":{"rendered":"<div class=\"pbs-main-wrapper\"><p data-start=\"0\" data-end=\"366\">Marruecos es una tierra de paisajes fascinantes, rica historia y cultura vibrante. Un tour de 10 d\u00edas desde Fez es la manera perfecta de sumergirse en las maravillas de este tesoro del norte de \u00c1frica. Desde las calles medievales de Fez hasta las doradas dunas del Sahara y las pintorescas ciudades costeras, este itinerario garantiza una aventura inolvidable.<\/p>\n<h3 data-start=\"368\" data-end=\"420\"><strong data-start=\"372\" data-end=\"418\">D\u00eda 1: Llegada a Fez \u2013 La Capital Cultural<\/strong><\/h3>\n<p data-start=\"421\" data-end=\"873\">A tu llegada al Aeropuerto de Fez-Sa\u00efss, ser\u00e1s recibido y trasladado a tu riad tradicional en el coraz\u00f3n de la Medina. En tu primer d\u00eda, podr\u00e1s explorar los vibrantes zocos, mezquitas hist\u00f3ricas y madrazas ornamentadas. Destacan:<br data-start=\"650\" data-end=\"653\">\u2714 <strong data-start=\"655\" data-end=\"686\">Universidad Al Quaraouiyine<\/strong>, la m\u00e1s antigua del mundo.<br data-start=\"713\" data-end=\"716\">\u2714 <strong data-start=\"718\" data-end=\"740\">Madraza Bou Inania<\/strong>, una joya de la arquitectura merin\u00ed.<br data-start=\"777\" data-end=\"780\">\u2714 <strong data-start=\"782\" data-end=\"804\">Curtidur\u00eda Chouara<\/strong>, donde a\u00fan se practican t\u00e9cnicas tradicionales de te\u00f1ido de cuero.<\/p>\n<h3 data-start=\"875\" data-end=\"904\"><strong data-start=\"879\" data-end=\"902\">D\u00eda 2: Tour por Fez<\/strong><\/h3>\n<p data-start=\"905\" data-end=\"1256\">Un d\u00eda completo para descubrir la historia y cultura de Fez con un gu\u00eda experto. El recorrido incluye:<br data-start=\"1007\" data-end=\"1010\">\u2714 <strong data-start=\"1012\" data-end=\"1037\">Palacio Real y Mellah<\/strong>, el barrio jud\u00edo.<br data-start=\"1055\" data-end=\"1058\">\u2714 <strong data-start=\"1060\" data-end=\"1079\">Museo Dar Batha<\/strong>, con una colecci\u00f3n de arte y artesan\u00eda marroqu\u00ed.<br data-start=\"1128\" data-end=\"1131\">\u2714 <strong data-start=\"1133\" data-end=\"1149\">Bab Boujloud<\/strong>, la ic\u00f3nica puerta azul de la Medina.<br data-start=\"1187\" data-end=\"1190\">\u2714 <strong data-start=\"1192\" data-end=\"1214\">Jardines Jnan Sbil<\/strong>, un oasis de tranquilidad en la ciudad.<\/p>\n<h3 data-start=\"1258\" data-end=\"1306\"><strong data-start=\"1262\" data-end=\"1304\">D\u00eda 3: De Fez a Ifrane, Azrou y Midelt<\/strong><\/h3>\n<p data-start=\"1307\" data-end=\"1662\">Salida de Fez rumbo a las monta\u00f1as del Medio Atlas, con paradas en:<br data-start=\"1374\" data-end=\"1377\">\u2714 <strong data-start=\"1379\" data-end=\"1389\">Ifrane<\/strong>, la &#8220;Suiza de Marruecos&#8221;, con su arquitectura alpina.<br data-start=\"1443\" data-end=\"1446\">\u2714 <strong data-start=\"1448\" data-end=\"1477\">Bosque de Cedros de Azrou<\/strong>, hogar de los macacos de Berber\u00eda.<br data-start=\"1512\" data-end=\"1515\">\u2714 <strong data-start=\"1517\" data-end=\"1527\">Midelt<\/strong>, una ciudad tranquila con vistas espectaculares a las monta\u00f1as.<br data-start=\"1591\" data-end=\"1594\">Pernoctaci\u00f3n en Midelt para prepararse para la traves\u00eda al Sahara.<\/p>\n<h3 data-start=\"1664\" data-end=\"1724\"><strong data-start=\"1668\" data-end=\"1722\">D\u00eda 4: De Midelt a Merzouga \u2013 La Puerta del Sahara<\/strong><\/h3>\n<p data-start=\"1725\" data-end=\"2123\">Atravesando el <strong data-start=\"1740\" data-end=\"1757\">Valle del Ziz<\/strong>, famoso por sus palmerales y kasbahs, llegar\u00e1s a <strong data-start=\"1807\" data-end=\"1817\">Erfoud<\/strong>, conocida por sus talleres de f\u00f3siles. Luego, continuar\u00e1s hacia <strong data-start=\"1882\" data-end=\"1894\">Merzouga<\/strong>, donde te recibir\u00e1n las impresionantes dunas de Erg Chebbi.<br data-start=\"1954\" data-end=\"1957\">\u2714 <strong data-start=\"1959\" data-end=\"2009\">Paseo en camello al atardecer por el desierto.<\/strong><br data-start=\"2009\" data-end=\"2012\">\u2714 <strong data-start=\"2014\" data-end=\"2068\">Cena tradicional bereber en un campamento de lujo.<\/strong><br data-start=\"2068\" data-end=\"2071\">\u2714 <strong data-start=\"2073\" data-end=\"2121\">Noche bajo un cielo estrellado en una haima.<\/strong><\/p>\n<h3 data-start=\"2125\" data-end=\"2176\"><strong data-start=\"2129\" data-end=\"2174\">D\u00eda 5: Explorando el Desierto de Merzouga<\/strong><\/h3>\n<p data-start=\"2177\" data-end=\"2474\">Un d\u00eda lleno de aventuras en el Sahara:<br data-start=\"2216\" data-end=\"2219\">\u2714 <strong data-start=\"2221\" data-end=\"2292\">Visita a una familia n\u00f3mada bereber para conocer su estilo de vida.<\/strong><br data-start=\"2292\" data-end=\"2295\">\u2714 <strong data-start=\"2297\" data-end=\"2363\">Exploraci\u00f3n del pueblo de Khamlia, famoso por su m\u00fasica Gnawa.<\/strong><br data-start=\"2363\" data-end=\"2366\">\u2714 <strong data-start=\"2368\" data-end=\"2417\">Paseo en 4&#215;4 por el desierto volc\u00e1nico negro.<\/strong><br data-start=\"2417\" data-end=\"2420\">\u2714 <strong data-start=\"2422\" data-end=\"2472\">Atardecer desde la duna m\u00e1s alta del desierto.<\/strong><\/p>\n<h3 data-start=\"2476\" data-end=\"2551\"><strong data-start=\"2480\" data-end=\"2549\">D\u00eda 6: De Merzouga a las Gargantas del Todra y el Valle del Dades<\/strong><\/h3>\n<p data-start=\"2552\" data-end=\"2886\">Dejando el desierto atr\u00e1s, continuar\u00e1s hacia:<br data-start=\"2597\" data-end=\"2600\">\u2714 <strong data-start=\"2602\" data-end=\"2625\">Gargantas del Todra<\/strong>, un espectacular ca\u00f1\u00f3n con acantilados imponentes.<br data-start=\"2676\" data-end=\"2679\">\u2714 <strong data-start=\"2681\" data-end=\"2700\">Valle del Dades<\/strong>, famoso por sus sinuosas carreteras y formaciones rocosas.<br data-start=\"2759\" data-end=\"2762\">\u2714 <strong data-start=\"2764\" data-end=\"2832\">Formaci\u00f3n rocosa &#8220;Dedos de Mono&#8221; y vistas panor\u00e1micas del valle.<\/strong><br data-start=\"2832\" data-end=\"2835\">Noche en un hotel kasbah tradicional en el valle.<\/p>\n<h3 data-start=\"2888\" data-end=\"2954\"><strong data-start=\"2892\" data-end=\"2952\">D\u00eda 7: Del Valle del Dades a Ouarzazate y Ait Ben Haddou<\/strong><\/h3>\n<p data-start=\"2955\" data-end=\"3358\">Ruta a trav\u00e9s de la famosa <strong data-start=\"2982\" data-end=\"3009\">Ruta de las Mil Kasbahs<\/strong>, pasando por fortalezas de adobe.<br data-start=\"3043\" data-end=\"3046\">\u2714 <strong data-start=\"3048\" data-end=\"3062\">Ouarzazate<\/strong>, hogar de los <strong data-start=\"3077\" data-end=\"3103\">Estudios de Cine Atlas<\/strong>.<br data-start=\"3104\" data-end=\"3107\">\u2714 <strong data-start=\"3109\" data-end=\"3127\">Ait Ben Haddou<\/strong>, un sitio Patrimonio de la Humanidad de la UNESCO, escenario de pel\u00edculas de Hollywood.<br data-start=\"3215\" data-end=\"3218\">\u2714 <strong data-start=\"3220\" data-end=\"3286\">Cruzando el Paso Tizi n\u2019Tichka en las monta\u00f1as del Alto Atlas.<\/strong><br data-start=\"3286\" data-end=\"3289\">Llegada a Marrakech por la tarde y descanso en un riad con encanto.<\/p>\n<h3 data-start=\"3360\" data-end=\"3399\"><strong data-start=\"3364\" data-end=\"3397\">D\u00eda 8: Descubriendo Marrakech<\/strong><\/h3>\n<p data-start=\"3400\" data-end=\"3744\">Marrakech es una ciudad vibrante llena de historia. Un recorrido guiado incluye:<br data-start=\"3480\" data-end=\"3483\">\u2714 <strong data-start=\"3485\" data-end=\"3502\">Jemaa el-Fnaa<\/strong>, la animada plaza principal.<br data-start=\"3531\" data-end=\"3534\">\u2714 <strong data-start=\"3536\" data-end=\"3558\">Mezquita Koutoubia<\/strong>, la m\u00e1s grande de Marrakech.<br data-start=\"3587\" data-end=\"3590\">\u2714 <strong data-start=\"3592\" data-end=\"3615\">Palacio de la Bah\u00eda<\/strong>, una obra maestra de la arquitectura marroqu\u00ed.<br data-start=\"3662\" data-end=\"3665\">\u2714 <strong data-start=\"3667\" data-end=\"3687\">Jard\u00edn Majorelle<\/strong>, un para\u00edso bot\u00e1nico con exhibiciones de arte bereber.<\/p>\n<h3 data-start=\"3746\" data-end=\"3784\"><strong data-start=\"3750\" data-end=\"3782\">D\u00eda 9: Excursi\u00f3n a Essaouira<\/strong><\/h3>\n<p data-start=\"3785\" data-end=\"4172\">Un viaje a la costa atl\u00e1ntica te llevar\u00e1 a <strong data-start=\"3828\" data-end=\"3841\">Essaouira<\/strong>, conocida por:<br data-start=\"3856\" data-end=\"3859\">\u2714 <strong data-start=\"3861\" data-end=\"3939\">Su encantadora medina, declarada Patrimonio de la Humanidad por la UNESCO.<\/strong><br data-start=\"3939\" data-end=\"3942\">\u2714 <strong data-start=\"3944\" data-end=\"4006\">La Skala de la Ville, con impresionantes vistas al oc\u00e9ano.<\/strong><br data-start=\"4006\" data-end=\"4009\">\u2714 <strong data-start=\"4011\" data-end=\"4056\">Deliciosos mariscos frescos en el puerto.<\/strong><br data-start=\"4056\" data-end=\"4059\">\u2714 <strong data-start=\"4061\" data-end=\"4107\">Paseos relajantes por sus playas ventosas.<\/strong><br data-start=\"4107\" data-end=\"4110\">Regreso a Marrakech para disfrutar de la \u00faltima noche libre.<\/p>\n<h3 data-start=\"4174\" data-end=\"4214\"><strong data-start=\"4178\" data-end=\"4212\">D\u00eda 10: Salida desde Marrakech<\/strong><\/h3>\n<p data-start=\"4215\" data-end=\"4385\">Despu\u00e9s de un viaje inolvidable, traslado al aeropuerto de Marrakech Menara para tomar el vuelo de regreso a casa, llevando contigo recuerdos inolvidables de Marruecos.<\/p>\n<p data-start=\"4387\" data-end=\"4649\" data-is-last-node=\"\">\ud83d\udc8e Un tour de 10 d\u00edas desde Fez te ofrece una experiencia \u00fanica a trav\u00e9s de los destinos m\u00e1s ic\u00f3nicos de Marruecos. Desde las antiguas medinas hasta el vasto Sahara y el encanto costero de Essaouira, cada d\u00eda trae nuevas experiencias y momentos inolvidables.<\/p>\n<\/div>","protected":false},"excerpt":{"rendered":"<p>Marruecos es una tierra de paisajes fascinantes, rica historia y cultura vibrante. Un tour de 10 d\u00edas desde Fez es la manera perfecta de sumergirse en<span class=\"excerpt-hellip\"> [\u2026]<\/span><\/p>\n","protected":false},"author":1,"featured_media":0,"parent":0,"menu_order":0,"comment_status":"closed","ping_status":"closed","template":"","meta":{"ngg_post_thumbnail":0},"aioseo_notices":[],"yoast_head":"<!-- This site is optimized with the Yoast SEO plugin v20.8 - https:\/\/yoast.com\/wordpress\/plugins\/seo\/ -->\n<title>10 Dias Desde Fes Marruecos Viajes - Desert Camel Tours<\/title>\n<meta name=\"robots\" content=\"index, follow, max-snippet:-1, max-image-preview:large, max-video-preview:-1\" \/>\n<link rel=\"canonical\" href=\"https:\/\/desertcameltours.com\/es\/10-dias-desde-fes-marruecos-viajes\/\" \/>\n<meta property=\"og:locale\" content=\"en_US\" \/>\n<meta property=\"og:type\" content=\"article\" \/>\n<meta property=\"og:title\" content=\"10 Dias Desde Fes Marruecos Viajes - Desert Camel Tours\" \/>\n<meta property=\"og:description\" content=\"Marruecos es una tierra de paisajes fascinantes, rica historia y cultura vibrante. Un tour de 10 d\u00edas desde Fez es la manera perfecta de sumergirse en [\u2026]\" \/>\n<meta property=\"og:url\" content=\"https:\/\/desertcameltours.com\/es\/10-dias-desde-fes-marruecos-viajes\/\" \/>\n<meta property=\"og:site_name\" content=\"Desert Camel Tours\" \/>\n<meta property=\"article:modified_time\" content=\"2025-02-14T11:28:40+00:00\" \/>\n<meta name=\"twitter:card\" content=\"summary_large_image\" \/>\n<meta name=\"twitter:label1\" content=\"Est. reading time\" \/>\n\t<meta name=\"twitter:data1\" content=\"5 minutes\" \/>\n<script type=\"application\/ld+json\" class=\"yoast-schema-graph\">{\"@context\":\"https:\/\/schema.org\",\"@graph\":[{\"@type\":\"WebPage\",\"@id\":\"https:\/\/desertcameltours.com\/es\/10-dias-desde-fes-marruecos-viajes\/\",\"url\":\"https:\/\/desertcameltours.com\/es\/10-dias-desde-fes-marruecos-viajes\/\",\"name\":\"10 Dias Desde Fes Marruecos Viajes - Desert Camel Tours\",\"isPartOf\":{\"@id\":\"https:\/\/desertcameltours.com\/es\/#website\"},\"datePublished\":\"2023-06-11T17:35:08+00:00\",\"dateModified\":\"2025-02-14T11:28:40+00:00\",\"breadcrumb\":{\"@id\":\"https:\/\/desertcameltours.com\/es\/10-dias-desde-fes-marruecos-viajes\/#breadcrumb\"},\"inLanguage\":\"en-US\",\"potentialAction\":[{\"@type\":\"ReadAction\",\"target\":[\"https:\/\/desertcameltours.com\/es\/10-dias-desde-fes-marruecos-viajes\/\"]}]},{\"@type\":\"BreadcrumbList\",\"@id\":\"https:\/\/desertcameltours.com\/es\/10-dias-desde-fes-marruecos-viajes\/#breadcrumb\",\"itemListElement\":[{\"@type\":\"ListItem\",\"position\":1,\"name\":\"Home\",\"item\":\"https:\/\/desertcameltours.com\/es\/\"},{\"@type\":\"ListItem\",\"position\":2,\"name\":\"10 Dias Desde Fes Marruecos Viajes\"}]},{\"@type\":\"WebSite\",\"@id\":\"https:\/\/desertcameltours.com\/es\/#website\",\"url\":\"https:\/\/desertcameltours.com\/es\/\",\"name\":\"Desert Camel Tours\",\"description\":\"desert camel tours\",\"potentialAction\":[{\"@type\":\"SearchAction\",\"target\":{\"@type\":\"EntryPoint\",\"urlTemplate\":\"https:\/\/desertcameltours.com\/es\/?s={search_term_string}\"},\"query-input\":\"required name=search_term_string\"}],\"inLanguage\":\"en-US\"}]}<\/script>\n<!-- \/ Yoast SEO plugin. -->","yoast_head_json":{"title":"10 Dias Desde Fes Marruecos Viajes - Desert Camel Tours","robots":{"index":"index","follow":"follow","max-snippet":"max-snippet:-1","max-image-preview":"max-image-preview:large","max-video-preview":"max-video-preview:-1"},"canonical":"https:\/\/desertcameltours.com\/es\/10-dias-desde-fes-marruecos-viajes\/","og_locale":"en_US","og_type":"article","og_title":"10 Dias Desde Fes Marruecos Viajes - Desert Camel Tours","og_description":"Marruecos es una tierra de paisajes fascinantes, rica historia y cultura vibrante. Un tour de 10 d\u00edas desde Fez es la manera perfecta de sumergirse en [\u2026]","og_url":"https:\/\/desertcameltours.com\/es\/10-dias-desde-fes-marruecos-viajes\/","og_site_name":"Desert Camel Tours","article_modified_time":"2025-02-14T11:28:40+00:00","twitter_card":"summary_large_image","twitter_misc":{"Est. reading time":"5 minutes"},"schema":{"@context":"https:\/\/schema.org","@graph":[{"@type":"WebPage","@id":"https:\/\/desertcameltours.com\/es\/10-dias-desde-fes-marruecos-viajes\/","url":"https:\/\/desertcameltours.com\/es\/10-dias-desde-fes-marruecos-viajes\/","name":"10 Dias Desde Fes Marruecos Viajes - Desert Camel Tours","isPartOf":{"@id":"https:\/\/desertcameltours.com\/es\/#website"},"datePublished":"2023-06-11T17:35:08+00:00","dateModified":"2025-02-14T11:28:40+00:00","breadcrumb":{"@id":"https:\/\/desertcameltours.com\/es\/10-dias-desde-fes-marruecos-viajes\/#breadcrumb"},"inLanguage":"en-US","potentialAction":[{"@type":"ReadAction","target":["https:\/\/desertcameltours.com\/es\/10-dias-desde-fes-marruecos-viajes\/"]}]},{"@type":"BreadcrumbList","@id":"https:\/\/desertcameltours.com\/es\/10-dias-desde-fes-marruecos-viajes\/#breadcrumb","itemListElement":[{"@type":"ListItem","position":1,"name":"Home","item":"https:\/\/desertcameltours.com\/es\/"},{"@type":"ListItem","position":2,"name":"10 Dias Desde Fes Marruecos Viajes"}]},{"@type":"WebSite","@id":"https:\/\/desertcameltours.com\/es\/#website","url":"https:\/\/desertcameltours.com\/es\/","name":"Desert Camel Tours","description":"desert camel tours","potentialAction":[{"@type":"SearchAction","target":{"@type":"EntryPoint","urlTemplate":"https:\/\/desertcameltours.com\/es\/?s={search_term_string}"},"query-input":"required name=search_term_string"}],"inLanguage":"en-US"}]}},"_links":{"self":[{"href":"https:\/\/desertcameltours.com\/es\/wp-json\/wp\/v2\/pages\/1189"}],"collection":[{"href":"https:\/\/desertcameltours.com\/es\/wp-json\/wp\/v2\/pages"}],"about":[{"href":"https:\/\/desertcameltours.com\/es\/wp-json\/wp\/v2\/types\/page"}],"author":[{"embeddable":true,"href":"https:\/\/desertcameltours.com\/es\/wp-json\/wp\/v2\/users\/1"}],"replies":[{"embeddable":true,"href":"https:\/\/desertcameltours.com\/es\/wp-json\/wp\/v2\/comments?post=1189"}],"version-history":[{"count":2,"href":"https:\/\/desertcameltours.com\/es\/wp-json\/wp\/v2\/pages\/1189\/revisions"}],"predecessor-version":[{"id":1302,"href":"https:\/\/desertcameltours.com\/es\/wp-json\/wp\/v2\/pages\/1189\/revisions\/1302"}],"wp:attachment":[{"href":"https:\/\/desertcameltours.com\/es\/wp-json\/wp\/v2\/media?parent=1189"}],"curies":[{"name":"wp","href":"https:\/\/api.w.org\/{rel}","templated":true}]}}