{"id":1155,"date":"2023-06-11T17:15:51","date_gmt":"2023-06-11T17:15:51","guid":{"rendered":"https:\/\/desertcameltours.com\/es\/?page_id=1155"},"modified":"2024-10-26T11:10:10","modified_gmt":"2024-10-26T11:10:10","slug":"excursion-de-3-dias-de-marrakech-a-fez","status":"publish","type":"page","link":"https:\/\/desertcameltours.com\/es\/excursion-de-3-dias-de-marrakech-a-fez\/","title":{"rendered":"Excursi\u00f3n de 3 d\u00edas de Marrakech a Fez"},"content":{"rendered":"<div class=\"pbs-main-wrapper\"><h2><strong>Experimenta la Magia de Marruecos en un Viaje de 3 D\u00edas de Marrakech a Fez<\/strong><\/h2>\n<p>Emb\u00e1rcate en un recorrido de 3 d\u00edas desde Marrakech a Fez y sum\u00e9rgete en los impresionantes paisajes, la rica cultura y la fascinante historia de Marruecos. Este itinerario cuidadosamente dise\u00f1ado garantiza una aventura inolvidable, permiti\u00e9ndote experimentar la belleza del Desierto del Sahara, valles pintorescos y pueblos antiguos. Perfecto para aquellos que buscan explorar m\u00e1s all\u00e1 de las bulliciosas calles de Marrakech, este tour ofrece una visi\u00f3n \u00fanica del coraz\u00f3n de Marruecos.<\/p>\n<h3><strong>D\u00eda 1: De Marrakech al Valle del Dades a trav\u00e9s de Ait Benhaddou<\/strong><\/h3>\n<p>La aventura comienza con una salida temprana desde Marrakech, dirigi\u00e9ndonos hacia las majestuosas Monta\u00f1as del Alto Atlas. A medida que navegamos por las sinuosas carreteras del paso Tizi n\u2019Tichka, prep\u00e1rate para maravillarte con las vistas panor\u00e1micas de picos escarpados y aldeas bereberes tradicionales que se aferran a las laderas.<\/p>\n<p><strong>Ait Benhaddou: Un Viaje al Pasado<\/strong><\/p>\n<p>Nuestra primera parada importante es en Ait Benhaddou, un sitio Patrimonio de la Humanidad por la UNESCO conocido por sus impresionantes Kasbahs. Esta antigua aldea fortificada ha sido escenario de muchas pel\u00edculas famosas como Gladiator y Game of Thrones. Pasea por los estrechos callejones, marav\u00edllate con la intrincada arquitectura de adobe y sum\u00e9rgete en la rica historia de este lugar incre\u00edble.<\/p>\n<p><strong>Almuerzo en Ouarzazate: La Puerta al Desierto<\/strong><\/p>\n<p>Despu\u00e9s de explorar Ait Benhaddou, continuamos nuestro viaje hacia Ouarzazate, a menudo conocida como el \u201cHollywood de Marruecos\u201d por sus estudios de cine. Aqu\u00ed, disfrutaremos de un delicioso almuerzo marroqu\u00ed antes de continuar por los impresionantes paisajes del Valle de las Rosas y el Oasis de Skoura.<\/p>\n<p><strong>Valle del Dades: Un Final Esc\u00e9nico para el D\u00eda 1<\/strong><\/p>\n<p>Al final del d\u00eda, llegamos al Valle del Dades, conocido por sus dram\u00e1ticas formaciones rocosas rojas y su exuberante vegetaci\u00f3n. Disfruta de una noche relajante en un riad tradicional, donde podr\u00e1s saborear una abundante cena marroqu\u00ed y prepararte para las aventuras que vienen.<\/p>\n<h3><strong>D\u00eda 2: Del Valle del Dades a Merzouga \u2013 Puerta al Sahara<\/strong><\/h3>\n<p>En el segundo d\u00eda, el viaje contin\u00faa desde el Valle del Dades hacia el Desierto del Sahara. Esta parte del recorrido est\u00e1 repleta de paisajes impresionantes, antiguas kasbahs y la hipnotizante Garganta del Todra.<\/p>\n<p><strong>Garganta del Todra: Una Maravilla Natural<\/strong><\/p>\n<p>Nuestra primera parada es la Garganta del Todra, un ca\u00f1\u00f3n con acantilados que alcanzan los 300 metros de altura. Pasea a lo largo del r\u00edo cristalino que fluye por la garganta, o simplemente admira las imponentes paredes de roca que son populares entre los escaladores de todo el mundo. Este es un lugar perfecto para capturar fotos impresionantes.<\/p>\n<p><strong>Almuerzo en Tinghir y el Viaje al Sahara<\/strong><\/p>\n<p>Despu\u00e9s de nuestra visita a la garganta, viajamos a trav\u00e9s de la ciudad de Tinghir y disfrutamos de un almuerzo marroqu\u00ed tradicional. A medida que nos dirigimos m\u00e1s al este, el paisaje cambia, volvi\u00e9ndose m\u00e1s \u00e1rido y des\u00e9rtico. Es entonces cuando sabemos que el Desierto del Sahara est\u00e1 cerca.<\/p>\n<p><strong>Paseo en Camello a las Dunas de Erg Chebbi<\/strong><\/p>\n<p>Por la tarde, llegamos a Merzouga, la puerta de entrada a las dunas de Erg Chebbi. Aqu\u00ed, te embarcar\u00e1s en una experiencia \u00fanica de paseo en camello a trav\u00e9s de las dunas doradas del Sahara. A medida que el sol se pone, el cielo se transforma en un tapiz de colores vibrantes, lo que hace de este el momento perfecto para capturar fotos impresionantes.<\/p>\n<p><strong>Noche en un Campamento en el Desierto<\/strong><\/p>\n<p>Despu\u00e9s del paseo en camello, acom\u00f3date en un campamento de lujo en el desierto, rodeado de las dunas. Disfruta de una cena marroqu\u00ed tradicional bajo las estrellas mientras escuchas los ritmos de la m\u00fasica bereber. Pasa la noche en una c\u00f3moda tienda, rodeado por la tranquilidad del desierto, una experiencia verdaderamente m\u00e1gica.<\/p>\n<h3><strong>D\u00eda 3: De Merzouga a Fez \u2013 Descubriendo el Valle de Ziz y los Bosques de Cedros<\/strong><\/h3>\n<p>El \u00faltimo d\u00eda de nuestro viaje nos lleva desde el Desierto del Sahara hasta la capital cultural de Fez. La ruta est\u00e1 llena de paisajes cautivadores, incluyendo el exuberante Valle de Ziz y los bosques de cedros de las Monta\u00f1as del Medio Atlas.<\/p>\n<p><strong>Amanecer sobre el Sahara<\/strong><\/p>\n<p>Despierta temprano para presenciar el impresionante amanecer sobre las dunas, una vista que permanecer\u00e1 contigo mucho despu\u00e9s de que termine tu viaje. Despu\u00e9s del desayuno en el campamento del desierto, regresamos a Merzouga en camello o en 4&#215;4 y continuamos nuestro viaje hacia el norte.<\/p>\n<p><strong>Valle de Ziz: Un Oasis Lujuriante<\/strong><\/p>\n<p>Conduciendo a trav\u00e9s del Valle de Ziz, ser\u00e1s recibido por palmerales y vistas impresionantes del r\u00edo serpenteante del valle. Este oasis es un contraste notable con el desierto \u00e1rido que dejamos atr\u00e1s, mostrando la diversidad de los paisajes de Marruecos.<\/p>\n<p><strong>Almuerzo en Midelt: La Capital de la Manzana<\/strong><\/p>\n<p>Nuestro viaje contin\u00faa hacia la ciudad de Midelt, ubicada entre las Monta\u00f1as del Medio Atlas. Conocida como la &#8220;capital de la manzana&#8221; de Marruecos, Midelt es un lugar ideal para disfrutar de un almuerzo fresco y delicioso. Admira las vistas de las monta\u00f1as circundantes antes de retomar el camino hacia Fez.<\/p>\n<p><strong>Bosques de Cedros de Azrou: Hogar de los Monos de Berber\u00eda<\/strong><\/p>\n<p>Al atravesar el Medio Atlas, hacemos una parada en Azrou, conocida por sus bosques de cedros y monos de Berber\u00eda. Dedica un tiempo a explorar el bosque y conocer a los curiosos monos que habitan en la zona, un lugar favorito para los amantes de la naturaleza y los fot\u00f3grafos.<\/p>\n<p><strong>Llegada a Fez: Una Ciudad Llena de Historia<\/strong><\/p>\n<p>Despu\u00e9s de un recorrido panor\u00e1mico por las monta\u00f1as, finalmente llegamos a Fez, una de las ciudades m\u00e1s antiguas y culturalmente ricas de Marruecos. Esto marca el final de nuestro inolvidable recorrido de 3 d\u00edas desde Marrakech a Fez. Con recuerdos de paisajes des\u00e9rticos, antiguas kasbahs y vibrantes mercados, te ir\u00e1s con una apreciaci\u00f3n m\u00e1s profunda de la belleza y la diversidad de Marruecos.<\/p>\n<h3><strong>\u00bfPor qu\u00e9 Elegir este Tour de 3 D\u00edas desde Marrakech a Fez?<\/strong><\/h3>\n<p>Elegir este recorrido de 3 d\u00edas desde Marrakech a Fez ofrece una oportunidad \u00fanica para explorar los paisajes m\u00e1s ic\u00f3nicos de Marruecos en poco tiempo. El tour est\u00e1 dise\u00f1ado para aquellos que desean experimentar la magia del Desierto del Sahara, descubrir sitios Patrimonio de la Humanidad por la UNESCO y disfrutar de la hospitalidad marroqu\u00ed aut\u00e9ntica. Aqu\u00ed tienes por qu\u00e9 este tour destaca:<\/p>\n<ul>\n<li><strong>Gu\u00edas Expertos<\/strong>: Nuestros gu\u00edas expertos aseguran que aproveches al m\u00e1ximo cada parada, ofreciendo conocimientos sobre la historia, cultura y maravillas naturales de Marruecos.<\/li>\n<li><strong>Alojamiento Confortable<\/strong>: Hosp\u00e9date en riads cuidadosamente seleccionados y campamentos de lujo en el desierto, brind\u00e1ndote comodidad y autenticidad durante todo tu viaje.<\/li>\n<li><strong>Experiencias Culturales<\/strong>: Desde paseos en camello hasta m\u00fasica bereber tradicional, este tour est\u00e1 lleno de experiencias que te sumergen en la cultura marroqu\u00ed.<\/li>\n<li><strong>Rutas Esc\u00e9nicas<\/strong>: Viaja a trav\u00e9s de paisajes diversos, desde las Monta\u00f1as del Alto Atlas hasta las dunas del desierto, asegurando que cada momento del viaje est\u00e9 lleno de vistas impresionantes.<\/li>\n<\/ul>\n<\/div>","protected":false},"excerpt":{"rendered":"<p>Experimenta la Magia de Marruecos en un Viaje de 3 D\u00edas de Marrakech a Fez Emb\u00e1rcate en un recorrido de 3 d\u00edas desde Marrakech a Fez<span class=\"excerpt-hellip\"> [\u2026]<\/span><\/p>\n","protected":false},"author":1,"featured_media":0,"parent":0,"menu_order":0,"comment_status":"closed","ping_status":"closed","template":"","meta":{"ngg_post_thumbnail":0},"aioseo_notices":[],"yoast_head":"<!-- This site is optimized with the Yoast SEO plugin v20.8 - https:\/\/yoast.com\/wordpress\/plugins\/seo\/ -->\n<title>Excursi\u00f3n de 3 d\u00edas de Marrakech a Fez - Desert Camel Tours<\/title>\n<meta name=\"robots\" content=\"index, follow, max-snippet:-1, max-image-preview:large, max-video-preview:-1\" \/>\n<link rel=\"canonical\" href=\"https:\/\/desertcameltours.com\/es\/excursion-de-3-dias-de-marrakech-a-fez\/\" \/>\n<meta property=\"og:locale\" content=\"en_US\" \/>\n<meta property=\"og:type\" content=\"article\" \/>\n<meta property=\"og:title\" content=\"Excursi\u00f3n de 3 d\u00edas de Marrakech a Fez - Desert Camel Tours\" \/>\n<meta property=\"og:description\" content=\"Experimenta la Magia de Marruecos en un Viaje de 3 D\u00edas de Marrakech a Fez Emb\u00e1rcate en un recorrido de 3 d\u00edas desde Marrakech a Fez [\u2026]\" \/>\n<meta property=\"og:url\" content=\"https:\/\/desertcameltours.com\/es\/excursion-de-3-dias-de-marrakech-a-fez\/\" \/>\n<meta property=\"og:site_name\" content=\"Desert Camel Tours\" \/>\n<meta property=\"article:modified_time\" content=\"2024-10-26T11:10:10+00:00\" \/>\n<meta name=\"twitter:card\" content=\"summary_large_image\" \/>\n<meta name=\"twitter:label1\" content=\"Est. reading time\" \/>\n\t<meta name=\"twitter:data1\" content=\"5 minutes\" \/>\n<script type=\"application\/ld+json\" class=\"yoast-schema-graph\">{\"@context\":\"https:\/\/schema.org\",\"@graph\":[{\"@type\":\"WebPage\",\"@id\":\"https:\/\/desertcameltours.com\/es\/excursion-de-3-dias-de-marrakech-a-fez\/\",\"url\":\"https:\/\/desertcameltours.com\/es\/excursion-de-3-dias-de-marrakech-a-fez\/\",\"name\":\"Excursi\u00f3n de 3 d\u00edas de Marrakech a Fez - Desert Camel Tours\",\"isPartOf\":{\"@id\":\"https:\/\/desertcameltours.com\/es\/#website\"},\"datePublished\":\"2023-06-11T17:15:51+00:00\",\"dateModified\":\"2024-10-26T11:10:10+00:00\",\"breadcrumb\":{\"@id\":\"https:\/\/desertcameltours.com\/es\/excursion-de-3-dias-de-marrakech-a-fez\/#breadcrumb\"},\"inLanguage\":\"en-US\",\"potentialAction\":[{\"@type\":\"ReadAction\",\"target\":[\"https:\/\/desertcameltours.com\/es\/excursion-de-3-dias-de-marrakech-a-fez\/\"]}]},{\"@type\":\"BreadcrumbList\",\"@id\":\"https:\/\/desertcameltours.com\/es\/excursion-de-3-dias-de-marrakech-a-fez\/#breadcrumb\",\"itemListElement\":[{\"@type\":\"ListItem\",\"position\":1,\"name\":\"Home\",\"item\":\"https:\/\/desertcameltours.com\/es\/\"},{\"@type\":\"ListItem\",\"position\":2,\"name\":\"Excursi\u00f3n de 3 d\u00edas de Marrakech a Fez\"}]},{\"@type\":\"WebSite\",\"@id\":\"https:\/\/desertcameltours.com\/es\/#website\",\"url\":\"https:\/\/desertcameltours.com\/es\/\",\"name\":\"Desert Camel Tours\",\"description\":\"desert camel tours\",\"potentialAction\":[{\"@type\":\"SearchAction\",\"target\":{\"@type\":\"EntryPoint\",\"urlTemplate\":\"https:\/\/desertcameltours.com\/es\/?s={search_term_string}\"},\"query-input\":\"required name=search_term_string\"}],\"inLanguage\":\"en-US\"}]}<\/script>\n<!-- \/ Yoast SEO plugin. -->","yoast_head_json":{"title":"Excursi\u00f3n de 3 d\u00edas de Marrakech a Fez - Desert Camel Tours","robots":{"index":"index","follow":"follow","max-snippet":"max-snippet:-1","max-image-preview":"max-image-preview:large","max-video-preview":"max-video-preview:-1"},"canonical":"https:\/\/desertcameltours.com\/es\/excursion-de-3-dias-de-marrakech-a-fez\/","og_locale":"en_US","og_type":"article","og_title":"Excursi\u00f3n de 3 d\u00edas de Marrakech a Fez - Desert Camel Tours","og_description":"Experimenta la Magia de Marruecos en un Viaje de 3 D\u00edas de Marrakech a Fez Emb\u00e1rcate en un recorrido de 3 d\u00edas desde Marrakech a Fez [\u2026]","og_url":"https:\/\/desertcameltours.com\/es\/excursion-de-3-dias-de-marrakech-a-fez\/","og_site_name":"Desert Camel Tours","article_modified_time":"2024-10-26T11:10:10+00:00","twitter_card":"summary_large_image","twitter_misc":{"Est. reading time":"5 minutes"},"schema":{"@context":"https:\/\/schema.org","@graph":[{"@type":"WebPage","@id":"https:\/\/desertcameltours.com\/es\/excursion-de-3-dias-de-marrakech-a-fez\/","url":"https:\/\/desertcameltours.com\/es\/excursion-de-3-dias-de-marrakech-a-fez\/","name":"Excursi\u00f3n de 3 d\u00edas de Marrakech a Fez - Desert Camel Tours","isPartOf":{"@id":"https:\/\/desertcameltours.com\/es\/#website"},"datePublished":"2023-06-11T17:15:51+00:00","dateModified":"2024-10-26T11:10:10+00:00","breadcrumb":{"@id":"https:\/\/desertcameltours.com\/es\/excursion-de-3-dias-de-marrakech-a-fez\/#breadcrumb"},"inLanguage":"en-US","potentialAction":[{"@type":"ReadAction","target":["https:\/\/desertcameltours.com\/es\/excursion-de-3-dias-de-marrakech-a-fez\/"]}]},{"@type":"BreadcrumbList","@id":"https:\/\/desertcameltours.com\/es\/excursion-de-3-dias-de-marrakech-a-fez\/#breadcrumb","itemListElement":[{"@type":"ListItem","position":1,"name":"Home","item":"https:\/\/desertcameltours.com\/es\/"},{"@type":"ListItem","position":2,"name":"Excursi\u00f3n de 3 d\u00edas de Marrakech a Fez"}]},{"@type":"WebSite","@id":"https:\/\/desertcameltours.com\/es\/#website","url":"https:\/\/desertcameltours.com\/es\/","name":"Desert Camel Tours","description":"desert camel tours","potentialAction":[{"@type":"SearchAction","target":{"@type":"EntryPoint","urlTemplate":"https:\/\/desertcameltours.com\/es\/?s={search_term_string}"},"query-input":"required name=search_term_string"}],"inLanguage":"en-US"}]}},"_links":{"self":[{"href":"https:\/\/desertcameltours.com\/es\/wp-json\/wp\/v2\/pages\/1155"}],"collection":[{"href":"https:\/\/desertcameltours.com\/es\/wp-json\/wp\/v2\/pages"}],"about":[{"href":"https:\/\/desertcameltours.com\/es\/wp-json\/wp\/v2\/types\/page"}],"author":[{"embeddable":true,"href":"https:\/\/desertcameltours.com\/es\/wp-json\/wp\/v2\/users\/1"}],"replies":[{"embeddable":true,"href":"https:\/\/desertcameltours.com\/es\/wp-json\/wp\/v2\/comments?post=1155"}],"version-history":[{"count":3,"href":"https:\/\/desertcameltours.com\/es\/wp-json\/wp\/v2\/pages\/1155\/revisions"}],"predecessor-version":[{"id":1293,"href":"https:\/\/desertcameltours.com\/es\/wp-json\/wp\/v2\/pages\/1155\/revisions\/1293"}],"wp:attachment":[{"href":"https:\/\/desertcameltours.com\/es\/wp-json\/wp\/v2\/media?parent=1155"}],"curies":[{"name":"wp","href":"https:\/\/api.w.org\/{rel}","templated":true}]}}